{"id":1237,"date":"2022-01-28T20:29:02","date_gmt":"2022-01-28T19:29:02","guid":{"rendered":"https:\/\/rers-nancy.fr\/new2\/?page_id=1237"},"modified":"2022-02-02T11:08:48","modified_gmt":"2022-02-02T10:08:48","slug":"nos-7-familles-de-legumes-et-fruits","status":"publish","type":"page","link":"https:\/\/rers-nancy.fr\/new2\/les-co-constructions-de-savoirs\/le-jardin-partage\/nos-7-familles-de-legumes-et-fruits\/","title":{"rendered":"Nos 7 familles de l\u00e9gumes et fruits"},"content":{"rendered":"\n<h2 class=\"has-theme-palette-4-color has-text-color has-medium-font-size wp-block-heading\" id=\"un-jeu-de-7-familles-a-exploiter-en-famille\"><img loading=\"lazy\" decoding=\"async\" class=\" alignright size-full wp-image-407\" style=\"margin: 10px; float: right;\" src=\"https:\/\/rers-nancy.fr\/new2\/wp-content\/uploads\/2018\/07\/1_Cartes_texte_recto_trait.jpg\" alt=\"1 Cartes texte recto trait\" width=\"200\" height=\"283\">Un jeu de 7 familles \u00e0 exploiter en famille !<\/h2>\n\n\n\n<p>d\u00e9clin\u00e9 sous trois options : des textes explicatifs sur les plantes, et deux jeux de cartes en plusieurs langues pour jouer en famille ou entre amis.<\/p>\n\n\n\n<h3 class=\"wp-block-heading\" id=\"nouvel-affichage-des-panneaux-de-legumes-et-fruits-au-parc-de-la-cure-d-air\"><img loading=\"lazy\" decoding=\"async\" class=\" alignleft size-full wp-image-416\" style=\"margin: 5px; float: left;\" src=\"https:\/\/rers-nancy.fr\/new2\/wp-content\/uploads\/2021\/04\/2021-04-08_panneaux_legumes__3_Pt.png\" alt=\"2021 04 08 panneaux legumes 3 Pt\" width=\"200\" height=\"150\"> Nouvel affichage des panneaux de l\u00e9gumes et fruits au parc de la Cure d&rsquo;Air.<\/h3>\n\n\n\n<p>Ces panneaux ont \u00e9t\u00e9 financ\u00e9s par la Ville de Nancy, qui les a fait imprimer et a assur\u00e9 la pose ce mardi 6 avril 2021 !<\/p>\n\n\n\n<p>Voici la liste de nos familles. Pour voir les l\u00e9gumes qui les composent, enregistrez-vous, puis revenez \u00e0 cette page et cliquez sur :\u00a0\u00bbVoir les l\u00e9gumes de cette famille\u00a0\u00bb<\/p>\n\n\n\n<h3 class=\"wp-block-heading\" id=\"legumes-feuilles\">&nbsp;<b>L\u00e9gumes feuilles<\/b>&nbsp;:<\/h3>\n\n\n\n<p>Feuillage consomm\u00e9 en l\u00e9gume de plantes riches en vitamines, fibres, antioxydants. &#8230; <a href=\"https:\/\/rers-nancy.fr\/new2\/les-co-constructions-de-savoirs\/le-jardin-partage\/nos-7-familles-de-legumes-et-fruits\/nos-legumes-feuilles\/\" data-type=\"page\" data-id=\"1386\">Voir les l\u00e9gumes de cette famille<\/a><\/p>\n\n\n\n<h3 class=\"wp-block-heading\" id=\"legumes-fruits\"><b>L\u00e9gumes fruits <\/b><\/h3>\n\n\n\n<p>Fruits, au sens botanique, de plantes potag\u00e8res herbac\u00e9es, consomm\u00e9s comme des l\u00e9gumes. <a href=\"https:\/\/rers-nancy.fr\/new2\/les-co-constructions-de-savoirs\/le-jardin-partage\/nos-7-familles-de-legumes-et-fruits\/nos-legumes-fruits\/\" data-type=\"page\" data-id=\"1398\">Voir les l\u00e9gumes de cette famille<\/a><\/p>\n\n\n\n<h3 class=\"wp-block-heading\" id=\"legumes-racines\"><b>L\u00e9gumes racines<\/b><\/h3>\n\n\n\n<p>Racines de plantes potag\u00e8res consomm\u00e9es crues ou cuites, de la carotte au c\u00e9leri rave. <a href=\"https:\/\/rers-nancy.fr\/new2\/les-co-constructions-de-savoirs\/le-jardin-partage\/nos-7-familles-de-legumes-et-fruits\/nos-legumes-racines\/\" data-type=\"page\" data-id=\"1391\">Voir les l\u00e9gumes de cette famille<\/a><\/p>\n\n\n\n<h3 class=\"wp-block-heading\" id=\"legumes-bulbes\"><b>L\u00e9gumes bulbes<\/b><\/h3>\n\n\n\n<p>Parties renfl\u00e9es de la plante riches en r\u00e9serves nutritives, comme les bulbes \u00e0 la base des feuilles, ou encore les tubercules d\u2019une tige souterraine. <a href=\"https:\/\/rers-nancy.fr\/new2\/les-co-constructions-de-savoirs\/le-jardin-partage\/nos-7-familles-de-legumes-et-fruits\/nos-legumes-bulbes\/\" data-type=\"page\" data-id=\"1410\">Voir les l\u00e9gumes de cette famille<\/a><\/p>\n\n\n\n<h3 class=\"wp-block-heading\" id=\"legumes-graines\"><b>L\u00e9gumes graines <\/b><\/h3>\n\n\n\n<p>Cultiv\u00e9s pour leurs gousses ou leurs graines, essentiellement les l\u00e9gumineuses, riches en prot\u00e9ines. <a href=\"https:\/\/rers-nancy.fr\/new2\/les-co-constructions-de-savoirs\/le-jardin-partage\/nos-7-familles-de-legumes-et-fruits\/nos-legumes-graines\/\" data-type=\"page\" data-id=\"1415\">Voir les l\u00e9gumes de cette famille<\/a><\/p>\n\n\n\n<h3 class=\"wp-block-heading\" id=\"fruitiers\"><b>Fruitiers <\/b><\/h3>\n\n\n\n<p>Arbres et arbustes cultiv\u00e9s pour leurs fruits (le fraisier est un arbre\u00a0!) <a href=\"https:\/\/rers-nancy.fr\/new2\/les-co-constructions-de-savoirs\/le-jardin-partage\/nos-7-familles-de-legumes-et-fruits\/nos-fruitiers\/\" data-type=\"page\" data-id=\"1403\">Voir les l\u00e9gumes de cette famille<\/a><\/p>\n\n\n\n<h3 class=\"wp-block-heading\" id=\"aromatiques\"><b>Aromatiques <\/b><\/h3>\n\n\n\n<p>Feuilles, fleurs, graines, tiges, racines, utilis\u00e9es en cuisine pour les ar\u00f4mes qu\u2019elles d\u00e9gagent, et leurs vertus m\u00e9dicinales en infusion et d\u00e9coctions. <a href=\"https:\/\/rers-nancy.fr\/new2\/les-co-constructions-de-savoirs\/le-jardin-partage\/nos-7-familles-de-legumes-et-fruits\/nos-aromates\/\" data-type=\"page\" data-id=\"1407\">Voir les l\u00e9gumes de cette famille<\/a><\/p>\n","protected":false},"excerpt":{"rendered":"<p>Un jeu de 7 familles \u00e0 exploiter en famille ! d\u00e9clin\u00e9 sous trois options : des textes explicatifs sur les plantes, et deux jeux de cartes en plusieurs langues pour jouer en famille ou entre amis. Nouvel affichage des panneaux de l\u00e9gumes et fruits au&nbsp;<a class=\"read-more\" href=\"https:\/\/rers-nancy.fr\/new2\/les-co-constructions-de-savoirs\/le-jardin-partage\/nos-7-familles-de-legumes-et-fruits\/\">&hellip;<\/a><\/p>\n","protected":false},"author":1,"featured_media":0,"parent":1311,"menu_order":1,"comment_status":"closed","ping_status":"closed","template":"","meta":{"footnotes":""},"class_list":["post-1237","page","type-page","status-publish","hentry"],"_links":{"self":[{"href":"https:\/\/rers-nancy.fr\/new2\/wp-json\/wp\/v2\/pages\/1237","targetHints":{"allow":["GET"]}}],"collection":[{"href":"https:\/\/rers-nancy.fr\/new2\/wp-json\/wp\/v2\/pages"}],"about":[{"href":"https:\/\/rers-nancy.fr\/new2\/wp-json\/wp\/v2\/types\/page"}],"author":[{"embeddable":true,"href":"https:\/\/rers-nancy.fr\/new2\/wp-json\/wp\/v2\/users\/1"}],"replies":[{"embeddable":true,"href":"https:\/\/rers-nancy.fr\/new2\/wp-json\/wp\/v2\/comments?post=1237"}],"version-history":[{"count":5,"href":"https:\/\/rers-nancy.fr\/new2\/wp-json\/wp\/v2\/pages\/1237\/revisions"}],"predecessor-version":[{"id":1422,"href":"https:\/\/rers-nancy.fr\/new2\/wp-json\/wp\/v2\/pages\/1237\/revisions\/1422"}],"up":[{"embeddable":true,"href":"https:\/\/rers-nancy.fr\/new2\/wp-json\/wp\/v2\/pages\/1311"}],"wp:attachment":[{"href":"https:\/\/rers-nancy.fr\/new2\/wp-json\/wp\/v2\/media?parent=1237"}],"curies":[{"name":"wp","href":"https:\/\/api.w.org\/{rel}","templated":true}]}}