{"id":1251,"date":"2022-01-29T11:43:38","date_gmt":"2022-01-29T10:43:38","guid":{"rendered":"https:\/\/rers-nancy.fr\/new2\/?page_id=1251"},"modified":"2022-01-29T11:45:05","modified_gmt":"2022-01-29T10:45:05","slug":"la-charte-des-rers","status":"publish","type":"page","link":"https:\/\/rers-nancy.fr\/new2\/qui-sommes-nous\/la-charte-des-rers\/","title":{"rendered":"La charte des RERS"},"content":{"rendered":"<h1>Charte des RERS<\/h1>\n<ol>\n<li>Les <strong>R\u00e9seaux d&rsquo;\u00c9changes R\u00e9ciproques de Savoirs (R.E.R.S.)\u00a0\u00bb<\/strong>, groupes d&rsquo;\u00c9ducation Populaire, sont constitu\u00e9s de citoyen(ne)s sans distinction d&rsquo;\u00e2ge, de conviction politique ou religieuse, ni d&rsquo;origine culturelle ou sociale.<\/li>\n<li>Les R.E.R.S. ont pour but de permettre aux personnes :\n<ul>\n<li>de transmettre leurs savoirs et<\/li>\n<li>d&rsquo;acqu\u00e9rir des savoirs dans un \u00e9change r\u00e9ciproque (savoirs : connaissances et savoir faire).<\/li>\n<\/ul>\n<\/li>\n<li>Les R\u00e9seaux d&rsquo;\u00c9changes R\u00e9ciproques de Savoirs fonctionnent en r\u00e9ciprocit\u00e9 ouverte. C&rsquo;est-\u00e0-dire qu&rsquo;il est possible de recevoir un savoir d&rsquo;une autre personne que celle \u00e0 qui l&rsquo;on donne.<\/li>\n<li>Les R.E.R.S. facilitent la possibilit\u00e9 d&rsquo;entrer en relation entre personnes, \u00e9tant entendu que l&rsquo;on peut commencer \u00e0 apprendre avant d&rsquo;enseigner (ou vice- versa) et que l&rsquo;on saura prendre le temps n\u00e9cessaire pour arriver \u00e0 l&rsquo;indispensable r\u00e9ciprocit\u00e9.<\/li>\n<li>La transmission des Savoirs ne donne lieu \u00e0 aucune contrepartie financi\u00e8re.<\/li>\n<li>L&rsquo;offreur qui transmet un savoir ne perd rien de ses connaissances. Le demandeur est invit\u00e9 \u00e0 offrir \u00e0 son tour un ou plusieurs de ses savoirs.<\/li>\n<li>Il n&rsquo;y a pas lieu de mettre en place une hi\u00e9rarchie ou un \u00e9talon quel qu&rsquo;il soit pour mesurer la valeur relative de ces savoirs.<\/li>\n<li>Le contenu de chaque \u00e9change, les m\u00e9thodes d&rsquo;apprentissage ou de transmission, les modalit\u00e9s pratiques de r\u00e9alisation sont du ressort des int\u00e9ress\u00e9s qui se d\u00e9terminent librement en fonction de leurs d\u00e9sirs, moyens, probl\u00e8mes ou disponibilit\u00e9s.<\/li>\n<li>Une mise en relation a lieu pour aider chacun \u00e0 mieux d\u00e9finir le contenu, la m\u00e9thode et les crit\u00e8res d&rsquo;\u00e9valuation de chaque \u00e9change.<\/li>\n<li>Tout membre d&rsquo;un R.E.R.S. aura le souci d&rsquo;aider chacun \u00e0 identifier ses propres savoirs et les moyens de les transmettre \u00e0 d&rsquo;autres, tout en l&rsquo;aidant \u00e0 \u00e9laborer ses demandes d&rsquo;apprentissage et de formation.<\/li>\n<li>Le souci de la r\u00e9ussite de l&rsquo;autre est indispensable pour approfondir son propre savoir. Cette interaction entre individus est source d&rsquo;autoformation et par l\u00e0 m\u00eame de valorisation individuelle et personnelle par autrui.<\/li>\n<li>Aucun cadre juridique n&rsquo;est recommand\u00e9. Il n&rsquo;y a pas de r\u00e8glement mod\u00e8le pour le fonctionnement de chaque R.E.R.S. (y compris pour les moyens financiers n\u00e9cessaires).<\/li>\n<li>La r\u00e9ciprocit\u00e9 doit \u00eatre le crit\u00e8re indispensable d&rsquo;appr\u00e9ciation de tous les projets.<\/li>\n<li>Dans l&rsquo;organisation des R.E.R.S., on sera attentif \u00e0 ce que chacun soit acteur, y compris en ce qui concerne l&rsquo;\u00e9laboration de l&rsquo;information, le pouvoir de d\u00e9cision et les m\u00e9thodes et moyens d&rsquo;apprentissage, et prenne ainsi une part active \u00e0 la bonne marche de son R.E.R.S.<\/li>\n<li>La valorisation individuelle d\u00e9velopp\u00e9e au sein des R.E.R.S. doit se vivre comme une \u00e9cole de citoyennet\u00e9. A ce titre, il est important que la cr\u00e9ation collective reste un des objectifs des R.E.R.S. Il faudra donc faire en sorte que les \u00e9changes de savoirs d\u00e9bouchent sur des initiatives collectives.<\/li>\n<li>Peuvent \u00eatre reconnus comme animatrices des R.E.R.S., les personnes\n<ul>\n<li>capables de travailler en \u00e9quipe avec le projet d&rsquo;y int\u00e9grer d&rsquo;autres participants ;<\/li>\n<li>partie prenante d&rsquo;une soci\u00e9t\u00e9 pluriethnique, pluriculturelle, soci\u00e9t\u00e9 diverse dans ses composantes id\u00e9ologiques, philosophiques, religieuses, etc. ;<\/li>\n<li>attentives \u00e0 ce que les savoirs \u00e9chang\u00e9s le soient dans une optique tol\u00e9rante, conviviale, au b\u00e9n\u00e9fice de l&rsquo;\u00e9panouissement personnel et collectif de tous et de chacun, non r\u00e9cup\u00e9rables en tant que tels par quelque id\u00e9ologie que ce soit.<\/li>\n<\/ul>\n<\/li>\n<li>Au fur et \u00e0 mesure du d\u00e9veloppement des R.E.R.S., on inventera les moyens n\u00e9cessaires \u00e0 la formation des participants et des animateurs, pour leur donner la possibilit\u00e9 de mieux entendre les offres et les demandes, d&rsquo;\u00eatre aussi efficaces que possible dans les mises en relation entre offreurs et demandeurs, ainsi que dans le \u00ab\u00a0suivi\u00a0\u00bb des \u00e9changes.<\/li>\n<li>Les R\u00e9seaux d&rsquo;\u00c9changes R\u00e9ciproques de Savoirs s&rsquo;obligent \u00e0 se relier en un <strong>\u00ab\u00a0r\u00e9seau de r\u00e9seaux\u00a0\u00bb<\/strong> dans un Mouvement.<\/li>\n<li>Dans ce Mouvement, chaque R.E.R.S. est central pour d&rsquo;autres r\u00e9seaux. La liaison entre R.E.R.S. est donc une condition indispensable de la reconnaissance de chacun d&rsquo;entre eux en tant que \u00ab\u00a0R\u00e9seau d&rsquo;\u00c9changes R\u00e9ciproques de Savoirs\u00a0\u00bb.<\/li>\n<\/ol>\n<p><em>Document FORESCO (formations r\u00e9ciproques, \u00e9changes de savoirs, cr\u00e9ations collectives)<br \/>\nOrganisme de Formation Professionnelle d\u00e9clar\u00e9 sous le num\u00e9ro 11910102891<br \/>\nAssociation agr\u00e9\u00e9e \u00ab\u00a0Association Nationale de Jeunesse et d&rsquo;\u00c9ducation Populaire\u00a0\u00bb<\/em><\/p>\n","protected":false},"excerpt":{"rendered":"<p>Charte des RERS Les R\u00e9seaux d&rsquo;\u00c9changes R\u00e9ciproques de Savoirs (R.E.R.S.)\u00a0\u00bb, groupes d&rsquo;\u00c9ducation Populaire, sont constitu\u00e9s de citoyen(ne)s sans distinction d&rsquo;\u00e2ge, de conviction politique ou religieuse, ni d&rsquo;origine culturelle ou sociale. Les R.E.R.S. ont pour but de permettre aux personnes : de transmettre leurs savoirs et&nbsp;<a class=\"read-more\" href=\"https:\/\/rers-nancy.fr\/new2\/qui-sommes-nous\/la-charte-des-rers\/\">&hellip;<\/a><\/p>\n","protected":false},"author":1,"featured_media":0,"parent":1247,"menu_order":2,"comment_status":"closed","ping_status":"closed","template":"","meta":{"footnotes":""},"class_list":["post-1251","page","type-page","status-publish","hentry"],"_links":{"self":[{"href":"https:\/\/rers-nancy.fr\/new2\/wp-json\/wp\/v2\/pages\/1251","targetHints":{"allow":["GET"]}}],"collection":[{"href":"https:\/\/rers-nancy.fr\/new2\/wp-json\/wp\/v2\/pages"}],"about":[{"href":"https:\/\/rers-nancy.fr\/new2\/wp-json\/wp\/v2\/types\/page"}],"author":[{"embeddable":true,"href":"https:\/\/rers-nancy.fr\/new2\/wp-json\/wp\/v2\/users\/1"}],"replies":[{"embeddable":true,"href":"https:\/\/rers-nancy.fr\/new2\/wp-json\/wp\/v2\/comments?post=1251"}],"version-history":[{"count":1,"href":"https:\/\/rers-nancy.fr\/new2\/wp-json\/wp\/v2\/pages\/1251\/revisions"}],"predecessor-version":[{"id":1254,"href":"https:\/\/rers-nancy.fr\/new2\/wp-json\/wp\/v2\/pages\/1251\/revisions\/1254"}],"up":[{"embeddable":true,"href":"https:\/\/rers-nancy.fr\/new2\/wp-json\/wp\/v2\/pages\/1247"}],"wp:attachment":[{"href":"https:\/\/rers-nancy.fr\/new2\/wp-json\/wp\/v2\/media?parent=1251"}],"curies":[{"name":"wp","href":"https:\/\/api.w.org\/{rel}","templated":true}]}}