{"id":1255,"date":"2022-01-29T12:48:43","date_gmt":"2022-01-29T11:48:43","guid":{"rendered":"https:\/\/rers-nancy.fr\/new2\/?page_id=1255"},"modified":"2024-09-20T18:47:17","modified_gmt":"2024-09-20T16:47:17","slug":"le-reseau-dechanges-reciproques-de-savoirs-de-nancy","status":"publish","type":"page","link":"https:\/\/rers-nancy.fr\/new2\/qui-sommes-nous\/le-reseau-dechanges-reciproques-de-savoirs-de-nancy\/","title":{"rendered":"Le R\u00e9seau d&rsquo;\u00c9changes R\u00e9ciproques de Savoirs de Nancy"},"content":{"rendered":"<style>.kb-row-layout-id_6682e9-7d > .kt-row-column-wrap{align-content:start;}:where(.kb-row-layout-id_6682e9-7d > .kt-row-column-wrap) > .wp-block-kadence-column{justify-content:start;}.kb-row-layout-id_6682e9-7d > .kt-row-column-wrap{column-gap:var(--global-kb-gap-md, 2rem);row-gap:var(--global-kb-gap-md, 2rem);padding-top:var(--global-kb-spacing-sm, 1.5rem);padding-bottom:var(--global-kb-spacing-sm, 1.5rem);grid-template-columns:minmax(0, 1fr) minmax(0, 2fr);}.kb-row-layout-id_6682e9-7d > .kt-row-layout-overlay{opacity:0.30;}@media all and (max-width: 1024px){.kb-row-layout-id_6682e9-7d > .kt-row-column-wrap{grid-template-columns:minmax(0, 1fr) minmax(0, 2fr);}}@media all and (max-width: 767px){.kb-row-layout-id_6682e9-7d > .kt-row-column-wrap{grid-template-columns:minmax(0, 1fr);}}<\/style><div class=\"kb-row-layout-wrap kb-row-layout-id_6682e9-7d alignnone wp-block-kadence-rowlayout\"><div class=\"kt-row-column-wrap kt-has-2-columns kt-row-layout-right-golden kt-tab-layout-inherit kt-mobile-layout-row kt-row-valign-top\">\n<style>.kadence-column_7a2526-95 > .kt-inside-inner-col,.kadence-column_7a2526-95 > .kt-inside-inner-col:before{border-top-left-radius:0px;border-top-right-radius:0px;border-bottom-right-radius:0px;border-bottom-left-radius:0px;}.kadence-column_7a2526-95 > .kt-inside-inner-col{column-gap:var(--global-kb-gap-sm, 1rem);}.kadence-column_7a2526-95 > .kt-inside-inner-col{flex-direction:column;}.kadence-column_7a2526-95 > .kt-inside-inner-col > .aligncenter{width:100%;}.kadence-column_7a2526-95 > .kt-inside-inner-col:before{opacity:0.3;}.kadence-column_7a2526-95{position:relative;}@media all and (max-width: 1024px){.kadence-column_7a2526-95 > .kt-inside-inner-col{flex-direction:column;justify-content:center;}}@media all and (max-width: 767px){.kadence-column_7a2526-95 > .kt-inside-inner-col{flex-direction:column;justify-content:center;}}<\/style>\n<div class=\"wp-block-kadence-column kadence-column_7a2526-95 inner-column-1\"><div class=\"kt-inside-inner-col\">\n<figure class=\"wp-block-image size-full\"><img loading=\"lazy\" decoding=\"async\" width=\"170\" height=\"400\" src=\"https:\/\/rers-nancy.fr\/new2\/wp-content\/uploads\/2021\/10\/KAKEMONO_Final_SITE_WEB.PNG\" alt=\"KAKEMONO Final SITE WEB\" class=\"wp-image-674\" srcset=\"https:\/\/rers-nancy.fr\/new2\/wp-content\/uploads\/2021\/10\/KAKEMONO_Final_SITE_WEB.PNG 170w, https:\/\/rers-nancy.fr\/new2\/wp-content\/uploads\/2021\/10\/KAKEMONO_Final_SITE_WEB-128x300.png 128w\" sizes=\"auto, (max-width: 170px) 100vw, 170px\" \/><\/figure>\n<\/div><\/div>\n\n\n<style>.kadence-column_d3ddad-1a > .kt-inside-inner-col,.kadence-column_d3ddad-1a > .kt-inside-inner-col:before{border-top-left-radius:0px;border-top-right-radius:0px;border-bottom-right-radius:0px;border-bottom-left-radius:0px;}.kadence-column_d3ddad-1a > .kt-inside-inner-col{column-gap:var(--global-kb-gap-sm, 1rem);}.kadence-column_d3ddad-1a > .kt-inside-inner-col{flex-direction:column;}.kadence-column_d3ddad-1a > .kt-inside-inner-col > .aligncenter{width:100%;}.kadence-column_d3ddad-1a > .kt-inside-inner-col:before{opacity:0.3;}.kadence-column_d3ddad-1a{position:relative;}@media all and (max-width: 1024px){.kadence-column_d3ddad-1a > .kt-inside-inner-col{flex-direction:column;justify-content:center;}}@media all and (max-width: 767px){.kadence-column_d3ddad-1a > .kt-inside-inner-col{flex-direction:column;justify-content:center;}}<\/style>\n<div class=\"wp-block-kadence-column kadence-column_d3ddad-1a inner-column-2\"><div class=\"kt-inside-inner-col\">\n<h2 class=\"wp-block-heading\" id=\"buts-de-l-association\">Buts de l&rsquo;association<\/h2>\n\n\n\n<p>Le R\u00e9seau d&rsquo;\u00c9changes R\u00e9ciproques de Savoirs de Nancy est constitu\u00e9 en association loi 1901 pour promouvoir :<\/p>\n\n\n\n<ul class=\"wp-block-list\">\n<li>l&rsquo;acquisition ou la transmission d&rsquo;un savoir<\/li>\n\n\n\n<li>une ambiance conviviale<\/li>\n\n\n\n<li>des \u00e9changes non moyenn\u00e9s<\/li>\n\n\n\n<li>le respect de chacun<\/li>\n\n\n\n<li>la solidarit\u00e9 entre tous<\/li>\n<\/ul>\n\n\n\n<h2 class=\"wp-block-heading\" id=\"un-peu-d-histoire\">Un peu d&rsquo;histoire<\/h2>\n\n\n\n<p>Ce r\u00e9seau existe depuis octobre 2009. Au fur et \u00e0 mesure des ann\u00e9es qui passent, des activit\u00e9s se mettent en place :<\/p>\n\n\n\n<ul class=\"wp-block-list\">\n<li>Le jardin partag\u00e9, install\u00e9 au Parc de la Cure d&rsquo;Air \u00e0 Nancy, depuis octobre 2015<\/li>\n\n\n\n<li>Les aiguilles cr\u00e9atives qui allient tricot, couture et autres travaux de fils, et qui ont install\u00e9 d\u00e9j\u00e0 plusieurs tricots urbains sur les grilles du jardin partag\u00e9.<\/li>\n\n\n\n<li>Les Savoirs en f\u00eate, tous les deux ans, avec un th\u00e8me nouveau \u00e0 chaque manifestation, et qui regroupe autour du RERS-Nancy, des associations, entreprises d&rsquo;insertion, artisans dont les productions entrent dans le th\u00e8me<\/li>\n<\/ul>\n\n\n\n<h2 class=\"wp-block-heading\" id=\"fonctionnement\">Fonctionnement <\/h2>\n\n\n\n<p>Une adh\u00e9sion de 8 \u20ac par an est demand\u00e9e \u00e0 chaque membre du RERS-Nancy pour couvrir les frais d&rsquo;assurance indispensables pour utiliser les salles qui nous sont gracieusement pr\u00eat\u00e9es par la MJC Beauregard.<br>Les \u00e9changes de savoirs se font de personne \u00e0 personne mais aussi en \u00e9changes collectifs : un offreur propose son savoir \u00e0 plusieurs demandeurs. <br>Depuis octobre 2015, le jardin partag\u00e9 d&rsquo;une part, les aiguilles cr\u00e9atives d&rsquo;autre part permettent une co-construction de savoirs, chaque participant apportant son savoir, chaque participant apprenant du savoir des autres.<\/p>\n\n\n\n<h2 class=\"wp-block-heading\" id=\"pour-qui\">Pour qui ?<\/h2>\n\n\n\n<ul class=\"wp-block-list\">\n<li>pour tous les \u00e2ges<\/li>\n\n\n\n<li>sans distinction de revenus, de religion, de sexe, &#8230;<\/li>\n<\/ul>\n\n\n<style>.wp-block-kadence-advancedheading.kt-adv-heading_2e6b93-98, .wp-block-kadence-advancedheading.kt-adv-heading_2e6b93-98[data-kb-block=\"kb-adv-heading_2e6b93-98\"]{text-align:center;font-style:normal;color:var(--global-palette1, #3182CE);}.wp-block-kadence-advancedheading.kt-adv-heading_2e6b93-98 mark.kt-highlight, .wp-block-kadence-advancedheading.kt-adv-heading_2e6b93-98[data-kb-block=\"kb-adv-heading_2e6b93-98\"] mark.kt-highlight{font-style:normal;color:#f76a0c;-webkit-box-decoration-break:clone;box-decoration-break:clone;padding-top:0px;padding-right:0px;padding-bottom:0px;padding-left:0px;}.wp-block-kadence-advancedheading.kt-adv-heading_2e6b93-98 img.kb-inline-image, .wp-block-kadence-advancedheading.kt-adv-heading_2e6b93-98[data-kb-block=\"kb-adv-heading_2e6b93-98\"] img.kb-inline-image{width:150px;vertical-align:baseline;}<\/style>\n<h2 class=\"kt-adv-heading_2e6b93-98 wp-block-kadence-advancedheading has-theme-palette-1-color has-text-color\" data-kb-block=\"kb-adv-heading_2e6b93-98\"><strong>En somme, pour tous !<\/strong><\/h2>\n\n\n\n<p class=\"has-text-align-center\"><em>IL n&rsquo;existe ni grand, ni petit savoir, seulement l&rsquo;envie de communiquer, pour tous et sans distinction.<\/em><\/p>\n\n\n\n<h2 class=\"wp-block-heading has-theme-palette-3-color has-text-color\" id=\"et-vous\">Et vous ?<\/h2>\n\n\n\n<h2 class=\"wp-block-heading has-text-align-right has-theme-palette-3-color has-text-color\" id=\"que-souhaitez-vous-echanger\">Que souhaitez-vous \u00e9changer ?<\/h2>\n<\/div><\/div>\n\n<\/div><\/div>\n\n<style>.kb-row-layout-id_e6aa55-c7 > .kt-row-column-wrap{align-content:start;}:where(.kb-row-layout-id_e6aa55-c7 > .kt-row-column-wrap) > .wp-block-kadence-column{justify-content:start;}.kb-row-layout-id_e6aa55-c7 > .kt-row-column-wrap{column-gap:var(--global-kb-gap-md, 2rem);row-gap:var(--global-kb-gap-md, 2rem);padding-top:var(--global-kb-spacing-sm, 1.5rem);padding-bottom:var(--global-kb-spacing-sm, 1.5rem);}.kb-row-layout-id_e6aa55-c7 > .kt-row-column-wrap > div:not(.added-for-specificity){grid-column:initial;}.kb-row-layout-id_e6aa55-c7 > .kt-row-column-wrap{grid-template-columns:repeat(3, minmax(0, 1fr));}.kb-row-layout-id_e6aa55-c7 > .kt-row-layout-overlay{opacity:0.30;}@media all and (max-width: 1024px){.kb-row-layout-id_e6aa55-c7 > .kt-row-column-wrap > div:not(.added-for-specificity){grid-column:initial;}}@media all and (max-width: 1024px){.kb-row-layout-id_e6aa55-c7 > .kt-row-column-wrap{grid-template-columns:repeat(3, minmax(0, 1fr));}}@media all and (max-width: 767px){.kb-row-layout-id_e6aa55-c7 > .kt-row-column-wrap > div:not(.added-for-specificity){grid-column:initial;}.kb-row-layout-id_e6aa55-c7 > .kt-row-column-wrap{grid-template-columns:minmax(0, 1fr);}}<\/style><div class=\"kb-row-layout-wrap kb-row-layout-id_e6aa55-c7 alignnone wp-block-kadence-rowlayout\"><div class=\"kt-row-column-wrap kt-has-3-columns kt-row-layout-equal kt-tab-layout-inherit kt-mobile-layout-row kt-row-valign-top\">\n<style>.kadence-column_cdd664-74 > .kt-inside-inner-col,.kadence-column_cdd664-74 > .kt-inside-inner-col:before{border-top-left-radius:0px;border-top-right-radius:0px;border-bottom-right-radius:0px;border-bottom-left-radius:0px;}.kadence-column_cdd664-74 > .kt-inside-inner-col{column-gap:var(--global-kb-gap-sm, 1rem);}.kadence-column_cdd664-74 > .kt-inside-inner-col{flex-direction:column;}.kadence-column_cdd664-74 > .kt-inside-inner-col > .aligncenter{width:100%;}.kadence-column_cdd664-74 > .kt-inside-inner-col:before{opacity:0.3;}.kadence-column_cdd664-74{position:relative;}@media all and (max-width: 1024px){.kadence-column_cdd664-74 > .kt-inside-inner-col{flex-direction:column;justify-content:center;}}@media all and (max-width: 767px){.kadence-column_cdd664-74 > .kt-inside-inner-col{flex-direction:column;justify-content:center;}}<\/style>\n<div class=\"wp-block-kadence-column kadence-column_cdd664-74 inner-column-1\"><div class=\"kt-inside-inner-col\"><style>.wp-block-kadence-advancedbtn.kb-btns_73e6c5-69{gap:var(--global-kb-gap-xs, 0.5rem );justify-content:center;align-items:center;}.kt-btns_73e6c5-69 .kt-button{font-weight:normal;font-style:normal;}<\/style>\n<div class=\"wp-block-kadence-advancedbtn kb-buttons-wrap kb-btns_73e6c5-69\"><style>ul.menu .wp-block-kadence-advancedbtn .kb-btn_b17f7d-f0.kb-button{width:initial;}.wp-block-kadence-advancedbtn .kb-btn_b17f7d-f0.kb-button{color:#555555;border-top-color:#555555;border-top-style:solid;border-right-color:#555555;border-right-style:solid;border-bottom-color:#555555;border-bottom-style:solid;border-left-color:#555555;border-left-style:solid;}.wp-block-kadence-advancedbtn .kb-btn_b17f7d-f0.kb-button:hover, .wp-block-kadence-advancedbtn .kb-btn_b17f7d-f0.kb-button:focus{color:#ffffff;background:#444444;border-top-color:#444444;border-top-style:solid;border-right-color:#444444;border-right-style:solid;border-bottom-color:#444444;border-bottom-style:solid;border-left-color:#444444;border-left-style:solid;}@media all and (max-width: 1024px){.wp-block-kadence-advancedbtn .kb-btn_b17f7d-f0.kb-button{border-top-color:#555555;border-top-style:solid;border-right-color:#555555;border-right-style:solid;border-bottom-color:#555555;border-bottom-style:solid;border-left-color:#555555;border-left-style:solid;}}@media all and (max-width: 1024px){.wp-block-kadence-advancedbtn .kb-btn_b17f7d-f0.kb-button:hover, .wp-block-kadence-advancedbtn .kb-btn_b17f7d-f0.kb-button:focus{border-top-color:#444444;border-top-style:solid;border-right-color:#444444;border-right-style:solid;border-bottom-color:#444444;border-bottom-style:solid;border-left-color:#444444;border-left-style:solid;}}@media all and (max-width: 767px){.wp-block-kadence-advancedbtn .kb-btn_b17f7d-f0.kb-button{border-top-color:#555555;border-top-style:solid;border-right-color:#555555;border-right-style:solid;border-bottom-color:#555555;border-bottom-style:solid;border-left-color:#555555;border-left-style:solid;}.wp-block-kadence-advancedbtn .kb-btn_b17f7d-f0.kb-button:hover, .wp-block-kadence-advancedbtn .kb-btn_b17f7d-f0.kb-button:focus{border-top-color:#444444;border-top-style:solid;border-right-color:#444444;border-right-style:solid;border-bottom-color:#444444;border-bottom-style:solid;border-left-color:#444444;border-left-style:solid;}}<\/style><a class=\"kb-button kt-button button kb-btn_b17f7d-f0 kt-btn-size-standard kt-btn-width-type-auto kb-btn-global-outline  kt-btn-has-text-true kt-btn-has-svg-false  wp-block-kadence-singlebtn\" href=\"https:\/\/rers-nancy.fr\/new2\/formulaire-de-contact\/\"><span class=\"kt-btn-inner-text\">Contact<\/span><\/a><\/div>\n<\/div><\/div>\n\n\n<style>.kadence-column_152286-14 > .kt-inside-inner-col,.kadence-column_152286-14 > .kt-inside-inner-col:before{border-top-left-radius:0px;border-top-right-radius:0px;border-bottom-right-radius:0px;border-bottom-left-radius:0px;}.kadence-column_152286-14 > .kt-inside-inner-col{column-gap:var(--global-kb-gap-sm, 1rem);}.kadence-column_152286-14 > .kt-inside-inner-col{flex-direction:column;}.kadence-column_152286-14 > .kt-inside-inner-col > .aligncenter{width:100%;}.kadence-column_152286-14 > .kt-inside-inner-col:before{opacity:0.3;}.kadence-column_152286-14{position:relative;}@media all and (max-width: 1024px){.kadence-column_152286-14 > .kt-inside-inner-col{flex-direction:column;justify-content:center;}}@media all and (max-width: 767px){.kadence-column_152286-14 > .kt-inside-inner-col{flex-direction:column;justify-content:center;}}<\/style>\n<div class=\"wp-block-kadence-column kadence-column_152286-14 inner-column-2\"><div class=\"kt-inside-inner-col\">\n<p>Adresse postale :<br>Chez F. Chalot-Prat<br>44 rue Marquette<br>54000 &#8211; Nancy<\/p>\n<\/div><\/div>\n\n\n<style>.kadence-column_0f13fb-cd > .kt-inside-inner-col,.kadence-column_0f13fb-cd > .kt-inside-inner-col:before{border-top-left-radius:0px;border-top-right-radius:0px;border-bottom-right-radius:0px;border-bottom-left-radius:0px;}.kadence-column_0f13fb-cd > .kt-inside-inner-col{column-gap:var(--global-kb-gap-sm, 1rem);}.kadence-column_0f13fb-cd > .kt-inside-inner-col{flex-direction:column;}.kadence-column_0f13fb-cd > .kt-inside-inner-col > .aligncenter{width:100%;}.kadence-column_0f13fb-cd > .kt-inside-inner-col:before{opacity:0.3;}.kadence-column_0f13fb-cd{position:relative;}@media all and (max-width: 1024px){.kadence-column_0f13fb-cd > .kt-inside-inner-col{flex-direction:column;justify-content:center;}}@media all and (max-width: 767px){.kadence-column_0f13fb-cd > .kt-inside-inner-col{flex-direction:column;justify-content:center;}}<\/style>\n<div class=\"wp-block-kadence-column kadence-column_0f13fb-cd inner-column-3\"><div class=\"kt-inside-inner-col\">\n<p class=\"has-text-align-center\"><a href=\"https:\/\/rers-nancy.fr\/new2\/formulaire-de-contact\/\" data-type=\"link\" data-id=\"https:\/\/rers-nancy.fr\/new2\/formulaire-de-contact\/\">Formulaire de contact<\/a><br>Mail : rers.nancy@free.fr<\/p>\n<\/div><\/div>\n\n<\/div><\/div>\n\n\n<p><\/p>\n","protected":false},"excerpt":{"rendered":"<p>Buts de l&rsquo;association Le R\u00e9seau d&rsquo;\u00c9changes R\u00e9ciproques de Savoirs de Nancy est constitu\u00e9 en association loi 1901 pour promouvoir : Un peu d&rsquo;histoire Ce r\u00e9seau existe depuis octobre 2009. Au fur et \u00e0 mesure des ann\u00e9es qui passent, des activit\u00e9s se mettent en place :&nbsp;<a class=\"read-more\" href=\"https:\/\/rers-nancy.fr\/new2\/qui-sommes-nous\/le-reseau-dechanges-reciproques-de-savoirs-de-nancy\/\">&hellip;<\/a><\/p>\n","protected":false},"author":1,"featured_media":0,"parent":1247,"menu_order":3,"comment_status":"closed","ping_status":"closed","template":"","meta":{"footnotes":""},"class_list":["post-1255","page","type-page","status-publish","hentry"],"_links":{"self":[{"href":"https:\/\/rers-nancy.fr\/new2\/wp-json\/wp\/v2\/pages\/1255","targetHints":{"allow":["GET"]}}],"collection":[{"href":"https:\/\/rers-nancy.fr\/new2\/wp-json\/wp\/v2\/pages"}],"about":[{"href":"https:\/\/rers-nancy.fr\/new2\/wp-json\/wp\/v2\/types\/page"}],"author":[{"embeddable":true,"href":"https:\/\/rers-nancy.fr\/new2\/wp-json\/wp\/v2\/users\/1"}],"replies":[{"embeddable":true,"href":"https:\/\/rers-nancy.fr\/new2\/wp-json\/wp\/v2\/comments?post=1255"}],"version-history":[{"count":6,"href":"https:\/\/rers-nancy.fr\/new2\/wp-json\/wp\/v2\/pages\/1255\/revisions"}],"predecessor-version":[{"id":5401,"href":"https:\/\/rers-nancy.fr\/new2\/wp-json\/wp\/v2\/pages\/1255\/revisions\/5401"}],"up":[{"embeddable":true,"href":"https:\/\/rers-nancy.fr\/new2\/wp-json\/wp\/v2\/pages\/1247"}],"wp:attachment":[{"href":"https:\/\/rers-nancy.fr\/new2\/wp-json\/wp\/v2\/media?parent=1255"}],"curies":[{"name":"wp","href":"https:\/\/api.w.org\/{rel}","templated":true}]}}