{"id":1262,"date":"2025-04-10T17:05:21","date_gmt":"2025-04-10T15:05:21","guid":{"rendered":"https:\/\/rers-nancy.fr\/new2\/?page_id=1262"},"modified":"2025-04-16T17:05:39","modified_gmt":"2025-04-16T15:05:39","slug":"les-rers-du-grand-est","status":"publish","type":"page","link":"https:\/\/rers-nancy.fr\/new2\/qui-sommes-nous\/les-rers-du-grand-est\/","title":{"rendered":"Les RERS du Grand-Est"},"content":{"rendered":"\n<p><\/p>\n\n\n<style>.kb-row-layout-id_71b043-d4 > .kt-row-column-wrap{align-content:start;}:where(.kb-row-layout-id_71b043-d4 > .kt-row-column-wrap) > .wp-block-kadence-column{justify-content:start;}.kb-row-layout-id_71b043-d4 > .kt-row-column-wrap{column-gap:var(--global-kb-gap-md, 2rem);row-gap:var(--global-kb-gap-md, 2rem);padding-top:var(--global-kb-spacing-sm, 1.5rem);padding-bottom:var(--global-kb-spacing-sm, 1.5rem);}.kb-row-layout-id_71b043-d4 > .kt-row-column-wrap > div:not(.added-for-specificity){grid-column:initial;}.kb-row-layout-id_71b043-d4 > .kt-row-column-wrap{grid-template-columns:repeat(3, minmax(0, 1fr));}.kb-row-layout-id_71b043-d4 > .kt-row-layout-overlay{opacity:0.30;}@media all and (max-width: 1024px){.kb-row-layout-id_71b043-d4 > .kt-row-column-wrap > div:not(.added-for-specificity){grid-column:initial;}}@media all and (max-width: 1024px){.kb-row-layout-id_71b043-d4 > .kt-row-column-wrap{grid-template-columns:repeat(3, minmax(0, 1fr));}}@media all and (max-width: 767px){.kb-row-layout-id_71b043-d4 > .kt-row-column-wrap > div:not(.added-for-specificity){grid-column:initial;}.kb-row-layout-id_71b043-d4 > .kt-row-column-wrap{grid-template-columns:minmax(0, 1fr);}}<\/style><div class=\"kb-row-layout-wrap kb-row-layout-id_71b043-d4 alignnone wp-block-kadence-rowlayout\"><div class=\"kt-row-column-wrap kt-has-3-columns kt-row-layout-equal kt-tab-layout-inherit kt-mobile-layout-row kt-row-valign-top\">\n<style>.kadence-column_a4c2df-f7 > .kt-inside-inner-col,.kadence-column_a4c2df-f7 > .kt-inside-inner-col:before{border-top-left-radius:0px;border-top-right-radius:0px;border-bottom-right-radius:0px;border-bottom-left-radius:0px;}.kadence-column_a4c2df-f7 > .kt-inside-inner-col{column-gap:var(--global-kb-gap-sm, 1rem);}.kadence-column_a4c2df-f7 > .kt-inside-inner-col{flex-direction:column;}.kadence-column_a4c2df-f7 > .kt-inside-inner-col > .aligncenter{width:100%;}.kadence-column_a4c2df-f7 > .kt-inside-inner-col:before{opacity:0.3;}.kadence-column_a4c2df-f7{position:relative;}@media all and (max-width: 1024px){.kadence-column_a4c2df-f7 > .kt-inside-inner-col{flex-direction:column;justify-content:center;}}@media all and (max-width: 767px){.kadence-column_a4c2df-f7 > .kt-inside-inner-col{flex-direction:column;justify-content:center;}}<\/style>\n<div class=\"wp-block-kadence-column kadence-column_a4c2df-f7 inner-column-1\"><div class=\"kt-inside-inner-col\"><style>.kb-row-layout-id_e19567-b1 > .kt-row-column-wrap{align-content:start;}:where(.kb-row-layout-id_e19567-b1 > .kt-row-column-wrap) > .wp-block-kadence-column{justify-content:start;}.kb-row-layout-id_e19567-b1 > .kt-row-column-wrap{column-gap:var(--global-kb-gap-md, 2rem);row-gap:var(--global-kb-gap-md, 2rem);padding-top:var(--global-kb-spacing-sm, 1.5rem);padding-bottom:var(--global-kb-spacing-sm, 1.5rem);grid-template-columns:minmax(0, 1fr);}.kb-row-layout-id_e19567-b1 > .kt-row-layout-overlay{opacity:0.30;}@media all and (max-width: 1024px){.kb-row-layout-id_e19567-b1 > .kt-row-column-wrap{grid-template-columns:minmax(0, 1fr);}}@media all and (max-width: 767px){.kb-row-layout-id_e19567-b1 > .kt-row-column-wrap{grid-template-columns:minmax(0, 1fr);}}<\/style><div class=\"kb-row-layout-wrap kb-row-layout-id_e19567-b1 alignnone wp-block-kadence-rowlayout\"><div class=\"kt-row-column-wrap kt-has-1-columns kt-row-layout-equal kt-tab-layout-inherit kt-mobile-layout-row kt-row-valign-top\">\n<style>.kadence-column_987491-55 > .kt-inside-inner-col,.kadence-column_987491-55 > .kt-inside-inner-col:before{border-top-left-radius:0px;border-top-right-radius:0px;border-bottom-right-radius:0px;border-bottom-left-radius:0px;}.kadence-column_987491-55 > .kt-inside-inner-col{column-gap:var(--global-kb-gap-sm, 1rem);}.kadence-column_987491-55 > .kt-inside-inner-col{flex-direction:column;}.kadence-column_987491-55 > .kt-inside-inner-col > .aligncenter{width:100%;}.kadence-column_987491-55 > .kt-inside-inner-col:before{opacity:0.3;}.kadence-column_987491-55{position:relative;}@media all and (max-width: 1024px){.kadence-column_987491-55 > .kt-inside-inner-col{flex-direction:column;justify-content:center;}}@media all and (max-width: 767px){.kadence-column_987491-55 > .kt-inside-inner-col{flex-direction:column;justify-content:center;}}<\/style>\n<div class=\"wp-block-kadence-column kadence-column_987491-55 inner-column-1\"><div class=\"kt-inside-inner-col\"><style>.kb-row-layout-id_2d9075-fc > .kt-row-column-wrap{align-content:start;}:where(.kb-row-layout-id_2d9075-fc > .kt-row-column-wrap) > .wp-block-kadence-column{justify-content:start;}.kb-row-layout-id_2d9075-fc > .kt-row-column-wrap{column-gap:var(--global-kb-gap-md, 2rem);row-gap:var(--global-kb-gap-md, 2rem);padding-top:0px;padding-bottom:0px;grid-template-columns:minmax(0, 1fr);}.kb-row-layout-id_2d9075-fc > .kt-row-layout-overlay{opacity:0.30;}@media all and (max-width: 1024px){.kb-row-layout-id_2d9075-fc > .kt-row-column-wrap{grid-template-columns:minmax(0, 1fr);}}@media all and (max-width: 767px){.kb-row-layout-id_2d9075-fc > .kt-row-column-wrap{grid-template-columns:minmax(0, 1fr);}}<\/style><div class=\"kb-row-layout-wrap kb-row-layout-id_2d9075-fc alignnone wp-block-kadence-rowlayout\"><div class=\"kt-row-column-wrap kt-has-1-columns kt-row-layout-equal kt-tab-layout-inherit kt-mobile-layout-row kt-row-valign-top\">\n<style>.kadence-column_de5674-34 > .kt-inside-inner-col{display:flex;}.kadence-column_de5674-34 > .kt-inside-inner-col,.kadence-column_de5674-34 > .kt-inside-inner-col:before{border-top-left-radius:0px;border-top-right-radius:0px;border-bottom-right-radius:0px;border-bottom-left-radius:0px;}.kadence-column_de5674-34 > .kt-inside-inner-col{flex-direction:row;flex-wrap:wrap;align-items:center;justify-content:center;}.kadence-column_de5674-34 > .kt-inside-inner-col > *, .kadence-column_de5674-34 > .kt-inside-inner-col > figure.wp-block-image, .kadence-column_de5674-34 > .kt-inside-inner-col > figure.wp-block-kadence-image{margin-top:0px;margin-bottom:0px;}.kadence-column_de5674-34 > .kt-inside-inner-col > .kb-image-is-ratio-size{flex-grow:1;}.kadence-column_de5674-34 > .kt-inside-inner-col:before{opacity:0.3;}.kadence-column_de5674-34{text-align:center;}.kadence-column_de5674-34{position:relative;}@media all and (max-width: 1024px){.kadence-column_de5674-34 > .kt-inside-inner-col{flex-direction:row;flex-wrap:wrap;align-items:center;justify-content:center;}}@media all and (min-width: 768px) and (max-width: 1024px){.kadence-column_de5674-34 > .kt-inside-inner-col > *, .kadence-column_de5674-34 > .kt-inside-inner-col > figure.wp-block-image, .kadence-column_de5674-34 > .kt-inside-inner-col > figure.wp-block-kadence-image{margin-top:0px;margin-bottom:0px;}.kadence-column_de5674-34 > .kt-inside-inner-col > .kb-image-is-ratio-size{flex-grow:1;}}@media all and (max-width: 767px){.kadence-column_de5674-34 > .kt-inside-inner-col{flex-direction:row;flex-wrap:wrap;justify-content:flex-start;justify-content:center;}.kadence-column_de5674-34 > .kt-inside-inner-col > *, .kadence-column_de5674-34 > .kt-inside-inner-col > figure.wp-block-image, .kadence-column_de5674-34 > .kt-inside-inner-col > figure.wp-block-kadence-image{margin-top:0px;margin-bottom:0px;}.kadence-column_de5674-34 > .kt-inside-inner-col > .kb-image-is-ratio-size{flex-grow:1;}}<\/style>\n<div class=\"wp-block-kadence-column kadence-column_de5674-34 kb-section-dir-horizontal\"><div class=\"kt-inside-inner-col\">\n<figure class=\"wp-block-image size-full\"><a href=\"https:\/\/rers-nancy.fr\/new2\/les-rers-du-grand-est\/le-rezo-mulhouse\/\"><img loading=\"lazy\" decoding=\"async\" width=\"133\" height=\"133\" src=\"https:\/\/rers-nancy.fr\/new2\/wp-content\/uploads\/2022\/01\/rezo-logo-Pt.png\" alt=\"\" class=\"wp-image-1274\"\/><\/a><\/figure>\n<\/div><\/div>\n\n<\/div><\/div>\n\n\n<h2 class=\"wp-block-heading has-text-align-center\" id=\"le-rezoa-mulhouse\"><a href=\"https:\/\/rers-nancy.fr\/new2\/le-rezo-mulhouse\/\" data-type=\"post\" data-id=\"23\">Le REZO<br>\u00e0 Mulhouse<\/a><\/h2>\n<\/div><\/div>\n\n<\/div><\/div><\/div><\/div>\n\n\n<style>.kadence-column_d88f7b-f3 > .kt-inside-inner-col,.kadence-column_d88f7b-f3 > .kt-inside-inner-col:before{border-top-left-radius:0px;border-top-right-radius:0px;border-bottom-right-radius:0px;border-bottom-left-radius:0px;}.kadence-column_d88f7b-f3 > .kt-inside-inner-col{column-gap:var(--global-kb-gap-sm, 1rem);}.kadence-column_d88f7b-f3 > .kt-inside-inner-col{flex-direction:column;}.kadence-column_d88f7b-f3 > .kt-inside-inner-col > .aligncenter{width:100%;}.kadence-column_d88f7b-f3 > .kt-inside-inner-col:before{opacity:0.3;}.kadence-column_d88f7b-f3{position:relative;}@media all and (max-width: 1024px){.kadence-column_d88f7b-f3 > .kt-inside-inner-col{flex-direction:column;justify-content:center;}}@media all and (max-width: 767px){.kadence-column_d88f7b-f3 > .kt-inside-inner-col{flex-direction:column;justify-content:center;}}<\/style>\n<div class=\"wp-block-kadence-column kadence-column_d88f7b-f3 inner-column-2\"><div class=\"kt-inside-inner-col\"><style>.kb-row-layout-id_a3ca64-87 > .kt-row-column-wrap{align-content:start;}:where(.kb-row-layout-id_a3ca64-87 > .kt-row-column-wrap) > .wp-block-kadence-column{justify-content:start;}.kb-row-layout-id_a3ca64-87 > .kt-row-column-wrap{column-gap:var(--global-kb-gap-md, 2rem);row-gap:var(--global-kb-gap-md, 2rem);padding-top:var(--global-kb-spacing-sm, 1.5rem);padding-bottom:var(--global-kb-spacing-sm, 1.5rem);grid-template-columns:minmax(0, 1fr);}.kb-row-layout-id_a3ca64-87 > .kt-row-layout-overlay{opacity:0.30;}@media all and (max-width: 1024px){.kb-row-layout-id_a3ca64-87 > .kt-row-column-wrap{grid-template-columns:minmax(0, 1fr);}}@media all and (max-width: 767px){.kb-row-layout-id_a3ca64-87 > .kt-row-column-wrap{grid-template-columns:minmax(0, 1fr);}}<\/style><div class=\"kb-row-layout-wrap kb-row-layout-id_a3ca64-87 alignnone wp-block-kadence-rowlayout\"><div class=\"kt-row-column-wrap kt-has-2-columns kt-row-layout-row kt-tab-layout-inherit kt-mobile-layout-row kt-row-valign-top\">\n<style>.kadence-column_447220-6c > .kt-inside-inner-col{padding-top:25px;}.kadence-column_447220-6c > .kt-inside-inner-col,.kadence-column_447220-6c > .kt-inside-inner-col:before{border-top-left-radius:0px;border-top-right-radius:0px;border-bottom-right-radius:0px;border-bottom-left-radius:0px;}.kadence-column_447220-6c > .kt-inside-inner-col{column-gap:var(--global-kb-gap-sm, 1rem);}.kadence-column_447220-6c > .kt-inside-inner-col{flex-direction:column;}.kadence-column_447220-6c > .kt-inside-inner-col > .aligncenter{width:100%;}.kadence-column_447220-6c > .kt-inside-inner-col:before{opacity:0.3;}.kadence-column_447220-6c{position:relative;}@media all and (max-width: 1024px){.kadence-column_447220-6c > .kt-inside-inner-col{flex-direction:column;justify-content:center;}}@media all and (max-width: 767px){.kadence-column_447220-6c > .kt-inside-inner-col{flex-direction:column;justify-content:center;}}<\/style>\n<div class=\"wp-block-kadence-column kadence-column_447220-6c inner-column-1\"><div class=\"kt-inside-inner-col\">\n<figure class=\"wp-block-image size-full\"><a href=\"https:\/\/rers-nancy.fr\/new2\/les-rers-du-grand-est\/troc-savoirs\/\"><img loading=\"lazy\" decoding=\"async\" width=\"200\" height=\"25\" src=\"https:\/\/rers-nancy.fr\/new2\/wp-content\/uploads\/2022\/01\/Troc-savoirs-Pt.png\" alt=\"\" class=\"wp-image-1281\"\/><\/a><\/figure>\n<\/div><\/div>\n\n\n<style>.kadence-column_2c4b21-5e > .kt-inside-inner-col,.kadence-column_2c4b21-5e > .kt-inside-inner-col:before{border-top-left-radius:0px;border-top-right-radius:0px;border-bottom-right-radius:0px;border-bottom-left-radius:0px;}.kadence-column_2c4b21-5e > .kt-inside-inner-col{column-gap:var(--global-kb-gap-sm, 1rem);}.kadence-column_2c4b21-5e > .kt-inside-inner-col{flex-direction:column;}.kadence-column_2c4b21-5e > .kt-inside-inner-col > .aligncenter{width:100%;}.kadence-column_2c4b21-5e > .kt-inside-inner-col:before{opacity:0.3;}.kadence-column_2c4b21-5e{position:relative;}@media all and (max-width: 1024px){.kadence-column_2c4b21-5e > .kt-inside-inner-col{flex-direction:column;justify-content:center;}}@media all and (max-width: 767px){.kadence-column_2c4b21-5e > .kt-inside-inner-col{flex-direction:column;justify-content:center;}}<\/style>\n<div class=\"wp-block-kadence-column kadence-column_2c4b21-5e inner-column-2\"><div class=\"kt-inside-inner-col\">\n<h2 class=\"wp-block-heading has-text-align-center\" id=\"trocs-savoirsa-strasbourg\"><a href=\"https:\/\/rers-nancy.fr\/new2\/les-rers-du-grand-est\/troc-savoirs\/\" data-type=\"page\" data-id=\"1276\">Trocs Savoirs<br>\u00e0 Strasbourg<\/a><\/h2>\n<\/div><\/div>\n\n<\/div><\/div>\n\n<style>.kb-row-layout-id_8940e0-87 > .kt-row-column-wrap{align-content:start;}:where(.kb-row-layout-id_8940e0-87 > .kt-row-column-wrap) > .wp-block-kadence-column{justify-content:start;}.kb-row-layout-id_8940e0-87 > .kt-row-column-wrap{column-gap:var(--global-kb-gap-md, 2rem);row-gap:var(--global-kb-gap-md, 2rem);padding-top:0px;padding-bottom:0px;grid-template-columns:minmax(0, 1fr);}.kb-row-layout-id_8940e0-87 > .kt-row-layout-overlay{opacity:0.30;}@media all and (max-width: 1024px){.kb-row-layout-id_8940e0-87 > .kt-row-column-wrap{grid-template-columns:minmax(0, 1fr);}}@media all and (max-width: 767px){.kb-row-layout-id_8940e0-87 > .kt-row-column-wrap{grid-template-columns:minmax(0, 1fr);}}<\/style><div class=\"kb-row-layout-wrap kb-row-layout-id_8940e0-87 alignnone wp-block-kadence-rowlayout\"><div class=\"kt-row-column-wrap kt-has-1-columns kt-row-layout-equal kt-tab-layout-inherit kt-mobile-layout-row kt-row-valign-top\">\n<style>.kadence-column_b5597f-2c > .kt-inside-inner-col,.kadence-column_b5597f-2c > .kt-inside-inner-col:before{border-top-left-radius:0px;border-top-right-radius:0px;border-bottom-right-radius:0px;border-bottom-left-radius:0px;}.kadence-column_b5597f-2c > .kt-inside-inner-col{column-gap:var(--global-kb-gap-sm, 1rem);}.kadence-column_b5597f-2c > .kt-inside-inner-col{flex-direction:column;}.kadence-column_b5597f-2c > .kt-inside-inner-col > .aligncenter{width:100%;}.kadence-column_b5597f-2c > .kt-inside-inner-col:before{opacity:0.3;}.kadence-column_b5597f-2c{position:relative;}@media all and (max-width: 1024px){.kadence-column_b5597f-2c > .kt-inside-inner-col{flex-direction:column;justify-content:center;}}@media all and (max-width: 767px){.kadence-column_b5597f-2c > .kt-inside-inner-col{flex-direction:column;justify-content:center;}}<\/style>\n<div class=\"wp-block-kadence-column kadence-column_b5597f-2c inner-column-1\"><div class=\"kt-inside-inner-col\"><\/div><\/div>\n\n<\/div><\/div><\/div><\/div>\n\n\n<style>.kadence-column_ecc820-e2 > .kt-inside-inner-col,.kadence-column_ecc820-e2 > .kt-inside-inner-col:before{border-top-left-radius:0px;border-top-right-radius:0px;border-bottom-right-radius:0px;border-bottom-left-radius:0px;}.kadence-column_ecc820-e2 > .kt-inside-inner-col{column-gap:var(--global-kb-gap-sm, 1rem);}.kadence-column_ecc820-e2 > .kt-inside-inner-col{flex-direction:column;}.kadence-column_ecc820-e2 > .kt-inside-inner-col > .aligncenter{width:100%;}.kadence-column_ecc820-e2 > .kt-inside-inner-col:before{opacity:0.3;}.kadence-column_ecc820-e2{position:relative;}@media all and (max-width: 1024px){.kadence-column_ecc820-e2 > .kt-inside-inner-col{flex-direction:column;justify-content:center;}}@media all and (max-width: 767px){.kadence-column_ecc820-e2 > .kt-inside-inner-col{flex-direction:column;justify-content:center;}}<\/style>\n<div class=\"wp-block-kadence-column kadence-column_ecc820-e2 inner-column-3\"><div class=\"kt-inside-inner-col\"><style>.kb-row-layout-id_3b6f8c-74 > .kt-row-column-wrap{align-content:start;}:where(.kb-row-layout-id_3b6f8c-74 > .kt-row-column-wrap) > .wp-block-kadence-column{justify-content:start;}.kb-row-layout-id_3b6f8c-74 > .kt-row-column-wrap{column-gap:var(--global-kb-gap-md, 2rem);row-gap:var(--global-kb-gap-md, 2rem);padding-top:var(--global-kb-spacing-sm, 1.5rem);padding-bottom:var(--global-kb-spacing-sm, 1.5rem);grid-template-columns:minmax(0, 1fr);}.kb-row-layout-id_3b6f8c-74 > .kt-row-layout-overlay{opacity:0.30;}@media all and (max-width: 1024px){.kb-row-layout-id_3b6f8c-74 > .kt-row-column-wrap{grid-template-columns:minmax(0, 1fr);}}@media all and (max-width: 767px){.kb-row-layout-id_3b6f8c-74 > .kt-row-column-wrap{grid-template-columns:minmax(0, 1fr);}}<\/style><div class=\"kb-row-layout-wrap kb-row-layout-id_3b6f8c-74 alignnone wp-block-kadence-rowlayout\"><div class=\"kt-row-column-wrap kt-has-1-columns kt-row-layout-equal kt-tab-layout-inherit kt-mobile-layout-row kt-row-valign-top\">\n<style>.kadence-column_ead7bb-07 > .kt-inside-inner-col{display:flex;}.kadence-column_ead7bb-07 > .kt-inside-inner-col{padding-top:0px;padding-bottom:0px;}.kadence-column_ead7bb-07 > .kt-inside-inner-col,.kadence-column_ead7bb-07 > .kt-inside-inner-col:before{border-top-left-radius:0px;border-top-right-radius:0px;border-bottom-right-radius:0px;border-bottom-left-radius:0px;}.kadence-column_ead7bb-07 > .kt-inside-inner-col{flex-direction:row;flex-wrap:wrap;align-items:center;justify-content:center;}.kadence-column_ead7bb-07 > .kt-inside-inner-col > *, .kadence-column_ead7bb-07 > .kt-inside-inner-col > figure.wp-block-image, .kadence-column_ead7bb-07 > .kt-inside-inner-col > figure.wp-block-kadence-image{margin-top:0px;margin-bottom:0px;}.kadence-column_ead7bb-07 > .kt-inside-inner-col > .kb-image-is-ratio-size{flex-grow:1;}.kadence-column_ead7bb-07 > .kt-inside-inner-col:before{opacity:0.3;}.kadence-column_ead7bb-07{text-align:center;}.kadence-column_ead7bb-07{position:relative;}@media all and (max-width: 1024px){.kadence-column_ead7bb-07 > .kt-inside-inner-col{flex-direction:row;flex-wrap:wrap;align-items:center;justify-content:center;}}@media all and (min-width: 768px) and (max-width: 1024px){.kadence-column_ead7bb-07 > .kt-inside-inner-col > *, .kadence-column_ead7bb-07 > .kt-inside-inner-col > figure.wp-block-image, .kadence-column_ead7bb-07 > .kt-inside-inner-col > figure.wp-block-kadence-image{margin-top:0px;margin-bottom:0px;}.kadence-column_ead7bb-07 > .kt-inside-inner-col > .kb-image-is-ratio-size{flex-grow:1;}}@media all and (max-width: 767px){.kadence-column_ead7bb-07 > .kt-inside-inner-col{flex-direction:row;flex-wrap:wrap;justify-content:flex-start;justify-content:center;}.kadence-column_ead7bb-07 > .kt-inside-inner-col > *, .kadence-column_ead7bb-07 > .kt-inside-inner-col > figure.wp-block-image, .kadence-column_ead7bb-07 > .kt-inside-inner-col > figure.wp-block-kadence-image{margin-top:0px;margin-bottom:0px;}.kadence-column_ead7bb-07 > .kt-inside-inner-col > .kb-image-is-ratio-size{flex-grow:1;}}<\/style>\n<div class=\"wp-block-kadence-column kadence-column_ead7bb-07 kb-section-dir-horizontal\"><div class=\"kt-inside-inner-col\">\n<figure class=\"wp-block-image size-full\"><a href=\"https:\/\/sites.google.com\/view\/rersbld55\/accueil?authuser=0\"><img loading=\"lazy\" decoding=\"async\" width=\"200\" height=\"155\" src=\"https:\/\/rers-nancy.fr\/new2\/wp-content\/uploads\/2022\/01\/bar-le-duc-logo-Pt.png\" alt=\"\" class=\"wp-image-1283\"\/><\/a><\/figure>\n\n\n\n<h2 class=\"wp-block-heading has-text-align-center\" id=\"le-rersa-bar-le-duc\"><a href=\"https:\/\/rers-nancy.fr\/new2\/les-rers-du-grand-est\/le-rers-de-bar-le-duc\/\" data-type=\"page\" data-id=\"1269\">Le RERS<br>\u00e0 Bar-le-Duc<\/a><\/h2>\n<\/div><\/div>\n\n<\/div><\/div><\/div><\/div>\n\n<\/div><\/div>\n\n\n<div class=\"wp-block-group is-nowrap is-layout-flex wp-container-core-group-is-layout-ad2f72ca wp-block-group-is-layout-flex\">\n<figure class=\"wp-block-image size-full\"><a href=\"https:\/\/www.la-passerelle.fr\/reseau-dechanges-reciproques-de-savoirs\/\" target=\"_blank\" rel=\" noreferrer noopener\"><img loading=\"lazy\" decoding=\"async\" width=\"388\" height=\"101\" src=\"https:\/\/rers-nancy.fr\/new2\/wp-content\/uploads\/2025\/04\/RERS-Rixheim-lapasserelle_logo.png\" alt=\"\" class=\"wp-image-5628\"\/><\/a><\/figure>\n\n\n\n<p class=\"has-text-align-center\">au Tr\u00e8fle<br>all\u00e9e du Chemin Vert<br>68170 Rixheim<br>03.89.54.21.55<\/p>\n\n\n\n<p class=\"has-text-align-center\"><a href=\"https:\/\/www.facebook.com\/groups\/atoutvent\/\" target=\"_blank\" rel=\"noreferrer noopener\">La Passerelle sur Facebook<\/a><\/p>\n\n\n\n<p><br><\/p>\n<\/div>\n","protected":false},"excerpt":{"rendered":"<p>Le REZO\u00e0 Mulhouse Le RERS\u00e0 Bar-le-Duc au Tr\u00e8fleall\u00e9e du Chemin Vert68170 Rixheim03.89.54.21.55 La Passerelle sur Facebook<\/p>\n","protected":false},"author":1,"featured_media":0,"parent":1247,"menu_order":3,"comment_status":"closed","ping_status":"closed","template":"","meta":{"footnotes":""},"class_list":["post-1262","page","type-page","status-publish","hentry"],"_links":{"self":[{"href":"https:\/\/rers-nancy.fr\/new2\/wp-json\/wp\/v2\/pages\/1262","targetHints":{"allow":["GET"]}}],"collection":[{"href":"https:\/\/rers-nancy.fr\/new2\/wp-json\/wp\/v2\/pages"}],"about":[{"href":"https:\/\/rers-nancy.fr\/new2\/wp-json\/wp\/v2\/types\/page"}],"author":[{"embeddable":true,"href":"https:\/\/rers-nancy.fr\/new2\/wp-json\/wp\/v2\/users\/1"}],"replies":[{"embeddable":true,"href":"https:\/\/rers-nancy.fr\/new2\/wp-json\/wp\/v2\/comments?post=1262"}],"version-history":[{"count":9,"href":"https:\/\/rers-nancy.fr\/new2\/wp-json\/wp\/v2\/pages\/1262\/revisions"}],"predecessor-version":[{"id":5629,"href":"https:\/\/rers-nancy.fr\/new2\/wp-json\/wp\/v2\/pages\/1262\/revisions\/5629"}],"up":[{"embeddable":true,"href":"https:\/\/rers-nancy.fr\/new2\/wp-json\/wp\/v2\/pages\/1247"}],"wp:attachment":[{"href":"https:\/\/rers-nancy.fr\/new2\/wp-json\/wp\/v2\/media?parent=1262"}],"curies":[{"name":"wp","href":"https:\/\/api.w.org\/{rel}","templated":true}]}}