{"id":1269,"date":"2022-01-29T15:58:38","date_gmt":"2022-01-29T14:58:38","guid":{"rendered":"https:\/\/rers-nancy.fr\/new2\/?page_id=1269"},"modified":"2022-01-29T15:59:40","modified_gmt":"2022-01-29T14:59:40","slug":"le-rers-de-bar-le-duc","status":"publish","type":"page","link":"https:\/\/rers-nancy.fr\/new2\/qui-sommes-nous\/les-rers-du-grand-est\/le-rers-de-bar-le-duc\/","title":{"rendered":"Le RERS de Bar-le-Duc"},"content":{"rendered":"<style>#kt-layout-id_414e7f-e5 > .kt-row-column-wrap{align-content:start;}:where(#kt-layout-id_414e7f-e5 > .kt-row-column-wrap) > .wp-block-kadence-column{justify-content:start;}#kt-layout-id_414e7f-e5 > .kt-row-column-wrap{column-gap:var(--global-kb-gap-md, 2rem);row-gap:var(--global-kb-gap-md, 2rem);padding-top:var( --global-kb-row-default-top, 25px );padding-bottom:var( --global-kb-row-default-bottom, 25px );padding-top:var(--global-kb-spacing-sm, 1.5rem);padding-bottom:var(--global-kb-spacing-sm, 1.5rem);grid-template-columns:minmax(0, 1fr) minmax(0, 2fr);}#kt-layout-id_414e7f-e5 > .kt-row-layout-overlay{opacity:0.30;}@media all and (max-width: 1024px){#kt-layout-id_414e7f-e5 > .kt-row-column-wrap{grid-template-columns:minmax(0, 1fr) minmax(0, 2fr);}}@media all and (max-width: 767px){#kt-layout-id_414e7f-e5 > .kt-row-column-wrap{grid-template-columns:minmax(0, 1fr);}}<\/style>\n<div class=\"wp-block-kadence-rowlayout alignnone\"><div id=\"kt-layout-id_414e7f-e5\" class=\"kt-row-layout-inner kt-layout-id_414e7f-e5\"><div class=\"kt-row-column-wrap kt-has-2-columns kt-gutter-default kt-v-gutter-default kt-row-valign-top kt-row-layout-right-golden kt-tab-layout-inherit kt-m-colapse-left-to-right kt-mobile-layout-row\"><style>.kadence-column_493ca4-71 > .kt-inside-inner-col{border-top-width:0px;border-right-width:0px;border-bottom-width:0px;border-left-width:0px;}.kadence-column_493ca4-71 > .kt-inside-inner-col,.kadence-column_493ca4-71 > .kt-inside-inner-col:before{border-top-left-radius:0px;border-top-right-radius:0px;border-bottom-right-radius:0px;border-bottom-left-radius:0px;}.kadence-column_493ca4-71 > .kt-inside-inner-col{column-gap:var(--global-kb-gap-sm, 1rem);}.kadence-column_493ca4-71 > .kt-inside-inner-col{flex-direction:column;}.kadence-column_493ca4-71 > .kt-inside-inner-col > .aligncenter{width:100%;}.kadence-column_493ca4-71 > .kt-inside-inner-col:before{opacity:0.3;}.kadence-column_493ca4-71{position:relative;}@media all and (max-width: 1024px){.kadence-column_493ca4-71 > .kt-inside-inner-col{flex-direction:column;justify-content:center;}}@media all and (max-width: 767px){.kadence-column_493ca4-71 > .kt-inside-inner-col{flex-direction:column;justify-content:center;}}<\/style>\n<div class=\"wp-block-kadence-column inner-column-1 kadence-column_493ca4-71\"><div class=\"kt-inside-inner-col\">\n<p><strong>RERS de\u00a0BAR-LE-DUC<br>9 rue de la Chapelle &#8211;\u00a0BP 60164<br>55000 BAR-LE-DUC<\/strong><br>T\u00e9l. : 03 29 77 22 66<\/p>\n\n\n\n<p>Site web : <a href=\"https:\/\/sites.google.com\/view\/rersbld55?fbclid=IwAR3aALFZd-YHgqeWYswIvK7yk8ZQuILBZYinOBySJ-4bpXdM7IvtBsrK8Z8\" data-type=\"URL\" data-id=\"https:\/\/sites.google.com\/view\/rersbld55?fbclid=IwAR3aALFZd-YHgqeWYswIvK7yk8ZQuILBZYinOBySJ-4bpXdM7IvtBsrK8Z8\" target=\"_blank\" rel=\"noreferrer noopener\">Cliquez ici<\/a><\/p>\n\n\n\n<p>Mail : rers.bld@gmail.com<\/p>\n<\/div><\/div>\n\n\n<style>.kadence-column_14d515-bf > .kt-inside-inner-col{border-top-width:0px;border-right-width:0px;border-bottom-width:0px;border-left-width:0px;}.kadence-column_14d515-bf > .kt-inside-inner-col,.kadence-column_14d515-bf > .kt-inside-inner-col:before{border-top-left-radius:0px;border-top-right-radius:0px;border-bottom-right-radius:0px;border-bottom-left-radius:0px;}.kadence-column_14d515-bf > .kt-inside-inner-col{column-gap:var(--global-kb-gap-sm, 1rem);}.kadence-column_14d515-bf > .kt-inside-inner-col{flex-direction:column;}.kadence-column_14d515-bf > .kt-inside-inner-col > .aligncenter{width:100%;}.kadence-column_14d515-bf > .kt-inside-inner-col:before{opacity:0.3;}.kadence-column_14d515-bf{position:relative;}@media all and (max-width: 1024px){.kadence-column_14d515-bf > .kt-inside-inner-col{flex-direction:column;justify-content:center;}}@media all and (max-width: 767px){.kadence-column_14d515-bf > .kt-inside-inner-col{flex-direction:column;justify-content:center;}}<\/style>\n<div class=\"wp-block-kadence-column inner-column-2 kadence-column_14d515-bf\"><div class=\"kt-inside-inner-col\">\n<p>A Bar-le-Duc, dans la Meuse, tout a commenc\u00e9 en 1997 quand un centre social a pari\u00e9 sur l\u2019\u00e9change r\u00e9ciproque des savoirs pour relancer la participation des habitants. Tr\u00e8s vite les trois autres centres sociaux ont \u00e9t\u00e9 contact\u00e9s et acceptent aussit\u00f4t de se joindre au projet. Et d\u2019autres associations, contact\u00e9es \u00e0 leur tour (Restos du C\u0153ur, Secours Catholique, Mission Locale\u2026), entrent \u00e9galement dans la danse. Le bouche \u00e0 oreille fait le reste.<\/p>\n\n\n\n<p>Le RERS de Bar-le-Duc ne cesse de modifier ses activit\u00e9s pour proposer de meilleurs \u00e9changes en fonction des participants.<\/p>\n<\/div><\/div>\n<\/div><\/div><\/div>\n\n\n<p>\u00a0<\/p>\n<p>\u00a0<\/p>","protected":false},"excerpt":{"rendered":"<p>RERS de\u00a0BAR-LE-DUC9 rue de la Chapelle &#8211;\u00a0BP 6016455000 BAR-LE-DUCT\u00e9l. : 03 29 77 22 66 Site web : Cliquez ici Mail : rers.bld@gmail.com A Bar-le-Duc, dans la Meuse, tout a commenc\u00e9 en 1997 quand un centre social a pari\u00e9 sur l\u2019\u00e9change r\u00e9ciproque des savoirs pour&nbsp;<a class=\"read-more\" href=\"https:\/\/rers-nancy.fr\/new2\/qui-sommes-nous\/les-rers-du-grand-est\/le-rers-de-bar-le-duc\/\">&hellip;<\/a><\/p>\n","protected":false},"author":1,"featured_media":0,"parent":1262,"menu_order":3,"comment_status":"closed","ping_status":"closed","template":"","meta":{"footnotes":""},"class_list":["post-1269","page","type-page","status-publish","hentry"],"_links":{"self":[{"href":"https:\/\/rers-nancy.fr\/new2\/wp-json\/wp\/v2\/pages\/1269","targetHints":{"allow":["GET"]}}],"collection":[{"href":"https:\/\/rers-nancy.fr\/new2\/wp-json\/wp\/v2\/pages"}],"about":[{"href":"https:\/\/rers-nancy.fr\/new2\/wp-json\/wp\/v2\/types\/page"}],"author":[{"embeddable":true,"href":"https:\/\/rers-nancy.fr\/new2\/wp-json\/wp\/v2\/users\/1"}],"replies":[{"embeddable":true,"href":"https:\/\/rers-nancy.fr\/new2\/wp-json\/wp\/v2\/comments?post=1269"}],"version-history":[{"count":1,"href":"https:\/\/rers-nancy.fr\/new2\/wp-json\/wp\/v2\/pages\/1269\/revisions"}],"predecessor-version":[{"id":1272,"href":"https:\/\/rers-nancy.fr\/new2\/wp-json\/wp\/v2\/pages\/1269\/revisions\/1272"}],"up":[{"embeddable":true,"href":"https:\/\/rers-nancy.fr\/new2\/wp-json\/wp\/v2\/pages\/1262"}],"wp:attachment":[{"href":"https:\/\/rers-nancy.fr\/new2\/wp-json\/wp\/v2\/media?parent=1269"}],"curies":[{"name":"wp","href":"https:\/\/api.w.org\/{rel}","templated":true}]}}