{"id":1273,"date":"2022-01-29T16:23:34","date_gmt":"2022-01-29T15:23:34","guid":{"rendered":"https:\/\/rers-nancy.fr\/new2\/?page_id=1273"},"modified":"2022-01-29T16:23:34","modified_gmt":"2022-01-29T15:23:34","slug":"le-rezo-mulhouse","status":"publish","type":"page","link":"https:\/\/rers-nancy.fr\/new2\/qui-sommes-nous\/les-rers-du-grand-est\/le-rezo-mulhouse\/","title":{"rendered":"Le REZO &#8211; Mulhouse"},"content":{"rendered":"<style>#kt-layout-id_5e3945-4d > .kt-row-column-wrap{align-content:start;}:where(#kt-layout-id_5e3945-4d > .kt-row-column-wrap) > .wp-block-kadence-column{justify-content:start;}#kt-layout-id_5e3945-4d > .kt-row-column-wrap{column-gap:var(--global-kb-gap-md, 2rem);row-gap:var(--global-kb-gap-md, 2rem);padding-top:var( --global-kb-row-default-top, 25px );padding-bottom:var( --global-kb-row-default-bottom, 25px );padding-bottom:0px;grid-template-columns:minmax(0, 1fr);}#kt-layout-id_5e3945-4d > .kt-row-layout-overlay{opacity:0.30;}@media all and (max-width: 1024px){#kt-layout-id_5e3945-4d > .kt-row-column-wrap{grid-template-columns:minmax(0, 1fr);}}@media all and (max-width: 767px){#kt-layout-id_5e3945-4d > .kt-row-column-wrap{grid-template-columns:minmax(0, 1fr);}}<\/style>\n<div class=\"wp-block-kadence-rowlayout alignnone\"><div id=\"kt-layout-id_5e3945-4d\" class=\"kt-row-layout-inner kt-layout-id_5e3945-4d\"><div class=\"kt-row-column-wrap kt-has-1-columns kt-gutter-default kt-v-gutter-default kt-row-valign-top kt-row-layout-equal kt-tab-layout-inherit kt-m-colapse-left-to-right kt-mobile-layout-row\"><style>.kadence-column_aca5ac-87 > .kt-inside-inner-col{border-top-width:0px;border-right-width:0px;border-bottom-width:0px;border-left-width:0px;}.kadence-column_aca5ac-87 > .kt-inside-inner-col,.kadence-column_aca5ac-87 > .kt-inside-inner-col:before{border-top-left-radius:0px;border-top-right-radius:0px;border-bottom-right-radius:0px;border-bottom-left-radius:0px;}.kadence-column_aca5ac-87 > .kt-inside-inner-col{column-gap:var(--global-kb-gap-sm, 1rem);}.kadence-column_aca5ac-87 > .kt-inside-inner-col{flex-direction:column;}.kadence-column_aca5ac-87 > .kt-inside-inner-col > .aligncenter{width:100%;}.kadence-column_aca5ac-87 > .kt-inside-inner-col:before{opacity:0.3;}.kadence-column_aca5ac-87{position:relative;}@media all and (max-width: 1024px){.kadence-column_aca5ac-87 > .kt-inside-inner-col{flex-direction:column;justify-content:center;}}@media all and (max-width: 767px){.kadence-column_aca5ac-87 > .kt-inside-inner-col{flex-direction:column;justify-content:center;}}<\/style>\n<div class=\"wp-block-kadence-column inner-column-1 kadence-column_aca5ac-87\"><div class=\"kt-inside-inner-col\"><style>#kt-layout-id_c94019-44 > .kt-row-column-wrap{align-content:start;}:where(#kt-layout-id_c94019-44 > .kt-row-column-wrap) > .wp-block-kadence-column{justify-content:start;}#kt-layout-id_c94019-44 > .kt-row-column-wrap{column-gap:var(--global-kb-gap-md, 2rem);row-gap:var(--global-kb-gap-md, 2rem);padding-top:var( --global-kb-row-default-top, 25px );padding-bottom:var( --global-kb-row-default-bottom, 25px );padding-top:1px;padding-bottom:1px;grid-template-columns:minmax(0, 1fr) minmax(0, 2fr);}#kt-layout-id_c94019-44 > .kt-row-layout-overlay{opacity:0.30;}@media all and (max-width: 1024px){#kt-layout-id_c94019-44 > .kt-row-column-wrap{grid-template-columns:minmax(0, 1fr) minmax(0, 2fr);}}@media all and (max-width: 767px){#kt-layout-id_c94019-44 > .kt-row-column-wrap{grid-template-columns:minmax(0, 1fr);}}<\/style>\n<div class=\"wp-block-kadence-rowlayout alignnone\"><div id=\"kt-layout-id_c94019-44\" class=\"kt-row-layout-inner kt-layout-id_c94019-44\"><div class=\"kt-row-column-wrap kt-has-2-columns kt-gutter-default kt-v-gutter-default kt-row-valign-top kt-row-layout-right-golden kt-tab-layout-inherit kt-m-colapse-left-to-right kt-mobile-layout-row\"><style>.kadence-column_d6aef7-34 > .kt-inside-inner-col{border-top-width:0px;border-right-width:0px;border-bottom-width:0px;border-left-width:0px;}.kadence-column_d6aef7-34 > .kt-inside-inner-col,.kadence-column_d6aef7-34 > .kt-inside-inner-col:before{border-top-left-radius:0px;border-top-right-radius:0px;border-bottom-right-radius:0px;border-bottom-left-radius:0px;}.kadence-column_d6aef7-34 > .kt-inside-inner-col{column-gap:var(--global-kb-gap-sm, 1rem);}.kadence-column_d6aef7-34 > .kt-inside-inner-col{flex-direction:column;}.kadence-column_d6aef7-34 > .kt-inside-inner-col > .aligncenter{width:100%;}.kadence-column_d6aef7-34 > .kt-inside-inner-col:before{opacity:0.3;}.kadence-column_d6aef7-34{position:relative;}@media all and (max-width: 1024px){.kadence-column_d6aef7-34 > .kt-inside-inner-col{flex-direction:column;justify-content:center;}}@media all and (max-width: 767px){.kadence-column_d6aef7-34 > .kt-inside-inner-col{flex-direction:column;justify-content:center;}}<\/style>\n<div class=\"wp-block-kadence-column inner-column-1 kadence-column_d6aef7-34\"><div class=\"kt-inside-inner-col\">\n<figure class=\"wp-block-image size-full\"><img loading=\"lazy\" decoding=\"async\" width=\"133\" height=\"133\" src=\"https:\/\/rers-nancy.fr\/new2\/wp-content\/uploads\/2022\/01\/rezo-logo-Pt.png\" alt=\"\" class=\"wp-image-1274\"\/><\/figure>\n<\/div><\/div>\n\n\n<style>.kadence-column_1143a2-fb > .kt-inside-inner-col{border-top-width:0px;border-right-width:0px;border-bottom-width:0px;border-left-width:0px;}.kadence-column_1143a2-fb > .kt-inside-inner-col,.kadence-column_1143a2-fb > .kt-inside-inner-col:before{border-top-left-radius:0px;border-top-right-radius:0px;border-bottom-right-radius:0px;border-bottom-left-radius:0px;}.kadence-column_1143a2-fb > .kt-inside-inner-col{column-gap:var(--global-kb-gap-sm, 1rem);}.kadence-column_1143a2-fb > .kt-inside-inner-col{flex-direction:column;}.kadence-column_1143a2-fb > .kt-inside-inner-col > .aligncenter{width:100%;}.kadence-column_1143a2-fb > .kt-inside-inner-col:before{opacity:0.3;}.kadence-column_1143a2-fb{position:relative;}@media all and (max-width: 1024px){.kadence-column_1143a2-fb > .kt-inside-inner-col{flex-direction:column;justify-content:center;}}@media all and (max-width: 767px){.kadence-column_1143a2-fb > .kt-inside-inner-col{flex-direction:column;justify-content:center;}}<\/style>\n<div class=\"wp-block-kadence-column inner-column-2 kadence-column_1143a2-fb\"><div class=\"kt-inside-inner-col\">\n<p>Le R.E.R.S. de Mulhouse, territoire apprenant, fait le pari de la R\u00e9ciprocit\u00e9 ! Nous consid\u00e9rons que chacun singuli\u00e8rement peut contribuer \u00e0 la formation les uns des autres et que la question des savoirs, comme biens communs et utiles \u00e0 tous, concerne chacun d\u2019entre nous. Nous menons notre action et d\u00e9veloppons notre projet associatif ,en organisant des permanences (accueil, mises en relation des offres et demandes, lieux d&rsquo;\u00e9changes, \u00e9changes sur les \u00e9changes), et des actions en lien avec les habitants et partenaires de diff\u00e9rents quartiers mulhousiens.<\/p>\n<\/div><\/div>\n<\/div><\/div><\/div>\n\n\n<style>#kt-layout-id_961592-45 > .kt-row-column-wrap{align-content:start;}:where(#kt-layout-id_961592-45 > .kt-row-column-wrap) > .wp-block-kadence-column{justify-content:start;}#kt-layout-id_961592-45 > .kt-row-column-wrap{column-gap:var(--global-kb-gap-md, 2rem);row-gap:var(--global-kb-gap-md, 2rem);padding-top:var( --global-kb-row-default-top, 25px );padding-bottom:var( --global-kb-row-default-bottom, 25px );padding-top:1px;padding-bottom:1px;grid-template-columns:minmax(0, 1fr);}#kt-layout-id_961592-45 > .kt-row-layout-overlay{opacity:0.30;}@media all and (max-width: 1024px){#kt-layout-id_961592-45 > .kt-row-column-wrap{grid-template-columns:minmax(0, 1fr);}}@media all and (max-width: 767px){#kt-layout-id_961592-45 > .kt-row-column-wrap{grid-template-columns:minmax(0, 1fr);}}<\/style>\n<div class=\"wp-block-kadence-rowlayout alignnone\"><div id=\"kt-layout-id_961592-45\" class=\"kt-row-layout-inner kt-layout-id_961592-45\"><div class=\"kt-row-column-wrap kt-has-1-columns kt-gutter-default kt-v-gutter-default kt-row-valign-top kt-row-layout-equal kt-tab-layout-inherit kt-m-colapse-left-to-right kt-mobile-layout-row\"><style>.kadence-column_f209e7-54 > .kt-inside-inner-col{border-top-width:0px;border-right-width:0px;border-bottom-width:0px;border-left-width:0px;}.kadence-column_f209e7-54 > .kt-inside-inner-col,.kadence-column_f209e7-54 > .kt-inside-inner-col:before{border-top-left-radius:0px;border-top-right-radius:0px;border-bottom-right-radius:0px;border-bottom-left-radius:0px;}.kadence-column_f209e7-54 > .kt-inside-inner-col{column-gap:var(--global-kb-gap-sm, 1rem);}.kadence-column_f209e7-54 > .kt-inside-inner-col{flex-direction:column;}.kadence-column_f209e7-54 > .kt-inside-inner-col > .aligncenter{width:100%;}.kadence-column_f209e7-54 > .kt-inside-inner-col:before{opacity:0.3;}.kadence-column_f209e7-54{position:relative;}@media all and (max-width: 1024px){.kadence-column_f209e7-54 > .kt-inside-inner-col{flex-direction:column;justify-content:center;}}@media all and (max-width: 767px){.kadence-column_f209e7-54 > .kt-inside-inner-col{flex-direction:column;justify-content:center;}}<\/style>\n<div class=\"wp-block-kadence-column inner-column-1 kadence-column_f209e7-54\"><div class=\"kt-inside-inner-col\">\n<p class=\"has-text-align-center\">Cordonn\u00e9es : Site Web :\u00a0<a href=\"https:\/\/lerezo-mulhouse.blogspot.com\/\">lerezo-mulhouse.blogspot.com<\/a> \/ Mail :\u00a0<a href=\"mailto:info@lerezo.fr\">info@lerezo.fr<\/a> \/ T\u00e9l : 06 48 13 70 46<\/p>\n<\/div><\/div>\n<\/div><\/div><\/div>\n<\/div><\/div>\n<\/div><\/div><\/div>\n","protected":false},"excerpt":{"rendered":"<p>Le R.E.R.S. de Mulhouse, territoire apprenant, fait le pari de la R\u00e9ciprocit\u00e9 ! Nous consid\u00e9rons que chacun singuli\u00e8rement peut contribuer \u00e0 la formation les uns des autres et que la question des savoirs, comme biens communs et utiles \u00e0 tous, concerne chacun d\u2019entre nous. Nous&nbsp;<a class=\"read-more\" href=\"https:\/\/rers-nancy.fr\/new2\/qui-sommes-nous\/les-rers-du-grand-est\/le-rezo-mulhouse\/\">&hellip;<\/a><\/p>\n","protected":false},"author":1,"featured_media":0,"parent":1262,"menu_order":4,"comment_status":"closed","ping_status":"closed","template":"","meta":{"footnotes":""},"class_list":["post-1273","page","type-page","status-publish","hentry"],"_links":{"self":[{"href":"https:\/\/rers-nancy.fr\/new2\/wp-json\/wp\/v2\/pages\/1273","targetHints":{"allow":["GET"]}}],"collection":[{"href":"https:\/\/rers-nancy.fr\/new2\/wp-json\/wp\/v2\/pages"}],"about":[{"href":"https:\/\/rers-nancy.fr\/new2\/wp-json\/wp\/v2\/types\/page"}],"author":[{"embeddable":true,"href":"https:\/\/rers-nancy.fr\/new2\/wp-json\/wp\/v2\/users\/1"}],"replies":[{"embeddable":true,"href":"https:\/\/rers-nancy.fr\/new2\/wp-json\/wp\/v2\/comments?post=1273"}],"version-history":[{"count":1,"href":"https:\/\/rers-nancy.fr\/new2\/wp-json\/wp\/v2\/pages\/1273\/revisions"}],"predecessor-version":[{"id":1275,"href":"https:\/\/rers-nancy.fr\/new2\/wp-json\/wp\/v2\/pages\/1273\/revisions\/1275"}],"up":[{"embeddable":true,"href":"https:\/\/rers-nancy.fr\/new2\/wp-json\/wp\/v2\/pages\/1262"}],"wp:attachment":[{"href":"https:\/\/rers-nancy.fr\/new2\/wp-json\/wp\/v2\/media?parent=1273"}],"curies":[{"name":"wp","href":"https:\/\/api.w.org\/{rel}","templated":true}]}}