{"id":1276,"date":"2022-01-29T16:44:23","date_gmt":"2022-01-29T15:44:23","guid":{"rendered":"https:\/\/rers-nancy.fr\/new2\/?page_id=1276"},"modified":"2022-01-29T16:44:23","modified_gmt":"2022-01-29T15:44:23","slug":"troc-savoirs","status":"publish","type":"page","link":"https:\/\/rers-nancy.fr\/new2\/qui-sommes-nous\/les-rers-du-grand-est\/troc-savoirs\/","title":{"rendered":"Troc Savoirs"},"content":{"rendered":"\n<figure class=\"wp-block-image size-full is-resized\"><img loading=\"lazy\" decoding=\"async\" src=\"https:\/\/rers-nancy.fr\/new2\/wp-content\/uploads\/2022\/01\/Troc-savoirs-Gd.png\" alt=\"\" class=\"wp-image-1277\" width=\"787\" height=\"97\"\/><\/figure>\n\n\n<style>#kt-layout-id_7c22a4-18 > .kt-row-column-wrap{align-content:start;}:where(#kt-layout-id_7c22a4-18 > .kt-row-column-wrap) > .wp-block-kadence-column{justify-content:start;}#kt-layout-id_7c22a4-18 > .kt-row-column-wrap{column-gap:var(--global-kb-gap-md, 2rem);row-gap:var(--global-kb-gap-md, 2rem);padding-top:var( --global-kb-row-default-top, 25px );padding-bottom:var( --global-kb-row-default-bottom, 25px );padding-top:var(--global-kb-spacing-sm, 1.5rem);padding-bottom:var(--global-kb-spacing-sm, 1.5rem);grid-template-columns:minmax(0, 1fr) minmax(0, 2fr);}#kt-layout-id_7c22a4-18 > .kt-row-layout-overlay{opacity:0.30;}@media all and (max-width: 1024px){#kt-layout-id_7c22a4-18 > .kt-row-column-wrap{grid-template-columns:minmax(0, 1fr) minmax(0, 2fr);}}@media all and (max-width: 767px){#kt-layout-id_7c22a4-18 > .kt-row-column-wrap{grid-template-columns:minmax(0, 1fr);}}<\/style>\n<div class=\"wp-block-kadence-rowlayout alignnone\"><div id=\"kt-layout-id_7c22a4-18\" class=\"kt-row-layout-inner kt-layout-id_7c22a4-18\"><div class=\"kt-row-column-wrap kt-has-2-columns kt-gutter-default kt-v-gutter-default kt-row-valign-top kt-row-layout-right-golden kt-tab-layout-inherit kt-m-colapse-left-to-right kt-mobile-layout-row\"><style>.kadence-column_30af07-3b > .kt-inside-inner-col{border-top-width:0px;border-right-width:0px;border-bottom-width:0px;border-left-width:0px;}.kadence-column_30af07-3b > .kt-inside-inner-col,.kadence-column_30af07-3b > .kt-inside-inner-col:before{border-top-left-radius:0px;border-top-right-radius:0px;border-bottom-right-radius:0px;border-bottom-left-radius:0px;}.kadence-column_30af07-3b > .kt-inside-inner-col{column-gap:var(--global-kb-gap-sm, 1rem);}.kadence-column_30af07-3b > .kt-inside-inner-col{flex-direction:column;}.kadence-column_30af07-3b > .kt-inside-inner-col > .aligncenter{width:100%;}.kadence-column_30af07-3b > .kt-inside-inner-col:before{opacity:0.3;}.kadence-column_30af07-3b{position:relative;}@media all and (max-width: 1024px){.kadence-column_30af07-3b > .kt-inside-inner-col{flex-direction:column;justify-content:center;}}@media all and (max-width: 767px){.kadence-column_30af07-3b > .kt-inside-inner-col{flex-direction:column;justify-content:center;}}<\/style>\n<div class=\"wp-block-kadence-column inner-column-1 kadence-column_30af07-3b\"><div class=\"kt-inside-inner-col\">\n<p><strong>O\u00f9 nous trouver ?<\/strong><\/p>\n\n\n\n<ul class=\"wp-block-list\"><li>A Lingolsheim, au CSC Albatros<\/li><li>A Neudorf, 24 rue d\u2019Erstein<\/li><li>Au Moulin des Savoirs\u00a0<strong>35 rue d\u2019Ostwald<\/strong><\/li><\/ul>\n\n\n\n<p><br>T\u00e9l : 06 23 69 33 19<br>Contact :\u00a0<a rel=\"noreferrer noopener\" href=\"mailto:rers.strasbourg@orange.fr\" data-type=\"mailto\" data-id=\"mailto:rers.strasbourg@orange.fr\" target=\"_blank\">rers.strasbourg@orange.fr<\/a><\/p>\n<\/div><\/div>\n\n\n<style>.kadence-column_34d05b-1f > .kt-inside-inner-col{border-top-width:0px;border-right-width:0px;border-bottom-width:0px;border-left-width:0px;}.kadence-column_34d05b-1f > .kt-inside-inner-col,.kadence-column_34d05b-1f > .kt-inside-inner-col:before{border-top-left-radius:0px;border-top-right-radius:0px;border-bottom-right-radius:0px;border-bottom-left-radius:0px;}.kadence-column_34d05b-1f > .kt-inside-inner-col{column-gap:var(--global-kb-gap-sm, 1rem);}.kadence-column_34d05b-1f > .kt-inside-inner-col{flex-direction:column;}.kadence-column_34d05b-1f > .kt-inside-inner-col > .aligncenter{width:100%;}.kadence-column_34d05b-1f > .kt-inside-inner-col:before{opacity:0.3;}.kadence-column_34d05b-1f{position:relative;}.wp-block-kadence-column.kadence-column_34d05b-1f > .kt-inside-inner-col{margin-top:5px;margin-bottom:5px;margin-right:5px;margin-left:5px;}@media all and (max-width: 1024px){.kadence-column_34d05b-1f > .kt-inside-inner-col{flex-direction:column;justify-content:center;}}@media all and (max-width: 767px){.kadence-column_34d05b-1f > .kt-inside-inner-col{flex-direction:column;justify-content:center;}}<\/style>\n<div class=\"wp-block-kadence-column inner-column-2 kadence-column_34d05b-1f\"><div class=\"kt-inside-inner-col\">\n<p><strong>Troc Savoirs est le R\u00e9seau d\u2019\u00e9changes R\u00e9ciproques de Savoirs de Strasbourg. <\/strong><\/p>\n\n\n\n<p>Cr\u00e9\u00e9 en 2009 \u00e0 l\u2019initiative de quelques b\u00e9n\u00e9voles int\u00e9ress\u00e9s par l\u2019\u00e9ducation populaire et le partage des savoirs et savoir-faire de tous, par tous et pour tous.<br>Partant de la conviction que chacune et chacun d\u2019entre nous, quel que soit sont \u00e2ge, sait des choses et en ignore beaucoup d\u2019autres, nous pouvons donc, en nous rencontrant, apprendre, comprendre, d\u00e9couvrir, nous enrichir mutuellement, en \u00e9tant offreur tout autant qu\u2019en \u00e9tant demandeur.<\/p>\n\n\n\n<p>Depuis 12 ans, \u00e0 Strasbourg, ce sont plus de 1000 personnes de tous les \u00e2ges, de tous les quartiers, qui ont fr\u00e9quent\u00e9 nos \u00e9changes et chaque semaine, des nouveaux nous rejoignent pour apprendre ensemble, de fa\u00e7on conviviale, d\u00e9tendue et gratuite.<\/p>\n<\/div><\/div>\n<\/div><\/div><\/div>\n","protected":false},"excerpt":{"rendered":"<p>O\u00f9 nous trouver ? A Lingolsheim, au CSC Albatros A Neudorf, 24 rue d\u2019Erstein Au Moulin des Savoirs\u00a035 rue d\u2019Ostwald T\u00e9l : 06 23 69 33 19Contact :\u00a0rers.strasbourg@orange.fr Troc Savoirs est le R\u00e9seau d\u2019\u00e9changes R\u00e9ciproques de Savoirs de Strasbourg. Cr\u00e9\u00e9 en 2009 \u00e0 l\u2019initiative de&nbsp;<a class=\"read-more\" href=\"https:\/\/rers-nancy.fr\/new2\/qui-sommes-nous\/les-rers-du-grand-est\/troc-savoirs\/\">&hellip;<\/a><\/p>\n","protected":false},"author":1,"featured_media":0,"parent":1262,"menu_order":5,"comment_status":"closed","ping_status":"closed","template":"","meta":{"footnotes":""},"class_list":["post-1276","page","type-page","status-publish","hentry"],"_links":{"self":[{"href":"https:\/\/rers-nancy.fr\/new2\/wp-json\/wp\/v2\/pages\/1276","targetHints":{"allow":["GET"]}}],"collection":[{"href":"https:\/\/rers-nancy.fr\/new2\/wp-json\/wp\/v2\/pages"}],"about":[{"href":"https:\/\/rers-nancy.fr\/new2\/wp-json\/wp\/v2\/types\/page"}],"author":[{"embeddable":true,"href":"https:\/\/rers-nancy.fr\/new2\/wp-json\/wp\/v2\/users\/1"}],"replies":[{"embeddable":true,"href":"https:\/\/rers-nancy.fr\/new2\/wp-json\/wp\/v2\/comments?post=1276"}],"version-history":[{"count":1,"href":"https:\/\/rers-nancy.fr\/new2\/wp-json\/wp\/v2\/pages\/1276\/revisions"}],"predecessor-version":[{"id":1278,"href":"https:\/\/rers-nancy.fr\/new2\/wp-json\/wp\/v2\/pages\/1276\/revisions\/1278"}],"up":[{"embeddable":true,"href":"https:\/\/rers-nancy.fr\/new2\/wp-json\/wp\/v2\/pages\/1262"}],"wp:attachment":[{"href":"https:\/\/rers-nancy.fr\/new2\/wp-json\/wp\/v2\/media?parent=1276"}],"curies":[{"name":"wp","href":"https:\/\/api.w.org\/{rel}","templated":true}]}}