{"id":1293,"date":"2022-01-30T08:18:17","date_gmt":"2022-01-30T07:18:17","guid":{"rendered":"https:\/\/rers-nancy.fr\/new2\/?page_id=1293"},"modified":"2022-01-31T22:36:49","modified_gmt":"2022-01-31T21:36:49","slug":"les-echanges-de-savoirs","status":"publish","type":"page","link":"https:\/\/rers-nancy.fr\/new2\/les-echanges-de-savoirs\/","title":{"rendered":"Les \u00e9changes de savoirs"},"content":{"rendered":"<style>#kt-layout-id_12365f-78{margin-top:2px;margin-bottom:2px;}#kt-layout-id_12365f-78 > .kt-row-column-wrap{align-content:start;}:where(#kt-layout-id_12365f-78 > .kt-row-column-wrap) > .wp-block-kadence-column{justify-content:start;}#kt-layout-id_12365f-78 > .kt-row-column-wrap{column-gap:var(--global-kb-gap-md, 2rem);row-gap:var(--global-kb-gap-md, 2rem);padding-top:var( --global-kb-row-default-top, 25px );padding-bottom:var( --global-kb-row-default-bottom, 25px );padding-top:2px;padding-bottom:2px;grid-template-columns:minmax(0, 1fr);}#kt-layout-id_12365f-78 > .kt-row-layout-overlay{opacity:0.30;}@media all and (max-width: 1024px){#kt-layout-id_12365f-78 > .kt-row-column-wrap{grid-template-columns:minmax(0, 1fr);}}@media all and (max-width: 767px){#kt-layout-id_12365f-78 > .kt-row-column-wrap{grid-template-columns:minmax(0, 1fr);}}<\/style>\n<div class=\"wp-block-kadence-rowlayout alignnone\"><div id=\"kt-layout-id_12365f-78\" class=\"kt-row-layout-inner kt-layout-id_12365f-78\"><div class=\"kt-row-column-wrap kt-has-1-columns kt-gutter-default kt-v-gutter-default kt-row-valign-top kt-row-layout-equal kt-tab-layout-inherit kt-m-colapse-left-to-right kt-mobile-layout-row\"><style>.kadence-column_6e6428-a0 > .kt-inside-inner-col{border-top-width:0px;border-right-width:0px;border-bottom-width:0px;border-left-width:0px;}.kadence-column_6e6428-a0 > .kt-inside-inner-col,.kadence-column_6e6428-a0 > .kt-inside-inner-col:before{border-top-left-radius:0px;border-top-right-radius:0px;border-bottom-right-radius:0px;border-bottom-left-radius:0px;}.kadence-column_6e6428-a0 > .kt-inside-inner-col{column-gap:var(--global-kb-gap-sm, 1rem);}.kadence-column_6e6428-a0 > .kt-inside-inner-col{flex-direction:column;}.kadence-column_6e6428-a0 > .kt-inside-inner-col > .aligncenter{width:100%;}.kadence-column_6e6428-a0 > .kt-inside-inner-col:before{opacity:0.3;}.kadence-column_6e6428-a0{position:relative;}@media all and (max-width: 1024px){.kadence-column_6e6428-a0 > .kt-inside-inner-col{flex-direction:column;justify-content:center;}}@media all and (max-width: 767px){.kadence-column_6e6428-a0 > .kt-inside-inner-col{flex-direction:column;justify-content:center;}}<\/style>\n<div class=\"wp-block-kadence-column inner-column-1 kadence-column_6e6428-a0\"><div class=\"kt-inside-inner-col\"><style>#kt-layout-id_e521b2-a4 > .kt-row-column-wrap{align-content:start;}:where(#kt-layout-id_e521b2-a4 > .kt-row-column-wrap) > .wp-block-kadence-column{justify-content:start;}#kt-layout-id_e521b2-a4 > .kt-row-column-wrap{column-gap:var(--global-kb-gap-md, 2rem);row-gap:var(--global-kb-gap-md, 2rem);padding-top:var( --global-kb-row-default-top, 25px );padding-bottom:var( --global-kb-row-default-bottom, 25px );padding-top:var(--global-kb-spacing-sm, 1.5rem);padding-bottom:var(--global-kb-spacing-sm, 1.5rem);grid-template-columns:minmax(0, calc(50% - ((var(--global-kb-gap-md, 2rem) * 1 )\/2)))minmax(0, calc(50% - ((var(--global-kb-gap-md, 2rem) * 1 )\/2)));}#kt-layout-id_e521b2-a4 > .kt-row-layout-overlay{opacity:0.30;}@media all and (max-width: 1024px){#kt-layout-id_e521b2-a4 > .kt-row-column-wrap{grid-template-columns:repeat(2, minmax(0, 1fr));}}@media all and (max-width: 767px){#kt-layout-id_e521b2-a4 > .kt-row-column-wrap{grid-template-columns:minmax(0, 1fr);}}<\/style>\n<div class=\"wp-block-kadence-rowlayout alignnone\"><div id=\"kt-layout-id_e521b2-a4\" class=\"kt-row-layout-inner kt-layout-id_e521b2-a4\"><div class=\"kt-row-column-wrap kt-has-2-columns kt-gutter-default kt-v-gutter-default kt-row-valign-top kt-row-layout-equal kt-tab-layout-inherit kt-m-colapse-left-to-right kt-mobile-layout-row  kt-custom-first-width-50  kt-custom-second-width-50\"><style>.kadence-column_fcdfa4-39 > .kt-inside-inner-col{display:flex;}.kadence-column_fcdfa4-39 > .kt-inside-inner-col{border-top-width:0px;border-right-width:0px;border-bottom-width:0px;border-left-width:0px;}.kadence-column_fcdfa4-39 > .kt-inside-inner-col,.kadence-column_fcdfa4-39 > .kt-inside-inner-col:before{border-top-left-radius:0px;border-top-right-radius:0px;border-bottom-right-radius:0px;border-bottom-left-radius:0px;}.kadence-column_fcdfa4-39 > .kt-inside-inner-col{flex-direction:row;flex-wrap:wrap;align-items:center;justify-content:center;}.kadence-column_fcdfa4-39 > .kt-inside-inner-col > *, .kadence-column_fcdfa4-39 > .kt-inside-inner-col > figure.wp-block-image, .kadence-column_fcdfa4-39 > .kt-inside-inner-col > figure.wp-block-kadence-image{margin-top:0px;margin-bottom:0px;}.kadence-column_fcdfa4-39 > .kt-inside-inner-col > .kb-image-is-ratio-size{flex-grow:1;}.kadence-column_fcdfa4-39 > .kt-inside-inner-col:before{opacity:0.3;}.kadence-column_fcdfa4-39{text-align:center;}.kadence-column_fcdfa4-39{position:relative;}@media all and (max-width: 1024px){.kadence-column_fcdfa4-39 > .kt-inside-inner-col{flex-direction:row;flex-wrap:wrap;align-items:center;justify-content:center;}}@media all and (min-width: 768px) and (max-width: 1024px){.kadence-column_fcdfa4-39 > .kt-inside-inner-col > *, .kadence-column_fcdfa4-39 > .kt-inside-inner-col > figure.wp-block-image, .kadence-column_fcdfa4-39 > .kt-inside-inner-col > figure.wp-block-kadence-image{margin-top:0px;margin-bottom:0px;}.kadence-column_fcdfa4-39 > .kt-inside-inner-col > .kb-image-is-ratio-size{flex-grow:1;}}@media all and (max-width: 767px){.kadence-column_fcdfa4-39 > .kt-inside-inner-col{flex-direction:row;flex-wrap:wrap;justify-content:flex-start;justify-content:center;}.kadence-column_fcdfa4-39 > .kt-inside-inner-col > *, .kadence-column_fcdfa4-39 > .kt-inside-inner-col > figure.wp-block-image, .kadence-column_fcdfa4-39 > .kt-inside-inner-col > figure.wp-block-kadence-image{margin-top:0px;margin-bottom:0px;}.kadence-column_fcdfa4-39 > .kt-inside-inner-col > .kb-image-is-ratio-size{flex-grow:1;}}<\/style>\n<div class=\"wp-block-kadence-column inner-column-1 kadence-column_fcdfa4-39\"><div class=\"kt-inside-inner-col\">\n<figure class=\"wp-block-image size-full is-resized\"><img loading=\"lazy\" decoding=\"async\" src=\"https:\/\/rers-nancy.fr\/new2\/wp-content\/uploads\/2016\/05\/16jeux_papier_crayonpt.JPG\" alt=\"jeux de soci\u00e9t\u00e9\" class=\"wp-image-132\" width=\"200\" height=\"133\"\/><\/figure>\n\n\n\n<h3 class=\"wp-block-heading\" id=\"comment-ca-marche-1\"><a href=\"https:\/\/rers-nancy.fr\/new2\/les-echanges-de-savoirs\/comment-ca-marche\/\" data-type=\"page\" data-id=\"1304\">Comment \u00e7a marche ?<\/a><\/h3>\n<\/div><\/div>\n\n\n<style>.kadence-column_d7834b-87 > .kt-inside-inner-col{display:flex;}.kadence-column_d7834b-87 > .kt-inside-inner-col{border-top-width:0px;border-right-width:0px;border-bottom-width:0px;border-left-width:0px;}.kadence-column_d7834b-87 > .kt-inside-inner-col,.kadence-column_d7834b-87 > .kt-inside-inner-col:before{border-top-left-radius:0px;border-top-right-radius:0px;border-bottom-right-radius:0px;border-bottom-left-radius:0px;}.kadence-column_d7834b-87 > .kt-inside-inner-col{flex-direction:row;flex-wrap:wrap;align-items:center;justify-content:center;}.kadence-column_d7834b-87 > .kt-inside-inner-col > *, .kadence-column_d7834b-87 > .kt-inside-inner-col > figure.wp-block-image, .kadence-column_d7834b-87 > .kt-inside-inner-col > figure.wp-block-kadence-image{margin-top:0px;margin-bottom:0px;}.kadence-column_d7834b-87 > .kt-inside-inner-col > .kb-image-is-ratio-size{flex-grow:1;}.kadence-column_d7834b-87 > .kt-inside-inner-col:before{opacity:0.3;}.kadence-column_d7834b-87{text-align:center;}.kadence-column_d7834b-87{position:relative;}@media all and (max-width: 1024px){.kadence-column_d7834b-87 > .kt-inside-inner-col{flex-direction:row;flex-wrap:wrap;align-items:center;justify-content:center;}}@media all and (min-width: 768px) and (max-width: 1024px){.kadence-column_d7834b-87 > .kt-inside-inner-col > *, .kadence-column_d7834b-87 > .kt-inside-inner-col > figure.wp-block-image, .kadence-column_d7834b-87 > .kt-inside-inner-col > figure.wp-block-kadence-image{margin-top:0px;margin-bottom:0px;}.kadence-column_d7834b-87 > .kt-inside-inner-col > .kb-image-is-ratio-size{flex-grow:1;}}@media all and (max-width: 767px){.kadence-column_d7834b-87 > .kt-inside-inner-col{flex-direction:row;flex-wrap:wrap;justify-content:flex-start;justify-content:center;}.kadence-column_d7834b-87 > .kt-inside-inner-col > *, .kadence-column_d7834b-87 > .kt-inside-inner-col > figure.wp-block-image, .kadence-column_d7834b-87 > .kt-inside-inner-col > figure.wp-block-kadence-image{margin-top:0px;margin-bottom:0px;}.kadence-column_d7834b-87 > .kt-inside-inner-col > .kb-image-is-ratio-size{flex-grow:1;}}<\/style>\n<div class=\"wp-block-kadence-column inner-column-2 kadence-column_d7834b-87\"><div class=\"kt-inside-inner-col\">\n<figure class=\"wp-block-image size-full is-resized\"><img decoding=\"async\" src=\"https:\/\/rers-nancy.fr\/new2\/wp-content\/uploads\/2015\/12\/bourse_savoirs.png\" alt=\"bourse savoirs\" class=\"wp-image-11\" height=\"133\"\/><\/figure>\n\n\n\n<h3 class=\"wp-block-heading\" id=\"la-reciprocite-1\"><a href=\"https:\/\/rers-nancy.fr\/new2\/les-echanges-de-savoirs\/la-reciprocite-dans-les-reseaux\/\" data-type=\"page\" data-id=\"1302\">La r\u00e9ciprocit\u00e9<\/a><\/h3>\n<\/div><\/div>\n<\/div><\/div><\/div>\n<\/div><\/div>\n<\/div><\/div><\/div>\n\n\n<style>#kt-layout-id_04296d-ed > .kt-row-column-wrap{align-content:start;}:where(#kt-layout-id_04296d-ed > .kt-row-column-wrap) > .wp-block-kadence-column{justify-content:start;}#kt-layout-id_04296d-ed > .kt-row-column-wrap{column-gap:var(--global-kb-gap-md, 2rem);row-gap:var(--global-kb-gap-md, 2rem);padding-top:var( --global-kb-row-default-top, 25px );padding-bottom:var( --global-kb-row-default-bottom, 25px );padding-top:var(--global-kb-spacing-sm, 1.5rem);padding-bottom:var(--global-kb-spacing-sm, 1.5rem);grid-template-columns:repeat(2, minmax(0, 1fr));}#kt-layout-id_04296d-ed > .kt-row-layout-overlay{opacity:0.30;}@media all and (max-width: 1024px){#kt-layout-id_04296d-ed > .kt-row-column-wrap{grid-template-columns:repeat(2, minmax(0, 1fr));}}@media all and (max-width: 767px){#kt-layout-id_04296d-ed > .kt-row-column-wrap{grid-template-columns:minmax(0, 1fr);}}<\/style>\n<div class=\"wp-block-kadence-rowlayout alignnone\"><div id=\"kt-layout-id_04296d-ed\" class=\"kt-row-layout-inner kt-layout-id_04296d-ed\"><div class=\"kt-row-column-wrap kt-has-2-columns kt-gutter-default kt-v-gutter-default kt-row-valign-top kt-row-layout-equal kt-tab-layout-inherit kt-m-colapse-left-to-right kt-mobile-layout-row\"><style>.kadence-column_5629ba-fe > .kt-inside-inner-col{display:flex;}.kadence-column_5629ba-fe > .kt-inside-inner-col{border-top-width:0px;border-right-width:0px;border-bottom-width:0px;border-left-width:0px;}.kadence-column_5629ba-fe > .kt-inside-inner-col,.kadence-column_5629ba-fe > .kt-inside-inner-col:before{border-top-left-radius:0px;border-top-right-radius:0px;border-bottom-right-radius:0px;border-bottom-left-radius:0px;}.kadence-column_5629ba-fe > .kt-inside-inner-col{flex-direction:row;flex-wrap:wrap;align-items:center;justify-content:center;}.kadence-column_5629ba-fe > .kt-inside-inner-col > *, .kadence-column_5629ba-fe > .kt-inside-inner-col > figure.wp-block-image, .kadence-column_5629ba-fe > .kt-inside-inner-col > figure.wp-block-kadence-image{margin-top:0px;margin-bottom:0px;}.kadence-column_5629ba-fe > .kt-inside-inner-col > .kb-image-is-ratio-size{flex-grow:1;}.kadence-column_5629ba-fe > .kt-inside-inner-col:before{opacity:0.3;}.kadence-column_5629ba-fe{text-align:center;}.kadence-column_5629ba-fe{position:relative;}@media all and (max-width: 1024px){.kadence-column_5629ba-fe > .kt-inside-inner-col{flex-direction:row;flex-wrap:wrap;align-items:center;justify-content:center;}}@media all and (min-width: 768px) and (max-width: 1024px){.kadence-column_5629ba-fe > .kt-inside-inner-col > *, .kadence-column_5629ba-fe > .kt-inside-inner-col > figure.wp-block-image, .kadence-column_5629ba-fe > .kt-inside-inner-col > figure.wp-block-kadence-image{margin-top:0px;margin-bottom:0px;}.kadence-column_5629ba-fe > .kt-inside-inner-col > .kb-image-is-ratio-size{flex-grow:1;}}@media all and (max-width: 767px){.kadence-column_5629ba-fe > .kt-inside-inner-col{flex-direction:row;flex-wrap:wrap;justify-content:flex-start;justify-content:center;}.kadence-column_5629ba-fe > .kt-inside-inner-col > *, .kadence-column_5629ba-fe > .kt-inside-inner-col > figure.wp-block-image, .kadence-column_5629ba-fe > .kt-inside-inner-col > figure.wp-block-kadence-image{margin-top:0px;margin-bottom:0px;}.kadence-column_5629ba-fe > .kt-inside-inner-col > .kb-image-is-ratio-size{flex-grow:1;}}<\/style>\n<div class=\"wp-block-kadence-column inner-column-1 kadence-column_5629ba-fe\"><div class=\"kt-inside-inner-col\">\n<figure class=\"wp-block-image size-full is-resized\"><img loading=\"lazy\" decoding=\"async\" src=\"https:\/\/rers-nancy.fr\/new2\/wp-content\/uploads\/2016\/05\/videodebat.png\" alt=\"videod\u00e9bat\" class=\"wp-image-136\" width=\"200\" height=\"133\"\/><\/figure>\n\n\n\n<h3 class=\"wp-block-heading\" id=\"reussir-son-echange-de-savoir\"><a href=\"https:\/\/rers-nancy.fr\/new2\/les-echanges-de-savoirs\/reussir-son-echange-de-savoirs\/\" data-type=\"page\" data-id=\"1297\">R\u00e9ussir son \u00e9change de savoir<\/a><\/h3>\n<\/div><\/div>\n\n\n<style>.kadence-column_75c675-ee > .kt-inside-inner-col{display:flex;}.kadence-column_75c675-ee > .kt-inside-inner-col{border-top-width:0px;border-right-width:0px;border-bottom-width:0px;border-left-width:0px;}.kadence-column_75c675-ee > .kt-inside-inner-col,.kadence-column_75c675-ee > .kt-inside-inner-col:before{border-top-left-radius:0px;border-top-right-radius:0px;border-bottom-right-radius:0px;border-bottom-left-radius:0px;}.kadence-column_75c675-ee > .kt-inside-inner-col{flex-direction:row;flex-wrap:wrap;align-items:center;justify-content:center;}.kadence-column_75c675-ee > .kt-inside-inner-col > *, .kadence-column_75c675-ee > .kt-inside-inner-col > figure.wp-block-image, .kadence-column_75c675-ee > .kt-inside-inner-col > figure.wp-block-kadence-image{margin-top:0px;margin-bottom:0px;}.kadence-column_75c675-ee > .kt-inside-inner-col > .kb-image-is-ratio-size{flex-grow:1;}.kadence-column_75c675-ee > .kt-inside-inner-col:before{opacity:0.3;}.kadence-column_75c675-ee{text-align:center;}.kadence-column_75c675-ee{position:relative;}@media all and (max-width: 1024px){.kadence-column_75c675-ee > .kt-inside-inner-col{flex-direction:row;flex-wrap:wrap;align-items:center;justify-content:center;}}@media all and (min-width: 768px) and (max-width: 1024px){.kadence-column_75c675-ee > .kt-inside-inner-col > *, .kadence-column_75c675-ee > .kt-inside-inner-col > figure.wp-block-image, .kadence-column_75c675-ee > .kt-inside-inner-col > figure.wp-block-kadence-image{margin-top:0px;margin-bottom:0px;}.kadence-column_75c675-ee > .kt-inside-inner-col > .kb-image-is-ratio-size{flex-grow:1;}}@media all and (max-width: 767px){.kadence-column_75c675-ee > .kt-inside-inner-col{flex-direction:row;flex-wrap:wrap;justify-content:flex-start;justify-content:center;}.kadence-column_75c675-ee > .kt-inside-inner-col > *, .kadence-column_75c675-ee > .kt-inside-inner-col > figure.wp-block-image, .kadence-column_75c675-ee > .kt-inside-inner-col > figure.wp-block-kadence-image{margin-top:0px;margin-bottom:0px;}.kadence-column_75c675-ee > .kt-inside-inner-col > .kb-image-is-ratio-size{flex-grow:1;}}<\/style>\n<div class=\"wp-block-kadence-column inner-column-2 kadence-column_75c675-ee\"><div class=\"kt-inside-inner-col\">\n<figure class=\"wp-block-image size-full is-resized\"><img decoding=\"async\" src=\"https:\/\/rers-nancy.fr\/new2\/wp-content\/uploads\/2017\/09\/peindre.png\" alt=\"peindre\" class=\"wp-image-305\" height=\"133\"\/><\/figure>\n\n\n\n<h3 class=\"wp-block-heading\" id=\"nos-offres-et-demandes-de-savoirs\">Nos offres et demandes de savoirs<\/h3>\n<\/div><\/div>\n<\/div><\/div><\/div>\n\n\n<style>#kt-layout-id_bed9e3-59 > .kt-row-column-wrap{align-content:start;}:where(#kt-layout-id_bed9e3-59 > .kt-row-column-wrap) > .wp-block-kadence-column{justify-content:start;}#kt-layout-id_bed9e3-59 > .kt-row-column-wrap{column-gap:var(--global-kb-gap-md, 2rem);row-gap:var(--global-kb-gap-md, 2rem);padding-top:var( --global-kb-row-default-top, 25px );padding-bottom:var( --global-kb-row-default-bottom, 25px );padding-top:var(--global-kb-spacing-sm, 1.5rem);padding-bottom:var(--global-kb-spacing-sm, 1.5rem);grid-template-columns:minmax(0, 1fr);}#kt-layout-id_bed9e3-59 > .kt-row-layout-overlay{opacity:0.30;}@media all and (max-width: 1024px){#kt-layout-id_bed9e3-59 > .kt-row-column-wrap{grid-template-columns:minmax(0, 1fr);}}@media all and (max-width: 767px){#kt-layout-id_bed9e3-59 > .kt-row-column-wrap{grid-template-columns:minmax(0, 1fr);}}<\/style>\n<div class=\"wp-block-kadence-rowlayout alignnone\"><div id=\"kt-layout-id_bed9e3-59\" class=\"kt-row-layout-inner kt-layout-id_bed9e3-59\"><div class=\"kt-row-column-wrap kt-has-1-columns kt-gutter-default kt-v-gutter-default kt-row-valign-top kt-row-layout-equal kt-tab-layout-inherit kt-m-colapse-left-to-right kt-mobile-layout-row\"><style>.kadence-column_22fa07-30 > .kt-inside-inner-col{border-top-width:0px;border-right-width:0px;border-bottom-width:0px;border-left-width:0px;}.kadence-column_22fa07-30 > .kt-inside-inner-col,.kadence-column_22fa07-30 > .kt-inside-inner-col:before{border-top-left-radius:0px;border-top-right-radius:0px;border-bottom-right-radius:0px;border-bottom-left-radius:0px;}.kadence-column_22fa07-30 > .kt-inside-inner-col{column-gap:var(--global-kb-gap-sm, 1rem);}.kadence-column_22fa07-30 > .kt-inside-inner-col{flex-direction:column;}.kadence-column_22fa07-30 > .kt-inside-inner-col > .aligncenter{width:100%;}.kadence-column_22fa07-30 > .kt-inside-inner-col:before{opacity:0.3;}.kadence-column_22fa07-30{position:relative;}@media all and (max-width: 1024px){.kadence-column_22fa07-30 > .kt-inside-inner-col{flex-direction:column;justify-content:center;}}@media all and (max-width: 767px){.kadence-column_22fa07-30 > .kt-inside-inner-col{flex-direction:column;justify-content:center;}}<\/style>\n<div class=\"wp-block-kadence-column inner-column-1 kadence-column_22fa07-30\"><div class=\"kt-inside-inner-col\"><\/div><\/div>\n<\/div><\/div><\/div>\n","protected":false},"excerpt":{"rendered":"<p>Comment \u00e7a marche ? La r\u00e9ciprocit\u00e9 R\u00e9ussir son \u00e9change de savoir Nos offres et demandes de savoirs<\/p>\n","protected":false},"author":1,"featured_media":0,"parent":0,"menu_order":0,"comment_status":"closed","ping_status":"closed","template":"","meta":{"footnotes":""},"class_list":["post-1293","page","type-page","status-publish","hentry"],"_links":{"self":[{"href":"https:\/\/rers-nancy.fr\/new2\/wp-json\/wp\/v2\/pages\/1293","targetHints":{"allow":["GET"]}}],"collection":[{"href":"https:\/\/rers-nancy.fr\/new2\/wp-json\/wp\/v2\/pages"}],"about":[{"href":"https:\/\/rers-nancy.fr\/new2\/wp-json\/wp\/v2\/types\/page"}],"author":[{"embeddable":true,"href":"https:\/\/rers-nancy.fr\/new2\/wp-json\/wp\/v2\/users\/1"}],"replies":[{"embeddable":true,"href":"https:\/\/rers-nancy.fr\/new2\/wp-json\/wp\/v2\/comments?post=1293"}],"version-history":[{"count":2,"href":"https:\/\/rers-nancy.fr\/new2\/wp-json\/wp\/v2\/pages\/1293\/revisions"}],"predecessor-version":[{"id":1317,"href":"https:\/\/rers-nancy.fr\/new2\/wp-json\/wp\/v2\/pages\/1293\/revisions\/1317"}],"wp:attachment":[{"href":"https:\/\/rers-nancy.fr\/new2\/wp-json\/wp\/v2\/media?parent=1293"}],"curies":[{"name":"wp","href":"https:\/\/api.w.org\/{rel}","templated":true}]}}