{"id":1297,"date":"2022-01-30T08:49:08","date_gmt":"2022-01-30T07:49:08","guid":{"rendered":"https:\/\/rers-nancy.fr\/new2\/?page_id=1297"},"modified":"2022-01-31T15:01:58","modified_gmt":"2022-01-31T14:01:58","slug":"reussir-son-echange-de-savoirs","status":"publish","type":"page","link":"https:\/\/rers-nancy.fr\/new2\/les-echanges-de-savoirs\/reussir-son-echange-de-savoirs\/","title":{"rendered":"R\u00e9ussir son \u00e9change de savoirs"},"content":{"rendered":"<style>#kt-layout-id_e18d45-9f > .kt-row-column-wrap{align-content:start;}:where(#kt-layout-id_e18d45-9f > .kt-row-column-wrap) > .wp-block-kadence-column{justify-content:start;}#kt-layout-id_e18d45-9f > .kt-row-column-wrap{column-gap:var(--global-kb-gap-md, 2rem);row-gap:var(--global-kb-gap-md, 2rem);padding-top:var( --global-kb-row-default-top, 25px );padding-bottom:var( --global-kb-row-default-bottom, 25px );padding-top:var(--global-kb-spacing-sm, 1.5rem);padding-bottom:var(--global-kb-spacing-sm, 1.5rem);grid-template-columns:minmax(0, 1fr);}#kt-layout-id_e18d45-9f > .kt-row-layout-overlay{opacity:0.30;}@media all and (max-width: 1024px){#kt-layout-id_e18d45-9f > .kt-row-column-wrap{grid-template-columns:minmax(0, 1fr);}}@media all and (max-width: 767px){#kt-layout-id_e18d45-9f > .kt-row-column-wrap{grid-template-columns:minmax(0, 1fr);}}<\/style>\n<div class=\"wp-block-kadence-rowlayout alignnone\"><div id=\"kt-layout-id_e18d45-9f\" class=\"kt-row-layout-inner kt-layout-id_e18d45-9f\"><div class=\"kt-row-column-wrap kt-has-1-columns kt-gutter-default kt-v-gutter-default kt-row-valign-top kt-row-layout-equal kt-tab-layout-inherit kt-m-colapse-left-to-right kt-mobile-layout-row\"><style>.kadence-column_798f09-8a > .kt-inside-inner-col{border-top-width:0px;border-right-width:0px;border-bottom-width:0px;border-left-width:0px;}.kadence-column_798f09-8a > .kt-inside-inner-col,.kadence-column_798f09-8a > .kt-inside-inner-col:before{border-top-left-radius:0px;border-top-right-radius:0px;border-bottom-right-radius:0px;border-bottom-left-radius:0px;}.kadence-column_798f09-8a > .kt-inside-inner-col{column-gap:var(--global-kb-gap-sm, 1rem);}.kadence-column_798f09-8a > .kt-inside-inner-col{flex-direction:column;}.kadence-column_798f09-8a > .kt-inside-inner-col > .aligncenter{width:100%;}.kadence-column_798f09-8a > .kt-inside-inner-col:before{opacity:0.3;}.kadence-column_798f09-8a{position:relative;}@media all and (max-width: 1024px){.kadence-column_798f09-8a > .kt-inside-inner-col{flex-direction:column;justify-content:center;}}@media all and (max-width: 767px){.kadence-column_798f09-8a > .kt-inside-inner-col{flex-direction:column;justify-content:center;}}<\/style>\n<div class=\"wp-block-kadence-column inner-column-1 kadence-column_798f09-8a\"><div class=\"kt-inside-inner-col\">\n<p>Avant de commencer un \u00e9change de savoir, il est indispensable d&rsquo;en fixer les conditions. Ce guide est une trame qui permet d&rsquo;ajuster l&rsquo;offre \u00e0 la demande et de v\u00e9rifier que l&rsquo;\u00e9change de savoir va satisfaire \u00e0 la fois offreur et demandeur<\/p>\n\n\n\n<ul class=\"wp-block-list\"><li>soit au cours d&rsquo;une \u00ab\u00a0mise en relation\u00a0\u00bb faite par un \u00ab\u00a0m\u00e9diateur\u00a0\u00bb, c&rsquo;est-\u00e0-dire qu&rsquo;offreur et demandeur se rencontrent avec une tierce personne qui va faciliter la mise en place de l&rsquo;\u00e9change de savoirs.<\/li><li>soit offreur et demandeur se rencontrent, auquel cas, ils peuvent se r\u00e9f\u00e9rer \u00e0 ce guide pour \u00eatre certains de r\u00e9ussir leur \u00e9change de savoirs.<\/li><\/ul>\n\n\n\n<h2 class=\"wp-block-heading\" id=\"deroulement-d-une-mise-en-relation-ou-d-une-premiere-rencontre-entre-offreur-et-demandeur\">D\u00e9roulement d&rsquo;une mise en relation ou d&rsquo;une premi\u00e8re rencontre entre offreur et demandeur<\/h2>\n\n\n\n<ul class=\"wp-block-list\"><li>Se pr\u00e9senter (<em>cela semble \u00e9vident, mais on n&rsquo;y pense pas toujours !<\/em>)<\/li><li>Pr\u00e9ciser la demande (<em>c&rsquo;est toujours la demande qui prime sur l&rsquo;offre<\/em>)<\/li><li>Pr\u00e9ciser l\u2019offre (<em>l&rsquo;offreur va pr\u00e9senter ce qu&rsquo;il peut apporter au demandeur<\/em>)<\/li><li>V\u00e9rifier la correspondance entre demande et offre (<em>est-ce que l&rsquo;offreur va pouvoir r\u00e9pondre \u00e0 la demande, la demande doit peut-\u00eatre modifi\u00e9e pour r\u00e9pondre aux besoins r\u00e9els du demandeur, etc.<\/em>)<\/li><li>Quels sont les objectifs&nbsp;de l&rsquo;\u00e9change ? (<em>d\u00e9finir les besoins qui pourront \u00eatre satisfaits, les limites de l&rsquo;apprentissage, etc.<\/em>)<\/li><li>Quelles m\u00e9thodes d&rsquo;apprentissage vont \u00eatre utilis\u00e9es ? (<em>cours th\u00e9orique, pratique, exp\u00e9rimentation personnelle, \u00e9change collectif, etc.<\/em>)<\/li><li>Se donner des \u00e9tapes de progression et faire le point \u00e0 la fin de chaque \u00e9tape<\/li><li>Pr\u00e9ciser le mat\u00e9riel n\u00e9cessaire, sans oublier o\u00f9 se le procurer, qui le fournit, le montant de la d\u00e9pense, etc.<\/li><li>Choisir un lieu pour l\u2019\u00e9change (<em>au domicile de l&rsquo;un ou l&rsquo;autre, dans une salle neutre, etc.<\/em>)<\/li><li>Le temps pr\u00e9vu pour l\u2019\u00e9change : la dur\u00e9e totale (<em>par exemple 1 mois, un an, etc.<\/em>), la dur\u00e9e des s\u00e9ances, le nombre de s\u00e9ances, la fr\u00e9quence des s\u00e9ances<\/li><\/ul>\n\n\n\n<p>Une fois ces \u00ab\u00a0conditions de travail\u00a0\u00bb mises au point, l&rsquo;\u00e9change pourra se faire dans de bonnes conditions. Mais s&rsquo;il y a un diff\u00e9rend entre demandeur et offreur, il est indispensable de le r\u00e9gler tr\u00e8s rapidement, \u00e9ventuellement en faisant appel \u00e0 celui qui aura fait la mise en relation.<\/p>\n\n\n\n<h2 class=\"wp-block-heading\" id=\"importance-de-l-evaluation-en-fin-d-apprentissage\">Importance de l&rsquo;\u00e9valuation en fin d&rsquo;apprentissage<\/h2>\n\n\n\n<ul class=\"wp-block-list\"><li>Terminer par une \u00e9valuation (<em>dans tous les domaines : demandeur satisfait ? P\u00e9dagogie de l&rsquo;offreur ? dur\u00e9e des \u00e9changes respect\u00e9e ? Lieu ? Etc.<\/em>)<\/li><\/ul>\n<\/div><\/div>\n<\/div><\/div><\/div>\n\n\n\n<p><\/p>\n","protected":false},"excerpt":{"rendered":"<p>Avant de commencer un \u00e9change de savoir, il est indispensable d&rsquo;en fixer les conditions. Ce guide est une trame qui permet d&rsquo;ajuster l&rsquo;offre \u00e0 la demande et de v\u00e9rifier que l&rsquo;\u00e9change de savoir va satisfaire \u00e0 la fois offreur et demandeur soit au cours d&rsquo;une&nbsp;<a class=\"read-more\" href=\"https:\/\/rers-nancy.fr\/new2\/les-echanges-de-savoirs\/reussir-son-echange-de-savoirs\/\">&hellip;<\/a><\/p>\n","protected":false},"author":1,"featured_media":0,"parent":1293,"menu_order":3,"comment_status":"closed","ping_status":"closed","template":"","meta":{"footnotes":""},"class_list":["post-1297","page","type-page","status-publish","hentry"],"_links":{"self":[{"href":"https:\/\/rers-nancy.fr\/new2\/wp-json\/wp\/v2\/pages\/1297","targetHints":{"allow":["GET"]}}],"collection":[{"href":"https:\/\/rers-nancy.fr\/new2\/wp-json\/wp\/v2\/pages"}],"about":[{"href":"https:\/\/rers-nancy.fr\/new2\/wp-json\/wp\/v2\/types\/page"}],"author":[{"embeddable":true,"href":"https:\/\/rers-nancy.fr\/new2\/wp-json\/wp\/v2\/users\/1"}],"replies":[{"embeddable":true,"href":"https:\/\/rers-nancy.fr\/new2\/wp-json\/wp\/v2\/comments?post=1297"}],"version-history":[{"count":2,"href":"https:\/\/rers-nancy.fr\/new2\/wp-json\/wp\/v2\/pages\/1297\/revisions"}],"predecessor-version":[{"id":1300,"href":"https:\/\/rers-nancy.fr\/new2\/wp-json\/wp\/v2\/pages\/1297\/revisions\/1300"}],"up":[{"embeddable":true,"href":"https:\/\/rers-nancy.fr\/new2\/wp-json\/wp\/v2\/pages\/1293"}],"wp:attachment":[{"href":"https:\/\/rers-nancy.fr\/new2\/wp-json\/wp\/v2\/media?parent=1297"}],"curies":[{"name":"wp","href":"https:\/\/api.w.org\/{rel}","templated":true}]}}