{"id":1302,"date":"2022-01-31T15:00:52","date_gmt":"2022-01-31T14:00:52","guid":{"rendered":"https:\/\/rers-nancy.fr\/new2\/?page_id=1302"},"modified":"2022-02-08T21:14:27","modified_gmt":"2022-02-08T20:14:27","slug":"la-reciprocite-dans-les-reseaux","status":"publish","type":"page","link":"https:\/\/rers-nancy.fr\/new2\/qui-sommes-nous\/les-rers-quest-ce-que-cest\/la-reciprocite-dans-les-reseaux\/","title":{"rendered":"La r\u00e9ciprocit\u00e9 dans les r\u00e9seaux"},"content":{"rendered":"\n<p>La d\u00e9marche des R\u00e9seaux d&rsquo;\u00e9changes r\u00e9ciproques de savoirs est fond\u00e9e sur la <strong>r\u00e9ciprocit\u00e9<\/strong>. Cette r\u00e9ciprocit\u00e9 a plusieurs dimensions&nbsp;:<\/p>\n\n\n\n<ul class=\"wp-block-list\"><li><em>c&rsquo;est une r\u00e9ciprocit\u00e9 des dons<\/em>&nbsp;: chacun est invit\u00e9 \u00e0 donner ses savoirs et \u00e0 recevoir des savoirs. Le don cr\u00e9e ainsi de la valeur humaine, des relations de reconnaissance r\u00e9ciproque. Il affirme le droit, pour chacun, d&rsquo;apporter sa contribution positive au Bien commun&nbsp;;<\/li><li><em>c&rsquo;est une r\u00e9ciprocit\u00e9 instauratrice de parit\u00e9&nbsp;<\/em>: tous offreurs&nbsp;et&nbsp;demandeurs. Cette parit\u00e9 relationnelle est n\u00e9cessaire pour l&rsquo;apprentissage&nbsp;;<\/li><li><em>c&rsquo;est une&nbsp;r\u00e9ciprocit\u00e9 formatrice<\/em>. En offrant ses savoirs, le transmetteur apprend \u00e0 au moins trois moments&nbsp;: en pr\u00e9parant l&rsquo;offre, le transmetteur refait le parcours de ses apprentissages, r\u00e9actualise ses savoirs, les r\u00e9organise, les rationalise&nbsp;; en transmettant, le transmetteur reformule, on r\u00e9agit \u00e0 ce que vit l&rsquo;apprenant, et on retravaille donc ses savoirs&nbsp;; en r\u00e9pondant aux questions du ou des apprenants, le transmetteur a un autre point de vue sur ses propres savoirs et peut les r\u00e9interroger ou les compl\u00e9ter&nbsp;;<\/li><li><em>c&rsquo;est une&nbsp;r\u00e9ciprocit\u00e9 des r\u00f4les<\/em>&nbsp;: en vivant les deux r\u00f4les, chacun r\u00e9interroge sa fa\u00e7on de vivre et apprend \u00e0 apprendre (dans le sens apprendre \u00ab&nbsp;\u00e0&nbsp;\u00bb et apprendre \u00ab&nbsp;de&nbsp;\u00bb)&nbsp;;<\/li><li><em>c&rsquo;est une&nbsp;r\u00e9ciprocit\u00e9 coop\u00e9rative<\/em>&nbsp;: on construit, lors des mises en relations et des \u00e9changes sur les \u00e9changes, ensemble et en coop\u00e9ration, le syst\u00e8me de formation qui nous convient&nbsp;: contenus, m\u00e9thodes, \u00e9valuations, modalit\u00e9s pratiques (moments, dur\u00e9es, fr\u00e9quences, proc\u00e9dures de co\/\u00e9valuation, r\u00e9ajustements\u2026).<\/li><li>c<em>&lsquo;est une&nbsp;r\u00e9ciprocit\u00e9 consciente<\/em>&nbsp;: il est n\u00e9cessaire que chacun prenne vraiment conscience de ce qu&rsquo;il est dans une relation fond\u00e9e sur la r\u00e9ciprocit\u00e9, la parit\u00e9, la reconnaissance mutuelle.<\/li><\/ul>\n","protected":false},"excerpt":{"rendered":"<p>La d\u00e9marche des R\u00e9seaux d&rsquo;\u00e9changes r\u00e9ciproques de savoirs est fond\u00e9e sur la r\u00e9ciprocit\u00e9. Cette r\u00e9ciprocit\u00e9 a plusieurs dimensions&nbsp;: c&rsquo;est une r\u00e9ciprocit\u00e9 des dons&nbsp;: chacun est invit\u00e9 \u00e0 donner ses savoirs et \u00e0 recevoir des savoirs. Le don cr\u00e9e ainsi de la valeur humaine, des relations&nbsp;<a class=\"read-more\" href=\"https:\/\/rers-nancy.fr\/new2\/qui-sommes-nous\/les-rers-quest-ce-que-cest\/la-reciprocite-dans-les-reseaux\/\">&hellip;<\/a><\/p>\n","protected":false},"author":1,"featured_media":0,"parent":946,"menu_order":2,"comment_status":"closed","ping_status":"closed","template":"","meta":{"footnotes":""},"class_list":["post-1302","page","type-page","status-publish","hentry"],"_links":{"self":[{"href":"https:\/\/rers-nancy.fr\/new2\/wp-json\/wp\/v2\/pages\/1302","targetHints":{"allow":["GET"]}}],"collection":[{"href":"https:\/\/rers-nancy.fr\/new2\/wp-json\/wp\/v2\/pages"}],"about":[{"href":"https:\/\/rers-nancy.fr\/new2\/wp-json\/wp\/v2\/types\/page"}],"author":[{"embeddable":true,"href":"https:\/\/rers-nancy.fr\/new2\/wp-json\/wp\/v2\/users\/1"}],"replies":[{"embeddable":true,"href":"https:\/\/rers-nancy.fr\/new2\/wp-json\/wp\/v2\/comments?post=1302"}],"version-history":[{"count":2,"href":"https:\/\/rers-nancy.fr\/new2\/wp-json\/wp\/v2\/pages\/1302\/revisions"}],"predecessor-version":[{"id":2278,"href":"https:\/\/rers-nancy.fr\/new2\/wp-json\/wp\/v2\/pages\/1302\/revisions\/2278"}],"up":[{"embeddable":true,"href":"https:\/\/rers-nancy.fr\/new2\/wp-json\/wp\/v2\/pages\/946"}],"wp:attachment":[{"href":"https:\/\/rers-nancy.fr\/new2\/wp-json\/wp\/v2\/media?parent=1302"}],"curies":[{"name":"wp","href":"https:\/\/api.w.org\/{rel}","templated":true}]}}