{"id":1306,"date":"2022-01-31T15:48:25","date_gmt":"2022-01-31T14:48:25","guid":{"rendered":"https:\/\/rers-nancy.fr\/new2\/?page_id=1306"},"modified":"2022-02-02T12:11:14","modified_gmt":"2022-02-02T11:11:14","slug":"les-co-constructions-de-savoirs","status":"publish","type":"page","link":"https:\/\/rers-nancy.fr\/new2\/les-co-constructions-de-savoirs\/","title":{"rendered":"Les co-constructions de savoirs"},"content":{"rendered":"\n<p>Pour certains domaines de savoirs, des membres du RERS-Nancy se sont organis\u00e9s en \u00ab\u00a0co-construction\u00a0\u00bb de savoirs, c&rsquo;est-\u00e0-dire qu&rsquo;ils se sont regroup\u00e9s pour partager leurs savoirs sur une longue dur\u00e9e.<br>Il s&rsquo;agit :<\/p>\n\n\n\n<h3 class=\"wp-block-heading\" id=\"du-jardin-partage\"><a href=\"https:\/\/rers-nancy.fr\/new2\/les-co-constructions-de-savoirs\/le-jardin-partage\/\" data-type=\"page\" data-id=\"1311\">du jardin partag\u00e9<\/a><\/h3>\n\n\n\n<p>Les jardiniers g\u00e8rent ensemble une parcelle de terrain situ\u00e9e \u00e0 l&rsquo;\u00e9cole de Cond\u00e9, en bordure du parc de la Cure d&rsquo;Air, rue Marquette, \u00e0 Nancy.<br>Ils d\u00e9cident ensemble des plantations \u00e0 faire, des p\u00e9riodes o\u00f9 elles seront faites, des p\u00e9riodes de r\u00e9colte, apprennent quand arroser, b\u00eacher, biner, retirer les herbes folles, \u00e9tendre le compost, etc.<\/p>\n\n\n\n<h3 class=\"wp-block-heading\" id=\"des-aiguilles-creatives\"><a href=\"https:\/\/rers-nancy.fr\/new2\/les-co-constructions-de-savoirs\/les-aiguilles-creatives\/\" data-type=\"page\" data-id=\"1309\">des aiguilles cr\u00e9atives<\/a><\/h3>\n\n\n\n<p>Couturi\u00e8res, tricoteuses, crocheteuses, dentelli\u00e8res, brodeuses, chacune (eh oui, il n&rsquo;y a que des femmes !) travaillent tour \u00e0 tour sur un projet commun (<em>tricot urbain en 2019, \u00ab\u00a0\u00e0 la mani\u00e8re de&#8230;\u00a0\u00bb en 2020, les 50 ans de FORESCO en 2021<\/em>) ou sur un projet personnel (<em>v\u00eatement, objet de d\u00e9coration, etc.<\/em>)<br>Les novices s&rsquo;essaient aux aiguilles \u00e0 tricoter ou \u00e0 la machine \u00e0 coudre, toutes d\u00e9couvrent des techniques nouvelles et partagent leurs \u00ab\u00a0petits trucs\u00a0\u00bb.<\/p>\n\n\n\n<h3 class=\"wp-block-heading\" id=\"les-savoirs-en-fetes\"><a href=\"https:\/\/rers-nancy.fr\/new2\/les-co-constructions-de-savoirs\/les-savoirs-en-fete\/\" data-type=\"page\" data-id=\"1455\">Les Savoirs en f\u00eates<\/a><\/h3>\n\n\n\n<p>Tous les 2 ans, le RERS-Nancy organise une grande f\u00eate des savoirs ouverte largement au public et y invite des associations, entreprises, artisans en relation avec le th\u00e8me choisi.<\/p>\n","protected":false},"excerpt":{"rendered":"<p>Pour certains domaines de savoirs, des membres du RERS-Nancy se sont organis\u00e9s en \u00ab\u00a0co-construction\u00a0\u00bb de savoirs, c&rsquo;est-\u00e0-dire qu&rsquo;ils se sont regroup\u00e9s pour partager leurs savoirs sur une longue dur\u00e9e.Il s&rsquo;agit : du jardin partag\u00e9 Les jardiniers g\u00e8rent ensemble une parcelle de terrain situ\u00e9e \u00e0 l&rsquo;\u00e9cole&nbsp;<a class=\"read-more\" href=\"https:\/\/rers-nancy.fr\/new2\/les-co-constructions-de-savoirs\/\">&hellip;<\/a><\/p>\n","protected":false},"author":1,"featured_media":0,"parent":0,"menu_order":0,"comment_status":"closed","ping_status":"closed","template":"","meta":{"footnotes":""},"class_list":["post-1306","page","type-page","status-publish","hentry"],"_links":{"self":[{"href":"https:\/\/rers-nancy.fr\/new2\/wp-json\/wp\/v2\/pages\/1306","targetHints":{"allow":["GET"]}}],"collection":[{"href":"https:\/\/rers-nancy.fr\/new2\/wp-json\/wp\/v2\/pages"}],"about":[{"href":"https:\/\/rers-nancy.fr\/new2\/wp-json\/wp\/v2\/types\/page"}],"author":[{"embeddable":true,"href":"https:\/\/rers-nancy.fr\/new2\/wp-json\/wp\/v2\/users\/1"}],"replies":[{"embeddable":true,"href":"https:\/\/rers-nancy.fr\/new2\/wp-json\/wp\/v2\/comments?post=1306"}],"version-history":[{"count":3,"href":"https:\/\/rers-nancy.fr\/new2\/wp-json\/wp\/v2\/pages\/1306\/revisions"}],"predecessor-version":[{"id":1459,"href":"https:\/\/rers-nancy.fr\/new2\/wp-json\/wp\/v2\/pages\/1306\/revisions\/1459"}],"wp:attachment":[{"href":"https:\/\/rers-nancy.fr\/new2\/wp-json\/wp\/v2\/media?parent=1306"}],"curies":[{"name":"wp","href":"https:\/\/api.w.org\/{rel}","templated":true}]}}