{"id":1309,"date":"2022-01-31T15:58:39","date_gmt":"2022-01-31T14:58:39","guid":{"rendered":"https:\/\/rers-nancy.fr\/new2\/?page_id=1309"},"modified":"2024-09-20T19:14:00","modified_gmt":"2024-09-20T17:14:00","slug":"les-aiguilles-creatives","status":"publish","type":"page","link":"https:\/\/rers-nancy.fr\/new2\/les-co-constructions-de-savoirs\/les-aiguilles-creatives\/","title":{"rendered":"Les aiguilles cr\u00e9atives"},"content":{"rendered":"\n<p>Pour celles et ceux qui s&rsquo;int\u00e9ressent au travail du fil : couture, tricot, crochet, patchwork, etc. nous proposons les aiguilles cr\u00e9atives, un groupe de \u00ab\u00a0co-construction\u00a0\u00bb de savoirs.<\/p>\n\n\n\n<h4 class=\"wp-block-heading\" id=\"de-quoi-s-agit-il\">De quoi s&rsquo;agit-il ?<\/h4>\n\n\n\n<p>De se retrouver \u00e0 volont\u00e9, pour apprendre ensemble dans la convivialit\u00e9, \u00e0 cr\u00e9er ses v\u00eatements, ses rideaux ou coussins, ou ses cadeaux personnalis\u00e9s, pour r\u00e9aliser des \u0153uvres collectives, pour participer aux \u00e9v\u00e9nements organis\u00e9s par le RERS-Nancy ou auxquels le RERS-Nancy participe.<\/p>\n\n\n\n<h4 class=\"wp-block-heading\" id=\"je-n-y-connais-rien-mais-ca-me-tente\">Je n&rsquo;y connais rien mais \u00e7a me tente !<\/h4>\n\n\n\n<p>Il n&rsquo;est pas besoin de s&rsquo;y conna\u00eetre en couture, ou de savoir tricoter.<br>Il suffit d&rsquo;avoir envie de passer un bon moment ensemble, d&rsquo;avoir un projet personnel, de proposer un projet collectif ou de participer au projet collectif en cours.<\/p>\n\n\n\n<h4 class=\"wp-block-heading has-medium-font-size\">Nos rencontres<\/h4>\n\n\n\n<p>Elles ont lieu \u00e0 la MJC Beauregard, un jeudi tous les 15 jours.<\/p>\n\n\n\n<h4 class=\"wp-block-heading\" id=\"vous-etes-interesse-e\">Vous \u00eates int\u00e9ress\u00e9(e) ?<\/h4>\n\n\n\n<p>Contactez H\u00e9l\u00e8ne&nbsp;<a href=\"mailto:helene@coydon.com\" data-type=\"mailto\" data-id=\"mailto:helene@coydon.com\" target=\"_blank\" rel=\"noreferrer noopener\">en cliquant ici<\/a>&nbsp;ou Christine&nbsp;<a href=\"http:\/\/www.rers-nancy.fr\/new\/echanges-de-savoirs\/recherche-avancee\/9-loisirs-creatifs\/3-couture-les-bases-et-davantage\/contact?fname=email\" target=\"_blank\" rel=\"noreferrer noopener\">en cliquant l\u00e0<\/a>.<\/p>\n","protected":false},"excerpt":{"rendered":"<p>Pour celles et ceux qui s&rsquo;int\u00e9ressent au travail du fil : couture, tricot, crochet, patchwork, etc. nous proposons les aiguilles cr\u00e9atives, un groupe de \u00ab\u00a0co-construction\u00a0\u00bb de savoirs. De quoi s&rsquo;agit-il ? De se retrouver \u00e0 volont\u00e9, pour apprendre ensemble dans la convivialit\u00e9, \u00e0 cr\u00e9er ses&nbsp;<a class=\"read-more\" href=\"https:\/\/rers-nancy.fr\/new2\/les-co-constructions-de-savoirs\/les-aiguilles-creatives\/\">&hellip;<\/a><\/p>\n","protected":false},"author":1,"featured_media":0,"parent":1306,"menu_order":2,"comment_status":"closed","ping_status":"closed","template":"","meta":{"footnotes":""},"class_list":["post-1309","page","type-page","status-publish","hentry"],"_links":{"self":[{"href":"https:\/\/rers-nancy.fr\/new2\/wp-json\/wp\/v2\/pages\/1309","targetHints":{"allow":["GET"]}}],"collection":[{"href":"https:\/\/rers-nancy.fr\/new2\/wp-json\/wp\/v2\/pages"}],"about":[{"href":"https:\/\/rers-nancy.fr\/new2\/wp-json\/wp\/v2\/types\/page"}],"author":[{"embeddable":true,"href":"https:\/\/rers-nancy.fr\/new2\/wp-json\/wp\/v2\/users\/1"}],"replies":[{"embeddable":true,"href":"https:\/\/rers-nancy.fr\/new2\/wp-json\/wp\/v2\/comments?post=1309"}],"version-history":[{"count":2,"href":"https:\/\/rers-nancy.fr\/new2\/wp-json\/wp\/v2\/pages\/1309\/revisions"}],"predecessor-version":[{"id":5417,"href":"https:\/\/rers-nancy.fr\/new2\/wp-json\/wp\/v2\/pages\/1309\/revisions\/5417"}],"up":[{"embeddable":true,"href":"https:\/\/rers-nancy.fr\/new2\/wp-json\/wp\/v2\/pages\/1306"}],"wp:attachment":[{"href":"https:\/\/rers-nancy.fr\/new2\/wp-json\/wp\/v2\/media?parent=1309"}],"curies":[{"name":"wp","href":"https:\/\/api.w.org\/{rel}","templated":true}]}}