{"id":1311,"date":"2022-01-31T16:12:18","date_gmt":"2022-01-31T15:12:18","guid":{"rendered":"https:\/\/rers-nancy.fr\/new2\/?page_id=1311"},"modified":"2023-09-18T16:25:15","modified_gmt":"2023-09-18T14:25:15","slug":"le-jardin-partage","status":"publish","type":"page","link":"https:\/\/rers-nancy.fr\/new2\/les-co-constructions-de-savoirs\/le-jardin-partage\/","title":{"rendered":"Le jardin partag\u00e9"},"content":{"rendered":"<style>.kb-row-layout-wrap.wp-block-kadence-rowlayout.kb-row-layout-id_9d9b14-0c{margin-top:2px;margin-bottom:2px;}.kb-row-layout-id_9d9b14-0c > .kt-row-column-wrap{align-content:start;}:where(.kb-row-layout-id_9d9b14-0c > .kt-row-column-wrap) > .wp-block-kadence-column{justify-content:start;}.kb-row-layout-id_9d9b14-0c > .kt-row-column-wrap{column-gap:20px;row-gap:var(--global-kb-gap-md, 2rem);padding-top:5px;padding-bottom:5px;grid-template-columns:minmax(0, calc(75% - ((20px * 1 )\/2)))minmax(0, calc(25% - ((20px * 1 )\/2)));}.kb-row-layout-id_9d9b14-0c > .kt-row-layout-overlay{opacity:0.30;}.kb-row-layout-id_9d9b14-0c .kt-row-layout-bottom-sep{height:100px;}.kb-row-layout-id_9d9b14-0c .kt-row-layout-bottom-sep svg{width:100%;}.kb-row-layout-id_9d9b14-0c .kt-row-layout-bottom-sep svg{fill:#ffffff!important;}@media all and (max-width: 1024px){.kb-row-layout-id_9d9b14-0c > .kt-row-column-wrap{grid-template-columns:minmax(0, 2fr) minmax(0, 1fr);}}@media all and (max-width: 1024px){.kb-row-layout-id_9d9b14-0c .kt-row-layout-bottom-sep{height:px;}}@media all and (max-width: 1024px){.kb-row-layout-id_9d9b14-0c .kt-row-layout-bottom-sep svg{width:%;}}@media all and (max-width: 767px){.kb-row-layout-id_9d9b14-0c > .kt-row-column-wrap{grid-template-columns:minmax(0, 1fr);}.kb-row-layout-id_9d9b14-0c .kt-row-layout-bottom-sep{height:px;}.kb-row-layout-id_9d9b14-0c .kt-row-layout-bottom-sep svg{width:%;}}<\/style><div class=\"kb-row-layout-wrap kb-row-layout-id_9d9b14-0c alignnone wp-block-kadence-rowlayout\"><div class=\"kt-row-column-wrap kt-has-2-columns kt-row-layout-left-golden kt-tab-layout-inherit kt-mobile-layout-row kt-row-valign-top\">\n<style>.kadence-column_9d1192-9b > .kt-inside-inner-col{padding-top:5px;padding-right:2px;padding-bottom:2px;padding-left:2px;}.kadence-column_9d1192-9b > .kt-inside-inner-col,.kadence-column_9d1192-9b > .kt-inside-inner-col:before{border-top-left-radius:0px;border-top-right-radius:0px;border-bottom-right-radius:0px;border-bottom-left-radius:0px;}.kadence-column_9d1192-9b > .kt-inside-inner-col{column-gap:var(--global-kb-gap-sm, 1rem);}.kadence-column_9d1192-9b > .kt-inside-inner-col{flex-direction:column;}.kadence-column_9d1192-9b > .kt-inside-inner-col > .aligncenter{width:100%;}.kadence-column_9d1192-9b > .kt-inside-inner-col:before{opacity:0.3;}.kadence-column_9d1192-9b{position:relative;}.kadence-column_9d1192-9b, .kt-inside-inner-col > .kadence-column_9d1192-9b:not(.specificity){margin-top:2px;margin-right:2px;margin-bottom:2px;margin-left:2px;}@media all and (max-width: 1024px){.kadence-column_9d1192-9b > .kt-inside-inner-col{flex-direction:column;justify-content:center;}}@media all and (max-width: 767px){.kadence-column_9d1192-9b > .kt-inside-inner-col{flex-direction:column;justify-content:center;}}<\/style>\n<div class=\"wp-block-kadence-column kadence-column_9d1192-9b inner-column-1\"><div class=\"kt-inside-inner-col\">\n<h3 class=\"wp-block-heading\" id=\"histoire-du-jardin-partage\">Histoire du jardin partag\u00e9<\/h3>\n\n\n\n<p>Le jardin partag\u00e9 a \u00e9t\u00e9 cr\u00e9\u00e9 suite \u00e0 la demande de plusieurs adh\u00e9rents au RERS.<br>Des d\u00e9marches ont \u00e9t\u00e9 entreprises d\u00e8s 2014 pour trouver un terrain, puis obtenir l\u2019accord de la Ville de Nancy et de l\u2019Ecole de Cond\u00e9 pour utiliser le terrain de l\u2019\u00e9cole de Cond\u00e9.<br>L\u2019accord a \u00e9t\u00e9 sign\u00e9 en juin 2015<\/p>\n\n\n\n<p><em>Ce jardin est unique et c\u2019est un challenge&nbsp;: beaucoup de jardins partag\u00e9s sont des parcelles individuelles sur un terrain divis\u00e9 et non pas un jardin commun, non divis\u00e9, cultiv\u00e9 par tous.<\/em><\/p>\n\n\n\n<p class=\"has-text-align-center\"><strong>On pourrait parler plut\u00f4t de jardin collectif.<\/strong><\/p>\n\n\n\n<p>Suite \u00e0 l\u2019accord en juin 2015, des r\u00e9unions ont eu lieu. Une \u00e9quipe a \u00e9t\u00e9 constitu\u00e9e. <br>Et le jardin partag\u00e9 est devenu un projet vivant qui \u00e9volue au fur et \u00e0 mesure de la pratique.<\/p>\n\n\n\n<h3 class=\"wp-block-heading\" id=\"objectif\">Objectif<\/h3>\n\n\n\n<p>L\u2019objectif du groupe des jardiniers du RERS-Nancy est <strong>en premier lieu de jardiner ensemble <\/strong>sur une ou des parcelles collectives afin d\u2019\u00e9changer sur les pratiques de culture entre les membres novices et d\u2019autres plus exp\u00e9riment\u00e9s. <br>Une attention particuli\u00e8re est port\u00e9e \u00e0 l\u2019installation d\u2019<em>un secteur plantes aromatiques<\/em> et d<em>\u2019un autre destin\u00e9 aux petits fruitiers<\/em> (framboisiers, groseilliers et autres), sans oublier <em>quelques fleurs.<\/em> <br>Plus que la quantit\u00e9, les jardiniers du RERS-Nancy souhaitent <em>privil\u00e9gier la diversit\u00e9, les esp\u00e8ces et vari\u00e9t\u00e9s rustiques ou anciennes. <\/em><br>Deux bacs \u00e0 compost ont \u00e9t\u00e9 install\u00e9s. <br>Deux r\u00e9cup\u00e9rateurs d\u2019eau ont trouv\u00e9 leur place le long du b\u00e2timent de l&rsquo;\u00e9cole de Cond\u00e9.<br>Quelques outils compl\u00e8tent ceux des jardiniers qu\u2019ils apportent pour leur usage personnel.<br>Un local sous l&rsquo;\u00e9cole de Cond\u00e9 permet de stocker du mat\u00e9riel et sert parfois de p\u00e9pini\u00e8re pour les plantations de printemps.<\/p>\n\n\n\n<h3 class=\"wp-block-heading\" id=\"fonctionnement\">Fonctionnement<\/h3>\n\n\n\n<p>Un principe simple : le samedi apr\u00e8s-midi, on vient (ou pas) pour travailler au jardin et partager avec les autres jardiniers sur les projets, les cultures, les t\u00e2ches \u00e0 faire, le calendrier, bref, un temps pour s&rsquo;accorder.<br>Le reste de la semaine, chacun peut venir d\u00e9sherber, tailler, arroser, r\u00e9colter, semer, repiquer, b\u00eacher&#8230;<br>Des bacs de compostage sont \u00e0 disposition pour y verser ses \u00e9pluchures et d\u00e9chets v\u00e9g\u00e9taux, et r\u00e9cup\u00e9rer le terreau ainsi obtenu.<\/p>\n<\/div><\/div>\n\n\n<style>.kadence-column_f9a5b0-17 > .kt-inside-inner-col{display:flex;}.kadence-column_f9a5b0-17 > .kt-inside-inner-col,.kadence-column_f9a5b0-17 > .kt-inside-inner-col:before{border-top-left-radius:0px;border-top-right-radius:0px;border-bottom-right-radius:0px;border-bottom-left-radius:0px;}.kadence-column_f9a5b0-17 > .kt-inside-inner-col{flex-direction:row;flex-wrap:wrap;align-items:center;justify-content:center;}.kadence-column_f9a5b0-17 > .kt-inside-inner-col > *, .kadence-column_f9a5b0-17 > .kt-inside-inner-col > figure.wp-block-image, .kadence-column_f9a5b0-17 > .kt-inside-inner-col > figure.wp-block-kadence-image{margin-top:0px;margin-bottom:0px;}.kadence-column_f9a5b0-17 > .kt-inside-inner-col > .kb-image-is-ratio-size{flex-grow:1;}.kadence-column_f9a5b0-17 > .kt-inside-inner-col:before{opacity:0.3;}.kadence-column_f9a5b0-17{text-align:center;}.kadence-column_f9a5b0-17{position:relative;}@media all and (max-width: 1024px){.kadence-column_f9a5b0-17 > .kt-inside-inner-col{flex-direction:row;flex-wrap:wrap;align-items:center;justify-content:center;}}@media all and (min-width: 768px) and (max-width: 1024px){.kadence-column_f9a5b0-17 > .kt-inside-inner-col > *, .kadence-column_f9a5b0-17 > .kt-inside-inner-col > figure.wp-block-image, .kadence-column_f9a5b0-17 > .kt-inside-inner-col > figure.wp-block-kadence-image{margin-top:0px;margin-bottom:0px;}.kadence-column_f9a5b0-17 > .kt-inside-inner-col > .kb-image-is-ratio-size{flex-grow:1;}}@media all and (max-width: 767px){.kadence-column_f9a5b0-17 > .kt-inside-inner-col{flex-direction:row;flex-wrap:wrap;justify-content:flex-start;justify-content:center;}.kadence-column_f9a5b0-17 > .kt-inside-inner-col > *, .kadence-column_f9a5b0-17 > .kt-inside-inner-col > figure.wp-block-image, .kadence-column_f9a5b0-17 > .kt-inside-inner-col > figure.wp-block-kadence-image{margin-top:0px;margin-bottom:0px;}.kadence-column_f9a5b0-17 > .kt-inside-inner-col > .kb-image-is-ratio-size{flex-grow:1;}}<\/style>\n<div class=\"wp-block-kadence-column kadence-column_f9a5b0-17 kb-section-dir-horizontal\"><div class=\"kt-inside-inner-col\">\n<figure class=\"wp-block-image size-large\"><img loading=\"lazy\" decoding=\"async\" width=\"800\" height=\"366\" src=\"https:\/\/rers-nancy.fr\/new2\/wp-content\/uploads\/2021\/12\/cropped-IMG_0747-scaled-1-800x366.jpg\" alt=\"\" class=\"wp-image-830\"\/><\/figure>\n\n\n\n<h6 class=\"wp-block-heading\" id=\"creche-abensour-fleurs-et-masques-au-jardin-partage\"><a href=\"https:\/\/rers-nancy.fr\/new2\/les-co-constructions-de-savoirs\/le-jardin-partage\/creche-abensour-fleurs-et-masques-a-la-cure-dair\/\" data-type=\"URL\" data-id=\"https:\/\/rers-nancy.fr\/new2\/les-co-constructions-de-savoirs\/le-jardin-partage\/creche-abensour-fleurs-et-masques-a-la-cure-dair\/\">Cr\u00e8che Abensour, fleurs et masques au jardin partag\u00e9<\/a><\/h6>\n\n\n<style>.wp-block-kadence-spacer.kt-block-spacer-_8fd295-a0 .kt-block-spacer{height:20px;}.wp-block-kadence-spacer.kt-block-spacer-_8fd295-a0 .kt-divider{border-top-width:1px;height:1px;border-top-color:#eee;width:80%;border-top-style:solid;}<\/style>\n<div class=\"wp-block-kadence-spacer aligncenter kt-block-spacer-_8fd295-a0\"><div class=\"kt-block-spacer kt-block-spacer-halign-center\"><hr class=\"kt-divider\"\/><\/div><\/div>\n\n\n\n<p><\/p>\n\n\n\n<figure class=\"wp-block-image size-full\"><img loading=\"lazy\" decoding=\"async\" width=\"120\" height=\"90\" src=\"https:\/\/rers-nancy.fr\/new2\/wp-content\/uploads\/2021\/04\/2021-04-08_panneaux_legumes__1_Pt-e1644079767835.png\" alt=\"2021 04 08 panneaux legumes 1 Pt\" class=\"wp-image-650\"\/><\/figure>\n\n\n\n<h6 class=\"wp-block-heading\" id=\"nos-7-familles-de-legumes-et-fruits-a-l-honneur-au-jardin-partage\"><a href=\"https:\/\/rers-nancy.fr\/new2\/les-co-constructions-de-savoirs\/le-jardin-partage\/nos-7-familles-de-legumes-et-fruits-au-parc-de-la-cure-dair\/\" data-type=\"page\" data-id=\"1523\">Nos 7 familles de l\u00e9gumes et fruits \u00e0 l&rsquo;honneur au jardin partag\u00e9<\/a><\/h6>\n\n\n<style>.wp-block-kadence-spacer.kt-block-spacer-_c9ac73-1d .kt-block-spacer{height:20px;}.wp-block-kadence-spacer.kt-block-spacer-_c9ac73-1d .kt-divider{border-top-width:1px;height:1px;border-top-color:#eee;width:80%;border-top-style:solid;}<\/style>\n<div class=\"wp-block-kadence-spacer aligncenter kt-block-spacer-_c9ac73-1d\"><div class=\"kt-block-spacer kt-block-spacer-halign-center\"><hr class=\"kt-divider\"\/><\/div><\/div>\n\n\n\n<figure class=\"wp-block-image size-full\"><img loading=\"lazy\" decoding=\"async\" width=\"200\" height=\"145\" src=\"https:\/\/rers-nancy.fr\/new2\/wp-content\/uploads\/2021\/07\/12_ca_pousse_au_jardin_Pt.png\" alt=\"12 ca pousse au jardin Pt\" class=\"wp-image-663\"\/><\/figure>\n\n\n\n<h6 class=\"wp-block-heading has-text-align-center\" id=\"ca-pousse-au-jardin\"><a href=\"https:\/\/rers-nancy.fr\/new2\/les-co-constructions-de-savoirs\/le-jardin-partage\/ca-pousse-au-jardin\/\">\u00e7a pousse au jardin<\/a><\/h6>\n\n\n\n<p><\/p>\n\n\n<style>.wp-block-kadence-spacer.kt-block-spacer-_525c6f-66 .kt-block-spacer{height:20px;}.wp-block-kadence-spacer.kt-block-spacer-_525c6f-66 .kt-divider{border-top-width:1px;height:1px;border-top-color:#eee;width:80%;border-top-style:solid;}<\/style>\n<div class=\"wp-block-kadence-spacer aligncenter kt-block-spacer-_525c6f-66\"><div class=\"kt-block-spacer kt-block-spacer-halign-center\"><hr class=\"kt-divider\"\/><\/div><\/div>\n\n\n\n<figure class=\"wp-block-image size-full\"><img loading=\"lazy\" decoding=\"async\" width=\"200\" height=\"126\" src=\"https:\/\/rers-nancy.fr\/new2\/wp-content\/uploads\/2019\/03\/compost_perso.png\" alt=\"compost perso\" class=\"wp-image-527\"\/><\/figure>\n\n\n\n<h6 class=\"wp-block-heading\" id=\"compostage-quelques-conseils\"><a href=\"https:\/\/rers-nancy.fr\/new2\/les-co-constructions-de-savoirs\/le-jardin-partage\/compostage-quelques-conseils\/\">Compostage : quelques conseils<\/a><\/h6>\n\n\n<style>.wp-block-kadence-spacer.kt-block-spacer-_f7819b-af .kt-block-spacer{height:20px;}.wp-block-kadence-spacer.kt-block-spacer-_f7819b-af .kt-divider{border-top-width:1px;height:1px;border-top-color:#eee;width:80%;border-top-style:solid;}<\/style>\n<div class=\"wp-block-kadence-spacer aligncenter kt-block-spacer-_f7819b-af\"><div class=\"kt-block-spacer kt-block-spacer-halign-center\"><hr class=\"kt-divider\"\/><\/div><\/div>\n\n\n\n<figure class=\"wp-block-image size-full\"><img loading=\"lazy\" decoding=\"async\" width=\"200\" height=\"145\" src=\"https:\/\/rers-nancy.fr\/new2\/wp-content\/uploads\/2021\/07\/01_fleur_blanche_Pt.png\" alt=\"01 fleur blanche Pt\" class=\"wp-image-655\"\/><\/figure>\n<\/div><\/div>\n\n<\/div><\/div>\n\n\n<p><\/p>\n","protected":false},"excerpt":{"rendered":"<p>Histoire du jardin partag\u00e9 Le jardin partag\u00e9 a \u00e9t\u00e9 cr\u00e9\u00e9 suite \u00e0 la demande de plusieurs adh\u00e9rents au RERS.Des d\u00e9marches ont \u00e9t\u00e9 entreprises d\u00e8s 2014 pour trouver un terrain, puis obtenir l\u2019accord de la Ville de Nancy et de l\u2019Ecole de Cond\u00e9 pour utiliser le&nbsp;<a class=\"read-more\" href=\"https:\/\/rers-nancy.fr\/new2\/les-co-constructions-de-savoirs\/le-jardin-partage\/\">&hellip;<\/a><\/p>\n","protected":false},"author":1,"featured_media":0,"parent":1306,"menu_order":1,"comment_status":"closed","ping_status":"closed","template":"","meta":{"footnotes":""},"class_list":["post-1311","page","type-page","status-publish","hentry"],"_links":{"self":[{"href":"https:\/\/rers-nancy.fr\/new2\/wp-json\/wp\/v2\/pages\/1311","targetHints":{"allow":["GET"]}}],"collection":[{"href":"https:\/\/rers-nancy.fr\/new2\/wp-json\/wp\/v2\/pages"}],"about":[{"href":"https:\/\/rers-nancy.fr\/new2\/wp-json\/wp\/v2\/types\/page"}],"author":[{"embeddable":true,"href":"https:\/\/rers-nancy.fr\/new2\/wp-json\/wp\/v2\/users\/1"}],"replies":[{"embeddable":true,"href":"https:\/\/rers-nancy.fr\/new2\/wp-json\/wp\/v2\/comments?post=1311"}],"version-history":[{"count":9,"href":"https:\/\/rers-nancy.fr\/new2\/wp-json\/wp\/v2\/pages\/1311\/revisions"}],"predecessor-version":[{"id":4804,"href":"https:\/\/rers-nancy.fr\/new2\/wp-json\/wp\/v2\/pages\/1311\/revisions\/4804"}],"up":[{"embeddable":true,"href":"https:\/\/rers-nancy.fr\/new2\/wp-json\/wp\/v2\/pages\/1306"}],"wp:attachment":[{"href":"https:\/\/rers-nancy.fr\/new2\/wp-json\/wp\/v2\/media?parent=1311"}],"curies":[{"name":"wp","href":"https:\/\/api.w.org\/{rel}","templated":true}]}}