{"id":1321,"date":"2022-01-31T22:47:59","date_gmt":"2022-01-31T21:47:59","guid":{"rendered":"https:\/\/rers-nancy.fr\/new2\/?page_id=1321"},"modified":"2022-01-31T22:47:59","modified_gmt":"2022-01-31T21:47:59","slug":"vie-associative","status":"publish","type":"page","link":"https:\/\/rers-nancy.fr\/new2\/vie-associative\/","title":{"rendered":"Vie associative"},"content":{"rendered":"\n<p>Le RERS-Nancy est constitu\u00e9 en association loi 1901.<br>Une Assembl\u00e9e g\u00e9n\u00e9rale a lieu tous les ans,<br>un conseil d&rsquo;administration g\u00e8re les activit\u00e9s de l&rsquo;association,<br>un bureau assure le bon fonctionnement de l&rsquo;association, sa promotion \u00e0 l&rsquo;ext\u00e9rieur, ses comptes et contacts avec les subventionneurs.<\/p>\n\n\n\n<h3 class=\"wp-block-heading\" id=\"les-assemblees-generales\">Les assembl\u00e9es g\u00e9n\u00e9rales<\/h3>\n\n\n\n<h3 class=\"wp-block-heading\" id=\"le-conseil-d-administration\">Le conseil d&rsquo;administration<\/h3>\n\n\n\n<h3 class=\"wp-block-heading\" id=\"le-bureau\">Le bureau<\/h3>\n","protected":false},"excerpt":{"rendered":"<p>Le RERS-Nancy est constitu\u00e9 en association loi 1901.Une Assembl\u00e9e g\u00e9n\u00e9rale a lieu tous les ans,un conseil d&rsquo;administration g\u00e8re les activit\u00e9s de l&rsquo;association,un bureau assure le bon fonctionnement de l&rsquo;association, sa promotion \u00e0 l&rsquo;ext\u00e9rieur, ses comptes et contacts avec les subventionneurs. Les assembl\u00e9es g\u00e9n\u00e9rales Le conseil&nbsp;<a class=\"read-more\" href=\"https:\/\/rers-nancy.fr\/new2\/vie-associative\/\">&hellip;<\/a><\/p>\n","protected":false},"author":1,"featured_media":0,"parent":0,"menu_order":0,"comment_status":"closed","ping_status":"closed","template":"","meta":{"footnotes":""},"class_list":["post-1321","page","type-page","status-publish","hentry"],"_links":{"self":[{"href":"https:\/\/rers-nancy.fr\/new2\/wp-json\/wp\/v2\/pages\/1321","targetHints":{"allow":["GET"]}}],"collection":[{"href":"https:\/\/rers-nancy.fr\/new2\/wp-json\/wp\/v2\/pages"}],"about":[{"href":"https:\/\/rers-nancy.fr\/new2\/wp-json\/wp\/v2\/types\/page"}],"author":[{"embeddable":true,"href":"https:\/\/rers-nancy.fr\/new2\/wp-json\/wp\/v2\/users\/1"}],"replies":[{"embeddable":true,"href":"https:\/\/rers-nancy.fr\/new2\/wp-json\/wp\/v2\/comments?post=1321"}],"version-history":[{"count":1,"href":"https:\/\/rers-nancy.fr\/new2\/wp-json\/wp\/v2\/pages\/1321\/revisions"}],"predecessor-version":[{"id":1323,"href":"https:\/\/rers-nancy.fr\/new2\/wp-json\/wp\/v2\/pages\/1321\/revisions\/1323"}],"wp:attachment":[{"href":"https:\/\/rers-nancy.fr\/new2\/wp-json\/wp\/v2\/media?parent=1321"}],"curies":[{"name":"wp","href":"https:\/\/api.w.org\/{rel}","templated":true}]}}