{"id":1426,"date":"2022-02-02T11:26:59","date_gmt":"2022-02-02T10:26:59","guid":{"rendered":"https:\/\/rers-nancy.fr\/new2\/?page_id=1426"},"modified":"2024-09-20T19:01:18","modified_gmt":"2024-09-20T17:01:18","slug":"un-groupe-de-marche","status":"publish","type":"page","link":"https:\/\/rers-nancy.fr\/new2\/nos-echanges-collectifs\/nature-et-environnement\/un-groupe-de-marche\/","title":{"rendered":"La marche du mercredi"},"content":{"rendered":"<style>.kb-row-layout-id_cf04da-a8 > .kt-row-column-wrap{align-content:start;}:where(.kb-row-layout-id_cf04da-a8 > .kt-row-column-wrap) > .wp-block-kadence-column{justify-content:start;}.kb-row-layout-id_cf04da-a8 > .kt-row-column-wrap{column-gap:var(--global-kb-gap-md, 2rem);row-gap:var(--global-kb-gap-md, 2rem);padding-top:var(--global-kb-spacing-sm, 1.5rem);padding-bottom:var(--global-kb-spacing-sm, 1.5rem);grid-template-columns:minmax(0, 1fr);}.kb-row-layout-id_cf04da-a8 > .kt-row-layout-overlay{opacity:0.30;}@media all and (max-width: 1024px){.kb-row-layout-id_cf04da-a8 > .kt-row-column-wrap{grid-template-columns:minmax(0, 1fr);}}@media all and (max-width: 767px){.kb-row-layout-id_cf04da-a8 > .kt-row-column-wrap{grid-template-columns:minmax(0, 1fr);}}<\/style><div class=\"kb-row-layout-wrap kb-row-layout-id_cf04da-a8 alignnone wp-block-kadence-rowlayout\"><div class=\"kt-row-column-wrap kt-has-1-columns kt-row-layout-equal kt-tab-layout-inherit kt-mobile-layout-row kt-row-valign-top\">\n<style>.kadence-column_57c7ce-ed > .kt-inside-inner-col,.kadence-column_57c7ce-ed > .kt-inside-inner-col:before{border-top-left-radius:0px;border-top-right-radius:0px;border-bottom-right-radius:0px;border-bottom-left-radius:0px;}.kadence-column_57c7ce-ed > .kt-inside-inner-col{column-gap:var(--global-kb-gap-sm, 1rem);}.kadence-column_57c7ce-ed > .kt-inside-inner-col{flex-direction:column;}.kadence-column_57c7ce-ed > .kt-inside-inner-col > .aligncenter{width:100%;}.kadence-column_57c7ce-ed > .kt-inside-inner-col:before{opacity:0.3;}.kadence-column_57c7ce-ed{position:relative;}@media all and (max-width: 1024px){.kadence-column_57c7ce-ed > .kt-inside-inner-col{flex-direction:column;justify-content:center;}}@media all and (max-width: 767px){.kadence-column_57c7ce-ed > .kt-inside-inner-col{flex-direction:column;justify-content:center;}}<\/style>\n<div class=\"wp-block-kadence-column kadence-column_57c7ce-ed\"><div class=\"kt-inside-inner-col\">\n<p><strong>A l&rsquo;origine, il s&rsquo;agissait d&rsquo;une activit\u00e9 de marche pour faire de l&rsquo;exercice physique (d&rsquo;allure mod\u00e9r\u00e9e)<\/strong>. Maintenant, c&rsquo;est un groupe d&rsquo;amis qui marchent ensemble, au gr\u00e9 de leur fantaisie, en suivant plus ou moins le programme pr\u00e9vu quelques jours ou semaines \u00e0 l&rsquo;avance !<\/p>\n\n\n\n<h4 class=\"wp-block-heading\" id=\"block-93d03fd3-0118-41d3-9bbf-a4de4e9f3e9f\">Quand ? <strong>De 14h \u00e0 16h, les mercredis tous les 15 jours<\/strong>.<br>O\u00f9 ?<strong> A proximit\u00e9 de Nancy, partout o\u00f9 il y a de la verdure.<\/strong><br><strong>Rendez-vous \u00e0 13h45 au parking de l&rsquo;Asn\u00e9e pour un co-voiturage<\/strong><\/h4>\n\n\n\n<p>Contact : <a href=\"mailto:hcoydon@gmail.com\">hcoydon@gmail.com<\/a><\/p>\n<\/div><\/div>\n\n<\/div><\/div>\n\n<style>.kb-row-layout-wrap.wp-block-kadence-rowlayout.kb-row-layout-id_a7e6f5-f8{margin-top:2px;margin-bottom:2px;}.kb-row-layout-id_a7e6f5-f8 > .kt-row-column-wrap{align-content:start;}:where(.kb-row-layout-id_a7e6f5-f8 > .kt-row-column-wrap) > .wp-block-kadence-column{justify-content:start;}.kb-row-layout-id_a7e6f5-f8 > .kt-row-column-wrap{column-gap:var(--global-kb-gap-md, 2rem);row-gap:var(--global-kb-gap-md, 2rem);padding-top:5px;padding-right:5px;padding-bottom:5px;padding-left:5px;grid-template-columns:minmax(0, 1fr);}.kb-row-layout-id_a7e6f5-f8 > .kt-row-layout-overlay{opacity:0.30;}@media all and (max-width: 1024px){.kb-row-layout-id_a7e6f5-f8 > .kt-row-column-wrap{grid-template-columns:minmax(0, 1fr);}}@media all and (max-width: 767px){.kb-row-layout-id_a7e6f5-f8 > .kt-row-column-wrap{grid-template-columns:minmax(0, 1fr);}}<\/style><div class=\"kb-row-layout-wrap kb-row-layout-id_a7e6f5-f8 alignnone wp-block-kadence-rowlayout\"><div class=\"kt-row-column-wrap kt-has-1-columns kt-row-layout-equal kt-tab-layout-inherit kt-mobile-layout-row kt-row-valign-top\">\n<style>.kadence-column_ca805a-80 > .kt-inside-inner-col,.kadence-column_ca805a-80 > .kt-inside-inner-col:before{border-top-left-radius:0px;border-top-right-radius:0px;border-bottom-right-radius:0px;border-bottom-left-radius:0px;}.kadence-column_ca805a-80 > .kt-inside-inner-col{column-gap:var(--global-kb-gap-sm, 1rem);}.kadence-column_ca805a-80 > .kt-inside-inner-col{flex-direction:column;}.kadence-column_ca805a-80 > .kt-inside-inner-col > .aligncenter{width:100%;}.kadence-column_ca805a-80 > .kt-inside-inner-col:before{opacity:0.3;}.kadence-column_ca805a-80{position:relative;}@media all and (max-width: 1024px){.kadence-column_ca805a-80 > .kt-inside-inner-col{flex-direction:column;justify-content:center;}}@media all and (max-width: 767px){.kadence-column_ca805a-80 > .kt-inside-inner-col{flex-direction:column;justify-content:center;}}<\/style>\n<div class=\"wp-block-kadence-column kadence-column_ca805a-80 kb-section-dir-vertical\"><div class=\"kt-inside-inner-col\"><ul class=\"wp-block-latest-posts__list is-grid columns-3 aligncenter wp-block-latest-posts has-small-font-size\"><li><div class=\"wp-block-latest-posts__featured-image\"><a href=\"https:\/\/rers-nancy.fr\/new2\/jeux-a-foison\/\" aria-label=\"Escape-game en salle\"><img loading=\"lazy\" decoding=\"async\" width=\"183\" height=\"133\" src=\"https:\/\/rers-nancy.fr\/new2\/wp-content\/uploads\/2022\/07\/2025-03-25-jeux-02-pt.png\" class=\"attachment-thumbnail size-thumbnail wp-post-image\" alt=\"\" style=\"max-width:50px;max-height:33px;\" \/><\/a><\/div><a class=\"wp-block-latest-posts__post-title\" href=\"https:\/\/rers-nancy.fr\/new2\/jeux-a-foison\/\">Escape-game en salle<\/a><\/li>\n<li><div class=\"wp-block-latest-posts__featured-image\"><a href=\"https:\/\/rers-nancy.fr\/new2\/balade-en-foret\/\" aria-label=\"Marche en for\u00eat de Haye\"><img loading=\"lazy\" decoding=\"async\" width=\"200\" height=\"133\" src=\"https:\/\/rers-nancy.fr\/new2\/wp-content\/uploads\/2025\/04\/2025-03-26-marche-06-pt-200x133.png\" class=\"attachment-thumbnail size-thumbnail wp-post-image\" alt=\"\" style=\"max-width:50px;max-height:33px;\" \/><\/a><\/div><a class=\"wp-block-latest-posts__post-title\" href=\"https:\/\/rers-nancy.fr\/new2\/balade-en-foret\/\">Marche en for\u00eat de Haye<\/a><\/li>\n<li><div class=\"wp-block-latest-posts__featured-image\"><a href=\"https:\/\/rers-nancy.fr\/new2\/les-marches-du-mercredi-le-parc-du-cpn\/\" aria-label=\"Les marches du mercredi : le parc du CPN\"><img loading=\"lazy\" decoding=\"async\" width=\"200\" height=\"133\" src=\"https:\/\/rers-nancy.fr\/new2\/wp-content\/uploads\/2024\/11\/2014-11-13-CPN-4pt.png\" class=\"attachment-thumbnail size-thumbnail wp-post-image\" alt=\"\" style=\"max-width:50px;max-height:33px;\" \/><\/a><\/div><a class=\"wp-block-latest-posts__post-title\" href=\"https:\/\/rers-nancy.fr\/new2\/les-marches-du-mercredi-le-parc-du-cpn\/\">Les marches du mercredi : le parc du CPN<\/a><\/li>\n<li><div class=\"wp-block-latest-posts__featured-image\"><a href=\"https:\/\/rers-nancy.fr\/new2\/marche-du-mercredi-jardin-botanique-2\/\" aria-label=\"Marche du mercredi : Jardin botanique\"><img loading=\"lazy\" decoding=\"async\" width=\"200\" height=\"133\" src=\"https:\/\/rers-nancy.fr\/new2\/wp-content\/uploads\/2024\/06\/2024-06-05-botanique-Pt.png\" class=\"attachment-thumbnail size-thumbnail wp-post-image\" alt=\"\" style=\"max-width:50px;max-height:33px;\" \/><\/a><\/div><a class=\"wp-block-latest-posts__post-title\" href=\"https:\/\/rers-nancy.fr\/new2\/marche-du-mercredi-jardin-botanique-2\/\">Marche du mercredi : Jardin botanique<\/a><\/li>\n<li><div class=\"wp-block-latest-posts__featured-image\"><a href=\"https:\/\/rers-nancy.fr\/new2\/marche-du-mercredi-chateau-de-graffigny\/\" aria-label=\"marche du mercredi : Ch\u00e2teau de Graffigny\"><img loading=\"lazy\" decoding=\"async\" width=\"200\" height=\"132\" src=\"https:\/\/rers-nancy.fr\/new2\/wp-content\/uploads\/2024\/05\/2024-04-24-graffigny-pt.png\" class=\"attachment-thumbnail size-thumbnail wp-post-image\" alt=\"\" style=\"max-width:50px;max-height:33px;\" \/><\/a><\/div><a class=\"wp-block-latest-posts__post-title\" href=\"https:\/\/rers-nancy.fr\/new2\/marche-du-mercredi-chateau-de-graffigny\/\">marche du mercredi : Ch\u00e2teau de Graffigny<\/a><\/li>\n<li><div class=\"wp-block-latest-posts__featured-image\"><a href=\"https:\/\/rers-nancy.fr\/new2\/marche-du-mercredi-lile-du-foulon\/\" aria-label=\"Marche du mercredi : l&rsquo;\u00eele du Foulon\"><img loading=\"lazy\" decoding=\"async\" width=\"198\" height=\"130\" src=\"https:\/\/rers-nancy.fr\/new2\/wp-content\/uploads\/2022\/09\/Ile-foulon-Pt.png\" class=\"attachment-thumbnail size-thumbnail wp-post-image\" alt=\"\" style=\"max-width:50px;max-height:33px;\" \/><\/a><\/div><a class=\"wp-block-latest-posts__post-title\" href=\"https:\/\/rers-nancy.fr\/new2\/marche-du-mercredi-lile-du-foulon\/\">Marche du mercredi : l&rsquo;\u00eele du Foulon<\/a><\/li>\n<\/ul><\/div><\/div>\n\n<\/div><\/div>","protected":false},"excerpt":{"rendered":"<p>A l&rsquo;origine, il s&rsquo;agissait d&rsquo;une activit\u00e9 de marche pour faire de l&rsquo;exercice physique (d&rsquo;allure mod\u00e9r\u00e9e). Maintenant, c&rsquo;est un groupe d&rsquo;amis qui marchent ensemble, au gr\u00e9 de leur fantaisie, en suivant plus ou moins le programme pr\u00e9vu quelques jours ou semaines \u00e0 l&rsquo;avance ! Quand ?&nbsp;<a class=\"read-more\" href=\"https:\/\/rers-nancy.fr\/new2\/nos-echanges-collectifs\/nature-et-environnement\/un-groupe-de-marche\/\">&hellip;<\/a><\/p>\n","protected":false},"author":1,"featured_media":0,"parent":1439,"menu_order":1,"comment_status":"closed","ping_status":"closed","template":"","meta":{"footnotes":""},"class_list":["post-1426","page","type-page","status-publish","hentry"],"_links":{"self":[{"href":"https:\/\/rers-nancy.fr\/new2\/wp-json\/wp\/v2\/pages\/1426","targetHints":{"allow":["GET"]}}],"collection":[{"href":"https:\/\/rers-nancy.fr\/new2\/wp-json\/wp\/v2\/pages"}],"about":[{"href":"https:\/\/rers-nancy.fr\/new2\/wp-json\/wp\/v2\/types\/page"}],"author":[{"embeddable":true,"href":"https:\/\/rers-nancy.fr\/new2\/wp-json\/wp\/v2\/users\/1"}],"replies":[{"embeddable":true,"href":"https:\/\/rers-nancy.fr\/new2\/wp-json\/wp\/v2\/comments?post=1426"}],"version-history":[{"count":17,"href":"https:\/\/rers-nancy.fr\/new2\/wp-json\/wp\/v2\/pages\/1426\/revisions"}],"predecessor-version":[{"id":5409,"href":"https:\/\/rers-nancy.fr\/new2\/wp-json\/wp\/v2\/pages\/1426\/revisions\/5409"}],"up":[{"embeddable":true,"href":"https:\/\/rers-nancy.fr\/new2\/wp-json\/wp\/v2\/pages\/1439"}],"wp:attachment":[{"href":"https:\/\/rers-nancy.fr\/new2\/wp-json\/wp\/v2\/media?parent=1426"}],"curies":[{"name":"wp","href":"https:\/\/api.w.org\/{rel}","templated":true}]}}