{"id":1432,"date":"2022-02-02T11:31:52","date_gmt":"2022-02-02T10:31:52","guid":{"rendered":"https:\/\/rers-nancy.fr\/new2\/?page_id=1432"},"modified":"2023-09-18T16:34:09","modified_gmt":"2023-09-18T14:34:09","slug":"nos-echanges-collectifs","status":"publish","type":"page","link":"https:\/\/rers-nancy.fr\/new2\/nos-echanges-collectifs\/","title":{"rendered":"Nos \u00e9changes de savoirs collectifs"},"content":{"rendered":"\n<p>Outre les \u00e9changes d&rsquo;un offreur \u00e0 un demandeur, des \u00e9changes ont lieu d&rsquo;un offreur \u00e0 plusieurs demandeurs : cuisine, jeux de soci\u00e9t\u00e9, balades d\u00e9couvertes, etc.<br>Ce peut aussi \u00eatre l&rsquo;organisation de visites culturelles ou le partage de voyages<\/p>\n\n\n\n<h3 class=\"wp-block-heading\" id=\"nos-echanges-collectifs\"><\/h3>\n","protected":false},"excerpt":{"rendered":"<p>Outre les \u00e9changes d&rsquo;un offreur \u00e0 un demandeur, des \u00e9changes ont lieu d&rsquo;un offreur \u00e0 plusieurs demandeurs : cuisine, jeux de soci\u00e9t\u00e9, balades d\u00e9couvertes, etc.Ce peut aussi \u00eatre l&rsquo;organisation de visites culturelles ou le partage de voyages<\/p>\n","protected":false},"author":1,"featured_media":0,"parent":0,"menu_order":0,"comment_status":"closed","ping_status":"closed","template":"","meta":{"footnotes":""},"class_list":["post-1432","page","type-page","status-publish","hentry"],"_links":{"self":[{"href":"https:\/\/rers-nancy.fr\/new2\/wp-json\/wp\/v2\/pages\/1432","targetHints":{"allow":["GET"]}}],"collection":[{"href":"https:\/\/rers-nancy.fr\/new2\/wp-json\/wp\/v2\/pages"}],"about":[{"href":"https:\/\/rers-nancy.fr\/new2\/wp-json\/wp\/v2\/types\/page"}],"author":[{"embeddable":true,"href":"https:\/\/rers-nancy.fr\/new2\/wp-json\/wp\/v2\/users\/1"}],"replies":[{"embeddable":true,"href":"https:\/\/rers-nancy.fr\/new2\/wp-json\/wp\/v2\/comments?post=1432"}],"version-history":[{"count":4,"href":"https:\/\/rers-nancy.fr\/new2\/wp-json\/wp\/v2\/pages\/1432\/revisions"}],"predecessor-version":[{"id":4810,"href":"https:\/\/rers-nancy.fr\/new2\/wp-json\/wp\/v2\/pages\/1432\/revisions\/4810"}],"wp:attachment":[{"href":"https:\/\/rers-nancy.fr\/new2\/wp-json\/wp\/v2\/media?parent=1432"}],"curies":[{"name":"wp","href":"https:\/\/api.w.org\/{rel}","templated":true}]}}