{"id":1455,"date":"2022-02-02T12:02:41","date_gmt":"2022-02-02T11:02:41","guid":{"rendered":"https:\/\/rers-nancy.fr\/new2\/?page_id=1455"},"modified":"2024-09-20T19:20:56","modified_gmt":"2024-09-20T17:20:56","slug":"les-savoirs-en-fete","status":"publish","type":"page","link":"https:\/\/rers-nancy.fr\/new2\/les-co-constructions-de-savoirs\/les-savoirs-en-fete\/","title":{"rendered":"Les savoirs en f\u00eate"},"content":{"rendered":"\n<p>Tous les deux ans, le RERS-Nancy organise une grande f\u00eate sur un th\u00e8me choisi longtemps \u00e0 l&rsquo;avance. Selon le th\u00e8me choisi, le RERS-Nancy invite des associations, entreprises, coop\u00e9ratives, artisans \u00e0 participer \u00e0 ces f\u00eates, occasions de conna\u00eetre ce qui se fait dans la Grand Nancy et au-del\u00e0.<br>Des \u00e9changes de savoirs, des ateliers \u00e9ph\u00e9m\u00e8res, des expositions : le public est invit\u00e9 \u00e0 admirer, apprendre, participer \u00e0 ces \u00e9changes entre de nombreux passionn\u00e9s dans leur domaine !<\/p>\n\n\n<style>.kb-row-layout-id_49ba9f-b3 > .kt-row-column-wrap{align-content:start;}:where(.kb-row-layout-id_49ba9f-b3 > .kt-row-column-wrap) > .wp-block-kadence-column{justify-content:start;}.kb-row-layout-id_49ba9f-b3 > .kt-row-column-wrap{column-gap:var(--global-kb-gap-md, 2rem);row-gap:var(--global-kb-gap-md, 2rem);padding-top:var(--global-kb-spacing-sm, 1.5rem);padding-bottom:var(--global-kb-spacing-sm, 1.5rem);grid-template-columns:minmax(0, 2fr) minmax(0, 1fr);}.kb-row-layout-id_49ba9f-b3 > .kt-row-layout-overlay{opacity:0.30;}@media all and (max-width: 1024px){.kb-row-layout-id_49ba9f-b3 > .kt-row-column-wrap{grid-template-columns:minmax(0, 2fr) minmax(0, 1fr);}}@media all and (max-width: 767px){.kb-row-layout-id_49ba9f-b3 > .kt-row-column-wrap{grid-template-columns:minmax(0, 1fr);}}<\/style><div class=\"kb-row-layout-wrap kb-row-layout-id_49ba9f-b3 alignnone wp-block-kadence-rowlayout\"><div class=\"kt-row-column-wrap kt-has-2-columns kt-row-layout-left-golden kt-tab-layout-inherit kt-mobile-layout-row kt-row-valign-top\">\n<style>.kadence-column_3f6983-20 > .kt-inside-inner-col,.kadence-column_3f6983-20 > .kt-inside-inner-col:before{border-top-left-radius:0px;border-top-right-radius:0px;border-bottom-right-radius:0px;border-bottom-left-radius:0px;}.kadence-column_3f6983-20 > .kt-inside-inner-col{column-gap:var(--global-kb-gap-sm, 1rem);}.kadence-column_3f6983-20 > .kt-inside-inner-col{flex-direction:column;}.kadence-column_3f6983-20 > .kt-inside-inner-col > .aligncenter{width:100%;}.kadence-column_3f6983-20 > .kt-inside-inner-col:before{opacity:0.3;}.kadence-column_3f6983-20{position:relative;}@media all and (max-width: 1024px){.kadence-column_3f6983-20 > .kt-inside-inner-col{flex-direction:column;justify-content:center;}}@media all and (max-width: 767px){.kadence-column_3f6983-20 > .kt-inside-inner-col{flex-direction:column;justify-content:center;}}<\/style>\n<div class=\"wp-block-kadence-column kadence-column_3f6983-20 inner-column-1\"><div class=\"kt-inside-inner-col\">\n<h3 class=\"wp-block-heading has-text-align-center\" id=\"l-art-de-creer-les-arts-s-explosent-a-la-cure-d-air\">L&rsquo;art de cr\u00e9er et recr\u00e9er<br>\u00e0 la salle des f\u00eates de Gentilly (Nancy)<\/h3>\n<\/div><\/div>\n\n\n<style>.kadence-column_049210-80 > .kt-inside-inner-col,.kadence-column_049210-80 > .kt-inside-inner-col:before{border-top-left-radius:0px;border-top-right-radius:0px;border-bottom-right-radius:0px;border-bottom-left-radius:0px;}.kadence-column_049210-80 > .kt-inside-inner-col{column-gap:var(--global-kb-gap-sm, 1rem);}.kadence-column_049210-80 > .kt-inside-inner-col{flex-direction:column;}.kadence-column_049210-80 > .kt-inside-inner-col > .aligncenter{width:100%;}.kadence-column_049210-80 > .kt-inside-inner-col:before{opacity:0.3;}.kadence-column_049210-80{position:relative;}@media all and (max-width: 1024px){.kadence-column_049210-80 > .kt-inside-inner-col{flex-direction:column;justify-content:center;}}@media all and (max-width: 767px){.kadence-column_049210-80 > .kt-inside-inner-col{flex-direction:column;justify-content:center;}}<\/style>\n<div class=\"wp-block-kadence-column kadence-column_049210-80 inner-column-2\"><div class=\"kt-inside-inner-col\">\n<figure class=\"wp-block-image size-full\"><img loading=\"lazy\" decoding=\"async\" width=\"230\" height=\"325\" src=\"https:\/\/rers-nancy.fr\/new2\/wp-content\/uploads\/2023\/05\/2023-05-affiche-pt.png\" alt=\"\" class=\"wp-image-3924\" srcset=\"https:\/\/rers-nancy.fr\/new2\/wp-content\/uploads\/2023\/05\/2023-05-affiche-pt.png 230w, https:\/\/rers-nancy.fr\/new2\/wp-content\/uploads\/2023\/05\/2023-05-affiche-pt-217x306.png 217w\" sizes=\"auto, (max-width: 230px) 100vw, 230px\" \/><\/figure>\n<\/div><\/div>\n\n<\/div><\/div>\n\n<style>.kb-row-layout-id_7afb2e-be > .kt-row-column-wrap{align-content:start;}:where(.kb-row-layout-id_7afb2e-be > .kt-row-column-wrap) > .wp-block-kadence-column{justify-content:start;}.kb-row-layout-id_7afb2e-be > .kt-row-column-wrap{column-gap:var(--global-kb-gap-md, 2rem);row-gap:var(--global-kb-gap-md, 2rem);padding-top:var(--global-kb-spacing-sm, 1.5rem);padding-bottom:var(--global-kb-spacing-sm, 1.5rem);grid-template-columns:minmax(0, 2fr) minmax(0, 1fr);}.kb-row-layout-id_7afb2e-be > .kt-row-layout-overlay{opacity:0.30;}@media all and (max-width: 1024px){.kb-row-layout-id_7afb2e-be > .kt-row-column-wrap{grid-template-columns:minmax(0, 2fr) minmax(0, 1fr);}}@media all and (max-width: 767px){.kb-row-layout-id_7afb2e-be > .kt-row-column-wrap{grid-template-columns:minmax(0, 1fr);}}<\/style><div class=\"kb-row-layout-wrap kb-row-layout-id_7afb2e-be alignnone wp-block-kadence-rowlayout\"><div class=\"kt-row-column-wrap kt-has-2-columns kt-row-layout-left-golden kt-tab-layout-inherit kt-mobile-layout-row kt-row-valign-top\">\n<style>.kadence-column_8db33f-b2 > .kt-inside-inner-col,.kadence-column_8db33f-b2 > .kt-inside-inner-col:before{border-top-left-radius:0px;border-top-right-radius:0px;border-bottom-right-radius:0px;border-bottom-left-radius:0px;}.kadence-column_8db33f-b2 > .kt-inside-inner-col{column-gap:var(--global-kb-gap-sm, 1rem);}.kadence-column_8db33f-b2 > .kt-inside-inner-col{flex-direction:column;}.kadence-column_8db33f-b2 > .kt-inside-inner-col > .aligncenter{width:100%;}.kadence-column_8db33f-b2 > .kt-inside-inner-col:before{opacity:0.3;}.kadence-column_8db33f-b2{position:relative;}@media all and (max-width: 1024px){.kadence-column_8db33f-b2 > .kt-inside-inner-col{flex-direction:column;justify-content:center;}}@media all and (max-width: 767px){.kadence-column_8db33f-b2 > .kt-inside-inner-col{flex-direction:column;justify-content:center;}}<\/style>\n<div class=\"wp-block-kadence-column kadence-column_8db33f-b2 inner-column-1\"><div class=\"kt-inside-inner-col\">\n<h3 class=\"wp-block-heading has-text-align-center\" id=\"l-art-de-creer-les-arts-s-explosent-a-la-cure-d-air\">L&rsquo;art de cr\u00e9er : Les arts s&rsquo;explosent \u00e0 la Cure d&rsquo;Air<\/h3>\n<\/div><\/div>\n\n\n<style>.kadence-column_1f4944-36 > .kt-inside-inner-col,.kadence-column_1f4944-36 > .kt-inside-inner-col:before{border-top-left-radius:0px;border-top-right-radius:0px;border-bottom-right-radius:0px;border-bottom-left-radius:0px;}.kadence-column_1f4944-36 > .kt-inside-inner-col{column-gap:var(--global-kb-gap-sm, 1rem);}.kadence-column_1f4944-36 > .kt-inside-inner-col{flex-direction:column;}.kadence-column_1f4944-36 > .kt-inside-inner-col > .aligncenter{width:100%;}.kadence-column_1f4944-36 > .kt-inside-inner-col:before{opacity:0.3;}.kadence-column_1f4944-36{position:relative;}@media all and (max-width: 1024px){.kadence-column_1f4944-36 > .kt-inside-inner-col{flex-direction:column;justify-content:center;}}@media all and (max-width: 767px){.kadence-column_1f4944-36 > .kt-inside-inner-col{flex-direction:column;justify-content:center;}}<\/style>\n<div class=\"wp-block-kadence-column kadence-column_1f4944-36 inner-column-2\"><div class=\"kt-inside-inner-col\">\n<figure class=\"wp-block-image size-full\"><img loading=\"lazy\" decoding=\"async\" width=\"298\" height=\"88\" src=\"https:\/\/rers-nancy.fr\/new2\/wp-content\/uploads\/2020\/02\/2020-05-29_affiche_large_Pt.jpg\" alt=\"2020 05 29 affiche large Pt\" class=\"wp-image-577\"\/><\/figure>\n<\/div><\/div>\n\n<\/div><\/div>\n\n<style>.kb-row-layout-id_a91a66-78 > .kt-row-column-wrap{align-content:start;}:where(.kb-row-layout-id_a91a66-78 > .kt-row-column-wrap) > .wp-block-kadence-column{justify-content:start;}.kb-row-layout-id_a91a66-78 > .kt-row-column-wrap{column-gap:var(--global-kb-gap-md, 2rem);row-gap:var(--global-kb-gap-md, 2rem);padding-top:var(--global-kb-spacing-sm, 1.5rem);padding-bottom:var(--global-kb-spacing-sm, 1.5rem);grid-template-columns:minmax(0, 2fr) minmax(0, 1fr);}.kb-row-layout-id_a91a66-78 > .kt-row-layout-overlay{opacity:0.30;}@media all and (max-width: 1024px){.kb-row-layout-id_a91a66-78 > .kt-row-column-wrap{grid-template-columns:minmax(0, 2fr) minmax(0, 1fr);}}@media all and (max-width: 767px){.kb-row-layout-id_a91a66-78 > .kt-row-column-wrap{grid-template-columns:minmax(0, 1fr);}}<\/style><div class=\"kb-row-layout-wrap kb-row-layout-id_a91a66-78 alignnone wp-block-kadence-rowlayout\"><div class=\"kt-row-column-wrap kt-has-2-columns kt-row-layout-left-golden kt-tab-layout-inherit kt-mobile-layout-row kt-row-valign-top\">\n<style>.kadence-column_9b7b43-f2 > .kt-inside-inner-col,.kadence-column_9b7b43-f2 > .kt-inside-inner-col:before{border-top-left-radius:0px;border-top-right-radius:0px;border-bottom-right-radius:0px;border-bottom-left-radius:0px;}.kadence-column_9b7b43-f2 > .kt-inside-inner-col{column-gap:var(--global-kb-gap-sm, 1rem);}.kadence-column_9b7b43-f2 > .kt-inside-inner-col{flex-direction:column;}.kadence-column_9b7b43-f2 > .kt-inside-inner-col > .aligncenter{width:100%;}.kadence-column_9b7b43-f2 > .kt-inside-inner-col:before{opacity:0.3;}.kadence-column_9b7b43-f2{position:relative;}@media all and (max-width: 1024px){.kadence-column_9b7b43-f2 > .kt-inside-inner-col{flex-direction:column;justify-content:center;}}@media all and (max-width: 767px){.kadence-column_9b7b43-f2 > .kt-inside-inner-col{flex-direction:column;justify-content:center;}}<\/style>\n<div class=\"wp-block-kadence-column kadence-column_9b7b43-f2 inner-column-1\"><div class=\"kt-inside-inner-col\">\n<h4 class=\"wp-block-heading has-text-align-center\" id=\"savoirs-en-fete-2014-un-reseau-de-reseaux\">Savoirs en f\u00eate 2014 : un r\u00e9seau de r\u00e9seaux<\/h4>\n<\/div><\/div>\n\n\n<style>.kadence-column_ed614a-4f > .kt-inside-inner-col,.kadence-column_ed614a-4f > .kt-inside-inner-col:before{border-top-left-radius:0px;border-top-right-radius:0px;border-bottom-right-radius:0px;border-bottom-left-radius:0px;}.kadence-column_ed614a-4f > .kt-inside-inner-col{column-gap:var(--global-kb-gap-sm, 1rem);}.kadence-column_ed614a-4f > .kt-inside-inner-col{flex-direction:column;}.kadence-column_ed614a-4f > .kt-inside-inner-col > .aligncenter{width:100%;}.kadence-column_ed614a-4f > .kt-inside-inner-col:before{opacity:0.3;}.kadence-column_ed614a-4f{position:relative;}@media all and (max-width: 1024px){.kadence-column_ed614a-4f > .kt-inside-inner-col{flex-direction:column;justify-content:center;}}@media all and (max-width: 767px){.kadence-column_ed614a-4f > .kt-inside-inner-col{flex-direction:column;justify-content:center;}}<\/style>\n<div class=\"wp-block-kadence-column kadence-column_ed614a-4f inner-column-2\"><div class=\"kt-inside-inner-col\"><\/div><\/div>\n\n<\/div><\/div>\n\n<style>.kb-row-layout-id_b80e8c-28 > .kt-row-column-wrap{align-content:start;}:where(.kb-row-layout-id_b80e8c-28 > .kt-row-column-wrap) > .wp-block-kadence-column{justify-content:start;}.kb-row-layout-id_b80e8c-28 > .kt-row-column-wrap{column-gap:var(--global-kb-gap-md, 2rem);row-gap:var(--global-kb-gap-md, 2rem);padding-top:var(--global-kb-spacing-sm, 1.5rem);padding-bottom:var(--global-kb-spacing-sm, 1.5rem);grid-template-columns:minmax(0, 2fr) minmax(0, 1fr);}.kb-row-layout-id_b80e8c-28 > .kt-row-layout-overlay{opacity:0.30;}@media all and (max-width: 1024px){.kb-row-layout-id_b80e8c-28 > .kt-row-column-wrap{grid-template-columns:minmax(0, 2fr) minmax(0, 1fr);}}@media all and (max-width: 767px){.kb-row-layout-id_b80e8c-28 > .kt-row-column-wrap{grid-template-columns:minmax(0, 1fr);}}<\/style><div class=\"kb-row-layout-wrap kb-row-layout-id_b80e8c-28 alignnone wp-block-kadence-rowlayout\"><div class=\"kt-row-column-wrap kt-has-2-columns kt-row-layout-left-golden kt-tab-layout-inherit kt-mobile-layout-row kt-row-valign-top\">\n<style>.kadence-column_c281c0-96 > .kt-inside-inner-col,.kadence-column_c281c0-96 > .kt-inside-inner-col:before{border-top-left-radius:0px;border-top-right-radius:0px;border-bottom-right-radius:0px;border-bottom-left-radius:0px;}.kadence-column_c281c0-96 > .kt-inside-inner-col{column-gap:var(--global-kb-gap-sm, 1rem);}.kadence-column_c281c0-96 > .kt-inside-inner-col{flex-direction:column;}.kadence-column_c281c0-96 > .kt-inside-inner-col > .aligncenter{width:100%;}.kadence-column_c281c0-96 > .kt-inside-inner-col:before{opacity:0.3;}.kadence-column_c281c0-96{position:relative;}@media all and (max-width: 1024px){.kadence-column_c281c0-96 > .kt-inside-inner-col{flex-direction:column;justify-content:center;}}@media all and (max-width: 767px){.kadence-column_c281c0-96 > .kt-inside-inner-col{flex-direction:column;justify-content:center;}}<\/style>\n<div class=\"wp-block-kadence-column kadence-column_c281c0-96 inner-column-1\"><div class=\"kt-inside-inner-col\">\n<h4 class=\"wp-block-heading has-text-align-center\" id=\"la-fete-des-collines\">La f\u00eate des Collines<\/h4>\n<\/div><\/div>\n\n\n<style>.kadence-column_f2879d-75 > .kt-inside-inner-col,.kadence-column_f2879d-75 > .kt-inside-inner-col:before{border-top-left-radius:0px;border-top-right-radius:0px;border-bottom-right-radius:0px;border-bottom-left-radius:0px;}.kadence-column_f2879d-75 > .kt-inside-inner-col{column-gap:var(--global-kb-gap-sm, 1rem);}.kadence-column_f2879d-75 > .kt-inside-inner-col{flex-direction:column;}.kadence-column_f2879d-75 > .kt-inside-inner-col > .aligncenter{width:100%;}.kadence-column_f2879d-75 > .kt-inside-inner-col:before{opacity:0.3;}.kadence-column_f2879d-75{position:relative;}@media all and (max-width: 1024px){.kadence-column_f2879d-75 > .kt-inside-inner-col{flex-direction:column;justify-content:center;}}@media all and (max-width: 767px){.kadence-column_f2879d-75 > .kt-inside-inner-col{flex-direction:column;justify-content:center;}}<\/style>\n<div class=\"wp-block-kadence-column kadence-column_f2879d-75 inner-column-2\"><div class=\"kt-inside-inner-col\">\n<figure class=\"wp-block-image size-full\"><img loading=\"lazy\" decoding=\"async\" width=\"200\" height=\"150\" src=\"https:\/\/rers-nancy.fr\/new2\/wp-content\/uploads\/2019\/05\/standRERS01Pt.png\" alt=\"standRERS01Pt\" class=\"wp-image-530\"\/><figcaption class=\"wp-element-caption\">Le stand<\/figcaption><\/figure>\n<\/div><\/div>\n\n<\/div><\/div>\n\n\n<p><\/p>\n","protected":false},"excerpt":{"rendered":"<p>Tous les deux ans, le RERS-Nancy organise une grande f\u00eate sur un th\u00e8me choisi longtemps \u00e0 l&rsquo;avance. Selon le th\u00e8me choisi, le RERS-Nancy invite des associations, entreprises, coop\u00e9ratives, artisans \u00e0 participer \u00e0 ces f\u00eates, occasions de conna\u00eetre ce qui se fait dans la Grand Nancy&nbsp;<a class=\"read-more\" href=\"https:\/\/rers-nancy.fr\/new2\/les-co-constructions-de-savoirs\/les-savoirs-en-fete\/\">&hellip;<\/a><\/p>\n","protected":false},"author":1,"featured_media":0,"parent":1306,"menu_order":3,"comment_status":"closed","ping_status":"closed","template":"","meta":{"footnotes":""},"class_list":["post-1455","page","type-page","status-publish","hentry"],"_links":{"self":[{"href":"https:\/\/rers-nancy.fr\/new2\/wp-json\/wp\/v2\/pages\/1455","targetHints":{"allow":["GET"]}}],"collection":[{"href":"https:\/\/rers-nancy.fr\/new2\/wp-json\/wp\/v2\/pages"}],"about":[{"href":"https:\/\/rers-nancy.fr\/new2\/wp-json\/wp\/v2\/types\/page"}],"author":[{"embeddable":true,"href":"https:\/\/rers-nancy.fr\/new2\/wp-json\/wp\/v2\/users\/1"}],"replies":[{"embeddable":true,"href":"https:\/\/rers-nancy.fr\/new2\/wp-json\/wp\/v2\/comments?post=1455"}],"version-history":[{"count":9,"href":"https:\/\/rers-nancy.fr\/new2\/wp-json\/wp\/v2\/pages\/1455\/revisions"}],"predecessor-version":[{"id":5422,"href":"https:\/\/rers-nancy.fr\/new2\/wp-json\/wp\/v2\/pages\/1455\/revisions\/5422"}],"up":[{"embeddable":true,"href":"https:\/\/rers-nancy.fr\/new2\/wp-json\/wp\/v2\/pages\/1306"}],"wp:attachment":[{"href":"https:\/\/rers-nancy.fr\/new2\/wp-json\/wp\/v2\/media?parent=1455"}],"curies":[{"name":"wp","href":"https:\/\/api.w.org\/{rel}","templated":true}]}}