{"id":1457,"date":"2022-02-02T12:07:06","date_gmt":"2022-02-02T11:07:06","guid":{"rendered":"https:\/\/rers-nancy.fr\/new2\/?page_id=1457"},"modified":"2022-02-06T11:27:21","modified_gmt":"2022-02-06T10:27:21","slug":"lart-de-creer-les-arts-sexplosent-a-la-cure-dair","status":"publish","type":"page","link":"https:\/\/rers-nancy.fr\/new2\/les-co-constructions-de-savoirs\/les-savoirs-en-fete\/lart-de-creer-les-arts-sexplosent-a-la-cure-dair\/","title":{"rendered":"L&rsquo;art de cr\u00e9er : les arts s&rsquo;explosent \u00e0 la Cure d&rsquo;Air"},"content":{"rendered":"\n<h2 class=\"wp-block-heading\" id=\"une-exposition-au-parc-de-la-cure-d-air-et-dans-sa-guinguette-a-nancy\"><img loading=\"lazy\" decoding=\"async\" class=\" size-full wp-image-577\" src=\"https:\/\/rers-nancy.fr\/new2\/wp-content\/uploads\/2020\/02\/2020-05-29_affiche_large_Pt.jpg\" alt=\"2020 05 29 affiche large Pt\" width=\"298\" height=\"88\">Une exposition au Parc de La Cure d\u2019Air et dans sa guinguette \u00e0 Nancy<\/h2>\n\n\n\n<h3 class=\"wp-block-heading\" id=\"samedi-26-apres-midi-et-dimanche-27-septembre-2020\">Samedi 26 apr\u00e8s-midi et dimanche 27 septembre 2020<\/h3>\n\n\n\n<div class=\"wp-block-image\"><figure class=\"alignright\"><img loading=\"lazy\" decoding=\"async\" width=\"298\" height=\"420\" src=\"https:\/\/rers-nancy.fr\/new2\/wp-content\/uploads\/2020\/02\/2020-05-29_affiche.jpg\" alt=\"2020 05 29 affiche\" class=\"wp-image-578\" srcset=\"https:\/\/rers-nancy.fr\/new2\/wp-content\/uploads\/2020\/02\/2020-05-29_affiche.jpg 298w, https:\/\/rers-nancy.fr\/new2\/wp-content\/uploads\/2020\/02\/2020-05-29_affiche-213x300.jpg 213w\" sizes=\"auto, (max-width: 298px) 100vw, 298px\" \/><\/figure><\/div>\n\n\n\n<p>organis\u00e9e par<\/p>\n\n\n\n<ul class=\"wp-block-list\"><li>Le R\u00e9seau d&rsquo;Echanges R\u00e9ciproques de Savoirs (RERS-Nancy<\/li><li>Bipolaire ? Si Tu Savais&#8230;<\/li><li>et le GEM \u00ab\u00a0Les Cr\u00e9arts\u00a0\u00bb<\/li><\/ul>\n\n\n\n<p>Les 3 associations vous proposent de participer<br>\u00e0 une manifestation publique artistique,<br>avec possibilit\u00e9 de vente des \u0153uvres expos\u00e9es<br>dans le parc de la Cure d\u2019Air (64 rue Marquette, Nancy), dans sa guinguette et dans le Jardin Partag\u00e9 du RERS-Nancy.<\/p>\n\n\n\n<p><b>Au programme :<\/b><\/p>\n\n\n\n<ul class=\"wp-block-list\"><li>Samedi 26 septembre 2020 &#8211; de 14h \u00e0 18h<\/li><li>Dimanche 27 septembre &#8211; de 10h \u00e0 18h.<\/li><\/ul>\n\n\n\n<h3 class=\"wp-block-heading\" id=\"50-artistes-exposent-leurs-oeuvres\">50 artistes exposent leurs \u0153uvres<\/h3>\n\n\n\n<p>Azzab <strong>ABELRHAMI<\/strong>, <em>Savon, p\u00e2te \u00e0 sel, laine feutr\u00e9e<\/em><strong> &#8211; <\/strong>Linda <strong>ACOSTA SALGADO<\/strong>, <em>Dessin Peinture<\/em><strong> &#8211; <\/strong>Marie-Jos\u00e9 <strong>ANDRE<\/strong>, <em>Peinture saisons<\/em><strong> &#8211; <\/strong><a href=\"https:\/\/rers-nancy.fr\/new2\/les-co-constructions-de-savoirs\/le-jardin-partage\/fusing-au-jardin\/\" data-type=\"page\" data-id=\"1453\">Ginette <strong>ARNOULD<\/strong>, <em>Fantaisies du verre<\/em><\/a><strong> &#8211; <\/strong>Mich\u00e8le <strong>AYIVI<\/strong>, <em>V\u00eatements enfants<\/em><strong>&#8211; <\/strong>Caroline <strong>BALLET<\/strong>, <em>Peinture<\/em><strong>&#8211; <\/strong>V\u00e9ronique <strong>BENARROCH<\/strong>, <em>Tableaux &amp; d\u00e9cos<\/em><strong> &#8211; <\/strong>Fran\u00e7oise <strong>CERF<\/strong>, <em>Peinture \/ photo \/ animation<\/em><strong> &#8211; <\/strong>Fran\u00e7oise <strong>CERF les Cr\u00e9arts<\/strong>, <em>techniques mixtes \/ animation<\/em><strong>&#8211; <\/strong>Michel <strong>CHOPIN<\/strong>, <em>tableaux huile aquarelle<\/em><strong> &#8211; <\/strong>Patrick <strong>COURCOUL<\/strong>, <em>Peintures abstraites<\/em><strong> &#8211; <\/strong>H\u00e9l\u00e8ne <strong>COYDON<\/strong>, Christine <strong>LANDON<\/strong>, Francine <strong>MEYER<\/strong>, <em>Aiguilles Cr\u00e9atives<\/em><strong> &#8211; <\/strong>Maria Angela <strong>CURULLA<\/strong>, <em>Art floral<\/em><strong>&#8211; <\/strong>Annabelle <strong>DARDINIER<\/strong>, <em>V\u00eatements, accessoires<\/em><strong> &#8211; <\/strong>Jacqueline <strong>DE MERCY<\/strong>, <em>Gravures, peintures<\/em><strong>&#8211; <\/strong>Thierry <strong>DEMANGEON<\/strong>, <em>Peinture sculpture sur carton<\/em><strong> &#8211; <\/strong>Gr\u00e9gory <strong>DUPONT<\/strong>, <em>Bronze, p\u00e2te de verre<\/em><strong> &#8211; <\/strong>Anne Ga\u00eblle <strong>ELIE<\/strong>, <em>\u0153uvres picturales<\/em><strong> &#8211; <\/strong>Sophie <strong>ENGEL<\/strong>, <em>images, dessins, oracles<\/em><strong> &#8211; <\/strong>Axelle <strong>FERRY<\/strong>, <em>Dessins, tableaux, poup\u00e9es<\/em><strong>&#8211; <\/strong>Julien <strong>FISCHER<\/strong>, <em>poterie, luminaires<\/em><strong> &#8211; <\/strong>Alex <strong>GABRIEL<\/strong>, <em>Illustrations num\u00e9riques<\/em><strong>&#8211; <\/strong>Martine <strong>GALLET<\/strong>, <em>Textile femme<\/em><strong>&#8211; <\/strong>Rachel <strong>GASCARD<\/strong>, <em>Bruits de terre<\/em><strong> &#8211; <\/strong>Maud <strong>GIRAUD<\/strong>, <em>Tapisserie ameublement<\/em><strong>&#8211; <\/strong>Laure <strong>GLORY<\/strong>, <em>attrape-r\u00eaves, paniers, cabas<\/em><strong> &#8211; <\/strong>V\u00e9ronique <strong>GOETZMANN<\/strong>, <em>Tableaux, collages<\/em><strong>&#8211; <\/strong>Micheline <strong>GROJEAN<\/strong>, <em>Porcelaines<\/em><strong>&#8211; <\/strong>Nelly <strong>JOB<\/strong>, <em>peinture<\/em><strong> &#8211; <\/strong>Marie <strong>JOUGLET<\/strong>, <em>Couture objets d\u00e9co<\/em><strong> &#8211; <\/strong>Emmanuelle <strong>JOURDOIS<\/strong>, <em>Mosa\u00efque<\/em><strong>&#8211; <\/strong>Alexia <strong>KELSEN<\/strong>, <em>Livre jeunesse<\/em><strong> &#8211; <\/strong>Ouassila <strong>KHEMIRI<\/strong>, <em>V\u00eatements Femmes<\/em><strong> &#8211; <\/strong>Ghazi <strong>KRIAA<\/strong>, <em>Peinture Street art<\/em><strong> &#8211; <\/strong>Yacine <strong>LATRECHE<\/strong>, <em>Land Art<\/em><strong> &#8211; <\/strong>Laura <strong>MANSUY<\/strong>, <em>Broches, bijoux, broderies<\/em><strong> &#8211; <\/strong>Anne <strong>MARQUER<\/strong>, <em>bijoux fantaisie \/ fimo<\/em><strong> &#8211; <\/strong>Guilaine <strong>MARTIN<\/strong>, <em>Peinture<\/em><strong>&#8211; <\/strong>C\u00e9line <strong>MASSONNEAU<\/strong>, <em>On the rocks<\/em><strong> &#8211; <\/strong>Charlotte <strong>MUNERELLE<\/strong>, <em>Graphiste aquarelliste<\/em><strong> &#8211; <\/strong>Marie <strong>NOWAKOWSKI<\/strong>, <em>Acryliques<\/em><strong> &#8211; <\/strong>Lydie <strong>LYK<\/strong>, <em>Sculpture, arts bijoux<\/em><strong> &#8211; <\/strong>Marco <strong>PERNA<\/strong>, <em>Tableaux<\/em><strong>&#8211; <\/strong>Agnieszka <strong>PREGOWSKA<\/strong>, <em>tableaux, dessins<\/em><strong> &#8211; <\/strong>Claude <strong>RICHY<\/strong>, <em>Bijoux p\u00e2te polym\u00e8re<\/em><strong> &#8211; <\/strong>Diane <strong>ROHN<\/strong>, <em>Bijoux<\/em><strong> &#8211; <\/strong>Eric <strong>SALOMON<\/strong>, <em>Peinture<\/em><strong> &#8211; <\/strong>Isabelle <strong>SAYS<\/strong>, <em>petits objets gr\u00e8s\/raku<\/em><strong> &#8211; <\/strong>Denis <strong>SCHOULER<\/strong>, <em>huiles<\/em><strong>&#8211; <\/strong>Mireille <strong>ST DIZIER CERF<\/strong>, <em>techniques mixtes \/ art brut<\/em><strong>&#8211; <\/strong>Emilie <strong>STEIDEL<\/strong>, <em>Broderies<\/em><strong> &#8211; <\/strong>Dorota <strong>SZYMANSKA<\/strong>, <em>collages, monotype<\/em><strong>&#8211; <\/strong>Fran\u00e7oise <strong>TENENBAUM<\/strong> et Guila<strong> ISRAEL<\/strong>, <em>Tissus recycl\u00e9s, abstractions<\/em><strong> &#8211; <\/strong>Sylviane <strong>THIEBAUT<\/strong>, <em>Fusing, tiffany, vitrail<\/em><strong> &#8211; <\/strong>Dominique<strong> WILLIG<\/strong>, <em>tissage tapisserie<strong> &#8211;<\/strong><\/em><\/p>\n\n\n\n<p>Intitul\u00e9e <b>\u00ab L\u2019ART DE CREER \u00bb<\/b>, cette manifestation a pour th\u00e8me la cr\u00e9ativit\u00e9 et l\u2019expression artistique.<\/p>\n\n\n\n<p>A cette occasion, <b><em>\u00ab Les Arts s\u2019explosent \u00e0 la Cure d\u2019Air ! \u00bb<\/em><\/b> mettra en sc\u00e8ne les \u0153uvres artistiques et d\u2019artisanat d\u2019art dans de nombreux domaines cr\u00e9atifs :<\/p>\n\n\n\n<ul class=\"wp-block-list\"><li>arts graphiques, plastiques, visuels,<\/li><li>photographie,<\/li><li>art de l&rsquo;aiguille,<\/li><li>sculpture,<\/li><li>art floral,<\/li><li>musique, danse, &#8230;<\/li><\/ul>\n\n\n\n<p>L\u2019esprit et la philosophie du R\u00e9seau d\u2019Echanges R\u00e9ciproques de Savoirs donneront la tonalit\u00e9 \u00e0 cet \u00e9v\u00e9nement.<br>Les participants \u00e0 l\u2019exposition seront invit\u00e9s \u00e0 partager avec les visiteurs leur cr\u00e9ativit\u00e9 sous la forme qui leur convient :br \/&gt; explication, d\u00e9monstration, affichage, atelier&#8230;<br>Ils devront \u00e9galement mettre en sc\u00e8ne leurs \u0153uvres de fa\u00e7on cr\u00e9ative, en harmonie avec le th\u00e8me de l\u2019exposition. Nous voulons offrir aux visiteurs une explosion de cr\u00e9ativit\u00e9 !<br>Contact : <a href=\"mailto:contacts.mai.2020@gmail.com\">contacts.mai.2020@gmail.com<\/a><\/p>\n\n\n\n<p><b>organisatrices :<\/b><\/p>\n\n\n\n<ul class=\"wp-block-list\"><li>Fran\u00e7oise Chalot-Prat, RERS-Nancy<\/li><li>Marie-Paule Pierrel, Bipolaire? Si Tu Savais&#8230;<\/li><li>Fran\u00e7oise Cerf, Le GEM les Cr\u00e9arts<\/li><\/ul>\n\n\n\n<h2 class=\"wp-block-heading\" id=\"les-artistes-presentent-leurs-oeuvres-ci-dessous\">Les artistes pr\u00e9sentent leurs \u0153uvres ci-dessous<\/h2>\n\n\n\n<figure class=\"wp-block-image\"><img loading=\"lazy\" decoding=\"async\" width=\"849\" height=\"315\" src=\"https:\/\/rers-nancy.fr\/new2\/wp-content\/uploads\/2020\/08\/charlotte_munerelle_le_grenier_a_dessins.png\" alt=\"charlotte munerelle le grenier \u00e0 dessins\" class=\"wp-image-584\" srcset=\"https:\/\/rers-nancy.fr\/new2\/wp-content\/uploads\/2020\/08\/charlotte_munerelle_le_grenier_a_dessins.png 849w, https:\/\/rers-nancy.fr\/new2\/wp-content\/uploads\/2020\/08\/charlotte_munerelle_le_grenier_a_dessins-300x111.png 300w, https:\/\/rers-nancy.fr\/new2\/wp-content\/uploads\/2020\/08\/charlotte_munerelle_le_grenier_a_dessins-768x285.png 768w\" sizes=\"auto, (max-width: 849px) 100vw, 849px\" \/><figcaption><strong>Charlotte Munerelle vous invite dans son grenier \u00e0 dessins<\/strong><\/figcaption><\/figure>\n\n\n\n<figure class=\"wp-block-image\"><img loading=\"lazy\" decoding=\"async\" width=\"849\" height=\"315\" src=\"https:\/\/rers-nancy.fr\/new2\/wp-content\/uploads\/2020\/08\/02_GregDupont.png\" alt=\"02 GregDupont\" class=\"wp-image-586\" srcset=\"https:\/\/rers-nancy.fr\/new2\/wp-content\/uploads\/2020\/08\/02_GregDupont.png 849w, https:\/\/rers-nancy.fr\/new2\/wp-content\/uploads\/2020\/08\/02_GregDupont-300x111.png 300w, https:\/\/rers-nancy.fr\/new2\/wp-content\/uploads\/2020\/08\/02_GregDupont-768x285.png 768w\" sizes=\"auto, (max-width: 849px) 100vw, 849px\" \/><figcaption><strong>Les danseurs de verre de Greg Dupont<\/strong><\/figcaption><\/figure>\n\n\n\n<h6 class=\"has-text-align-center wp-block-heading\" id=\"bruits-de-terre-ceramiques-de-rachel-gascard\">Bruits de terre, c\u00e9ramiques de Rachel Gascard<\/h6>\n\n\n\n<p><img loading=\"lazy\" decoding=\"async\" width=\"849\" height=\"315\" src=\"https:\/\/rers-nancy.fr\/new2\/wp-content\/uploads\/2020\/08\/03_bruits_de_terres_ceramiques_rachel_gascard.png\" alt=\"03 bruits de terres ceramiques rachel gascard\"><\/p>\n\n\n\n<p><img loading=\"lazy\" decoding=\"async\" width=\"849\" height=\"450\" src=\"https:\/\/rers-nancy.fr\/new2\/wp-content\/uploads\/2020\/08\/04_La_Tine.png\" alt=\"04 La Tine\"><\/p>\n\n\n\n<p><img loading=\"lazy\" decoding=\"async\" width=\"849\" height=\"450\" src=\"https:\/\/rers-nancy.fr\/new2\/wp-content\/uploads\/2020\/08\/05_atelier_dArtemis.png\" alt=\"05 atelier dArt\u00e9mis\"><\/p>\n\n\n\n<h5 class=\"wp-block-heading\"><img loading=\"lazy\" decoding=\"async\" width=\"849\" height=\"450\" src=\"https:\/\/rers-nancy.fr\/new2\/wp-content\/uploads\/2020\/09\/06_micheline_grojean.png\" alt=\"06 micheline grojean\"><\/h5>\n\n\n\n<figure class=\"wp-block-image\"><img loading=\"lazy\" decoding=\"async\" width=\"849\" height=\"450\" src=\"https:\/\/rers-nancy.fr\/new2\/wp-content\/uploads\/2020\/09\/08_pat.C_creation_recupart.png\" alt=\"08 pat.C cr\u00e9ation r\u00e9cupart\" class=\"wp-image-596\" srcset=\"https:\/\/rers-nancy.fr\/new2\/wp-content\/uploads\/2020\/09\/08_pat.C_creation_recupart.png 849w, https:\/\/rers-nancy.fr\/new2\/wp-content\/uploads\/2020\/09\/08_pat.C_creation_recupart-300x159.png 300w, https:\/\/rers-nancy.fr\/new2\/wp-content\/uploads\/2020\/09\/08_pat.C_creation_recupart-768x407.png 768w\" sizes=\"auto, (max-width: 849px) 100vw, 849px\" \/><\/figure>\n\n\n\n<figure class=\"wp-block-image\"><img loading=\"lazy\" decoding=\"async\" width=\"849\" height=\"315\" src=\"https:\/\/rers-nancy.fr\/new2\/wp-content\/uploads\/2020\/09\/07_Nelly_Job.png\" alt=\"07 Nelly Job\" class=\"wp-image-598\" srcset=\"https:\/\/rers-nancy.fr\/new2\/wp-content\/uploads\/2020\/09\/07_Nelly_Job.png 849w, https:\/\/rers-nancy.fr\/new2\/wp-content\/uploads\/2020\/09\/07_Nelly_Job-300x111.png 300w, https:\/\/rers-nancy.fr\/new2\/wp-content\/uploads\/2020\/09\/07_Nelly_Job-768x285.png 768w\" sizes=\"auto, (max-width: 849px) 100vw, 849px\" \/><\/figure>\n\n\n\n<figure class=\"wp-block-image\"><img loading=\"lazy\" decoding=\"async\" width=\"849\" height=\"450\" src=\"https:\/\/rers-nancy.fr\/new2\/wp-content\/uploads\/2020\/09\/09_creations_MOOTZ.png\" alt=\"09 cr\u00e9ations MOOTZ\" class=\"wp-image-600\" srcset=\"https:\/\/rers-nancy.fr\/new2\/wp-content\/uploads\/2020\/09\/09_creations_MOOTZ.png 849w, https:\/\/rers-nancy.fr\/new2\/wp-content\/uploads\/2020\/09\/09_creations_MOOTZ-300x159.png 300w, https:\/\/rers-nancy.fr\/new2\/wp-content\/uploads\/2020\/09\/09_creations_MOOTZ-768x407.png 768w\" sizes=\"auto, (max-width: 849px) 100vw, 849px\" \/><\/figure>\n\n\n\n<figure class=\"wp-block-image\"><img loading=\"lazy\" decoding=\"async\" width=\"849\" height=\"450\" src=\"https:\/\/rers-nancy.fr\/new2\/wp-content\/uploads\/2020\/09\/10_Laura_Mansuy_broches_brodees_main.png\" alt=\"10 Laura Mansuy broches brod\u00e9es main\" class=\"wp-image-602\" srcset=\"https:\/\/rers-nancy.fr\/new2\/wp-content\/uploads\/2020\/09\/10_Laura_Mansuy_broches_brodees_main.png 849w, https:\/\/rers-nancy.fr\/new2\/wp-content\/uploads\/2020\/09\/10_Laura_Mansuy_broches_brodees_main-300x159.png 300w, https:\/\/rers-nancy.fr\/new2\/wp-content\/uploads\/2020\/09\/10_Laura_Mansuy_broches_brodees_main-768x407.png 768w\" sizes=\"auto, (max-width: 849px) 100vw, 849px\" \/><\/figure>\n\n\n\n<figure class=\"wp-block-image\"><img loading=\"lazy\" decoding=\"async\" width=\"849\" height=\"450\" src=\"https:\/\/rers-nancy.fr\/new2\/wp-content\/uploads\/2020\/09\/12_Isabelle_Says.png\" alt=\"12 Isabelle Says\" class=\"wp-image-604\" srcset=\"https:\/\/rers-nancy.fr\/new2\/wp-content\/uploads\/2020\/09\/12_Isabelle_Says.png 849w, https:\/\/rers-nancy.fr\/new2\/wp-content\/uploads\/2020\/09\/12_Isabelle_Says-300x159.png 300w, https:\/\/rers-nancy.fr\/new2\/wp-content\/uploads\/2020\/09\/12_Isabelle_Says-768x407.png 768w\" sizes=\"auto, (max-width: 849px) 100vw, 849px\" \/><\/figure>\n\n\n\n<h4 class=\"wp-block-heading\"><img loading=\"lazy\" decoding=\"async\" src=\"https:\/\/rers-nancy.fr\/new2\/wp-content\/uploads\/2020\/09\/13_love_on_the_rocks_lorraine.png\" alt=\"13 love on the rocks lorraine\" width=\"849\" height=\"450\"><\/h4>\n\n\n\n<figure class=\"wp-block-image\"><img loading=\"lazy\" decoding=\"async\" width=\"849\" height=\"450\" src=\"https:\/\/rers-nancy.fr\/new2\/wp-content\/uploads\/2020\/09\/14_emmanuelle_jourdois.png\" alt=\"14 emmanuelle jourdois\" class=\"wp-image-608\" srcset=\"https:\/\/rers-nancy.fr\/new2\/wp-content\/uploads\/2020\/09\/14_emmanuelle_jourdois.png 849w, https:\/\/rers-nancy.fr\/new2\/wp-content\/uploads\/2020\/09\/14_emmanuelle_jourdois-300x159.png 300w, https:\/\/rers-nancy.fr\/new2\/wp-content\/uploads\/2020\/09\/14_emmanuelle_jourdois-768x407.png 768w\" sizes=\"auto, (max-width: 849px) 100vw, 849px\" \/><\/figure>\n\n\n\n<figure class=\"wp-block-image\"><img loading=\"lazy\" decoding=\"async\" width=\"849\" height=\"450\" src=\"https:\/\/rers-nancy.fr\/new2\/wp-content\/uploads\/2020\/09\/15_G11_street_art.png\" alt=\"15 G11 street art\" class=\"wp-image-610\" srcset=\"https:\/\/rers-nancy.fr\/new2\/wp-content\/uploads\/2020\/09\/15_G11_street_art.png 849w, https:\/\/rers-nancy.fr\/new2\/wp-content\/uploads\/2020\/09\/15_G11_street_art-300x159.png 300w, https:\/\/rers-nancy.fr\/new2\/wp-content\/uploads\/2020\/09\/15_G11_street_art-768x407.png 768w\" sizes=\"auto, (max-width: 849px) 100vw, 849px\" \/><\/figure>\n\n\n\n<figure class=\"wp-block-image\"><img loading=\"lazy\" decoding=\"async\" width=\"679\" height=\"360\" src=\"https:\/\/rers-nancy.fr\/new2\/wp-content\/uploads\/2020\/09\/17_J_de_Mercy_-_18_Claude_Richy.png\" alt=\"17 J de Mercy 18 Claude Richy\" class=\"wp-image-612\" srcset=\"https:\/\/rers-nancy.fr\/new2\/wp-content\/uploads\/2020\/09\/17_J_de_Mercy_-_18_Claude_Richy.png 679w, https:\/\/rers-nancy.fr\/new2\/wp-content\/uploads\/2020\/09\/17_J_de_Mercy_-_18_Claude_Richy-300x159.png 300w\" sizes=\"auto, (max-width: 679px) 100vw, 679px\" \/><\/figure>\n\n\n\n<p><img loading=\"lazy\" decoding=\"async\" width=\"679\" height=\"360\" src=\"https:\/\/rers-nancy.fr\/new2\/wp-content\/uploads\/2020\/09\/26_mon_fil_noir_28_fleurs_de_lame.png\" alt=\"26 mon fil noir 28 fleurs de l\u00e2me\"><\/p>\n\n\n\n<figure class=\"wp-block-image\"><img loading=\"lazy\" decoding=\"async\" width=\"849\" height=\"450\" src=\"https:\/\/rers-nancy.fr\/new2\/wp-content\/uploads\/2020\/09\/16_Martine_23_Dominique_willig.png\" alt=\"16 Martine 23 Dominique willig\" class=\"wp-image-614\" srcset=\"https:\/\/rers-nancy.fr\/new2\/wp-content\/uploads\/2020\/09\/16_Martine_23_Dominique_willig.png 849w, https:\/\/rers-nancy.fr\/new2\/wp-content\/uploads\/2020\/09\/16_Martine_23_Dominique_willig-300x159.png 300w, https:\/\/rers-nancy.fr\/new2\/wp-content\/uploads\/2020\/09\/16_Martine_23_Dominique_willig-768x407.png 768w\" sizes=\"auto, (max-width: 849px) 100vw, 849px\" \/><\/figure>\n\n\n\n<figure class=\"wp-block-image\"><img loading=\"lazy\" decoding=\"async\" width=\"679\" height=\"360\" src=\"https:\/\/rers-nancy.fr\/new2\/wp-content\/uploads\/2020\/09\/aiguilles_creatives.png\" alt=\"aiguilles cr\u00e9atives\" class=\"wp-image-630\" srcset=\"https:\/\/rers-nancy.fr\/new2\/wp-content\/uploads\/2020\/09\/aiguilles_creatives.png 679w, https:\/\/rers-nancy.fr\/new2\/wp-content\/uploads\/2020\/09\/aiguilles_creatives-300x159.png 300w\" sizes=\"auto, (max-width: 679px) 100vw, 679px\" \/><\/figure>\n\n\n\n<figure class=\"wp-block-image\"><img loading=\"lazy\" decoding=\"async\" width=\"679\" height=\"360\" src=\"https:\/\/rers-nancy.fr\/new2\/wp-content\/uploads\/2020\/09\/21_ballet_22_ayivi.png\" alt=\"21 ballet 22 ayivi\" class=\"wp-image-620\" srcset=\"https:\/\/rers-nancy.fr\/new2\/wp-content\/uploads\/2020\/09\/21_ballet_22_ayivi.png 679w, https:\/\/rers-nancy.fr\/new2\/wp-content\/uploads\/2020\/09\/21_ballet_22_ayivi-300x159.png 300w\" sizes=\"auto, (max-width: 679px) 100vw, 679px\" \/><\/figure>\n\n\n\n<figure class=\"wp-block-image\"><img loading=\"lazy\" decoding=\"async\" width=\"849\" height=\"450\" src=\"https:\/\/rers-nancy.fr\/new2\/wp-content\/uploads\/2020\/09\/19_sofy_engel_20_Lydie_LYK.jpeg\" alt=\"19 sofy engel 20 Lydie LYK\" class=\"wp-image-616\" srcset=\"https:\/\/rers-nancy.fr\/new2\/wp-content\/uploads\/2020\/09\/19_sofy_engel_20_Lydie_LYK.jpeg 849w, https:\/\/rers-nancy.fr\/new2\/wp-content\/uploads\/2020\/09\/19_sofy_engel_20_Lydie_LYK-300x159.jpeg 300w, https:\/\/rers-nancy.fr\/new2\/wp-content\/uploads\/2020\/09\/19_sofy_engel_20_Lydie_LYK-768x407.jpeg 768w\" sizes=\"auto, (max-width: 849px) 100vw, 849px\" \/><\/figure>\n\n\n\n<figure class=\"wp-block-image\"><img loading=\"lazy\" decoding=\"async\" width=\"849\" height=\"450\" src=\"https:\/\/rers-nancy.fr\/new2\/wp-content\/uploads\/2020\/09\/24_sylviane_Thiebaud_25_Maud_Giraud.png\" alt=\"24 sylviane Thiebaud 25 Maud Giraud\" class=\"wp-image-618\" srcset=\"https:\/\/rers-nancy.fr\/new2\/wp-content\/uploads\/2020\/09\/24_sylviane_Thiebaud_25_Maud_Giraud.png 849w, https:\/\/rers-nancy.fr\/new2\/wp-content\/uploads\/2020\/09\/24_sylviane_Thiebaud_25_Maud_Giraud-300x159.png 300w, https:\/\/rers-nancy.fr\/new2\/wp-content\/uploads\/2020\/09\/24_sylviane_Thiebaud_25_Maud_Giraud-768x407.png 768w\" sizes=\"auto, (max-width: 849px) 100vw, 849px\" \/><\/figure>\n\n\n\n<figure class=\"wp-block-image\"><img loading=\"lazy\" decoding=\"async\" width=\"679\" height=\"360\" src=\"https:\/\/rers-nancy.fr\/new2\/wp-content\/uploads\/2020\/09\/25_Annabelle_27_Celeste_et_mandarine.png\" alt=\"25 Annabelle 27 C\u00e9leste et mandarine\" class=\"wp-image-622\" srcset=\"https:\/\/rers-nancy.fr\/new2\/wp-content\/uploads\/2020\/09\/25_Annabelle_27_Celeste_et_mandarine.png 679w, https:\/\/rers-nancy.fr\/new2\/wp-content\/uploads\/2020\/09\/25_Annabelle_27_Celeste_et_mandarine-300x159.png 300w\" sizes=\"auto, (max-width: 679px) 100vw, 679px\" \/><\/figure>\n","protected":false},"excerpt":{"rendered":"<p>Une exposition au Parc de La Cure d\u2019Air et dans sa guinguette \u00e0 Nancy Samedi 26 apr\u00e8s-midi et dimanche 27 septembre 2020 organis\u00e9e par Le R\u00e9seau d&rsquo;Echanges R\u00e9ciproques de Savoirs (RERS-Nancy Bipolaire ? Si Tu Savais&#8230; et le GEM \u00ab\u00a0Les Cr\u00e9arts\u00a0\u00bb Les 3 associations vous&nbsp;<a class=\"read-more\" href=\"https:\/\/rers-nancy.fr\/new2\/les-co-constructions-de-savoirs\/les-savoirs-en-fete\/lart-de-creer-les-arts-sexplosent-a-la-cure-dair\/\">&hellip;<\/a><\/p>\n","protected":false},"author":1,"featured_media":0,"parent":1455,"menu_order":0,"comment_status":"closed","ping_status":"closed","template":"","meta":{"footnotes":""},"class_list":["post-1457","page","type-page","status-publish","hentry"],"_links":{"self":[{"href":"https:\/\/rers-nancy.fr\/new2\/wp-json\/wp\/v2\/pages\/1457","targetHints":{"allow":["GET"]}}],"collection":[{"href":"https:\/\/rers-nancy.fr\/new2\/wp-json\/wp\/v2\/pages"}],"about":[{"href":"https:\/\/rers-nancy.fr\/new2\/wp-json\/wp\/v2\/types\/page"}],"author":[{"embeddable":true,"href":"https:\/\/rers-nancy.fr\/new2\/wp-json\/wp\/v2\/users\/1"}],"replies":[{"embeddable":true,"href":"https:\/\/rers-nancy.fr\/new2\/wp-json\/wp\/v2\/comments?post=1457"}],"version-history":[{"count":13,"href":"https:\/\/rers-nancy.fr\/new2\/wp-json\/wp\/v2\/pages\/1457\/revisions"}],"predecessor-version":[{"id":1615,"href":"https:\/\/rers-nancy.fr\/new2\/wp-json\/wp\/v2\/pages\/1457\/revisions\/1615"}],"up":[{"embeddable":true,"href":"https:\/\/rers-nancy.fr\/new2\/wp-json\/wp\/v2\/pages\/1455"}],"wp:attachment":[{"href":"https:\/\/rers-nancy.fr\/new2\/wp-json\/wp\/v2\/media?parent=1457"}],"curies":[{"name":"wp","href":"https:\/\/api.w.org\/{rel}","templated":true}]}}