{"id":1487,"date":"2024-08-03T19:23:00","date_gmt":"2024-08-03T17:23:00","guid":{"rendered":"https:\/\/rers-nancy.fr\/new2\/?page_id=1487"},"modified":"2024-09-01T16:23:29","modified_gmt":"2024-09-01T14:23:29","slug":"foresco","status":"publish","type":"page","link":"https:\/\/rers-nancy.fr\/new2\/qui-sommes-nous\/les-rers-quest-ce-que-cest\/foresco\/","title":{"rendered":"FORESCO"},"content":{"rendered":"<style>.kb-row-layout-id_8ef2ce-5d > .kt-row-column-wrap{align-content:start;}:where(.kb-row-layout-id_8ef2ce-5d > .kt-row-column-wrap) > .wp-block-kadence-column{justify-content:start;}.kb-row-layout-id_8ef2ce-5d > .kt-row-column-wrap{column-gap:var(--global-kb-gap-md, 2rem);row-gap:var(--global-kb-gap-md, 2rem);padding-top:var(--global-kb-spacing-sm, 1.5rem);padding-bottom:var(--global-kb-spacing-sm, 1.5rem);grid-template-columns:minmax(0, calc(70% - ((var(--global-kb-gap-md, 2rem) * 1 )\/2)))minmax(0, calc(30% - ((var(--global-kb-gap-md, 2rem) * 1 )\/2)));}.kb-row-layout-id_8ef2ce-5d > .kt-row-layout-overlay{opacity:0.30;}@media all and (max-width: 1024px){.kb-row-layout-id_8ef2ce-5d > .kt-row-column-wrap{grid-template-columns:minmax(0, 2fr) minmax(0, 1fr);}}@media all and (max-width: 767px){.kb-row-layout-id_8ef2ce-5d > .kt-row-column-wrap{grid-template-columns:minmax(0, 1fr);}}<\/style><div class=\"kb-row-layout-wrap kb-row-layout-id_8ef2ce-5d alignnone wp-block-kadence-rowlayout\"><div class=\"kt-row-column-wrap kt-has-2-columns kt-row-layout-left-golden kt-tab-layout-inherit kt-mobile-layout-row kt-row-valign-top\">\n<style>.kadence-column_c066a4-6d > .kt-inside-inner-col,.kadence-column_c066a4-6d > .kt-inside-inner-col:before{border-top-left-radius:0px;border-top-right-radius:0px;border-bottom-right-radius:0px;border-bottom-left-radius:0px;}.kadence-column_c066a4-6d > .kt-inside-inner-col{column-gap:var(--global-kb-gap-sm, 1rem);}.kadence-column_c066a4-6d > .kt-inside-inner-col{flex-direction:column;}.kadence-column_c066a4-6d > .kt-inside-inner-col > .aligncenter{width:100%;}.kadence-column_c066a4-6d > .kt-inside-inner-col:before{opacity:0.3;}.kadence-column_c066a4-6d{position:relative;}@media all and (max-width: 1024px){.kadence-column_c066a4-6d > .kt-inside-inner-col{flex-direction:column;justify-content:center;}}@media all and (max-width: 767px){.kadence-column_c066a4-6d > .kt-inside-inner-col{flex-direction:column;justify-content:center;}}<\/style>\n<div class=\"wp-block-kadence-column kadence-column_c066a4-6d inner-column-1\"><div class=\"kt-inside-inner-col\">\n<p style=\"font-size:16px\">Le Mouvement fran\u00e7ais des R\u00e9seaux d&rsquo;\u00c9changes R\u00e9ciproques de Savoirs\u00ae s&rsquo;est constitu\u00e9 en association qui porte le nom de <strong>FORESCO <\/strong>(<strong>Fo<\/strong>rmation <strong>R<\/strong>\u00e9ciproques <strong>\u00c9<\/strong>changes de <strong>S<\/strong>avoirs Cr\u00e9ations <strong>Co<\/strong>llectives).<\/p>\n\n\n\n<p style=\"font-size:14px\">Association :<\/p>\n\n\n\n<ul style=\"font-size:14px\" class=\"wp-block-list\">\n<li>agr\u00e9\u00e9e \u00ab\u00a0Association nationale de jeunesse et d&rsquo;\u00e9ducation populaire\u00a0\u00bb.<\/li>\n\n\n\n<li>agr\u00e9\u00e9e \u00ab\u00a0Association compl\u00e9mentaire de l&rsquo;Enseignement public avec extension aux R\u00e9seaux d&rsquo;\u00c9change R\u00e9ciproques de Savoirs\u00ae adh\u00e9rant \u00e0 Foresco\u00a0\u00bb<\/li>\n\n\n\n<li>d\u00e9clar\u00e9e organisme de formation professionnelle aupr\u00e8s de la Pr\u00e9fecture de r\u00e9gion d&rsquo;Ile de France.<\/li>\n\n\n\n<li>r\u00e9f\u00e9renc\u00e9e au Datadock \u00a0\u00a0<\/li>\n<\/ul>\n<\/div><\/div>\n\n\n<style>.kadence-column_88ccc3-bc > .kt-inside-inner-col,.kadence-column_88ccc3-bc > .kt-inside-inner-col:before{border-top-left-radius:0px;border-top-right-radius:0px;border-bottom-right-radius:0px;border-bottom-left-radius:0px;}.kadence-column_88ccc3-bc > .kt-inside-inner-col{column-gap:var(--global-kb-gap-sm, 1rem);}.kadence-column_88ccc3-bc > .kt-inside-inner-col{flex-direction:column;}.kadence-column_88ccc3-bc > .kt-inside-inner-col > .aligncenter{width:100%;}.kadence-column_88ccc3-bc > .kt-inside-inner-col:before{opacity:0.3;}.kadence-column_88ccc3-bc{text-align:center;}.kadence-column_88ccc3-bc{position:relative;}@media all and (max-width: 1024px){.kadence-column_88ccc3-bc > .kt-inside-inner-col{flex-direction:column;justify-content:center;}}@media all and (max-width: 767px){.kadence-column_88ccc3-bc > .kt-inside-inner-col{flex-direction:column;justify-content:center;}}<\/style>\n<div class=\"wp-block-kadence-column kadence-column_88ccc3-bc inner-column-2\"><div class=\"kt-inside-inner-col\">\n<figure class=\"wp-block-image size-large\"><img loading=\"lazy\" decoding=\"async\" width=\"690\" height=\"268\" src=\"https:\/\/rers-nancy.fr\/new2\/wp-content\/uploads\/2024\/09\/2024-09-FORESCO-LOGO-690x268.png\" alt=\"\" class=\"wp-image-5379\" srcset=\"https:\/\/rers-nancy.fr\/new2\/wp-content\/uploads\/2024\/09\/2024-09-FORESCO-LOGO-690x268.png 690w, https:\/\/rers-nancy.fr\/new2\/wp-content\/uploads\/2024\/09\/2024-09-FORESCO-LOGO-460x178.png 460w, https:\/\/rers-nancy.fr\/new2\/wp-content\/uploads\/2024\/09\/2024-09-FORESCO-LOGO.png 709w\" sizes=\"auto, (max-width: 690px) 100vw, 690px\" \/><\/figure>\n\n\n\n<p style=\"font-size:14px\">3 bis, rue Blaise Pascal <br>91000 Evry-Courcouronnes<br>T\u00e9l.: 01 60 78 68 55 <br>Courriel : foresco@orange.fr <\/p>\n\n\n\n<p style=\"font-size:14px\">Site web : <a href=\"http:\/\/rers-asso.org\" data-type=\"URL\" data-id=\"rers-asso.org\" target=\"_blank\" rel=\"noreferrer noopener\">rers-asso.org<\/a><\/p>\n<\/div><\/div>\n\n<\/div><\/div>\n\n<style>.kb-row-layout-id_4e10eb-d6 > .kt-row-column-wrap{align-content:start;}:where(.kb-row-layout-id_4e10eb-d6 > .kt-row-column-wrap) > .wp-block-kadence-column{justify-content:start;}.kb-row-layout-id_4e10eb-d6 > .kt-row-column-wrap{column-gap:var(--global-kb-gap-md, 2rem);row-gap:var(--global-kb-gap-md, 2rem);padding-top:var(--global-kb-spacing-sm, 1.5rem);padding-bottom:var(--global-kb-spacing-sm, 1.5rem);grid-template-columns:minmax(0, 1fr);}.kb-row-layout-id_4e10eb-d6 > .kt-row-layout-overlay{opacity:0.30;}@media all and (max-width: 1024px){.kb-row-layout-id_4e10eb-d6 > .kt-row-column-wrap{grid-template-columns:minmax(0, 1fr);}}@media all and (max-width: 767px){.kb-row-layout-id_4e10eb-d6 > .kt-row-column-wrap{grid-template-columns:minmax(0, 1fr);}}<\/style><div class=\"kb-row-layout-wrap kb-row-layout-id_4e10eb-d6 alignnone wp-block-kadence-rowlayout\"><div class=\"kt-row-column-wrap kt-has-1-columns kt-row-layout-equal kt-tab-layout-inherit kt-mobile-layout-row kt-row-valign-top\">\n<style>.kadence-column_098ce4-d1 > .kt-inside-inner-col,.kadence-column_098ce4-d1 > .kt-inside-inner-col:before{border-top-left-radius:0px;border-top-right-radius:0px;border-bottom-right-radius:0px;border-bottom-left-radius:0px;}.kadence-column_098ce4-d1 > .kt-inside-inner-col{column-gap:var(--global-kb-gap-sm, 1rem);}.kadence-column_098ce4-d1 > .kt-inside-inner-col{flex-direction:column;}.kadence-column_098ce4-d1 > .kt-inside-inner-col > .aligncenter{width:100%;}.kadence-column_098ce4-d1 > .kt-inside-inner-col:before{opacity:0.3;}.kadence-column_098ce4-d1{position:relative;}@media all and (max-width: 1024px){.kadence-column_098ce4-d1 > .kt-inside-inner-col{flex-direction:column;justify-content:center;}}@media all and (max-width: 767px){.kadence-column_098ce4-d1 > .kt-inside-inner-col{flex-direction:column;justify-content:center;}}<\/style>\n<div class=\"wp-block-kadence-column kadence-column_098ce4-d1\"><div class=\"kt-inside-inner-col\">\n<p>L<strong>es\u00a0\u00ab\u00a0Rencontres d\u2019automne des RERS \u00bb \u00e0\u00a0Nanteau\u00a0auront\u00a0lieu du\u00a021 au 24\u00a0oct\u00a02024.<\/strong><br>Elles<strong> seront\u00a0l\u2019occasion de raconter et partager\u00a0notre histoire en mouvement, et continuer \u00e0 construire \u00abcontre vents et mar\u00e9es\u00bb notre Mouvement dans la r\u00e9ciprocit\u00e9<\/strong>.<br><strong>Nous vous rappelons que nous y partagerons nos anecdotes, t\u00e9moignages, exp\u00e9riences, nos pratiques\u00a0:<\/strong><br>* de r\u00e9seaux (ex: naissance d\u2019un r\u00e9seau, d&rsquo;une f\u00eate des savoirs partag\u00e9s), \u00e9dition d\u2019un livre\/d\u2019un CD, d\u2019 une exposition\u2026\u00a0<br>* mais aussi nos cheminements, nos parcours d\u2019apprentissages individuels et collectifs\u00a0<\/p>\n\n\n\n<p><strong>Dans ce but, des ateliers&nbsp;de lecture, d\u2019\u00e9criture, de sketchs notes, d\u2019interviews, des pratiques artistiques seront propos\u00e9s comme outils facilitateurs tout au long des 4 jours. Un livret sera donn\u00e9 \u00e0 chaque participant sur le travail commenc\u00e9 lors de ces rencontres. Vous pourrez utiliser ces outils dans votre r\u00e9seau pour poursuivre la \u00ab&nbsp;r\u00e9colte&nbsp;\u00bb des r\u00e9cits.<\/strong><\/p>\n\n\n\n<p>Comme annonc\u00e9 dans le dernier message, les co\u00fbts par personne sont de&nbsp;:<\/p>\n\n\n\n<ul class=\"wp-block-list\">\n<li>Forfait h\u00e9bergement\u00a0\u00e0 50 \u20ac<\/li>\n\n\n\n<li>les 3 repas par jour\u00a0sont estim\u00e9s \u00e0 22 \u20ac (\u00e0 payer sur place\/ esp\u00e8ces ou Ch\u00e8que)<\/li>\n<\/ul>\n\n\n\n<p>Ces ateliers entrant dans les formations soutenues&nbsp;<strong>par la fondation Beija Flor, une aide financi\u00e8re pourra \u00eatre apport\u00e9e aux R\u00e9seaux&nbsp;<\/strong>qui en formuleraient la demande (cette aide interviendra essentiellement sur les frais de d\u00e9placement \u2013 contacter Annette et\/ou Dominique)<\/p>\n<\/div><\/div>\n\n<\/div><\/div>\n\n<style>.kb-row-layout-id_e2efdf-86 > .kt-row-column-wrap{align-content:start;}:where(.kb-row-layout-id_e2efdf-86 > .kt-row-column-wrap) > .wp-block-kadence-column{justify-content:start;}.kb-row-layout-id_e2efdf-86 > .kt-row-column-wrap{column-gap:var(--global-kb-gap-md, 2rem);row-gap:var(--global-kb-gap-md, 2rem);padding-top:var(--global-kb-spacing-sm, 1.5rem);padding-bottom:var(--global-kb-spacing-sm, 1.5rem);grid-template-columns:minmax(0, 1fr);}.kb-row-layout-id_e2efdf-86 > .kt-row-layout-overlay{opacity:0.30;}@media all and (max-width: 1024px){.kb-row-layout-id_e2efdf-86 > .kt-row-column-wrap{grid-template-columns:minmax(0, 1fr);}}@media all and (max-width: 767px){.kb-row-layout-id_e2efdf-86 > .kt-row-column-wrap{grid-template-columns:minmax(0, 1fr);}}<\/style><div class=\"kb-row-layout-wrap kb-row-layout-id_e2efdf-86 alignnone wp-block-kadence-rowlayout\"><div class=\"kt-row-column-wrap kt-has-1-columns kt-row-layout-equal kt-tab-layout-inherit kt-mobile-layout-row kt-row-valign-top\">\n<style>.kadence-column_cd7103-b9 > .kt-inside-inner-col,.kadence-column_cd7103-b9 > .kt-inside-inner-col:before{border-top-left-radius:0px;border-top-right-radius:0px;border-bottom-right-radius:0px;border-bottom-left-radius:0px;}.kadence-column_cd7103-b9 > .kt-inside-inner-col{column-gap:var(--global-kb-gap-sm, 1rem);}.kadence-column_cd7103-b9 > .kt-inside-inner-col{flex-direction:column;}.kadence-column_cd7103-b9 > .kt-inside-inner-col > .aligncenter{width:100%;}.kadence-column_cd7103-b9 > .kt-inside-inner-col:before{opacity:0.3;}.kadence-column_cd7103-b9{position:relative;}@media all and (max-width: 1024px){.kadence-column_cd7103-b9 > .kt-inside-inner-col{flex-direction:column;justify-content:center;}}@media all and (max-width: 767px){.kadence-column_cd7103-b9 > .kt-inside-inner-col{flex-direction:column;justify-content:center;}}<\/style>\n<div class=\"wp-block-kadence-column kadence-column_cd7103-b9\"><div class=\"kt-inside-inner-col\">\n<h2 class=\"wp-block-heading\">Claire H\u00e9ber-Suffrin : Apprendre par la r\u00e9ciprocit\u00e9<\/h2>\n\n\n\n<p><em>Cofondatrice des R\u00e9seaux d\u2019\u00e9changes r\u00e9ciproques de savoirs\u00ae, Claire H\u00e9ber-Suffrin a \u00e9t\u00e9 institutrice li\u00e9e au mouvement Freinet. Docteure en sciences de l\u2019\u00e9ducation, aujourd\u2019hui, elle est enseignante et formatrice. Ses deux derniers ouvrages viennent de para\u00eetre : Apprendre par la r\u00e9ciprocit\u00e9 (r\u00e9inventer ensemble les d\u00e9marches p\u00e9dagogiques) ;\u00a0 ainsi que Des outils pour apprendre par la r\u00e9ciprocit\u00e9\u00a0 (animer des r\u00e9seaux d\u2019\u00e9changes r\u00e9ciproques de savoirs).<\/em><\/p>\n<\/div><\/div>\n\n<\/div><\/div>","protected":false},"excerpt":{"rendered":"<p>Le Mouvement fran\u00e7ais des R\u00e9seaux d&rsquo;\u00c9changes R\u00e9ciproques de Savoirs\u00ae s&rsquo;est constitu\u00e9 en association qui porte le nom de FORESCO (Formation R\u00e9ciproques \u00c9changes de Savoirs Cr\u00e9ations Collectives). Association : 3 bis, rue Blaise Pascal 91000 Evry-CourcouronnesT\u00e9l.: 01 60 78 68 55 Courriel : foresco@orange.fr Site web&nbsp;<a class=\"read-more\" href=\"https:\/\/rers-nancy.fr\/new2\/qui-sommes-nous\/les-rers-quest-ce-que-cest\/foresco\/\">&hellip;<\/a><\/p>\n","protected":false},"author":1,"featured_media":5379,"parent":946,"menu_order":0,"comment_status":"closed","ping_status":"closed","template":"","meta":{"footnotes":""},"class_list":["post-1487","page","type-page","status-publish","has-post-thumbnail","hentry"],"_links":{"self":[{"href":"https:\/\/rers-nancy.fr\/new2\/wp-json\/wp\/v2\/pages\/1487","targetHints":{"allow":["GET"]}}],"collection":[{"href":"https:\/\/rers-nancy.fr\/new2\/wp-json\/wp\/v2\/pages"}],"about":[{"href":"https:\/\/rers-nancy.fr\/new2\/wp-json\/wp\/v2\/types\/page"}],"author":[{"embeddable":true,"href":"https:\/\/rers-nancy.fr\/new2\/wp-json\/wp\/v2\/users\/1"}],"replies":[{"embeddable":true,"href":"https:\/\/rers-nancy.fr\/new2\/wp-json\/wp\/v2\/comments?post=1487"}],"version-history":[{"count":7,"href":"https:\/\/rers-nancy.fr\/new2\/wp-json\/wp\/v2\/pages\/1487\/revisions"}],"predecessor-version":[{"id":5383,"href":"https:\/\/rers-nancy.fr\/new2\/wp-json\/wp\/v2\/pages\/1487\/revisions\/5383"}],"up":[{"embeddable":true,"href":"https:\/\/rers-nancy.fr\/new2\/wp-json\/wp\/v2\/pages\/946"}],"wp:featuredmedia":[{"embeddable":true,"href":"https:\/\/rers-nancy.fr\/new2\/wp-json\/wp\/v2\/media\/5379"}],"wp:attachment":[{"href":"https:\/\/rers-nancy.fr\/new2\/wp-json\/wp\/v2\/media?parent=1487"}],"curies":[{"name":"wp","href":"https:\/\/api.w.org\/{rel}","templated":true}]}}