{"id":1494,"date":"2022-02-05T08:58:33","date_gmt":"2022-02-05T07:58:33","guid":{"rendered":"https:\/\/rers-nancy.fr\/new2\/?page_id=1494"},"modified":"2022-02-05T08:58:33","modified_gmt":"2022-02-05T07:58:33","slug":"recyclage-textiles","status":"publish","type":"page","link":"https:\/\/rers-nancy.fr\/new2\/les-co-constructions-de-savoirs\/les-aiguilles-creatives\/recyclage-textiles\/","title":{"rendered":"Recyclage textiles"},"content":{"rendered":"\n<p>le jeudi 20 janvier, autour du th\u00e8me de la r\u00e9cup&rsquo; et du recyclage, nous \u00e9laborerons plusieurs projets de cr\u00e9ations textiles.<\/p>\n\n\n\n<p><em>Vous pouvez apporter les textiles que vous voulez transformer : v\u00eatements, linge de maison, restes de couture, etc.<\/em><\/p>\n","protected":false},"excerpt":{"rendered":"<p>le jeudi 20 janvier, autour du th\u00e8me de la r\u00e9cup&rsquo; et du recyclage, nous \u00e9laborerons plusieurs projets de cr\u00e9ations textiles. Vous pouvez apporter les textiles que vous voulez transformer : v\u00eatements, linge de maison, restes de couture, etc.<\/p>\n","protected":false},"author":1,"featured_media":0,"parent":1309,"menu_order":0,"comment_status":"closed","ping_status":"closed","template":"","meta":{"footnotes":""},"class_list":["post-1494","page","type-page","status-publish","hentry"],"_links":{"self":[{"href":"https:\/\/rers-nancy.fr\/new2\/wp-json\/wp\/v2\/pages\/1494","targetHints":{"allow":["GET"]}}],"collection":[{"href":"https:\/\/rers-nancy.fr\/new2\/wp-json\/wp\/v2\/pages"}],"about":[{"href":"https:\/\/rers-nancy.fr\/new2\/wp-json\/wp\/v2\/types\/page"}],"author":[{"embeddable":true,"href":"https:\/\/rers-nancy.fr\/new2\/wp-json\/wp\/v2\/users\/1"}],"replies":[{"embeddable":true,"href":"https:\/\/rers-nancy.fr\/new2\/wp-json\/wp\/v2\/comments?post=1494"}],"version-history":[{"count":1,"href":"https:\/\/rers-nancy.fr\/new2\/wp-json\/wp\/v2\/pages\/1494\/revisions"}],"predecessor-version":[{"id":1495,"href":"https:\/\/rers-nancy.fr\/new2\/wp-json\/wp\/v2\/pages\/1494\/revisions\/1495"}],"up":[{"embeddable":true,"href":"https:\/\/rers-nancy.fr\/new2\/wp-json\/wp\/v2\/pages\/1309"}],"wp:attachment":[{"href":"https:\/\/rers-nancy.fr\/new2\/wp-json\/wp\/v2\/media?parent=1494"}],"curies":[{"name":"wp","href":"https:\/\/api.w.org\/{rel}","templated":true}]}}