{"id":1516,"date":"2022-02-05T17:11:40","date_gmt":"2022-02-05T16:11:40","guid":{"rendered":"https:\/\/rers-nancy.fr\/new2\/?page_id=1516"},"modified":"2022-06-13T19:57:05","modified_gmt":"2022-06-13T17:57:05","slug":"creche-abensour-fleurs-et-masques-a-la-cure-dair","status":"publish","type":"page","link":"https:\/\/rers-nancy.fr\/new2\/les-co-constructions-de-savoirs\/le-jardin-partage\/creche-abensour-fleurs-et-masques-a-la-cure-dair\/","title":{"rendered":"Cr\u00e8che Abensour, fleurs et masques \u00e0 la Cure d&rsquo;Air"},"content":{"rendered":"\n<p class=\"has-text-align-center\">&nbsp;<\/p>\n\n\n\n<h1 class=\"wp-block-heading\">Le nouveau look du r\u00e9cup\u00e9rateur d&rsquo;eau&#8230;<\/h1>\n\n\n\n<h1 class=\"wp-block-heading\">&#8230;pla\u00eet beaucoup aux enfants de la cr\u00e8che<\/h1>\n\n\n<style>.kb-gallery-id-_c167e9-7e.kb-gallery-ul.kb-gallery-type-fluidcarousel .kt-blocks-carousel figure .kb-gal-image-radius, .kb-gallery-id-_c167e9-7e.kb-gallery-ul.kb-gallery-type-fluidcarousel .kt-blocks-carousel figure .kb-gal-image-radius img{height:150px;}.kb-gallery-id-_c167e9-7e .kadence-blocks-gallery-item .kb-gal-image-radius, .kb-gallery-id-_c167e9-7e .kb-slide-item .kb-gal-image-radius img{border-radius:0px 0px 0px 0px;;}.kb-gallery-wrap-id-_c167e9-7e.wp-block-kadence-advancedgallery{overflow:visible;}.kb-gallery-wrap-id-_c167e9-7e.wp-block-kadence-advancedgallery .kt-blocks-carousel{overflow:visible;max-width:100%;}<\/style><div class=\"kb-gallery-wrap-id-_c167e9-7e alignnone wp-block-kadence-advancedgallery\"><div class=\"kb-gallery-ul kb-gallery-non-static kb-gallery-type-fluidcarousel kb-gallery-id-_c167e9-7e kb-gallery-caption-style-bottom-hover kb-gallery-filter-none\" data-image-filter=\"none\" data-lightbox-caption=\"true\"><div class=\"kt-blocks-carousel splide kt-carousel-container-dotstyle-dark kt-carousel-arrowstyle-whiteondark kt-carousel-dotstyle-dark kb-slider-group-arrow kb-slider-arrow-position-center\" data-slider-anim-speed=\"400\" data-slider-scroll=\"1\" data-slider-arrows=\"true\" data-slider-dots=\"true\" data-slider-hover-pause=\"false\" data-slider-auto=\"\" data-slider-speed=\"7000\" data-slider-type=\"fluidcarousel\" data-slider-center-mode=\"true\" data-slider-gap=\"10px\" data-slider-gap-tablet=\"10px\" data-slider-gap-mobile=\"10px\" data-show-pause-button=\"false\"><div class=\"splide__track\"><ul class=\"kt-blocks-carousel-init kb-blocks-fluid-carousel splide__list\"><li class=\"kb-slide-item kb-gallery-carousel-item splide__slide\"><div class=\"kadence-blocks-gallery-item\"><div class=\"kadence-blocks-gallery-item-inner\"><figure class=\"kb-gallery-figure kadence-blocks-gallery-item-hide-caption\"><div class=\"kb-gal-image-radius\"><div class=\"kb-gallery-image-contain\" ><img loading=\"lazy\" decoding=\"async\" src=\"https:\/\/rers-nancy.fr\/new2\/wp-content\/uploads\/2021\/12\/001-tasvulemasque-800x367.png\" width=\"690\" height=\"317\" alt=\"\" data-full-image=\"https:\/\/rers-nancy.fr\/new2\/wp-content\/uploads\/2021\/12\/001-tasvulemasque.png\" data-light-image=\"https:\/\/rers-nancy.fr\/new2\/wp-content\/uploads\/2021\/12\/001-tasvulemasque.png\" data-id=\"857\" class=\"wp-image-857 skip-lazy\" srcset=\"https:\/\/rers-nancy.fr\/new2\/wp-content\/uploads\/2021\/12\/001-tasvulemasque-800x367.png 800w, https:\/\/rers-nancy.fr\/new2\/wp-content\/uploads\/2021\/12\/001-tasvulemasque-300x138.png 300w, https:\/\/rers-nancy.fr\/new2\/wp-content\/uploads\/2021\/12\/001-tasvulemasque-768x352.png 768w, https:\/\/rers-nancy.fr\/new2\/wp-content\/uploads\/2021\/12\/001-tasvulemasque.png 1200w\" sizes=\"auto, (max-width: 690px) 100vw, 690px\" \/><\/div><\/div><\/figure><\/div><\/div><\/li><li class=\"kb-slide-item kb-gallery-carousel-item splide__slide\"><div class=\"kadence-blocks-gallery-item\"><div class=\"kadence-blocks-gallery-item-inner\"><figure class=\"kb-gallery-figure kadence-blocks-gallery-item-hide-caption\"><div class=\"kb-gal-image-radius\"><div class=\"kb-gallery-image-contain\" ><img loading=\"lazy\" decoding=\"async\" src=\"https:\/\/rers-nancy.fr\/new2\/wp-content\/uploads\/2021\/07\/04_tas_vu_le_masque_Pt.png\" width=\"200\" height=\"145\" alt=\"04 tas vu le masque Pt\" data-full-image=\"https:\/\/rers-nancy.fr\/new2\/wp-content\/uploads\/2021\/07\/04_tas_vu_le_masque_Pt.png\" data-light-image=\"https:\/\/rers-nancy.fr\/new2\/wp-content\/uploads\/2021\/07\/04_tas_vu_le_masque_Pt.png\" data-id=\"658\" class=\"wp-image-658 skip-lazy\"\/><\/div><\/div><\/figure><\/div><\/div><\/li><li class=\"kb-slide-item kb-gallery-carousel-item splide__slide\"><div class=\"kadence-blocks-gallery-item\"><div class=\"kadence-blocks-gallery-item-inner\"><figure class=\"kb-gallery-figure kadence-blocks-gallery-item-hide-caption\"><div class=\"kb-gal-image-radius\"><div class=\"kb-gallery-image-contain\" ><img loading=\"lazy\" decoding=\"async\" src=\"https:\/\/rers-nancy.fr\/new2\/wp-content\/uploads\/2021\/07\/05_tas_vu_le_masque_Pt.png\" width=\"200\" height=\"145\" alt=\"05 tas vu le masque Pt\" data-full-image=\"https:\/\/rers-nancy.fr\/new2\/wp-content\/uploads\/2021\/07\/05_tas_vu_le_masque_Pt.png\" data-light-image=\"https:\/\/rers-nancy.fr\/new2\/wp-content\/uploads\/2021\/07\/05_tas_vu_le_masque_Pt.png\" data-id=\"659\" class=\"wp-image-659 skip-lazy\"\/><\/div><\/div><\/figure><\/div><\/div><\/li><\/ul><\/div><\/div><\/div><\/div>\n\n\n<h1 class=\"wp-block-heading\">Les fleurs de Ginette<\/h1>\n\n\n<style>.kb-gallery-id-_5ae055-a7.kb-gallery-ul.kb-gallery-type-fluidcarousel .kt-blocks-carousel figure .kb-gal-image-radius, .kb-gallery-id-_5ae055-a7.kb-gallery-ul.kb-gallery-type-fluidcarousel .kt-blocks-carousel figure .kb-gal-image-radius img{height:150px;}.kb-gallery-id-_5ae055-a7 .kadence-blocks-gallery-item .kb-gal-image-radius, .kb-gallery-id-_5ae055-a7 .kb-slide-item .kb-gal-image-radius img{border-radius:0px 0px 0px 0px;;}.kb-gallery-wrap-id-_5ae055-a7.wp-block-kadence-advancedgallery{overflow:visible;}.kb-gallery-wrap-id-_5ae055-a7.wp-block-kadence-advancedgallery .kt-blocks-carousel{overflow:visible;max-width:100%;}<\/style><div class=\"kb-gallery-wrap-id-_5ae055-a7 alignnone wp-block-kadence-advancedgallery\"><div class=\"kb-gallery-ul kb-gallery-non-static kb-gallery-type-fluidcarousel kb-gallery-id-_5ae055-a7 kb-gallery-caption-style-bottom-hover kb-gallery-filter-none\" data-image-filter=\"none\" data-lightbox-caption=\"true\"><div class=\"kt-blocks-carousel splide kt-carousel-container-dotstyle-dark kt-carousel-arrowstyle-whiteondark kt-carousel-dotstyle-dark kb-slider-group-arrow kb-slider-arrow-position-center\" data-slider-anim-speed=\"400\" data-slider-scroll=\"1\" data-slider-arrows=\"true\" data-slider-dots=\"true\" data-slider-hover-pause=\"false\" data-slider-auto=\"\" data-slider-speed=\"7000\" data-slider-type=\"fluidcarousel\" data-slider-center-mode=\"true\" data-slider-gap=\"10px\" data-slider-gap-tablet=\"10px\" data-slider-gap-mobile=\"10px\" data-show-pause-button=\"false\"><div class=\"splide__track\"><ul class=\"kt-blocks-carousel-init kb-blocks-fluid-carousel splide__list\"><li class=\"kb-slide-item kb-gallery-carousel-item splide__slide\"><div class=\"kadence-blocks-gallery-item\"><div class=\"kadence-blocks-gallery-item-inner\"><figure class=\"kb-gallery-figure kadence-blocks-gallery-item-hide-caption\"><div class=\"kb-gal-image-radius\"><div class=\"kb-gallery-image-contain\" ><img loading=\"lazy\" decoding=\"async\" src=\"https:\/\/rers-nancy.fr\/new2\/wp-content\/uploads\/2021\/07\/02_fleur_bleue_Pt.png\" width=\"200\" height=\"145\" alt=\"02 fleur bleue Pt\" data-full-image=\"https:\/\/rers-nancy.fr\/new2\/wp-content\/uploads\/2021\/07\/02_fleur_bleue_Pt.png\" data-light-image=\"https:\/\/rers-nancy.fr\/new2\/wp-content\/uploads\/2021\/07\/02_fleur_bleue_Pt.png\" data-id=\"656\" class=\"wp-image-656 skip-lazy\"\/><\/div><\/div><\/figure><\/div><\/div><\/li><li class=\"kb-slide-item kb-gallery-carousel-item splide__slide\"><div class=\"kadence-blocks-gallery-item\"><div class=\"kadence-blocks-gallery-item-inner\"><figure class=\"kb-gallery-figure kadence-blocks-gallery-item-hide-caption\"><div class=\"kb-gal-image-radius\"><div class=\"kb-gallery-image-contain\" ><img loading=\"lazy\" decoding=\"async\" src=\"https:\/\/rers-nancy.fr\/new2\/wp-content\/uploads\/2021\/07\/01_fleur_blanche_Pt.png\" width=\"200\" height=\"145\" alt=\"01 fleur blanche Pt\" data-full-image=\"https:\/\/rers-nancy.fr\/new2\/wp-content\/uploads\/2021\/07\/01_fleur_blanche_Pt.png\" data-light-image=\"https:\/\/rers-nancy.fr\/new2\/wp-content\/uploads\/2021\/07\/01_fleur_blanche_Pt.png\" data-id=\"655\" class=\"wp-image-655 skip-lazy\"\/><\/div><\/div><\/figure><\/div><\/div><\/li><li class=\"kb-slide-item kb-gallery-carousel-item splide__slide\"><div class=\"kadence-blocks-gallery-item\"><div class=\"kadence-blocks-gallery-item-inner\"><figure class=\"kb-gallery-figure kadence-blocks-gallery-item-hide-caption\"><div class=\"kb-gal-image-radius\"><div class=\"kb-gallery-image-contain\" ><img loading=\"lazy\" decoding=\"async\" src=\"https:\/\/rers-nancy.fr\/new2\/wp-content\/uploads\/2021\/07\/03_libellule_Pt.png\" width=\"200\" height=\"145\" alt=\"03 libellule Pt\" data-full-image=\"https:\/\/rers-nancy.fr\/new2\/wp-content\/uploads\/2021\/07\/03_libellule_Pt.png\" data-light-image=\"https:\/\/rers-nancy.fr\/new2\/wp-content\/uploads\/2021\/07\/03_libellule_Pt.png\" data-id=\"657\" class=\"wp-image-657 skip-lazy\"\/><\/div><\/div><\/figure><\/div><\/div><\/li><\/ul><\/div><\/div><\/div><\/div>\n\n\n<h1 class=\"wp-block-heading\">\u00e7a pousse au jardin ! et l&rsquo;\u00e9pouvantail se balade !<\/h1>\n\n\n<style>#kt-layout-id_efd716-70 > .kt-row-column-wrap{align-content:start;}:where(#kt-layout-id_efd716-70 > .kt-row-column-wrap) > .wp-block-kadence-column{justify-content:start;}#kt-layout-id_efd716-70 > .kt-row-column-wrap{column-gap:var(--global-kb-gap-md, 2rem);row-gap:var(--global-kb-gap-md, 2rem);padding-top:var( --global-kb-row-default-top, 25px );padding-bottom:var( --global-kb-row-default-bottom, 25px );padding-top:var(--global-kb-spacing-sm, 1.5rem);padding-bottom:var(--global-kb-spacing-sm, 1.5rem);}#kt-layout-id_efd716-70 > .kt-row-column-wrap > div:not(.added-for-specificity){grid-column:initial;}#kt-layout-id_efd716-70 > .kt-row-column-wrap{grid-template-columns:repeat(4, minmax(0, 1fr));}#kt-layout-id_efd716-70 > .kt-row-layout-overlay{opacity:0.30;}@media all and (max-width: 1024px){#kt-layout-id_efd716-70 > .kt-row-column-wrap > div:not(.added-for-specificity){grid-column:initial;}}@media all and (max-width: 1024px){#kt-layout-id_efd716-70 > .kt-row-column-wrap{grid-template-columns:repeat(4, minmax(0, 1fr));}}@media all and (max-width: 767px){#kt-layout-id_efd716-70 > .kt-row-column-wrap > div:not(.added-for-specificity){grid-column:initial;}#kt-layout-id_efd716-70 > .kt-row-column-wrap{grid-template-columns:minmax(0, 1fr);}}<\/style>\n<div class=\"wp-block-kadence-rowlayout alignnone\"><div id=\"kt-layout-id_efd716-70\" class=\"kt-row-layout-inner kt-layout-id_efd716-70\"><div class=\"kt-row-column-wrap kt-has-4-columns kt-gutter-default kt-v-gutter-default kt-row-valign-top kt-row-layout-equal kt-tab-layout-inherit kt-m-colapse-left-to-right kt-mobile-layout-row\"><style>.kadence-column_629b86-38 > .kt-inside-inner-col{border-top-width:0px;border-right-width:0px;border-bottom-width:0px;border-left-width:0px;}.kadence-column_629b86-38 > .kt-inside-inner-col,.kadence-column_629b86-38 > .kt-inside-inner-col:before{border-top-left-radius:0px;border-top-right-radius:0px;border-bottom-right-radius:0px;border-bottom-left-radius:0px;}.kadence-column_629b86-38 > .kt-inside-inner-col{column-gap:var(--global-kb-gap-sm, 1rem);}.kadence-column_629b86-38 > .kt-inside-inner-col{flex-direction:column;}.kadence-column_629b86-38 > .kt-inside-inner-col > .aligncenter{width:100%;}.kadence-column_629b86-38 > .kt-inside-inner-col:before{opacity:0.3;}.kadence-column_629b86-38{position:relative;}@media all and (max-width: 1024px){.kadence-column_629b86-38 > .kt-inside-inner-col{flex-direction:column;justify-content:center;}}@media all and (max-width: 767px){.kadence-column_629b86-38 > .kt-inside-inner-col{flex-direction:column;justify-content:center;}}<\/style>\n<div class=\"wp-block-kadence-column inner-column-1 kadence-column_629b86-38\"><div class=\"kt-inside-inner-col\">\n<figure class=\"wp-block-image size-full\"><img loading=\"lazy\" decoding=\"async\" width=\"200\" height=\"145\" src=\"https:\/\/rers-nancy.fr\/new2\/wp-content\/uploads\/2021\/07\/10_petite_balade_en_jardin_Pt.png\" alt=\"10 petite balade en jardin Pt\" class=\"wp-image-665\"\/><\/figure>\n<\/div><\/div>\n\n\n<style>.kadence-column_5eddbf-99 > .kt-inside-inner-col{border-top-width:0px;border-right-width:0px;border-bottom-width:0px;border-left-width:0px;}.kadence-column_5eddbf-99 > .kt-inside-inner-col,.kadence-column_5eddbf-99 > .kt-inside-inner-col:before{border-top-left-radius:0px;border-top-right-radius:0px;border-bottom-right-radius:0px;border-bottom-left-radius:0px;}.kadence-column_5eddbf-99 > .kt-inside-inner-col{column-gap:var(--global-kb-gap-sm, 1rem);}.kadence-column_5eddbf-99 > .kt-inside-inner-col{flex-direction:column;}.kadence-column_5eddbf-99 > .kt-inside-inner-col > .aligncenter{width:100%;}.kadence-column_5eddbf-99 > .kt-inside-inner-col:before{opacity:0.3;}.kadence-column_5eddbf-99{position:relative;}@media all and (max-width: 1024px){.kadence-column_5eddbf-99 > .kt-inside-inner-col{flex-direction:column;justify-content:center;}}@media all and (max-width: 767px){.kadence-column_5eddbf-99 > .kt-inside-inner-col{flex-direction:column;justify-content:center;}}<\/style>\n<div class=\"wp-block-kadence-column inner-column-2 kadence-column_5eddbf-99\"><div class=\"kt-inside-inner-col\">\n<figure class=\"wp-block-image size-full\"><img loading=\"lazy\" decoding=\"async\" width=\"166\" height=\"145\" src=\"https:\/\/rers-nancy.fr\/new2\/wp-content\/uploads\/2021\/07\/07_petite_balade_en_jardin_Pt.png\" alt=\"07 petite balade en jardin Pt\" class=\"wp-image-667\"\/><\/figure>\n<\/div><\/div>\n\n\n<style>.kadence-column_ce6d9d-61 > .kt-inside-inner-col{border-top-width:0px;border-right-width:0px;border-bottom-width:0px;border-left-width:0px;}.kadence-column_ce6d9d-61 > .kt-inside-inner-col,.kadence-column_ce6d9d-61 > .kt-inside-inner-col:before{border-top-left-radius:0px;border-top-right-radius:0px;border-bottom-right-radius:0px;border-bottom-left-radius:0px;}.kadence-column_ce6d9d-61 > .kt-inside-inner-col{column-gap:var(--global-kb-gap-sm, 1rem);}.kadence-column_ce6d9d-61 > .kt-inside-inner-col{flex-direction:column;}.kadence-column_ce6d9d-61 > .kt-inside-inner-col > .aligncenter{width:100%;}.kadence-column_ce6d9d-61 > .kt-inside-inner-col:before{opacity:0.3;}.kadence-column_ce6d9d-61{position:relative;}@media all and (max-width: 1024px){.kadence-column_ce6d9d-61 > .kt-inside-inner-col{flex-direction:column;justify-content:center;}}@media all and (max-width: 767px){.kadence-column_ce6d9d-61 > .kt-inside-inner-col{flex-direction:column;justify-content:center;}}<\/style>\n<div class=\"wp-block-kadence-column inner-column-3 kadence-column_ce6d9d-61\"><div class=\"kt-inside-inner-col\">\n<figure class=\"wp-block-image size-full\"><img loading=\"lazy\" decoding=\"async\" width=\"200\" height=\"145\" src=\"https:\/\/rers-nancy.fr\/new2\/wp-content\/uploads\/2021\/07\/06_petite_balade_en_jardin_Pt.png\" alt=\"06 petite balade en jardin Pt\" class=\"wp-image-666\"\/><\/figure>\n<\/div><\/div>\n\n\n<style>.kadence-column_f07a3d-c8 > .kt-inside-inner-col{border-top-width:0px;border-right-width:0px;border-bottom-width:0px;border-left-width:0px;}.kadence-column_f07a3d-c8 > .kt-inside-inner-col,.kadence-column_f07a3d-c8 > .kt-inside-inner-col:before{border-top-left-radius:0px;border-top-right-radius:0px;border-bottom-right-radius:0px;border-bottom-left-radius:0px;}.kadence-column_f07a3d-c8 > .kt-inside-inner-col{column-gap:var(--global-kb-gap-sm, 1rem);}.kadence-column_f07a3d-c8 > .kt-inside-inner-col{flex-direction:column;}.kadence-column_f07a3d-c8 > .kt-inside-inner-col > .aligncenter{width:100%;}.kadence-column_f07a3d-c8 > .kt-inside-inner-col:before{opacity:0.3;}.kadence-column_f07a3d-c8{position:relative;}@media all and (max-width: 1024px){.kadence-column_f07a3d-c8 > .kt-inside-inner-col{flex-direction:column;justify-content:center;}}@media all and (max-width: 767px){.kadence-column_f07a3d-c8 > .kt-inside-inner-col{flex-direction:column;justify-content:center;}}<\/style>\n<div class=\"wp-block-kadence-column inner-column-4 kadence-column_f07a3d-c8\"><div class=\"kt-inside-inner-col\">\n<figure class=\"wp-block-image size-full\"><img loading=\"lazy\" decoding=\"async\" width=\"200\" height=\"145\" src=\"https:\/\/rers-nancy.fr\/new2\/wp-content\/uploads\/2021\/07\/11_petite_balade_en_jardin_Pt.png\" alt=\"11 petite balade en jardin Pt\" class=\"wp-image-664\"\/><\/figure>\n<\/div><\/div>\n<\/div><\/div><\/div>\n\n\n\n<p class=\"has-text-align-center\"> &nbsp;  <\/p>\n","protected":false},"excerpt":{"rendered":"<p>&nbsp; Le nouveau look du r\u00e9cup\u00e9rateur d&rsquo;eau&#8230; &#8230;pla\u00eet beaucoup aux enfants de la cr\u00e8che Les fleurs de Ginette \u00e7a pousse au jardin ! et l&rsquo;\u00e9pouvantail se balade ! &nbsp;<\/p>\n","protected":false},"author":1,"featured_media":0,"parent":1311,"menu_order":0,"comment_status":"closed","ping_status":"closed","template":"","meta":{"footnotes":""},"class_list":["post-1516","page","type-page","status-publish","hentry"],"_links":{"self":[{"href":"https:\/\/rers-nancy.fr\/new2\/wp-json\/wp\/v2\/pages\/1516","targetHints":{"allow":["GET"]}}],"collection":[{"href":"https:\/\/rers-nancy.fr\/new2\/wp-json\/wp\/v2\/pages"}],"about":[{"href":"https:\/\/rers-nancy.fr\/new2\/wp-json\/wp\/v2\/types\/page"}],"author":[{"embeddable":true,"href":"https:\/\/rers-nancy.fr\/new2\/wp-json\/wp\/v2\/users\/1"}],"replies":[{"embeddable":true,"href":"https:\/\/rers-nancy.fr\/new2\/wp-json\/wp\/v2\/comments?post=1516"}],"version-history":[{"count":2,"href":"https:\/\/rers-nancy.fr\/new2\/wp-json\/wp\/v2\/pages\/1516\/revisions"}],"predecessor-version":[{"id":2855,"href":"https:\/\/rers-nancy.fr\/new2\/wp-json\/wp\/v2\/pages\/1516\/revisions\/2855"}],"up":[{"embeddable":true,"href":"https:\/\/rers-nancy.fr\/new2\/wp-json\/wp\/v2\/pages\/1311"}],"wp:attachment":[{"href":"https:\/\/rers-nancy.fr\/new2\/wp-json\/wp\/v2\/media?parent=1516"}],"curies":[{"name":"wp","href":"https:\/\/api.w.org\/{rel}","templated":true}]}}