{"id":1523,"date":"2022-02-05T17:44:41","date_gmt":"2022-02-05T16:44:41","guid":{"rendered":"https:\/\/rers-nancy.fr\/new2\/?page_id=1523"},"modified":"2024-09-20T19:06:44","modified_gmt":"2024-09-20T17:06:44","slug":"nos-7-familles-de-legumes-et-fruits-au-parc-de-la-cure-dair","status":"publish","type":"page","link":"https:\/\/rers-nancy.fr\/new2\/les-co-constructions-de-savoirs\/le-jardin-partage\/nos-7-familles-de-legumes-et-fruits-au-parc-de-la-cure-dair\/","title":{"rendered":"Nos 7 familles de l\u00e9gumes et fruits au parc de la Cure d&rsquo;Air"},"content":{"rendered":"<style>.kb-row-layout-id_7fcb66-13 > .kt-row-column-wrap{align-content:start;}:where(.kb-row-layout-id_7fcb66-13 > .kt-row-column-wrap) > .wp-block-kadence-column{justify-content:start;}.kb-row-layout-id_7fcb66-13 > .kt-row-column-wrap{column-gap:var(--global-kb-gap-md, 2rem);row-gap:var(--global-kb-gap-md, 2rem);padding-top:var(--global-kb-spacing-sm, 1.5rem);padding-bottom:var(--global-kb-spacing-sm, 1.5rem);grid-template-columns:repeat(2, minmax(0, 1fr));}.kb-row-layout-id_7fcb66-13 > .kt-row-layout-overlay{opacity:0.30;}@media all and (max-width: 1024px){.kb-row-layout-id_7fcb66-13 > .kt-row-column-wrap{grid-template-columns:repeat(2, minmax(0, 1fr));}}@media all and (max-width: 767px){.kb-row-layout-id_7fcb66-13 > .kt-row-column-wrap{grid-template-columns:minmax(0, 1fr);}}<\/style><div class=\"kb-row-layout-wrap kb-row-layout-id_7fcb66-13 alignnone wp-block-kadence-rowlayout\"><div class=\"kt-row-column-wrap kt-has-2-columns kt-row-layout-equal kt-tab-layout-inherit kt-mobile-layout-row kt-row-valign-top\">\n<style>.kadence-column_16173d-b1 > .kt-inside-inner-col{display:flex;}.kadence-column_16173d-b1 > .kt-inside-inner-col,.kadence-column_16173d-b1 > .kt-inside-inner-col:before{border-top-left-radius:0px;border-top-right-radius:0px;border-bottom-right-radius:0px;border-bottom-left-radius:0px;}.kadence-column_16173d-b1 > .kt-inside-inner-col{flex-direction:row;flex-wrap:wrap;align-items:center;justify-content:center;}.kadence-column_16173d-b1 > .kt-inside-inner-col > *, .kadence-column_16173d-b1 > .kt-inside-inner-col > figure.wp-block-image, .kadence-column_16173d-b1 > .kt-inside-inner-col > figure.wp-block-kadence-image{margin-top:0px;margin-bottom:0px;}.kadence-column_16173d-b1 > .kt-inside-inner-col > .kb-image-is-ratio-size{flex-grow:1;}.kadence-column_16173d-b1 > .kt-inside-inner-col:before{opacity:0.3;}.kadence-column_16173d-b1{text-align:center;}.kadence-column_16173d-b1{position:relative;}@media all and (max-width: 1024px){.kadence-column_16173d-b1 > .kt-inside-inner-col{flex-direction:row;flex-wrap:wrap;align-items:center;justify-content:center;}}@media all and (min-width: 768px) and (max-width: 1024px){.kadence-column_16173d-b1 > .kt-inside-inner-col > *, .kadence-column_16173d-b1 > .kt-inside-inner-col > figure.wp-block-image, .kadence-column_16173d-b1 > .kt-inside-inner-col > figure.wp-block-kadence-image{margin-top:0px;margin-bottom:0px;}.kadence-column_16173d-b1 > .kt-inside-inner-col > .kb-image-is-ratio-size{flex-grow:1;}}@media all and (max-width: 767px){.kadence-column_16173d-b1 > .kt-inside-inner-col{flex-direction:row;flex-wrap:wrap;justify-content:flex-start;justify-content:center;}.kadence-column_16173d-b1 > .kt-inside-inner-col > *, .kadence-column_16173d-b1 > .kt-inside-inner-col > figure.wp-block-image, .kadence-column_16173d-b1 > .kt-inside-inner-col > figure.wp-block-kadence-image{margin-top:0px;margin-bottom:0px;}.kadence-column_16173d-b1 > .kt-inside-inner-col > .kb-image-is-ratio-size{flex-grow:1;}}<\/style>\n<div class=\"wp-block-kadence-column kadence-column_16173d-b1 kb-section-dir-horizontal\"><div class=\"kt-inside-inner-col\">\n<figure class=\"wp-block-image size-full\"><img loading=\"lazy\" decoding=\"async\" width=\"200\" height=\"150\" src=\"https:\/\/rers-nancy.fr\/new2\/wp-content\/uploads\/2021\/04\/2021-04-08_panneaux_legumes__3_Pt.png\" alt=\"2021 04 08 panneaux legumes 3 Pt\" class=\"wp-image-416\"\/><\/figure>\n\n\n\n<h4 class=\"wp-block-heading\" id=\"nouvel-affichage-des-panneaux-de-legumes-et-fruits-au-parc-de-la-cure-d-air\">Affichage des panneaux de l\u00e9gumes et fruits au parc de la Cure d&rsquo;Air.<\/h4>\n\n\n\n<p id=\"ces-panneaux-ont-ete-finances-par-la-ville-de-nancy-qui-les-a-fait-imprimer-et-a-assure-la-pose-ce-mardi-6-avril-2021\">Ces panneaux ont \u00e9t\u00e9 financ\u00e9s par la Ville de Nancy, qui les a fait imprimer et en a assur\u00e9 la pose ce mardi 6 avril 2021 !<\/p>\n<\/div><\/div>\n\n\n<style>.kadence-column_904b41-5c > .kt-inside-inner-col,.kadence-column_904b41-5c > .kt-inside-inner-col:before{border-top-left-radius:0px;border-top-right-radius:0px;border-bottom-right-radius:0px;border-bottom-left-radius:0px;}.kadence-column_904b41-5c > .kt-inside-inner-col{column-gap:var(--global-kb-gap-sm, 1rem);}.kadence-column_904b41-5c > .kt-inside-inner-col{flex-direction:column;}.kadence-column_904b41-5c > .kt-inside-inner-col > .aligncenter{width:100%;}.kadence-column_904b41-5c > .kt-inside-inner-col:before{opacity:0.3;}.kadence-column_904b41-5c{position:relative;}@media all and (max-width: 1024px){.kadence-column_904b41-5c > .kt-inside-inner-col{flex-direction:column;justify-content:center;}}@media all and (max-width: 767px){.kadence-column_904b41-5c > .kt-inside-inner-col{flex-direction:column;justify-content:center;}}<\/style>\n<div class=\"wp-block-kadence-column kadence-column_904b41-5c inner-column-2\"><div class=\"kt-inside-inner-col\">\n<h4 class=\"wp-block-heading has-text-align-center\" id=\"un-jeu-de-7-familles\">Un jeu de 7 familles<\/h4>\n\n\n<style>.kb-row-layout-id_905206-5b > .kt-row-column-wrap{align-content:start;}:where(.kb-row-layout-id_905206-5b > .kt-row-column-wrap) > .wp-block-kadence-column{justify-content:start;}.kb-row-layout-id_905206-5b > .kt-row-column-wrap{column-gap:var(--global-kb-gap-md, 2rem);row-gap:var(--global-kb-gap-md, 2rem);padding-top:var(--global-kb-spacing-sm, 1.5rem);padding-bottom:var(--global-kb-spacing-sm, 1.5rem);grid-template-columns:repeat(2, minmax(0, 1fr));}.kb-row-layout-id_905206-5b > .kt-row-layout-overlay{opacity:0.30;}@media all and (max-width: 1024px){.kb-row-layout-id_905206-5b > .kt-row-column-wrap{grid-template-columns:repeat(2, minmax(0, 1fr));}}@media all and (max-width: 767px){.kb-row-layout-id_905206-5b > .kt-row-column-wrap{grid-template-columns:minmax(0, 1fr);}}<\/style><div class=\"kb-row-layout-wrap kb-row-layout-id_905206-5b alignnone wp-block-kadence-rowlayout\"><div class=\"kt-row-column-wrap kt-has-2-columns kt-row-layout-equal kt-tab-layout-inherit kt-mobile-layout-row kt-row-valign-top\">\n<style>.kadence-column_528666-b6 > .kt-inside-inner-col,.kadence-column_528666-b6 > .kt-inside-inner-col:before{border-top-left-radius:0px;border-top-right-radius:0px;border-bottom-right-radius:0px;border-bottom-left-radius:0px;}.kadence-column_528666-b6 > .kt-inside-inner-col{column-gap:var(--global-kb-gap-sm, 1rem);}.kadence-column_528666-b6 > .kt-inside-inner-col{flex-direction:column;}.kadence-column_528666-b6 > .kt-inside-inner-col > .aligncenter{width:100%;}.kadence-column_528666-b6 > .kt-inside-inner-col:before{opacity:0.3;}.kadence-column_528666-b6{position:relative;}@media all and (max-width: 1024px){.kadence-column_528666-b6 > .kt-inside-inner-col{flex-direction:column;justify-content:center;}}@media all and (max-width: 767px){.kadence-column_528666-b6 > .kt-inside-inner-col{flex-direction:column;justify-content:center;}}<\/style>\n<div class=\"wp-block-kadence-column kadence-column_528666-b6 inner-column-1\"><div class=\"kt-inside-inner-col\">\n<figure class=\"wp-block-image size-full\"><img loading=\"lazy\" decoding=\"async\" width=\"200\" height=\"283\" src=\"https:\/\/rers-nancy.fr\/new2\/wp-content\/uploads\/2018\/07\/1_Cartes_texte_recto_trait-e1644078611569.jpg\" alt=\"1 Cartes texte recto trait\" class=\"wp-image-407\"\/><\/figure>\n<\/div><\/div>\n\n\n<style>.kadence-column_5cc1f8-d5 > .kt-inside-inner-col,.kadence-column_5cc1f8-d5 > .kt-inside-inner-col:before{border-top-left-radius:0px;border-top-right-radius:0px;border-bottom-right-radius:0px;border-bottom-left-radius:0px;}.kadence-column_5cc1f8-d5 > .kt-inside-inner-col{column-gap:var(--global-kb-gap-sm, 1rem);}.kadence-column_5cc1f8-d5 > .kt-inside-inner-col{flex-direction:column;}.kadence-column_5cc1f8-d5 > .kt-inside-inner-col > .aligncenter{width:100%;}.kadence-column_5cc1f8-d5 > .kt-inside-inner-col:before{opacity:0.3;}.kadence-column_5cc1f8-d5{position:relative;}@media all and (max-width: 1024px){.kadence-column_5cc1f8-d5 > .kt-inside-inner-col{flex-direction:column;justify-content:center;}}@media all and (max-width: 767px){.kadence-column_5cc1f8-d5 > .kt-inside-inner-col{flex-direction:column;justify-content:center;}}<\/style>\n<div class=\"wp-block-kadence-column kadence-column_5cc1f8-d5 inner-column-2\"><div class=\"kt-inside-inner-col\">\n<p class=\"has-small-font-size\">d\u00e9clin\u00e9 sous trois options : des textes explicatifs sur les plantes, et deux jeux de cartes en plusieurs langues pour jouer en famille ou entre amis.<\/p>\n<\/div><\/div>\n\n<\/div><\/div><\/div><\/div>\n\n<\/div><\/div>\n\n<p>Voici la liste de nos familles. Pour voir les l\u00e9gumes qui les composent, <em><strong>enregistrez-vous,<\/strong><\/em> puis revenez \u00e0 cette page et cliquez sur :\u00a0\u00bbVoir les l\u00e9gumes de cette famille\u00a0\u00bb<\/p>\n<h2><img loading=\"lazy\" decoding=\"async\" class=\" alignleft size-full wp-image-650\" style=\"margin: 5px; float: left;\" src=\"https:\/\/rers-nancy.fr\/new2\/wp-content\/uploads\/2021\/04\/2021-04-08_panneaux_legumes__1_Pt.png\" alt=\"2021 04 08 panneaux legumes 1 Pt\" width=\"200\" height=\"150\" \/><b>L\u00e9gumes feuilles<\/b>\u00a0:<\/h2>\n<p>Feuillage consomm\u00e9 en l\u00e9gume de plantes riches en vitamines, fibres, antioxydants. &#8230;<\/p>\n<h2><b>L\u00e9gumes fruits <\/b><\/h2>\n<p>Fruits, au sens botanique, de plantes potag\u00e8res herbac\u00e9es, consomm\u00e9s comme des l\u00e9gumes.<\/p>\n<h2><img loading=\"lazy\" decoding=\"async\" class=\" alignleft size-full wp-image-651\" style=\"margin: 5px; float: left;\" src=\"https:\/\/rers-nancy.fr\/new2\/wp-content\/uploads\/2021\/04\/2021-04-08_panneaux_legumes__4_Pt.png\" alt=\"2021 04 08 panneaux legumes 4 Pt\" width=\"200\" height=\"150\" \/><b>L\u00e9gumes racines<\/b><\/h2>\n<p>Racines de plantes potag\u00e8res consomm\u00e9es crues ou cuites, de la carotte au c\u00e9leri rave.<\/p>\n<h2><b>L\u00e9gumes bulbes<\/b><\/h2>\n<p>Parties renfl\u00e9es de la plante riches en r\u00e9serves nutritives, comme les bulbes \u00e0 la base des feuilles, ou encore les tubercules d\u2019une tige souterraine.<\/p>\n<h2><b><img loading=\"lazy\" decoding=\"async\" class=\" alignleft size-full wp-image-652\" style=\"margin: 5px; float: left;\" src=\"https:\/\/rers-nancy.fr\/new2\/wp-content\/uploads\/2021\/04\/2021-04-08_panneaux_legumes__6_Pt.png\" alt=\"2021 04 08 panneaux legumes 6 Pt\" width=\"200\" height=\"150\" \/><\/b><\/h2>\n<h2><b>L\u00e9gumes graines <\/b><\/h2>\n<p>Cultiv\u00e9s pour leurs gousses ou leurs graines, essentiellement les l\u00e9gumineuses, riches en prot\u00e9ines.<\/p>\n<h2><b>Fruitiers <\/b><\/h2>\n<p>Arbres et arbustes cultiv\u00e9s pour leurs fruits (le fraisier est un arbre\u00a0!)<\/p>\n<h2><b><img loading=\"lazy\" decoding=\"async\" class=\" alignleft size-full wp-image-653\" style=\"margin: 5px; float: left;\" src=\"https:\/\/rers-nancy.fr\/new2\/wp-content\/uploads\/2021\/04\/2021-04-08_panneaux_legumes__9_Pt.png\" alt=\"2021 04 08 panneaux legumes 9 Pt\" width=\"200\" height=\"150\" \/>Aromatiques <\/b><\/h2>\n<p>Feuilles, fleurs, graines, tiges, racines, utilis\u00e9es en cuisine pour les ar\u00f4mes qu\u2019elles d\u00e9gagent, et leurs vertus m\u00e9dicinales en infusion et d\u00e9coctions.<\/p>","protected":false},"excerpt":{"rendered":"<p>Affichage des panneaux de l\u00e9gumes et fruits au parc de la Cure d&rsquo;Air. Ces panneaux ont \u00e9t\u00e9 financ\u00e9s par la Ville de Nancy, qui les a fait imprimer et en a assur\u00e9 la pose ce mardi 6 avril 2021 ! Un jeu de 7 familles&nbsp;<a class=\"read-more\" href=\"https:\/\/rers-nancy.fr\/new2\/les-co-constructions-de-savoirs\/le-jardin-partage\/nos-7-familles-de-legumes-et-fruits-au-parc-de-la-cure-dair\/\">&hellip;<\/a><\/p>\n","protected":false},"author":1,"featured_media":0,"parent":1311,"menu_order":0,"comment_status":"closed","ping_status":"closed","template":"","meta":{"footnotes":""},"class_list":["post-1523","page","type-page","status-publish","hentry"],"_links":{"self":[{"href":"https:\/\/rers-nancy.fr\/new2\/wp-json\/wp\/v2\/pages\/1523","targetHints":{"allow":["GET"]}}],"collection":[{"href":"https:\/\/rers-nancy.fr\/new2\/wp-json\/wp\/v2\/pages"}],"about":[{"href":"https:\/\/rers-nancy.fr\/new2\/wp-json\/wp\/v2\/types\/page"}],"author":[{"embeddable":true,"href":"https:\/\/rers-nancy.fr\/new2\/wp-json\/wp\/v2\/users\/1"}],"replies":[{"embeddable":true,"href":"https:\/\/rers-nancy.fr\/new2\/wp-json\/wp\/v2\/comments?post=1523"}],"version-history":[{"count":3,"href":"https:\/\/rers-nancy.fr\/new2\/wp-json\/wp\/v2\/pages\/1523\/revisions"}],"predecessor-version":[{"id":5413,"href":"https:\/\/rers-nancy.fr\/new2\/wp-json\/wp\/v2\/pages\/1523\/revisions\/5413"}],"up":[{"embeddable":true,"href":"https:\/\/rers-nancy.fr\/new2\/wp-json\/wp\/v2\/pages\/1311"}],"wp:attachment":[{"href":"https:\/\/rers-nancy.fr\/new2\/wp-json\/wp\/v2\/media?parent=1523"}],"curies":[{"name":"wp","href":"https:\/\/api.w.org\/{rel}","templated":true}]}}