{"id":1544,"date":"2022-02-05T18:25:09","date_gmt":"2022-02-05T17:25:09","guid":{"rendered":"https:\/\/rers-nancy.fr\/new2\/?page_id=1544"},"modified":"2024-09-20T19:03:38","modified_gmt":"2024-09-20T17:03:38","slug":"jeux-de-societe","status":"publish","type":"page","link":"https:\/\/rers-nancy.fr\/new2\/nos-echanges-collectifs\/jeux-de-societe\/","title":{"rendered":"Jeux de soci\u00e9t\u00e9"},"content":{"rendered":"<style>.kb-row-layout-id_17dd00-26 > .kt-row-column-wrap{align-content:start;}:where(.kb-row-layout-id_17dd00-26 > .kt-row-column-wrap) > .wp-block-kadence-column{justify-content:start;}.kb-row-layout-id_17dd00-26 > .kt-row-column-wrap{column-gap:var(--global-kb-gap-md, 2rem);row-gap:var(--global-kb-gap-md, 2rem);padding-top:var(--global-kb-spacing-sm, 1.5rem);padding-bottom:var(--global-kb-spacing-sm, 1.5rem);grid-template-columns:minmax(0, 1fr);}.kb-row-layout-id_17dd00-26 > .kt-row-layout-overlay{opacity:0.30;}@media all and (max-width: 1024px){.kb-row-layout-id_17dd00-26 > .kt-row-column-wrap{grid-template-columns:minmax(0, 1fr);}}@media all and (max-width: 767px){.kb-row-layout-id_17dd00-26 > .kt-row-column-wrap{grid-template-columns:minmax(0, 1fr);}}<\/style><div class=\"kb-row-layout-wrap kb-row-layout-id_17dd00-26 alignnone wp-block-kadence-rowlayout\"><div class=\"kt-row-column-wrap kt-has-1-columns kt-row-layout-equal kt-tab-layout-inherit kt-mobile-layout-row kt-row-valign-top\">\n<style>.kadence-column_bd086e-33 > .kt-inside-inner-col,.kadence-column_bd086e-33 > .kt-inside-inner-col:before{border-top-left-radius:0px;border-top-right-radius:0px;border-bottom-right-radius:0px;border-bottom-left-radius:0px;}.kadence-column_bd086e-33 > .kt-inside-inner-col{column-gap:var(--global-kb-gap-sm, 1rem);}.kadence-column_bd086e-33 > .kt-inside-inner-col{flex-direction:column;}.kadence-column_bd086e-33 > .kt-inside-inner-col > .aligncenter{width:100%;}.kadence-column_bd086e-33 > .kt-inside-inner-col:before{opacity:0.3;}.kadence-column_bd086e-33{position:relative;}@media all and (max-width: 1024px){.kadence-column_bd086e-33 > .kt-inside-inner-col{flex-direction:column;justify-content:center;}}@media all and (max-width: 767px){.kadence-column_bd086e-33 > .kt-inside-inner-col{flex-direction:column;justify-content:center;}}<\/style>\n<div class=\"wp-block-kadence-column kadence-column_bd086e-33 inner-column-1\"><div class=\"kt-inside-inner-col\">\n<p>Un des grands plaisirs, surtout en hiver ou par temps de pluie, est de partager des jeux de soci\u00e9t\u00e9. <br>Pendant le confinement, nous avions d\u00e9couvert les jeux en r\u00e9seau avec Marion.<br>Le must sont les jeux \u00ab\u00a0en pr\u00e9sentiel\u00a0\u00bb, lors d&rsquo;\u00e9changes de savoirs rapides par exemple ou d&rsquo;apr\u00e8s-midi ou de soir\u00e9es sp\u00e9cialement d\u00e9di\u00e9es.<br>Connaissez-vous aussi le jeu-balade \u00ab\u00a0Nancy insolite\u00a0\u00bb qui vous permet de r\u00e9soudre des \u00e9nigmes tout en d\u00e9couvrant Nancy sous un jour nouveau ?<\/p>\n<\/div><\/div>\n\n<\/div><\/div>","protected":false},"excerpt":{"rendered":"<p>Un des grands plaisirs, surtout en hiver ou par temps de pluie, est de partager des jeux de soci\u00e9t\u00e9. Pendant le confinement, nous avions d\u00e9couvert les jeux en r\u00e9seau avec Marion.Le must sont les jeux \u00ab\u00a0en pr\u00e9sentiel\u00a0\u00bb, lors d&rsquo;\u00e9changes de savoirs rapides par exemple ou&nbsp;<a class=\"read-more\" href=\"https:\/\/rers-nancy.fr\/new2\/nos-echanges-collectifs\/jeux-de-societe\/\">&hellip;<\/a><\/p>\n","protected":false},"author":1,"featured_media":0,"parent":1432,"menu_order":0,"comment_status":"closed","ping_status":"closed","template":"","meta":{"footnotes":""},"class_list":["post-1544","page","type-page","status-publish","hentry"],"_links":{"self":[{"href":"https:\/\/rers-nancy.fr\/new2\/wp-json\/wp\/v2\/pages\/1544","targetHints":{"allow":["GET"]}}],"collection":[{"href":"https:\/\/rers-nancy.fr\/new2\/wp-json\/wp\/v2\/pages"}],"about":[{"href":"https:\/\/rers-nancy.fr\/new2\/wp-json\/wp\/v2\/types\/page"}],"author":[{"embeddable":true,"href":"https:\/\/rers-nancy.fr\/new2\/wp-json\/wp\/v2\/users\/1"}],"replies":[{"embeddable":true,"href":"https:\/\/rers-nancy.fr\/new2\/wp-json\/wp\/v2\/comments?post=1544"}],"version-history":[{"count":4,"href":"https:\/\/rers-nancy.fr\/new2\/wp-json\/wp\/v2\/pages\/1544\/revisions"}],"predecessor-version":[{"id":5411,"href":"https:\/\/rers-nancy.fr\/new2\/wp-json\/wp\/v2\/pages\/1544\/revisions\/5411"}],"up":[{"embeddable":true,"href":"https:\/\/rers-nancy.fr\/new2\/wp-json\/wp\/v2\/pages\/1432"}],"wp:attachment":[{"href":"https:\/\/rers-nancy.fr\/new2\/wp-json\/wp\/v2\/media?parent=1544"}],"curies":[{"name":"wp","href":"https:\/\/api.w.org\/{rel}","templated":true}]}}