{"id":1645,"date":"2022-02-06T12:10:50","date_gmt":"2022-02-06T11:10:50","guid":{"rendered":"https:\/\/rers-nancy.fr\/new2\/?page_id=1645"},"modified":"2024-09-20T19:10:25","modified_gmt":"2024-09-20T17:10:25","slug":"compostage-quelques-conseils","status":"publish","type":"page","link":"https:\/\/rers-nancy.fr\/new2\/les-co-constructions-de-savoirs\/le-jardin-partage\/compostage-quelques-conseils\/","title":{"rendered":"Compostage : quelques conseils"},"content":{"rendered":"\n<ul class=\"wp-block-list\">\n<li><strong><a href=\"https:\/\/rers-nancy.fr\/new2\/wp-content\/uploads\/2019\/05\/dans_mon_bioseau1.pdf\">Que mettre dans un bio seau<\/a> <\/strong>(le seau o\u00f9 vous stockez vos apports avant de les verser dans le bac \u00e0 compost) ?<\/li>\n\n\n\n<li><strong><a href=\"https:\/\/rers-nancy.fr\/new2\/wp-content\/uploads\/2019\/05\/dans_mon_bioseau2.pdf\">Que ne faut-il pas mettre dans mon bio seau ?<\/a><\/strong><\/li>\n\n\n\n<li><a href=\"https:\/\/rers-nancy.fr\/new2\/wp-content\/uploads\/2019\/05\/Plaquette_jardin_plus_beau1.pdf\"><strong>Un jardin plus beau !<\/strong><\/a><\/li>\n\n\n\n<li><strong><a href=\"https:\/\/rers-nancy.fr\/new2\/wp-content\/uploads\/2019\/05\/Plaquette_jardin_plus_beau2.pdf\">Un jardin encore plus beau !<\/a><\/strong><\/li>\n\n\n\n<li><a href=\"https:\/\/rers-nancy.fr\/new2\/wp-content\/uploads\/2019\/05\/compostage_au_jardin1.pdf\"><strong>Compostage au jardin 1<\/strong><\/a><\/li>\n\n\n\n<li><a href=\"https:\/\/rers-nancy.fr\/new2\/wp-content\/uploads\/2019\/05\/compostage_au_jardin2.pdf\"><strong>Compostage au jardin 2<\/strong><\/a><\/li>\n\n\n\n<li><a href=\"https:\/\/rers-nancy.fr\/new2\/wp-content\/uploads\/2019\/05\/compostage_partage1.pdf\"><strong>Compostage partag\u00e9 1<\/strong><\/a><\/li>\n\n\n\n<li><a href=\"https:\/\/rers-nancy.fr\/new2\/wp-content\/uploads\/2019\/05\/compostage_partage2.pdf\"><strong>Compostage partag\u00e9 2<\/strong><\/a><\/li>\n<\/ul>\n\n\n<div class=\"wp-block-image\">\n<figure class=\"alignright\"><img loading=\"lazy\" decoding=\"async\" width=\"200\" height=\"126\" src=\"https:\/\/rers-nancy.fr\/new2\/wp-content\/uploads\/2019\/03\/compost_perso.png\" alt=\"compost perso\" class=\"wp-image-527\"\/><\/figure>\n<\/div>\n\n\n<p>Thomas Borne, Maitre Composteur \u00e0 la M\u00e9tropole du Grand Nancy, avait organis\u00e9 une r\u00e9union d\u2019information et de mise en pratique du compostage VENDREDI 29 MARS 2019 au PARC de la CURE D AIR <strong>pour les adh\u00e9rents du RERS-Nancy, dont les jardiniers du Jardin Partag\u00e9.<\/strong><\/p>\n\n\n\n<p>Ce soir l\u00e0, la M\u00e9tropole OFFRAIT \u00e0 tous les adh\u00e9rents qui le souhaitaient un SEAU de COMPOSTAGE pour y d\u00e9poser les d\u00e9chets <strong><em>\u201cnourriture\u201d<\/em><\/strong> chez soi.<\/p>\n\n\n\n<p id=\"les-composteurs\">Les composteurs ont \u00e9t\u00e9 install\u00e9s le jeudi 28 mars au matin en pr\u00e9sence des r\u00e9f\u00e9rents disponibles du Jardin partag\u00e9, Annie et Roger.<\/p>\n","protected":false},"excerpt":{"rendered":"<p>Thomas Borne, Maitre Composteur \u00e0 la M\u00e9tropole du Grand Nancy, avait organis\u00e9 une r\u00e9union d\u2019information et de mise en pratique du compostage VENDREDI 29 MARS 2019 au PARC de la CURE D AIR pour les adh\u00e9rents du RERS-Nancy, dont les jardiniers du Jardin Partag\u00e9. Ce&nbsp;<a class=\"read-more\" href=\"https:\/\/rers-nancy.fr\/new2\/les-co-constructions-de-savoirs\/le-jardin-partage\/compostage-quelques-conseils\/\">&hellip;<\/a><\/p>\n","protected":false},"author":1,"featured_media":0,"parent":1311,"menu_order":0,"comment_status":"closed","ping_status":"closed","template":"","meta":{"footnotes":""},"class_list":["post-1645","page","type-page","status-publish","hentry"],"_links":{"self":[{"href":"https:\/\/rers-nancy.fr\/new2\/wp-json\/wp\/v2\/pages\/1645","targetHints":{"allow":["GET"]}}],"collection":[{"href":"https:\/\/rers-nancy.fr\/new2\/wp-json\/wp\/v2\/pages"}],"about":[{"href":"https:\/\/rers-nancy.fr\/new2\/wp-json\/wp\/v2\/types\/page"}],"author":[{"embeddable":true,"href":"https:\/\/rers-nancy.fr\/new2\/wp-json\/wp\/v2\/users\/1"}],"replies":[{"embeddable":true,"href":"https:\/\/rers-nancy.fr\/new2\/wp-json\/wp\/v2\/comments?post=1645"}],"version-history":[{"count":3,"href":"https:\/\/rers-nancy.fr\/new2\/wp-json\/wp\/v2\/pages\/1645\/revisions"}],"predecessor-version":[{"id":5415,"href":"https:\/\/rers-nancy.fr\/new2\/wp-json\/wp\/v2\/pages\/1645\/revisions\/5415"}],"up":[{"embeddable":true,"href":"https:\/\/rers-nancy.fr\/new2\/wp-json\/wp\/v2\/pages\/1311"}],"wp:attachment":[{"href":"https:\/\/rers-nancy.fr\/new2\/wp-json\/wp\/v2\/media?parent=1645"}],"curies":[{"name":"wp","href":"https:\/\/api.w.org\/{rel}","templated":true}]}}