{"id":1661,"date":"2022-02-06T14:41:03","date_gmt":"2022-02-06T13:41:03","guid":{"rendered":"https:\/\/rers-nancy.fr\/new2\/?page_id=1661"},"modified":"2022-02-06T14:41:03","modified_gmt":"2022-02-06T13:41:03","slug":"le-tricot-urbain-en-2019-a-la-mjc-beauregard","status":"publish","type":"page","link":"https:\/\/rers-nancy.fr\/new2\/les-co-constructions-de-savoirs\/les-aiguilles-creatives\/le-tricot-urbain-en-2019-a-la-mjc-beauregard\/","title":{"rendered":"Le tricot urbain en 2019 \u00e0 la MJC Beauregard"},"content":{"rendered":"\n<h1 class=\"wp-block-heading\" id=\"tricot-urbain-et-couture\">Tricot urbain et couture !<\/h1>\n\n\n\n<p>Vendredi dernier 8 mars 2019, nous avons mis l&rsquo;accent sur la couture, Anrif s&rsquo;est fabriqu\u00e9 un sac, L\u00e9a a suivi dans la foul\u00e9e pendant que Liljana, Marjeta et Dila tricotaient en devisant gaiement. Francine \u00e0 la machine \u00e0 coudre, H\u00e9l\u00e8ne au tricot, ou l&rsquo;inverse selon l&rsquo;heure\u2026<\/p>\n\n\n\n<p>Quant au tricot urbain\u2026<\/p>\n\n\n\n<p>bien s\u00fbr je ne vais pas ici vous d\u00e9voiler tout ce que nous pr\u00e9parons, ni m\u00eame vous dire vraiment o\u00f9 nous en sommes, mais \u00e7a tricote vite (et bien), et nous assemblons maintenant les premiers \u00e9l\u00e9ments.<\/p>\n\n\n\n<p>Attendez-vous \u00e0 avoir des nouvelles tr\u00e8s bient\u00f4t !<img loading=\"lazy\" decoding=\"async\" src=\"https:\/\/rers-nancy.fr\/new2\/wp-content\/uploads\/2019\/03\/tricot_urbain_01.png\" alt=\"tricot urbain 01\" width=\"650\" height=\"308\"><\/p>\n","protected":false},"excerpt":{"rendered":"<p>Tricot urbain et couture ! Vendredi dernier 8 mars 2019, nous avons mis l&rsquo;accent sur la couture, Anrif s&rsquo;est fabriqu\u00e9 un sac, L\u00e9a a suivi dans la foul\u00e9e pendant que Liljana, Marjeta et Dila tricotaient en devisant gaiement. Francine \u00e0 la machine \u00e0 coudre, H\u00e9l\u00e8ne&nbsp;<a class=\"read-more\" href=\"https:\/\/rers-nancy.fr\/new2\/les-co-constructions-de-savoirs\/les-aiguilles-creatives\/le-tricot-urbain-en-2019-a-la-mjc-beauregard\/\">&hellip;<\/a><\/p>\n","protected":false},"author":1,"featured_media":0,"parent":1309,"menu_order":0,"comment_status":"closed","ping_status":"closed","template":"","meta":{"footnotes":""},"class_list":["post-1661","page","type-page","status-publish","hentry"],"_links":{"self":[{"href":"https:\/\/rers-nancy.fr\/new2\/wp-json\/wp\/v2\/pages\/1661","targetHints":{"allow":["GET"]}}],"collection":[{"href":"https:\/\/rers-nancy.fr\/new2\/wp-json\/wp\/v2\/pages"}],"about":[{"href":"https:\/\/rers-nancy.fr\/new2\/wp-json\/wp\/v2\/types\/page"}],"author":[{"embeddable":true,"href":"https:\/\/rers-nancy.fr\/new2\/wp-json\/wp\/v2\/users\/1"}],"replies":[{"embeddable":true,"href":"https:\/\/rers-nancy.fr\/new2\/wp-json\/wp\/v2\/comments?post=1661"}],"version-history":[{"count":1,"href":"https:\/\/rers-nancy.fr\/new2\/wp-json\/wp\/v2\/pages\/1661\/revisions"}],"predecessor-version":[{"id":1662,"href":"https:\/\/rers-nancy.fr\/new2\/wp-json\/wp\/v2\/pages\/1661\/revisions\/1662"}],"up":[{"embeddable":true,"href":"https:\/\/rers-nancy.fr\/new2\/wp-json\/wp\/v2\/pages\/1309"}],"wp:attachment":[{"href":"https:\/\/rers-nancy.fr\/new2\/wp-json\/wp\/v2\/media?parent=1661"}],"curies":[{"name":"wp","href":"https:\/\/api.w.org\/{rel}","templated":true}]}}