{"id":1672,"date":"2022-02-06T15:37:29","date_gmt":"2022-02-06T14:37:29","guid":{"rendered":"https:\/\/rers-nancy.fr\/new2\/?page_id=1672"},"modified":"2022-02-06T15:37:30","modified_gmt":"2022-02-06T14:37:30","slug":"echanges-de-savoirs-nos-categories","status":"publish","type":"page","link":"https:\/\/rers-nancy.fr\/new2\/les-echanges-de-savoirs\/echanges-de-savoirs-nos-categories\/","title":{"rendered":"Echanges de savoirs : nos cat\u00e9gories"},"content":{"rendered":"<h2>Arts et Culture<\/h2>\n<p><strong>Tout ce qui concerne les arts, les spectacles et les sorties culturelles :<\/strong><\/p>\n<p>* Rencontres et d\u00e9bats autour de tableaux, concerts, pi\u00e8ces de th\u00e9\u00e2tre<\/p>\n<p><strong>La d\u00e9couverte d&rsquo;un pays :<\/strong><\/p>\n<p>* Pr\u00e9sentation d&rsquo;un pays avec ou sans diaporama<\/p>\n<p><strong>Les \u00e9changes autour des livres, de la po\u00e9sie, du cin\u00e9ma :<\/strong><\/p>\n<p>* Soir\u00e9es po\u00e9sie, d\u00e9bats sur des lectures ou des films, etc.<\/p>\n<h2>Loisirs Cr\u00e9atifs<\/h2>\n<p><strong>Tout ce qui concerne une r\u00e9alisation personnelle :<\/strong><\/p>\n<p>* couture, tricot, crochet, dentelle,&nbsp;<\/p>\n<p>* poterie, sculpture,&nbsp;<\/p>\n<p>* reliure, maquettes, mosa\u00efque,&nbsp;<\/p>\n<p>* fabrication meubles en carton&#8230;<\/p>\n<h2>Bien-\u00eatre et Sant\u00e9<\/h2>\n<p>* modelage, m\u00e9decine, \u00e9quilibre personnel, points d&rsquo;acupuncture,<\/p>\n<p>* pu\u00e9riculture<\/p>\n<h2>Sports et Loisirs<\/h2>\n<p>* Tout ce qui concerne les sports et les loisirs : marche, \u00e9quitation, d\u00e9tente, danse, jeux de soci\u00e9t\u00e9,&#8230;..&nbsp;<\/p>\n<h2>Art Culinaire<\/h2>\n<p><strong>* Toutes les cuisines du monde,<\/strong><\/p>\n<p>* la cuisine facile,<\/p>\n<p>* la cuisine d&rsquo;autrefois,<\/p>\n<p>* la cuisine v\u00e9g\u00e9tarienne,&#8230;<\/p>\n<h2>Nature et Environnement<\/h2>\n<p><strong>* Tout ce qui concerne la nature,<\/strong><\/p>\n<p>* \u00e9cologie,<\/p>\n<p>* g\u00e9ologie,<\/p>\n<p>* d\u00e9veloppement durable,<\/p>\n<p>* jardinage&#8230;<\/p>\n<h2>Am\u00e9nagement de la maison<\/h2>\n<p><strong>* Tout ce qui concerne l&rsquo;am\u00e9nagement de la maison<\/strong><\/p>\n<p>* int\u00e9rieur et ext\u00e9rieur,<\/p>\n<p>* bricolage,<\/p>\n<p>* conseils d\u00e9co,&#8230;&nbsp;<\/p>\n<h2>Informatique<\/h2>\n<p><strong>Tout ce qui concerne l&rsquo;ordinateur,<\/strong><\/p>\n<p>* les logiciels,<\/p>\n<p>* la messagerie,<\/p>\n<p>* le web<\/p>\n<p>* la gestion de ses photos, de son agenda, de ses pi\u00e8ces jointes, etc.<\/p>\n<h2>Communication et administration<\/h2>\n<p>* Ce qui concerne les langues,<\/p>\n<p>* l&rsquo;organisation des \u00e9v\u00e9nements,<\/p>\n<p>* l&rsquo;animation,<\/p>\n<p>* la recherche d&#8217;emploi,<\/p>\n<p>* les documents administratifs,<\/p>\n<p>* la n\u00e9gociation commerciale,&#8230;<\/p>\n<h2>Services<\/h2>\n<p>* Soutien scolaire,<\/p>\n<p>* baby-sitting,<\/p>\n<p>* accompagnement \u00e0 la promenade,&#8230;<\/p>\n","protected":false},"excerpt":{"rendered":"<p>Arts et Culture Tout ce qui concerne les arts, les spectacles et les sorties culturelles : * Rencontres et d\u00e9bats autour de tableaux, concerts, pi\u00e8ces de th\u00e9\u00e2tre La d\u00e9couverte d&rsquo;un pays : * Pr\u00e9sentation d&rsquo;un pays avec ou sans diaporama Les \u00e9changes autour des livres,&nbsp;<a class=\"read-more\" href=\"https:\/\/rers-nancy.fr\/new2\/les-echanges-de-savoirs\/echanges-de-savoirs-nos-categories\/\">&hellip;<\/a><\/p>\n","protected":false},"author":1,"featured_media":0,"parent":1293,"menu_order":0,"comment_status":"closed","ping_status":"closed","template":"","meta":{"footnotes":""},"class_list":["post-1672","page","type-page","status-publish","hentry"],"_links":{"self":[{"href":"https:\/\/rers-nancy.fr\/new2\/wp-json\/wp\/v2\/pages\/1672","targetHints":{"allow":["GET"]}}],"collection":[{"href":"https:\/\/rers-nancy.fr\/new2\/wp-json\/wp\/v2\/pages"}],"about":[{"href":"https:\/\/rers-nancy.fr\/new2\/wp-json\/wp\/v2\/types\/page"}],"author":[{"embeddable":true,"href":"https:\/\/rers-nancy.fr\/new2\/wp-json\/wp\/v2\/users\/1"}],"replies":[{"embeddable":true,"href":"https:\/\/rers-nancy.fr\/new2\/wp-json\/wp\/v2\/comments?post=1672"}],"version-history":[{"count":1,"href":"https:\/\/rers-nancy.fr\/new2\/wp-json\/wp\/v2\/pages\/1672\/revisions"}],"predecessor-version":[{"id":1673,"href":"https:\/\/rers-nancy.fr\/new2\/wp-json\/wp\/v2\/pages\/1672\/revisions\/1673"}],"up":[{"embeddable":true,"href":"https:\/\/rers-nancy.fr\/new2\/wp-json\/wp\/v2\/pages\/1293"}],"wp:attachment":[{"href":"https:\/\/rers-nancy.fr\/new2\/wp-json\/wp\/v2\/media?parent=1672"}],"curies":[{"name":"wp","href":"https:\/\/api.w.org\/{rel}","templated":true}]}}