{"id":1758,"date":"2022-02-07T09:55:43","date_gmt":"2022-02-07T08:55:43","guid":{"rendered":"https:\/\/rers-nancy.fr\/new2\/?page_id=1758"},"modified":"2024-09-20T18:59:13","modified_gmt":"2024-09-20T16:59:13","slug":"la-convivialite-dans-les-echanges","status":"publish","type":"page","link":"https:\/\/rers-nancy.fr\/new2\/nos-echanges-collectifs\/la-convivialite-dans-les-echanges\/","title":{"rendered":"La convivialit\u00e9 dans les \u00e9changes"},"content":{"rendered":"\n<p>Le RERS-Nancy met un accent tout particulier sur la convivialit\u00e9 !<br>Les \u00e9changes de savoirs autour de la cuisine se terminent toujours par un repas, les Savoirs en f\u00eate commencent et finissent par un petit verre partag\u00e9, etc.<\/p>\n\n\n\n<p>Les \u00ab\u00a0<strong><em>savoirs en f\u00eate<\/em><\/strong>\u00ab\u00a0, le <strong><em>jardin partag\u00e9<\/em><\/strong> et les petites mains aux <strong><em>Aiguilles cr\u00e9atives<\/em><\/strong> sont autant d&rsquo;occasions de se rencontrer la plupart du temps autour d&rsquo;un verre partag\u00e9, accompagn\u00e9, bien s\u00fbr, de petits ou grands g\u00e2teaux confectionn\u00e9s par les uns ou les autres.<br>Quelques s\u00e9ances de <strong><em>jeux de soci\u00e9t\u00e9<\/em><\/strong>, les <strong><em>marches du mercredi<\/em><\/strong> sous la pluie ou le soleil et un peu de bricolage au gr\u00e9 des propositions de l&rsquo;un ou l&rsquo;autre de nos membres compl\u00e8tent ce tableau !<\/p>\n\n\n\n<p>Vous l&rsquo;aurez compris, la convivialit\u00e9 et l&rsquo;amiti\u00e9 sont au rendez-vous dans toutes les rencontres.<\/p>\n\n\n\n<h3 class=\"wp-block-heading\" id=\"un-repas-blanc\"><\/h3>\n","protected":false},"excerpt":{"rendered":"<p>Le RERS-Nancy met un accent tout particulier sur la convivialit\u00e9 !Les \u00e9changes de savoirs autour de la cuisine se terminent toujours par un repas, les Savoirs en f\u00eate commencent et finissent par un petit verre partag\u00e9, etc. Les \u00ab\u00a0savoirs en f\u00eate\u00ab\u00a0, le jardin partag\u00e9 et&nbsp;<a class=\"read-more\" href=\"https:\/\/rers-nancy.fr\/new2\/nos-echanges-collectifs\/la-convivialite-dans-les-echanges\/\">&hellip;<\/a><\/p>\n","protected":false},"author":1,"featured_media":0,"parent":1432,"menu_order":0,"comment_status":"closed","ping_status":"closed","template":"","meta":{"footnotes":""},"class_list":["post-1758","page","type-page","status-publish","hentry"],"_links":{"self":[{"href":"https:\/\/rers-nancy.fr\/new2\/wp-json\/wp\/v2\/pages\/1758","targetHints":{"allow":["GET"]}}],"collection":[{"href":"https:\/\/rers-nancy.fr\/new2\/wp-json\/wp\/v2\/pages"}],"about":[{"href":"https:\/\/rers-nancy.fr\/new2\/wp-json\/wp\/v2\/types\/page"}],"author":[{"embeddable":true,"href":"https:\/\/rers-nancy.fr\/new2\/wp-json\/wp\/v2\/users\/1"}],"replies":[{"embeddable":true,"href":"https:\/\/rers-nancy.fr\/new2\/wp-json\/wp\/v2\/comments?post=1758"}],"version-history":[{"count":3,"href":"https:\/\/rers-nancy.fr\/new2\/wp-json\/wp\/v2\/pages\/1758\/revisions"}],"predecessor-version":[{"id":5407,"href":"https:\/\/rers-nancy.fr\/new2\/wp-json\/wp\/v2\/pages\/1758\/revisions\/5407"}],"up":[{"embeddable":true,"href":"https:\/\/rers-nancy.fr\/new2\/wp-json\/wp\/v2\/pages\/1432"}],"wp:attachment":[{"href":"https:\/\/rers-nancy.fr\/new2\/wp-json\/wp\/v2\/media?parent=1758"}],"curies":[{"name":"wp","href":"https:\/\/api.w.org\/{rel}","templated":true}]}}