{"id":1784,"date":"2022-02-07T11:04:22","date_gmt":"2022-02-07T10:04:22","guid":{"rendered":"https:\/\/rers-nancy.fr\/new2\/?page_id=1784"},"modified":"2022-02-07T15:22:16","modified_gmt":"2022-02-07T14:22:16","slug":"le-l-i-r","status":"publish","type":"page","link":"https:\/\/rers-nancy.fr\/new2\/qui-sommes-nous\/les-rers-quest-ce-que-cest\/foresco\/le-l-i-r\/","title":{"rendered":"Le L.I.R."},"content":{"rendered":"\n<h3 class=\"wp-block-heading\" id=\"le-lien-inter-reseaux\">Le Lien Inter R\u00e9seaux<\/h3>\n\n\n\n<p>est le journal commun \u00e0 tous les r\u00e9seaux, un document riche des apports des r\u00e9seaux de toute la France.<\/p>\n\n\n\n<p><a href=\"http:\/\/rers-nancy.fr\/LIR\/LIR_40_janvier2022.pdf\" target=\"_blank\" rel=\"noopener\">n\u00b0 40 de janvier 2022 est disponible ici<\/a><\/p>\n\n\n\n<p><a href=\"http:\/\/rers-nancy.fr\/LIR\/LIR-39-octobre-2021.pdf\" target=\"_blank\" rel=\"noopener\">n\u00b0 39 d&rsquo;octobre 2021 est disponible ici<\/a><\/p>\n\n\n\n<p><a href=\"http:\/\/www.rers-nancy.fr\/LIR\/2018-10-LIR30.pdf\" target=\"_blank\" rel=\"noopener noreferrer\">d&rsquo;octobre 2018 est disponible ici<\/a><\/p>\n\n\n\n<p><a href=\"https:\/\/www.rers-asso.org\/Files\/Other\/LIR%202018\/lir-29-juillet2018.pdf\" target=\"_blank\" rel=\"noopener noreferrer\">de juillet 2018 est disponible ici<\/a><\/p>\n\n\n\n<p><em><a href=\"https:\/\/www.rers-asso.org\/lien-inter-reseaux.htm\" data-type=\"URL\" data-id=\"https:\/\/www.rers-asso.org\/lien-inter-reseaux.htm\" target=\"_blank\" rel=\"noreferrer noopener\">Retrouver tous les \u00ab\u00a0Liens\u00a0\u00bb sur le site de FORESCO.<\/a><\/em><\/p>\n","protected":false},"excerpt":{"rendered":"<p>Le Lien Inter R\u00e9seaux est le journal commun \u00e0 tous les r\u00e9seaux, un document riche des apports des r\u00e9seaux de toute la France. n\u00b0 40 de janvier 2022 est disponible ici n\u00b0 39 d&rsquo;octobre 2021 est disponible ici d&rsquo;octobre 2018 est disponible ici de juillet&nbsp;<a class=\"read-more\" href=\"https:\/\/rers-nancy.fr\/new2\/qui-sommes-nous\/les-rers-quest-ce-que-cest\/foresco\/le-l-i-r\/\">&hellip;<\/a><\/p>\n","protected":false},"author":1,"featured_media":0,"parent":1487,"menu_order":0,"comment_status":"closed","ping_status":"closed","template":"","meta":{"footnotes":""},"class_list":["post-1784","page","type-page","status-publish","hentry"],"_links":{"self":[{"href":"https:\/\/rers-nancy.fr\/new2\/wp-json\/wp\/v2\/pages\/1784","targetHints":{"allow":["GET"]}}],"collection":[{"href":"https:\/\/rers-nancy.fr\/new2\/wp-json\/wp\/v2\/pages"}],"about":[{"href":"https:\/\/rers-nancy.fr\/new2\/wp-json\/wp\/v2\/types\/page"}],"author":[{"embeddable":true,"href":"https:\/\/rers-nancy.fr\/new2\/wp-json\/wp\/v2\/users\/1"}],"replies":[{"embeddable":true,"href":"https:\/\/rers-nancy.fr\/new2\/wp-json\/wp\/v2\/comments?post=1784"}],"version-history":[{"count":2,"href":"https:\/\/rers-nancy.fr\/new2\/wp-json\/wp\/v2\/pages\/1784\/revisions"}],"predecessor-version":[{"id":1984,"href":"https:\/\/rers-nancy.fr\/new2\/wp-json\/wp\/v2\/pages\/1784\/revisions\/1984"}],"up":[{"embeddable":true,"href":"https:\/\/rers-nancy.fr\/new2\/wp-json\/wp\/v2\/pages\/1487"}],"wp:attachment":[{"href":"https:\/\/rers-nancy.fr\/new2\/wp-json\/wp\/v2\/media?parent=1784"}],"curies":[{"name":"wp","href":"https:\/\/api.w.org\/{rel}","templated":true}]}}