{"id":1790,"date":"2024-04-06T17:49:31","date_gmt":"2024-04-06T15:49:31","guid":{"rendered":"https:\/\/rers-nancy.fr\/new2\/?page_id=1790"},"modified":"2024-04-06T17:51:20","modified_gmt":"2024-04-06T15:51:20","slug":"sables-aux-raisins-secs","status":"publish","type":"page","link":"https:\/\/rers-nancy.fr\/new2\/les-echanges-de-savoirs\/nos-recettes\/sables-aux-raisins-secs\/","title":{"rendered":"Sabl\u00e9s aux raisins secs"},"content":{"rendered":"<style>.kb-row-layout-wrap.wp-block-kadence-rowlayout.kb-row-layout-id_86f0d3-82{margin-top:2px;margin-bottom:2px;}.kb-row-layout-id_86f0d3-82 > .kt-row-column-wrap{align-content:start;}:where(.kb-row-layout-id_86f0d3-82 > .kt-row-column-wrap) > .wp-block-kadence-column{justify-content:start;}.kb-row-layout-id_86f0d3-82 > .kt-row-column-wrap{column-gap:var(--global-kb-gap-md, 2rem);row-gap:var(--global-kb-gap-md, 2rem);padding-top:5px;padding-right:2px;padding-bottom:5px;padding-left:2px;grid-template-columns:minmax(0, 1fr) minmax(0, 2fr);}.kb-row-layout-id_86f0d3-82 > .kt-row-layout-overlay{opacity:0.30;}@media all and (max-width: 1024px){.kb-row-layout-id_86f0d3-82 > .kt-row-column-wrap{grid-template-columns:minmax(0, 1fr) minmax(0, 2fr);}}@media all and (max-width: 767px){.kb-row-layout-id_86f0d3-82 > .kt-row-column-wrap{grid-template-columns:minmax(0, 1fr);}}<\/style><div class=\"kb-row-layout-wrap kb-row-layout-id_86f0d3-82 alignnone wp-block-kadence-rowlayout\"><div class=\"kt-row-column-wrap kt-has-2-columns kt-row-layout-right-golden kt-tab-layout-inherit kt-mobile-layout-row kt-row-valign-top\">\n<style>.kadence-column_ae6f71-f9 > .kt-inside-inner-col{display:flex;}.kadence-column_ae6f71-f9 > .kt-inside-inner-col,.kadence-column_ae6f71-f9 > .kt-inside-inner-col:before{border-top-left-radius:0px;border-top-right-radius:0px;border-bottom-right-radius:0px;border-bottom-left-radius:0px;}.kadence-column_ae6f71-f9 > .kt-inside-inner-col{flex-direction:row;flex-wrap:wrap;align-items:center;}.kadence-column_ae6f71-f9 > .kt-inside-inner-col > *, .kadence-column_ae6f71-f9 > .kt-inside-inner-col > figure.wp-block-image, .kadence-column_ae6f71-f9 > .kt-inside-inner-col > figure.wp-block-kadence-image{margin-top:0px;margin-bottom:0px;}.kadence-column_ae6f71-f9 > .kt-inside-inner-col > .kb-image-is-ratio-size{flex-grow:1;}.kadence-column_ae6f71-f9 > .kt-inside-inner-col:before{opacity:0.3;}.kadence-column_ae6f71-f9{position:relative;}@media all and (max-width: 1024px){.kadence-column_ae6f71-f9 > .kt-inside-inner-col{flex-direction:row;flex-wrap:wrap;align-items:center;}}@media all and (min-width: 768px) and (max-width: 1024px){.kadence-column_ae6f71-f9 > .kt-inside-inner-col > *, .kadence-column_ae6f71-f9 > .kt-inside-inner-col > figure.wp-block-image, .kadence-column_ae6f71-f9 > .kt-inside-inner-col > figure.wp-block-kadence-image{margin-top:0px;margin-bottom:0px;}.kadence-column_ae6f71-f9 > .kt-inside-inner-col > .kb-image-is-ratio-size{flex-grow:1;}}@media all and (max-width: 767px){.kadence-column_ae6f71-f9 > .kt-inside-inner-col{flex-direction:row;flex-wrap:wrap;justify-content:flex-start;}.kadence-column_ae6f71-f9 > .kt-inside-inner-col > *, .kadence-column_ae6f71-f9 > .kt-inside-inner-col > figure.wp-block-image, .kadence-column_ae6f71-f9 > .kt-inside-inner-col > figure.wp-block-kadence-image{margin-top:0px;margin-bottom:0px;}.kadence-column_ae6f71-f9 > .kt-inside-inner-col > .kb-image-is-ratio-size{flex-grow:1;}}<\/style>\n<div class=\"wp-block-kadence-column kadence-column_ae6f71-f9 kb-section-dir-horizontal\"><div class=\"kt-inside-inner-col\">\n<figure class=\"wp-block-image size-full\"><img loading=\"lazy\" decoding=\"async\" width=\"200\" height=\"141\" src=\"https:\/\/rers-nancy.fr\/new2\/wp-content\/uploads\/2018\/09\/sables-raisins-secs.png\" alt=\"sables raisins secs\" class=\"wp-image-490\"\/><\/figure>\n<\/div><\/div>\n\n\n<style>.kadence-column_f1b644-15 > .kt-inside-inner-col{padding-top:0px;padding-right:0px;padding-bottom:0px;padding-left:0px;}.kadence-column_f1b644-15 > .kt-inside-inner-col,.kadence-column_f1b644-15 > .kt-inside-inner-col:before{border-top-left-radius:0px;border-top-right-radius:0px;border-bottom-right-radius:0px;border-bottom-left-radius:0px;}.kadence-column_f1b644-15 > .kt-inside-inner-col{column-gap:var(--global-kb-gap-sm, 1rem);}.kadence-column_f1b644-15 > .kt-inside-inner-col{flex-direction:column;}.kadence-column_f1b644-15 > .kt-inside-inner-col > .aligncenter{width:100%;}.kadence-column_f1b644-15 > .kt-inside-inner-col:before{opacity:0.3;}.kadence-column_f1b644-15{position:relative;}.kadence-column_f1b644-15, .kt-inside-inner-col > .kadence-column_f1b644-15:not(.specificity){margin-top:0px;margin-right:0px;margin-bottom:0px;margin-left:0px;}@media all and (max-width: 1024px){.kadence-column_f1b644-15 > .kt-inside-inner-col{flex-direction:column;justify-content:center;}}@media all and (max-width: 767px){.kadence-column_f1b644-15 > .kt-inside-inner-col{flex-direction:column;justify-content:center;}}<\/style>\n<div class=\"wp-block-kadence-column kadence-column_f1b644-15 inner-column-2\"><div class=\"kt-inside-inner-col\">\n<h4 class=\"wp-block-heading\" id=\"block-5b0d93cb-6614-4f85-abd5-26db8720663a\">Ingr\u00e9dients<\/h4>\n\n\n\n<ul class=\"wp-block-list\" id=\"block-8ce183db-f26a-41a2-b139-60f1c67bca42\">\n<li><em>Farine 100g<\/em><\/li>\n\n\n\n<li><em>Beurre doux 50g<\/em><\/li>\n\n\n\n<li><em>Sucre blanc 40g<\/em><\/li>\n\n\n\n<li><em>Sucre vanill\u00e9 1 sachet<\/em><\/li>\n\n\n\n<li><em>Raisins secs 50g<\/em><\/li>\n\n\n\n<li><em>Jaune d\u2019oeuf 1<\/em><\/li>\n<\/ul>\n<\/div><\/div>\n\n<\/div><\/div>\n\n\n<h3 class=\"wp-block-heading\" id=\"recette\">Recette<\/h3>\n\n\n\n<ul class=\"wp-block-list\">\n<li>Pr\u00e9chauffez votre four \u00e0 180\/200 \u00b0C.<\/li>\n\n\n\n<li>Tamisez la farine dans une saladier, ajoutez le sucre blanc, le sucre vanill\u00e9, finir par les raisins secs.<\/li>\n\n\n\n<li>Ajoutez le beurre coup\u00e9 en d\u00e9s et m\u00e9langez avec vos doigts (oui oui) jusqu\u2019\u00e0 obtention d\u2019un sable fin.<\/li>\n\n\n\n<li>Incorporez le jaune d\u2019\u0153uf. Si la p\u00e2te est encore un peu s\u00e8che ajoutez un filet d\u2019eau.<\/li>\n\n\n\n<li>Rassemblez l\u2019ensemble en une belle boule lisse.<\/li>\n\n\n\n<li>Utiliser du papier cuisson ou farinez votre plan de travail et formez vos sabl\u00e9s.<\/li>\n\n\n\n<li>Mettez-les au four environ 15 minutes (selon l\u2019\u00e9paisseur de vos sabl\u00e9s).<\/li>\n<\/ul>\n\n\n\n<p><em>Pour ma part je me suis br\u00fbl\u00e9e la langue, mais j\u2019en ai go\u00fbt\u00e9 un \u00e0 la sortie du four et mmmhhhh\u2026<\/em><br><em>Si vous \u00eates plus raisonnable que moi, sortez les du four, laissez les refroidir quelques minutes et ensuite allez y !<\/em><\/p>\n\n\n\n<h3 class=\"wp-block-heading\" id=\"ma-remarque\">Ma remarque :<\/h3>\n\n\n\n<ul class=\"wp-block-list\">\n<li>le raisin sec est riche en glucides (et oui il en faut !), fibres, vitamines et min\u00e9raux !!<\/li>\n<\/ul>\n\n\n\n<p><em>Cl\u00e9lia<\/em><\/p>\n","protected":false},"excerpt":{"rendered":"<p>Ingr\u00e9dients Recette Pour ma part je me suis br\u00fbl\u00e9e la langue, mais j\u2019en ai go\u00fbt\u00e9 un \u00e0 la sortie du four et mmmhhhh\u2026Si vous \u00eates plus raisonnable que moi, sortez les du four, laissez les refroidir quelques minutes et ensuite allez y ! Ma remarque&nbsp;<a class=\"read-more\" href=\"https:\/\/rers-nancy.fr\/new2\/les-echanges-de-savoirs\/nos-recettes\/sables-aux-raisins-secs\/\">&hellip;<\/a><\/p>\n","protected":false},"author":1,"featured_media":490,"parent":1680,"menu_order":0,"comment_status":"closed","ping_status":"closed","template":"","meta":{"footnotes":""},"class_list":["post-1790","page","type-page","status-publish","has-post-thumbnail","hentry"],"_links":{"self":[{"href":"https:\/\/rers-nancy.fr\/new2\/wp-json\/wp\/v2\/pages\/1790","targetHints":{"allow":["GET"]}}],"collection":[{"href":"https:\/\/rers-nancy.fr\/new2\/wp-json\/wp\/v2\/pages"}],"about":[{"href":"https:\/\/rers-nancy.fr\/new2\/wp-json\/wp\/v2\/types\/page"}],"author":[{"embeddable":true,"href":"https:\/\/rers-nancy.fr\/new2\/wp-json\/wp\/v2\/users\/1"}],"replies":[{"embeddable":true,"href":"https:\/\/rers-nancy.fr\/new2\/wp-json\/wp\/v2\/comments?post=1790"}],"version-history":[{"count":1,"href":"https:\/\/rers-nancy.fr\/new2\/wp-json\/wp\/v2\/pages\/1790\/revisions"}],"predecessor-version":[{"id":5239,"href":"https:\/\/rers-nancy.fr\/new2\/wp-json\/wp\/v2\/pages\/1790\/revisions\/5239"}],"up":[{"embeddable":true,"href":"https:\/\/rers-nancy.fr\/new2\/wp-json\/wp\/v2\/pages\/1680"}],"wp:featuredmedia":[{"embeddable":true,"href":"https:\/\/rers-nancy.fr\/new2\/wp-json\/wp\/v2\/media\/490"}],"wp:attachment":[{"href":"https:\/\/rers-nancy.fr\/new2\/wp-json\/wp\/v2\/media?parent=1790"}],"curies":[{"name":"wp","href":"https:\/\/api.w.org\/{rel}","templated":true}]}}