{"id":2371,"date":"2022-02-14T10:28:36","date_gmt":"2022-02-14T09:28:36","guid":{"rendered":"https:\/\/rers-nancy.fr\/new2\/?page_id=2371"},"modified":"2024-09-20T19:23:24","modified_gmt":"2024-09-20T17:23:24","slug":"et-si-nous-parlions-recup-et-recyclage","status":"publish","type":"page","link":"https:\/\/rers-nancy.fr\/new2\/les-co-constructions-de-savoirs\/et-si-nous-parlions-recup-et-recyclage\/","title":{"rendered":"Et si nous parlions r\u00e9cup&rsquo; et recyclage ?"},"content":{"rendered":"<style>.kb-row-layout-id_912672-1e > .kt-row-column-wrap{align-content:start;}:where(.kb-row-layout-id_912672-1e > .kt-row-column-wrap) > .wp-block-kadence-column{justify-content:start;}.kb-row-layout-id_912672-1e > .kt-row-column-wrap{column-gap:var(--global-kb-gap-md, 2rem);row-gap:var(--global-kb-gap-md, 2rem);padding-top:var(--global-kb-spacing-sm, 1.5rem);padding-bottom:var(--global-kb-spacing-sm, 1.5rem);grid-template-columns:minmax(0, 1fr);}.kb-row-layout-id_912672-1e > .kt-row-layout-overlay{opacity:0.30;}@media all and (max-width: 1024px){.kb-row-layout-id_912672-1e > .kt-row-column-wrap{grid-template-columns:minmax(0, 1fr);}}@media all and (max-width: 767px){.kb-row-layout-id_912672-1e > .kt-row-column-wrap{grid-template-columns:minmax(0, 1fr);}}<\/style><div class=\"kb-row-layout-wrap kb-row-layout-id_912672-1e alignnone wp-block-kadence-rowlayout\"><div class=\"kt-row-column-wrap kt-has-1-columns kt-row-layout-equal kt-tab-layout-inherit kt-mobile-layout-row kt-row-valign-top\">\n<style>.kadence-column_e334fd-ef > .kt-inside-inner-col,.kadence-column_e334fd-ef > .kt-inside-inner-col:before{border-top-left-radius:0px;border-top-right-radius:0px;border-bottom-right-radius:0px;border-bottom-left-radius:0px;}.kadence-column_e334fd-ef > .kt-inside-inner-col{column-gap:var(--global-kb-gap-sm, 1rem);}.kadence-column_e334fd-ef > .kt-inside-inner-col{flex-direction:column;}.kadence-column_e334fd-ef > .kt-inside-inner-col > .aligncenter{width:100%;}.kadence-column_e334fd-ef > .kt-inside-inner-col:before{opacity:0.3;}.kadence-column_e334fd-ef{position:relative;}@media all and (max-width: 1024px){.kadence-column_e334fd-ef > .kt-inside-inner-col{flex-direction:column;justify-content:center;}}@media all and (max-width: 767px){.kadence-column_e334fd-ef > .kt-inside-inner-col{flex-direction:column;justify-content:center;}}<\/style>\n<div class=\"wp-block-kadence-column kadence-column_e334fd-ef inner-column-1\"><div class=\"kt-inside-inner-col\">\n<div class=\"wp-block-media-text alignwide is-stacked-on-mobile\" style=\"grid-template-columns:28% auto\"><figure class=\"wp-block-media-text__media\"><img loading=\"lazy\" decoding=\"async\" width=\"200\" height=\"133\" src=\"https:\/\/rers-nancy.fr\/new2\/wp-content\/uploads\/2022\/04\/recyclage-Pt-1-200x133.png\" alt=\"\" class=\"wp-image-2663 size-thumbnail\" srcset=\"https:\/\/rers-nancy.fr\/new2\/wp-content\/uploads\/2022\/04\/recyclage-Pt-1-200x133.png 200w, https:\/\/rers-nancy.fr\/new2\/wp-content\/uploads\/2022\/04\/recyclage-Pt-1.png 275w\" sizes=\"auto, (max-width: 200px) 100vw, 200px\" \/><\/figure><div class=\"wp-block-media-text__content\">\n<p class=\"has-small-font-size\">Cette grande manifestation, une premi\u00e8re \u00e0 Nancy, a rassembl\u00e9 un grand nombre d&rsquo;entreprises, artistes et artisans d&rsquo;art professionnels et amateurs \u00e9clair\u00e9s, \u0153uvrant dans les sp\u00e9cialit\u00e9s les plus diverses o\u00f9 se sont entrecrois\u00e9s les arts et les sciences.<\/p>\n\n\n\n<p><\/p>\n<\/div><\/div>\n<\/div><\/div>\n\n<\/div><\/div>\n\n<style>.kb-row-layout-id_423b3a-a3 > .kt-row-column-wrap{align-content:start;}:where(.kb-row-layout-id_423b3a-a3 > .kt-row-column-wrap) > .wp-block-kadence-column{justify-content:start;}.kb-row-layout-id_423b3a-a3 > .kt-row-column-wrap{column-gap:var(--global-kb-gap-md, 2rem);row-gap:var(--global-kb-gap-md, 2rem);padding-top:var(--global-kb-spacing-sm, 1.5rem);padding-bottom:var(--global-kb-spacing-sm, 1.5rem);grid-template-columns:repeat(2, minmax(0, 1fr));}.kb-row-layout-id_423b3a-a3 > .kt-row-layout-overlay{opacity:0.30;}@media all and (max-width: 1024px){.kb-row-layout-id_423b3a-a3 > .kt-row-column-wrap{grid-template-columns:repeat(2, minmax(0, 1fr));}}@media all and (max-width: 767px){.kb-row-layout-id_423b3a-a3 > .kt-row-column-wrap{grid-template-columns:minmax(0, 1fr);}}<\/style><div class=\"kb-row-layout-wrap kb-row-layout-id_423b3a-a3 alignnone wp-block-kadence-rowlayout\"><div class=\"kt-row-column-wrap kt-has-2-columns kt-row-layout-equal kt-tab-layout-inherit kt-mobile-layout-row kt-row-valign-top\">\n<style>.kadence-column_845c17-da > .kt-inside-inner-col{display:flex;}.kadence-column_845c17-da > .kt-inside-inner-col,.kadence-column_845c17-da > .kt-inside-inner-col:before{border-top-left-radius:0px;border-top-right-radius:0px;border-bottom-right-radius:0px;border-bottom-left-radius:0px;}.kadence-column_845c17-da > .kt-inside-inner-col{flex-direction:row;flex-wrap:wrap;align-items:center;justify-content:center;}.kadence-column_845c17-da > .kt-inside-inner-col > *, .kadence-column_845c17-da > .kt-inside-inner-col > figure.wp-block-image, .kadence-column_845c17-da > .kt-inside-inner-col > figure.wp-block-kadence-image{margin-top:0px;margin-bottom:0px;}.kadence-column_845c17-da > .kt-inside-inner-col > .kb-image-is-ratio-size{flex-grow:1;}.kadence-column_845c17-da > .kt-inside-inner-col:before{opacity:0.3;}.kadence-column_845c17-da{text-align:center;}.kadence-column_845c17-da{position:relative;}@media all and (max-width: 1024px){.kadence-column_845c17-da > .kt-inside-inner-col{flex-direction:row;flex-wrap:wrap;align-items:center;justify-content:center;}}@media all and (min-width: 768px) and (max-width: 1024px){.kadence-column_845c17-da > .kt-inside-inner-col > *, .kadence-column_845c17-da > .kt-inside-inner-col > figure.wp-block-image, .kadence-column_845c17-da > .kt-inside-inner-col > figure.wp-block-kadence-image{margin-top:0px;margin-bottom:0px;}.kadence-column_845c17-da > .kt-inside-inner-col > .kb-image-is-ratio-size{flex-grow:1;}}@media all and (max-width: 767px){.kadence-column_845c17-da > .kt-inside-inner-col{flex-direction:row;flex-wrap:wrap;justify-content:flex-start;justify-content:center;}.kadence-column_845c17-da > .kt-inside-inner-col > *, .kadence-column_845c17-da > .kt-inside-inner-col > figure.wp-block-image, .kadence-column_845c17-da > .kt-inside-inner-col > figure.wp-block-kadence-image{margin-top:0px;margin-bottom:0px;}.kadence-column_845c17-da > .kt-inside-inner-col > .kb-image-is-ratio-size{flex-grow:1;}}<\/style>\n<div class=\"wp-block-kadence-column kadence-column_845c17-da kb-section-dir-horizontal\"><div class=\"kt-inside-inner-col\">\n<h3 class=\"wp-block-heading\" id=\"fibricoop-la-seconde-vie-des-bleus-de-travail\">Fibricoop, la seconde vie des bleus de travail<\/h3>\n<\/div><\/div>\n\n\n<style>.kadence-column_fba3b9-97 > .kt-inside-inner-col,.kadence-column_fba3b9-97 > .kt-inside-inner-col:before{border-top-left-radius:0px;border-top-right-radius:0px;border-bottom-right-radius:0px;border-bottom-left-radius:0px;}.kadence-column_fba3b9-97 > .kt-inside-inner-col{column-gap:var(--global-kb-gap-sm, 1rem);}.kadence-column_fba3b9-97 > .kt-inside-inner-col{flex-direction:column;}.kadence-column_fba3b9-97 > .kt-inside-inner-col > .aligncenter{width:100%;}.kadence-column_fba3b9-97 > .kt-inside-inner-col:before{opacity:0.3;}.kadence-column_fba3b9-97{position:relative;}@media all and (max-width: 1024px){.kadence-column_fba3b9-97 > .kt-inside-inner-col{flex-direction:column;justify-content:center;}}@media all and (max-width: 767px){.kadence-column_fba3b9-97 > .kt-inside-inner-col{flex-direction:column;justify-content:center;}}<\/style>\n<div class=\"wp-block-kadence-column kadence-column_fba3b9-97 inner-column-2\"><div class=\"kt-inside-inner-col\"><\/div><\/div>\n\n<\/div><\/div>","protected":false},"excerpt":{"rendered":"<p>Cette grande manifestation, une premi\u00e8re \u00e0 Nancy, a rassembl\u00e9 un grand nombre d&rsquo;entreprises, artistes et artisans d&rsquo;art professionnels et amateurs \u00e9clair\u00e9s, \u0153uvrant dans les sp\u00e9cialit\u00e9s les plus diverses o\u00f9 se sont entrecrois\u00e9s les arts et les sciences. Fibricoop, la seconde vie des bleus de travail<\/p>\n","protected":false},"author":1,"featured_media":0,"parent":1306,"menu_order":0,"comment_status":"closed","ping_status":"closed","template":"","meta":{"footnotes":""},"class_list":["post-2371","page","type-page","status-publish","hentry"],"_links":{"self":[{"href":"https:\/\/rers-nancy.fr\/new2\/wp-json\/wp\/v2\/pages\/2371","targetHints":{"allow":["GET"]}}],"collection":[{"href":"https:\/\/rers-nancy.fr\/new2\/wp-json\/wp\/v2\/pages"}],"about":[{"href":"https:\/\/rers-nancy.fr\/new2\/wp-json\/wp\/v2\/types\/page"}],"author":[{"embeddable":true,"href":"https:\/\/rers-nancy.fr\/new2\/wp-json\/wp\/v2\/users\/1"}],"replies":[{"embeddable":true,"href":"https:\/\/rers-nancy.fr\/new2\/wp-json\/wp\/v2\/comments?post=2371"}],"version-history":[{"count":6,"href":"https:\/\/rers-nancy.fr\/new2\/wp-json\/wp\/v2\/pages\/2371\/revisions"}],"predecessor-version":[{"id":5424,"href":"https:\/\/rers-nancy.fr\/new2\/wp-json\/wp\/v2\/pages\/2371\/revisions\/5424"}],"up":[{"embeddable":true,"href":"https:\/\/rers-nancy.fr\/new2\/wp-json\/wp\/v2\/pages\/1306"}],"wp:attachment":[{"href":"https:\/\/rers-nancy.fr\/new2\/wp-json\/wp\/v2\/media?parent=2371"}],"curies":[{"name":"wp","href":"https:\/\/api.w.org\/{rel}","templated":true}]}}