{"id":2373,"date":"2022-02-14T10:32:13","date_gmt":"2022-02-14T09:32:13","guid":{"rendered":"https:\/\/rers-nancy.fr\/new2\/?page_id=2373"},"modified":"2024-09-20T19:22:11","modified_gmt":"2024-09-20T17:22:11","slug":"fibricoop-la-seconde-vie-des-bleus-de-travail","status":"publish","type":"page","link":"https:\/\/rers-nancy.fr\/new2\/les-co-constructions-de-savoirs\/et-si-nous-parlions-recup-et-recyclage\/fibricoop-la-seconde-vie-des-bleus-de-travail\/","title":{"rendered":"Fibricoop, la seconde vie des bleus de travail !"},"content":{"rendered":"\n<p id=\"recemment-creee-a-nancy-cette-cooperative-entend-redonner-une-seconde-vie-aux-vetements-de-travail-de-couleur-destines-aux-rebuts-cabas-sacs-a-langer-tabliers-et-bien-d-autres-articles-sortent-depuis-plusieurs-mois-des-ateliers-de-l-entreprise-apf-adaptee-de-ludres-partenaire-du-projet\"><strong>R\u00e9cemment cr\u00e9\u00e9e \u00e0 Nancy, cette coop\u00e9rative entend redonner une seconde vie aux v\u00eatements de travail de couleur, destin\u00e9s aux rebuts. Cabas, sacs \u00e0 langer, tabliers et bien d\u2019autres articles sortent depuis plusieurs mois des ateliers de l\u2019entreprise APF adapt\u00e9e de Ludres, partenaire du projet.<\/strong><\/p>\n\n\n\n<p class=\"has-text-align-right\"><em>Est R\u00e9publicain, Fr\u00e9d\u00e9rique BRACONNOT, 14 f\u00e9vr. 2022<\/em><\/p>\n\n\n\n<p>Ces rebuts textiles l\u00e0 sont difficiles \u00e0 traiter, et ne trouvent pas preneurs aupr\u00e8s des chiffonniers. \u00c0 cause de la couleur, entre autres, qui n\u00e9cessite des op\u00e9rations particuli\u00e8res, co\u00fbteuses et chronophages. Mais c\u2019est pr\u00e9cis\u00e9ment ces textiles-l\u00e0, qui ont trouv\u00e9 gr\u00e2ce aupr\u00e8s de la coop\u00e9rative\u00a0Fibricoop\u00a0, une nouvelle venue dans le paysage de l\u2019\u00e9conomie sociale et solidaire..<\/p>\n\n\n\n<p>\u00c0 26 ans, Fabien Potiez est l\u2019une des chevilles ouvri\u00e8res de cette nouvelle activit\u00e9, une id\u00e9e en fait qui lui est venue \u00e0 l\u2019issue d\u2019un service civique, accompli au sein du collectif \u00ab&nbsp;Le Plan B&nbsp;\u00bb, qui f\u00e9d\u00e8re nombre d\u2019acteurs \u00e9conomiques, engag\u00e9s dans des actions de d\u00e9veloppement durable. \u00ab&nbsp;C\u2019est l\u00e0 que le projet s\u2019est concr\u00e9tis\u00e9, souffl\u00e9 par un groupe de filles avec lesquelles je travaillais&nbsp;\u00bb, explique-t-il, \u00ab&nbsp;et plus particuli\u00e8rement par Chlo\u00e9 Lelarge, aujourd\u2019hui pr\u00e9sidente de la coop\u00e9rative&nbsp;\u00bb. Titulaire d\u2019un Master en administration \u00e9conomique et sociale, obtenu \u00e0 Reims, Fabien Potiez rejoint l\u2019aventure Fibriccop.<\/p>\n\n\n\n<p>Une premi\u00e8re exp\u00e9rience professionnelle, engag\u00e9e d\u2019abord sous statut associatif, avant que la solution coop\u00e9rative ne s\u2019impose, en janvier&nbsp;2022, permettant ainsi d\u2019ouvrir les rangs de l\u2019entreprise \u00e0 l\u2019un de ses principaux partenaires, en l\u2019occurrence l\u2019entreprise APF adapt\u00e9e de Ludres.<\/p>\n\n\n\n<p>C\u2019est elle, ou plut\u00f4t ses salari\u00e9s, personnes en phase de r\u00e9insertion et\/ou souffrant de handicap, qui redonne aux v\u00eatements de travail, vou\u00e9s aux rebuts, une nouvelle vie et surtout un nouvel attrait aux consommateurs que nous sommes.<\/p>\n\n\n\n<p>Fibricoop se charge quant \u00e0 elle de la collecte aupr\u00e8s des blanchisseries industrielles, notamment\u00a0aupr\u00e8s de la soci\u00e9t\u00e9 ELIS\u00a0de Malz\u00e9ville, qui est sp\u00e9cialis\u00e9e dans les \u00e9quipements sanitaires et d\u2019hygi\u00e8ne, le linge et les v\u00eatements de travail. \u00c0 charge \u00e9galement pour la designeuse de Fibricoop de concevoir produits et articles, susceptibles de trouver acqu\u00e9reurs parmi les commer\u00e7ants, les restaurateurs de la place, les collectivit\u00e9s locales\u2026 \u00ab\u00a0Nous nous chargeons \u00e9galement de la redistribution et de la prospection commerciale\u00a0\u00bb, conclut Fabien Potiez.<\/p>\n\n\n\n<p>Parmi les produits actuellement disponibles&nbsp;: des cabas, des sacs \u00e0 langer, des tabliers\u2026 Mais le champ des possibles est aussi extensible, soumis \u00e0 la demande et aux besoins du moment\u2026 Bon \u00e0 savoir.<\/p>\n","protected":false},"excerpt":{"rendered":"<p>R\u00e9cemment cr\u00e9\u00e9e \u00e0 Nancy, cette coop\u00e9rative entend redonner une seconde vie aux v\u00eatements de travail de couleur, destin\u00e9s aux rebuts. Cabas, sacs \u00e0 langer, tabliers et bien d\u2019autres articles sortent depuis plusieurs mois des ateliers de l\u2019entreprise APF adapt\u00e9e de Ludres, partenaire du projet. Est&nbsp;<a class=\"read-more\" href=\"https:\/\/rers-nancy.fr\/new2\/les-co-constructions-de-savoirs\/et-si-nous-parlions-recup-et-recyclage\/fibricoop-la-seconde-vie-des-bleus-de-travail\/\">&hellip;<\/a><\/p>\n","protected":false},"author":1,"featured_media":0,"parent":2371,"menu_order":0,"comment_status":"closed","ping_status":"closed","template":"","meta":{"footnotes":""},"class_list":["post-2373","page","type-page","status-publish","hentry"],"_links":{"self":[{"href":"https:\/\/rers-nancy.fr\/new2\/wp-json\/wp\/v2\/pages\/2373","targetHints":{"allow":["GET"]}}],"collection":[{"href":"https:\/\/rers-nancy.fr\/new2\/wp-json\/wp\/v2\/pages"}],"about":[{"href":"https:\/\/rers-nancy.fr\/new2\/wp-json\/wp\/v2\/types\/page"}],"author":[{"embeddable":true,"href":"https:\/\/rers-nancy.fr\/new2\/wp-json\/wp\/v2\/users\/1"}],"replies":[{"embeddable":true,"href":"https:\/\/rers-nancy.fr\/new2\/wp-json\/wp\/v2\/comments?post=2373"}],"version-history":[{"count":2,"href":"https:\/\/rers-nancy.fr\/new2\/wp-json\/wp\/v2\/pages\/2373\/revisions"}],"predecessor-version":[{"id":5423,"href":"https:\/\/rers-nancy.fr\/new2\/wp-json\/wp\/v2\/pages\/2373\/revisions\/5423"}],"up":[{"embeddable":true,"href":"https:\/\/rers-nancy.fr\/new2\/wp-json\/wp\/v2\/pages\/2371"}],"wp:attachment":[{"href":"https:\/\/rers-nancy.fr\/new2\/wp-json\/wp\/v2\/media?parent=2373"}],"curies":[{"name":"wp","href":"https:\/\/api.w.org\/{rel}","templated":true}]}}