{"id":2983,"date":"2022-07-14T16:54:02","date_gmt":"2022-07-14T14:54:02","guid":{"rendered":"https:\/\/rers-nancy.fr\/new2\/?page_id=2983"},"modified":"2022-07-14T17:08:02","modified_gmt":"2022-07-14T15:08:02","slug":"le-potager-de-la-creche-en-mai","status":"publish","type":"page","link":"https:\/\/rers-nancy.fr\/new2\/nos-echanges-collectifs\/nature-et-environnement\/le-potager-de-la-creche-en-mai\/","title":{"rendered":"Le potager de la cr\u00e8che en mai"},"content":{"rendered":"\n<figure class=\"wp-block-table is-style-regular\"><table><tbody><tr><td>Voici quelques clich\u00e9s pris lors des diff\u00e9rents ateliers jardinage de mai propos\u00e9s par Jean-Pierre et Gis\u00e8le dans le potager du multi accueil.<br>Le moment pr\u00e9f\u00e9r\u00e9 des enfants reste l&rsquo;arrosage !!!<br>Encore un grand merci pour l&rsquo;implication et les jolis moments partag\u00e9s avec vous tous !<br>Belles vacances !<br>Christine<\/td><\/tr><\/tbody><\/table><\/figure>\n\n\n<style>.kb-gallery-id-_d53de0-b6.kb-gallery-ul.kb-gallery-type-fluidcarousel .kt-blocks-carousel figure .kb-gal-image-radius, .kb-gallery-id-_d53de0-b6.kb-gallery-ul.kb-gallery-type-fluidcarousel .kt-blocks-carousel figure .kb-gal-image-radius img{height:150px;}.kb-gallery-id-_d53de0-b6 .kadence-blocks-gallery-item .kb-gal-image-radius, .kb-gallery-id-_d53de0-b6 .kb-slide-item .kb-gal-image-radius img{border-radius:0px 0px 0px 0px;;}.kb-gallery-wrap-id-_d53de0-b6.wp-block-kadence-advancedgallery{overflow:visible;}.kb-gallery-wrap-id-_d53de0-b6.wp-block-kadence-advancedgallery .kt-blocks-carousel{overflow:visible;max-width:100%;}<\/style><div class=\"kb-gallery-wrap-id-_d53de0-b6 alignnone wp-block-kadence-advancedgallery\"><div class=\"kb-gallery-ul kb-gallery-non-static kb-gallery-type-fluidcarousel kb-gallery-id-_d53de0-b6 kb-gallery-caption-style-bottom-hover kb-gallery-filter-none kb-gallery-magnific-init\" data-image-filter=\"none\" data-lightbox-caption=\"true\"><div class=\"kt-blocks-carousel splide kt-carousel-container-dotstyle-dark kt-carousel-arrowstyle-whiteondark kt-carousel-dotstyle-dark kb-slider-group-arrow kb-slider-arrow-position-center\" data-slider-anim-speed=\"400\" data-slider-scroll=\"1\" data-slider-arrows=\"true\" data-slider-dots=\"true\" data-slider-hover-pause=\"false\" data-slider-auto=\"1\" data-slider-speed=\"2000\" data-slider-type=\"fluidcarousel\" data-slider-center-mode=\"true\" data-slider-gap=\"10px\" data-slider-gap-tablet=\"10px\" data-slider-gap-mobile=\"10px\" data-show-pause-button=\"false\"><div class=\"splide__track\"><ul class=\"kt-blocks-carousel-init kb-blocks-fluid-carousel splide__list\"><li class=\"kb-slide-item kb-gallery-carousel-item splide__slide\"><div class=\"kadence-blocks-gallery-item\"><div class=\"kadence-blocks-gallery-item-inner\"><figure class=\"kb-gallery-figure kb-gallery-item-has-link kadence-blocks-gallery-item-hide-caption\"><a href=\"https:\/\/rers-nancy.fr\/new2\/wp-content\/uploads\/2022\/07\/2022-05-20-potager-02.png\" class=\"kb-gallery-item-link\"   role=\"button\" aria-haspopup=\"dialog\"><div class=\"kb-gal-image-radius\"><div class=\"kb-gallery-image-contain\" ><img loading=\"lazy\" decoding=\"async\" src=\"https:\/\/rers-nancy.fr\/new2\/wp-content\/uploads\/2022\/07\/2022-05-20-potager-02-612x459.png\" width=\"612\" height=\"459\" alt=\"\" data-full-image=\"https:\/\/rers-nancy.fr\/new2\/wp-content\/uploads\/2022\/07\/2022-05-20-potager-02.png\" data-light-image=\"https:\/\/rers-nancy.fr\/new2\/wp-content\/uploads\/2022\/07\/2022-05-20-potager-02.png\" data-id=\"2984\" class=\"wp-image-2984 skip-lazy\" srcset=\"https:\/\/rers-nancy.fr\/new2\/wp-content\/uploads\/2022\/07\/2022-05-20-potager-02-612x459.png 612w, https:\/\/rers-nancy.fr\/new2\/wp-content\/uploads\/2022\/07\/2022-05-20-potager-02-408x306.png 408w, https:\/\/rers-nancy.fr\/new2\/wp-content\/uploads\/2022\/07\/2022-05-20-potager-02-768x576.png 768w, https:\/\/rers-nancy.fr\/new2\/wp-content\/uploads\/2022\/07\/2022-05-20-potager-02.png 867w\" sizes=\"auto, (max-width: 612px) 100vw, 612px\" \/><\/div><\/div><\/a><\/figure><\/div><\/div><\/li><li class=\"kb-slide-item kb-gallery-carousel-item splide__slide\"><div class=\"kadence-blocks-gallery-item\"><div class=\"kadence-blocks-gallery-item-inner\"><figure class=\"kb-gallery-figure kb-gallery-item-has-link kadence-blocks-gallery-item-hide-caption\"><a href=\"https:\/\/rers-nancy.fr\/new2\/wp-content\/uploads\/2022\/07\/2022-05-20-potager-03.png\" class=\"kb-gallery-item-link\"   role=\"button\" aria-haspopup=\"dialog\"><div class=\"kb-gal-image-radius\"><div class=\"kb-gallery-image-contain\" ><img loading=\"lazy\" decoding=\"async\" src=\"https:\/\/rers-nancy.fr\/new2\/wp-content\/uploads\/2022\/07\/2022-05-20-potager-03-612x459.png\" width=\"612\" height=\"459\" alt=\"\" data-full-image=\"https:\/\/rers-nancy.fr\/new2\/wp-content\/uploads\/2022\/07\/2022-05-20-potager-03.png\" data-light-image=\"https:\/\/rers-nancy.fr\/new2\/wp-content\/uploads\/2022\/07\/2022-05-20-potager-03.png\" data-id=\"2985\" class=\"wp-image-2985 skip-lazy\" srcset=\"https:\/\/rers-nancy.fr\/new2\/wp-content\/uploads\/2022\/07\/2022-05-20-potager-03-612x459.png 612w, https:\/\/rers-nancy.fr\/new2\/wp-content\/uploads\/2022\/07\/2022-05-20-potager-03-408x306.png 408w, https:\/\/rers-nancy.fr\/new2\/wp-content\/uploads\/2022\/07\/2022-05-20-potager-03-768x576.png 768w, https:\/\/rers-nancy.fr\/new2\/wp-content\/uploads\/2022\/07\/2022-05-20-potager-03.png 867w\" sizes=\"auto, (max-width: 612px) 100vw, 612px\" \/><\/div><\/div><\/a><\/figure><\/div><\/div><\/li><li class=\"kb-slide-item kb-gallery-carousel-item splide__slide\"><div class=\"kadence-blocks-gallery-item\"><div class=\"kadence-blocks-gallery-item-inner\"><figure class=\"kb-gallery-figure kb-gallery-item-has-link kadence-blocks-gallery-item-hide-caption\"><a href=\"https:\/\/rers-nancy.fr\/new2\/wp-content\/uploads\/2022\/07\/2022-05-20-potager-04.png\" class=\"kb-gallery-item-link\"   role=\"button\" aria-haspopup=\"dialog\"><div class=\"kb-gal-image-radius\"><div class=\"kb-gallery-image-contain\" ><img loading=\"lazy\" decoding=\"async\" src=\"https:\/\/rers-nancy.fr\/new2\/wp-content\/uploads\/2022\/07\/2022-05-20-potager-04-612x459.png\" width=\"612\" height=\"459\" alt=\"\" data-full-image=\"https:\/\/rers-nancy.fr\/new2\/wp-content\/uploads\/2022\/07\/2022-05-20-potager-04.png\" data-light-image=\"https:\/\/rers-nancy.fr\/new2\/wp-content\/uploads\/2022\/07\/2022-05-20-potager-04.png\" data-id=\"2986\" class=\"wp-image-2986 skip-lazy\" srcset=\"https:\/\/rers-nancy.fr\/new2\/wp-content\/uploads\/2022\/07\/2022-05-20-potager-04-612x459.png 612w, https:\/\/rers-nancy.fr\/new2\/wp-content\/uploads\/2022\/07\/2022-05-20-potager-04-408x306.png 408w, https:\/\/rers-nancy.fr\/new2\/wp-content\/uploads\/2022\/07\/2022-05-20-potager-04-768x576.png 768w, https:\/\/rers-nancy.fr\/new2\/wp-content\/uploads\/2022\/07\/2022-05-20-potager-04.png 867w\" sizes=\"auto, (max-width: 612px) 100vw, 612px\" \/><\/div><\/div><\/a><\/figure><\/div><\/div><\/li><li class=\"kb-slide-item kb-gallery-carousel-item splide__slide\"><div class=\"kadence-blocks-gallery-item\"><div class=\"kadence-blocks-gallery-item-inner\"><figure class=\"kb-gallery-figure kb-gallery-item-has-link kadence-blocks-gallery-item-hide-caption\"><a href=\"https:\/\/rers-nancy.fr\/new2\/wp-content\/uploads\/2022\/07\/2022-05-20-potager-05.png\" class=\"kb-gallery-item-link\"   role=\"button\" aria-haspopup=\"dialog\"><div class=\"kb-gal-image-radius\"><div class=\"kb-gallery-image-contain\" ><img loading=\"lazy\" decoding=\"async\" src=\"https:\/\/rers-nancy.fr\/new2\/wp-content\/uploads\/2022\/07\/2022-05-20-potager-05-612x459.png\" width=\"612\" height=\"459\" alt=\"\" data-full-image=\"https:\/\/rers-nancy.fr\/new2\/wp-content\/uploads\/2022\/07\/2022-05-20-potager-05.png\" data-light-image=\"https:\/\/rers-nancy.fr\/new2\/wp-content\/uploads\/2022\/07\/2022-05-20-potager-05.png\" data-id=\"2987\" class=\"wp-image-2987 skip-lazy\" srcset=\"https:\/\/rers-nancy.fr\/new2\/wp-content\/uploads\/2022\/07\/2022-05-20-potager-05-612x459.png 612w, https:\/\/rers-nancy.fr\/new2\/wp-content\/uploads\/2022\/07\/2022-05-20-potager-05-408x306.png 408w, https:\/\/rers-nancy.fr\/new2\/wp-content\/uploads\/2022\/07\/2022-05-20-potager-05-768x576.png 768w, https:\/\/rers-nancy.fr\/new2\/wp-content\/uploads\/2022\/07\/2022-05-20-potager-05.png 867w\" sizes=\"auto, (max-width: 612px) 100vw, 612px\" \/><\/div><\/div><\/a><\/figure><\/div><\/div><\/li><li class=\"kb-slide-item kb-gallery-carousel-item splide__slide\"><div class=\"kadence-blocks-gallery-item\"><div class=\"kadence-blocks-gallery-item-inner\"><figure class=\"kb-gallery-figure kb-gallery-item-has-link kadence-blocks-gallery-item-hide-caption\"><a href=\"https:\/\/rers-nancy.fr\/new2\/wp-content\/uploads\/2022\/07\/2022-05-20-potager-06.png\" class=\"kb-gallery-item-link\"   role=\"button\" aria-haspopup=\"dialog\"><div class=\"kb-gal-image-radius\"><div class=\"kb-gallery-image-contain\" ><img loading=\"lazy\" decoding=\"async\" src=\"https:\/\/rers-nancy.fr\/new2\/wp-content\/uploads\/2022\/07\/2022-05-20-potager-06-612x459.png\" width=\"612\" height=\"459\" alt=\"\" data-full-image=\"https:\/\/rers-nancy.fr\/new2\/wp-content\/uploads\/2022\/07\/2022-05-20-potager-06.png\" data-light-image=\"https:\/\/rers-nancy.fr\/new2\/wp-content\/uploads\/2022\/07\/2022-05-20-potager-06.png\" data-id=\"2988\" class=\"wp-image-2988 skip-lazy\" srcset=\"https:\/\/rers-nancy.fr\/new2\/wp-content\/uploads\/2022\/07\/2022-05-20-potager-06-612x459.png 612w, https:\/\/rers-nancy.fr\/new2\/wp-content\/uploads\/2022\/07\/2022-05-20-potager-06-408x306.png 408w, https:\/\/rers-nancy.fr\/new2\/wp-content\/uploads\/2022\/07\/2022-05-20-potager-06-768x576.png 768w, https:\/\/rers-nancy.fr\/new2\/wp-content\/uploads\/2022\/07\/2022-05-20-potager-06.png 867w\" sizes=\"auto, (max-width: 612px) 100vw, 612px\" \/><\/div><\/div><\/a><\/figure><\/div><\/div><\/li><li class=\"kb-slide-item kb-gallery-carousel-item splide__slide\"><div class=\"kadence-blocks-gallery-item\"><div class=\"kadence-blocks-gallery-item-inner\"><figure class=\"kb-gallery-figure kb-gallery-item-has-link kadence-blocks-gallery-item-hide-caption\"><a href=\"https:\/\/rers-nancy.fr\/new2\/wp-content\/uploads\/2022\/07\/2022-05-20-potager-07.png\" class=\"kb-gallery-item-link\"   role=\"button\" aria-haspopup=\"dialog\"><div class=\"kb-gal-image-radius\"><div class=\"kb-gallery-image-contain\" ><img loading=\"lazy\" decoding=\"async\" src=\"https:\/\/rers-nancy.fr\/new2\/wp-content\/uploads\/2022\/07\/2022-05-20-potager-07-612x459.png\" width=\"612\" height=\"459\" alt=\"\" data-full-image=\"https:\/\/rers-nancy.fr\/new2\/wp-content\/uploads\/2022\/07\/2022-05-20-potager-07.png\" data-light-image=\"https:\/\/rers-nancy.fr\/new2\/wp-content\/uploads\/2022\/07\/2022-05-20-potager-07.png\" data-id=\"2989\" class=\"wp-image-2989 skip-lazy\" srcset=\"https:\/\/rers-nancy.fr\/new2\/wp-content\/uploads\/2022\/07\/2022-05-20-potager-07-612x459.png 612w, https:\/\/rers-nancy.fr\/new2\/wp-content\/uploads\/2022\/07\/2022-05-20-potager-07-408x306.png 408w, https:\/\/rers-nancy.fr\/new2\/wp-content\/uploads\/2022\/07\/2022-05-20-potager-07-768x576.png 768w, https:\/\/rers-nancy.fr\/new2\/wp-content\/uploads\/2022\/07\/2022-05-20-potager-07.png 867w\" sizes=\"auto, (max-width: 612px) 100vw, 612px\" \/><\/div><\/div><\/a><\/figure><\/div><\/div><\/li><\/ul><\/div><\/div><\/div><\/div>","protected":false},"excerpt":{"rendered":"<p>Voici quelques clich\u00e9s pris lors des diff\u00e9rents ateliers jardinage de mai propos\u00e9s par Jean-Pierre et Gis\u00e8le dans le potager du multi accueil.Le moment pr\u00e9f\u00e9r\u00e9 des enfants reste l&rsquo;arrosage !!!Encore un grand merci pour l&rsquo;implication et les jolis moments partag\u00e9s avec vous tous !Belles vacances !Christine<\/p>\n","protected":false},"author":1,"featured_media":2990,"parent":1439,"menu_order":0,"comment_status":"open","ping_status":"closed","template":"","meta":{"footnotes":""},"class_list":["post-2983","page","type-page","status-publish","has-post-thumbnail","hentry"],"_links":{"self":[{"href":"https:\/\/rers-nancy.fr\/new2\/wp-json\/wp\/v2\/pages\/2983","targetHints":{"allow":["GET"]}}],"collection":[{"href":"https:\/\/rers-nancy.fr\/new2\/wp-json\/wp\/v2\/pages"}],"about":[{"href":"https:\/\/rers-nancy.fr\/new2\/wp-json\/wp\/v2\/types\/page"}],"author":[{"embeddable":true,"href":"https:\/\/rers-nancy.fr\/new2\/wp-json\/wp\/v2\/users\/1"}],"replies":[{"embeddable":true,"href":"https:\/\/rers-nancy.fr\/new2\/wp-json\/wp\/v2\/comments?post=2983"}],"version-history":[{"count":2,"href":"https:\/\/rers-nancy.fr\/new2\/wp-json\/wp\/v2\/pages\/2983\/revisions"}],"predecessor-version":[{"id":2999,"href":"https:\/\/rers-nancy.fr\/new2\/wp-json\/wp\/v2\/pages\/2983\/revisions\/2999"}],"up":[{"embeddable":true,"href":"https:\/\/rers-nancy.fr\/new2\/wp-json\/wp\/v2\/pages\/1439"}],"wp:featuredmedia":[{"embeddable":true,"href":"https:\/\/rers-nancy.fr\/new2\/wp-json\/wp\/v2\/media\/2990"}],"wp:attachment":[{"href":"https:\/\/rers-nancy.fr\/new2\/wp-json\/wp\/v2\/media?parent=2983"}],"curies":[{"name":"wp","href":"https:\/\/api.w.org\/{rel}","templated":true}]}}