{"id":946,"date":"2022-01-08T11:16:54","date_gmt":"2022-01-08T10:16:54","guid":{"rendered":"https:\/\/rers-nancy.fr\/new2\/?page_id=946"},"modified":"2022-01-29T11:45:40","modified_gmt":"2022-01-29T10:45:40","slug":"les-rers-quest-ce-que-cest","status":"publish","type":"page","link":"https:\/\/rers-nancy.fr\/new2\/qui-sommes-nous\/les-rers-quest-ce-que-cest\/","title":{"rendered":"Les RERS, qu&rsquo;est-ce que c&rsquo;est ?"},"content":{"rendered":"\n<div class=\"wp-block-image\"><figure class=\"alignright\"><img loading=\"lazy\" decoding=\"async\" width=\"200\" height=\"238\" src=\"https:\/\/rers-nancy.fr\/new2\/wp-content\/uploads\/2015\/12\/bourse_savoirs.png\" alt=\"bourse savoirs\" class=\"wp-image-11\"\/><\/figure><\/div>\n\n\n\n<h1 class=\"wp-block-heading\"><\/h1>\n\n\n\n<p><strong>Chacun poss\u00e8de des savoirs&nbsp;<\/strong>utiles et int\u00e9ressants pour quelqu&rsquo;un d\u2019autre.<br><strong>Chacun est susceptible de transmettre&nbsp;son savoir.<\/strong><br>Chacun peut se faire \u00ab chercheur \u00bb de savoirs et tout le monde est capable&nbsp;d\u2019apprendre.<\/p>\n\n\n\n<p>Cet \u00e9change de savoirs repose sur le principe de la&nbsp;<strong>r\u00e9ciprocit\u00e9&nbsp;<\/strong>:<br><em>toute offre de savoir suppose une demande et toute demande doit \u00eatre accompagn\u00e9e d\u2019une offre.<\/em><br>Cela implique de jouer successivement le r\u00f4le d\u2019enseignant et celui d\u2019enseign\u00e9, de&nbsp;ne pas \u00eatre toujours en position de donner ou de recevoir mais d\u2019alterner les deux.<\/p>\n\n\n\n<!--more-->\n\n\n\n<p><strong>On n\u2019\u00e9change&nbsp;que des savoirs&nbsp;<\/strong>: tout rapport d\u2019argent ou de service est exclu.<\/p>\n\n\n\n<h2 class=\"wp-block-heading\" id=\"de-quels-savoirs-s-agit-il\"><em>De quels savoirs s\u2019agit-il ?<\/em><\/h2>\n\n\n\n<h3 class=\"wp-block-heading\" id=\"les-savoirs-classiques\">Les savoirs classiques<\/h3>\n\n\n\n<ul class=\"wp-block-list\"><li>parler une langue,<\/li><li>apprendre les maths, le droit, la philosophie, l\u2019\u00e9criture, l\u2019informatique,<\/li><li>d\u00e9couvrir la musique\u2026<\/li><\/ul>\n\n\n\n<h3 class=\"wp-block-heading\" id=\"les-savoir-faire\">Les savoir-faire<\/h3>\n\n\n\n<ul class=\"wp-block-list\"><li>la plomberie, l\u2019\u00e9lectricit\u00e9, la m\u00e9canique,<\/li><li>la cuisine, la couture,<\/li><li>le jardinage,<\/li><li>le maquillage\u2026<\/li><\/ul>\n\n\n\n<h3 class=\"wp-block-heading\" id=\"les-savoirs-fonctionnels\">Les savoirs fonctionnels<\/h3>\n\n\n\n<ul class=\"wp-block-list\"><li>organiser une f\u00eate, d\u00e9corer une table,<\/li><li>organiser un voyage,<\/li><li>remplir des formulaires administratifs,<\/li><li>s\u2019occuper d\u2019un b\u00e9b\u00e9,<\/li><li>r\u00e9diger un CV\u2026<\/li><\/ul>\n\n\n\n<h3 class=\"wp-block-heading\" id=\"les-experiences-de-vie\">Les exp\u00e9riences de vie<\/h3>\n\n\n\n<ul class=\"wp-block-list\"><li>parler d\u2019un pays, d\u2019une religion,<\/li><li>parler de la vie dans un centre d\u2019h\u00e9bergement,<\/li><li>parler de l\u2019adoption\u2026<\/li><\/ul>\n\n\n\n<h2 class=\"wp-block-heading\" id=\"comment-ca-fonctionne\"><em>Comment \u00e7a fonctionne ?<\/em><\/h2>\n\n\n\n<h3 class=\"wp-block-heading\" id=\"premiere-etape-l-expression-de-ses-offres-et-demandes\">Premi\u00e8re \u00e9tape : l&rsquo;expression de ses offres et demandes<\/h3>\n\n\n\n<p>Si une personne souhaite participer \u00e0 un r\u00e9seau, il lui suffit de contacter&nbsp;\u00ab l\u2019animateur \u00bb du r\u00e9seau le plus proche de son domicile. Ensuite, avec l\u2019aide de l\u2019animateur ou non, elle&nbsp;<strong>formulera une offre et une demande de savoir<\/strong>.<\/p>\n\n\n\n<h3 class=\"wp-block-heading\" id=\"deuxieme-etape-la-mise-en-relation\">Deuxi\u00e8me \u00e9tape : la mise en relation<\/h3>\n\n\n\n<p>A la suite de cette rencontre un \u00ab\u00a0metteur en relation\u00a0\u00bb organisera un premier rendez-vous entre offreur et demandeur(s) de savoirs. Ceux-ci d\u00e9cident ensemble des contenus, des m\u00e9thodes d&rsquo;apprentissage, de la dur\u00e9e, de la fr\u00e9quence des rencontres, de l&rsquo;heure, du lieu d&rsquo;\u00e9change.<\/p>\n\n\n\n<h3 class=\"wp-block-heading\" id=\"troisieme-etape-l-echange-de-savoirs\">Troisi\u00e8me \u00e9tape : l&rsquo;\u00e9change de savoirs<\/h3>\n\n\n\n<h3 class=\"wp-block-heading\" id=\"quatrieme-etape-offreur-et-demandeur-sont-ils-satisfaits\">Quatri\u00e8me \u00e9tape : offreur et demandeur sont-ils satisfaits ?<\/h3>\n\n\n\n<p>Au cours de l&rsquo;\u00e9change ou apr\u00e8s, le \u00ab\u00a0metteur en relation\u00a0\u00bb s&rsquo;assurera de la satisfaction de chacun.<\/p>\n\n\n\n<h2 class=\"wp-block-heading\" id=\"la-reciprocite\">La r\u00e9ciprocit\u00e9<\/h2>\n\n\n\n<p><strong>La r\u00e9ciprocit\u00e9&nbsp;<\/strong>fonctionne de mani\u00e8re&nbsp;<strong>circulaire&nbsp;<\/strong>et non binaire : la \u00ab dette \u00bb est cr\u00e9\u00e9e envers l\u2019ensemble du r\u00e9seau et non envers la personne qui a transmis son savoir. Cette r\u00e9ciprocit\u00e9 \u00ab g\u00e9n\u00e9rale \u00bb favorise la diversit\u00e9 des \u00e9changes.<\/p>\n\n\n\n<h2 class=\"wp-block-heading\" id=\"la-vie-en-reseau\">La vie en r\u00e9seau<\/h2>\n\n\n\n<p><strong>D<\/strong><strong>es rencontres collectives<\/strong>, des moments de r\u00e9flexion, des \u00e9changes sont propos\u00e9s afin que chacun puisse exprimer ses r\u00e9ussites, ses difficult\u00e9s, les m\u00e9thodes qu\u2019il utilise\u2026<\/p>\n\n\n\n<p>Des moments de convivialit\u00e9 sont \u00e9galement pr\u00e9vus afin de pouvoir \u00e9changer de fa\u00e7on informelle, de sortir de l\u2019anonymat.<\/p>\n\n\n\n<h2 class=\"wp-block-heading\" id=\"une-grande-liberte\">Une grande libert\u00e9<\/h2>\n\n\n\n<p><strong>U<\/strong><strong>n fonctionnement sans contrainte&nbsp;<\/strong>pour les participants : rien n\u2019est fig\u00e9, rien n\u2019est obligatoire ; on reste aussi longtemps qu\u2019on le veut, on part, on revient ; chacun choisit ce qu\u2019il veut apprendre, ce qu\u2019il veut transmettre, la dur\u00e9e et la fr\u00e9quence des \u00e9changes, les lieux d\u2019\u00e9changes qui lui conviennent, les modes de rencontre dans lesquels il est \u00e0 l\u2019aise (\u00e0 2, 3, 5 personnes ou plus).<\/p>\n\n\n\n<h2 class=\"wp-block-heading\" id=\"les-effets\"><em>Les effets<\/em><\/h2>\n\n\n\n<h3 class=\"wp-block-heading\" id=\"les-effets-directs\">Les effets directs<\/h3>\n\n\n\n<p>Les R.E.R.S favorisent la&nbsp;<strong>circulation des savoirs&nbsp;<\/strong>: savoirs cognitifs, savoir-faire, exp\u00e9riences\u2026&nbsp;<br>Il n\u2019y a pas, dans ces r\u00e9seaux, de savoirs consid\u00e9r\u00e9s comme sup\u00e9rieurs aux autres.&nbsp;<br>Tous les savoirs sont utiles (1), d\u00e8s lors qu\u2019ils sont recherch\u00e9s.&nbsp;<br>Les r\u00e9seaux permettent d\u2019acqu\u00e9rir de nouveaux savoirs : c\u2019est une v\u00e9ritable&nbsp;<strong>action de formation<\/strong>.&nbsp;<br>De plus, on apprend en enseignant car pour communiquer son savoir, on le construit, on le structure, on mobilise ses savoirs \u00ab passifs \u00bb non utilis\u00e9s. On a pu noter que des enfants en difficult\u00e9 (en lecture ou en maths) font des progr\u00e8s consid\u00e9rables lorsqu&rsquo;on leur demande d\u2019aider les plus jeunes.<\/p>\n\n\n\n<h3 class=\"wp-block-heading\" id=\"les-effets-induits-par-la-demarche\">Les effets induits par la d\u00e9marche<\/h3>\n\n\n\n<ul class=\"wp-block-list\"><li><strong>Un v\u00e9ritable apprentissage&nbsp;<\/strong>et souvent une remise en route pour s\u2019inscrire&nbsp;dans des nouveaux parcours de formation professionnelle, Universit\u00e9s, etc.<\/li><li><strong>La confiance en soi&nbsp;<\/strong>: quelqu&rsquo;un qui se d\u00e9couvre capable d&rsquo;apprendre et de transmettre des savoirs, renforce sa confiance en lui. En effet, en pratiquant les \u00e9changes, les personnes se construisent une meilleure image d\u2019elles-m\u00eames, qui se refl\u00e8te sur leurs comportements et, pour les enfants, sur leur investissement dans la r\u00e9ussite scolaire.<\/li><li><strong>La valorisation&nbsp;<\/strong>: les r\u00e9seaux permettent de valoriser les personnes en leur montrant qu\u2019elles savent de nombreuses choses utiles pour d\u2019autres, qu\u2019elles sont aptes \u00e0 apprendre et \u00e0 enseigner. Parce qu\u2019on est offreur et demandeur \u00e0 la fois, tous les membres du r\u00e9seau se sentent \u00e9gaux. De plus, la demande de savoir exprim\u00e9e par un autre valorise ce savoir.<\/li><li><strong>La dignit\u00e9&nbsp;<\/strong>: en faisant en sorte que chaque personne qui prend, donne \u00e0 son tour, les R.E.R.S favorisent la dignit\u00e9. Ce n\u2019est pas parce que je suis pauvre, isol\u00e9, en difficult\u00e9 que j\u2019ai droit \u00e0 \u00eatre aid\u00e9 mais parce que moi-m\u00eame j\u2019ai apport\u00e9 mes ressources en savoir \u00e0 d\u2019autres.<\/li><li><strong>La socialisation&nbsp;<\/strong>: la personne qui \u00e9change voit se vivifier le r\u00e9seau de ses relations et donc se diversifier les occasions de r\u00e9soudre telle ou telle difficult\u00e9. En brisant les barri\u00e8res de l&rsquo;\u00e2ge, de classes sociales, d&rsquo;ethnies, les rencontres&nbsp;que suscitent les R.E.R.S donnent \u00e0 ceux qui le d\u00e9sirent les moyens de s&rsquo;inscrire dans un projet de cr\u00e9ation collective.<\/li><li><strong>La solidarit\u00e9&nbsp;<\/strong>: le RERS est un syst\u00e8me qui offre l\u2019opportunit\u00e9 de se rencontrer dans une relation de parit\u00e9 qui d\u00e9samorce les m\u00e9canismes de comp\u00e9tition et de rivalit\u00e9.<\/li><\/ul>\n\n\n\n<h3 class=\"wp-block-heading\" id=\"et-plus-d-effets-encore\">Et plus d&rsquo;effets encore&#8230;<\/h3>\n\n\n\n<p>Nous signalons \u00e9galement que dans une \u00e9tude faite par&nbsp;<strong>la Caisse des D\u00e9p\u00f4ts et&nbsp;<\/strong><strong>C<\/strong><strong>onsignation&nbsp;<\/strong>sur les r\u00e9seaux d\u2019\u00e9changes r\u00e9ciproques de savoirs, il \u00e9tait constat\u00e9 :<\/p>\n\n\n\n<p><strong>\u00ab Les moments et lieux d\u2019\u00e9changes de savoirs (dans les r\u00e9seaux), sont parmi&nbsp;<\/strong><strong>l<\/strong><strong>es rares moments et lieux (de rapports sociaux r\u00e9ellement observables) o\u00f9 un public n\u2019en chasse pas un autre \u00bb<br>et<br>\u00ab S\u2019il y \u00e9mane une capacit\u00e9 \u00e0 susciter la permanence de rencontres entre personnes tr\u00e8s diverses (origines sociales, nationales,..), c\u2019est que ce qui compte c\u2019est la l\u00e9gitimit\u00e9 de ces rencontres qui trouve son origine dans la motivation de chacun des participants \u00e0 communiquer un savoir ou \u00e0 se l\u2019approprier. L\u2019int\u00e9gration&nbsp;<\/strong><strong>sociale est un effet induit de la motivation \u00e0 apprendre, il n\u2019y a pas de mise en sc\u00e8ne de l\u2019int\u00e9gration. \u00bb<\/strong><\/p>\n\n\n\n<p>Du croisement des mouvements p\u00e9dagogiques, des associations d\u2019\u00e9ducation populaire et des questionnements politiques autour de la citoyennet\u00e9, de la lutte contre les exclusions, ont donc \u00e9merg\u00e9 de nouvelles pratiques d\u2019apprentissage renfor\u00e7ant la&nbsp;<strong>coh\u00e9sion sociale&nbsp;<\/strong>en cr\u00e9ant ou recr\u00e9ant des liens sociaux, mettant en valeur les personnes, favorisant pour chacun la prise de conscience de ses savoirs, savoir transmettre, savoir apprendre.<\/p>\n\n\n\n<p><strong>C<\/strong><strong>ar nous constatons \u00e0 partir de nos pratiques que la formation tout au long de la vie devient une n\u00e9cessit\u00e9, l&rsquo;acc\u00e8s aux savoirs et les capacit\u00e9s d&rsquo;autoformation permanente deviennent des \u00e9l\u00e9ments vitaux. Plus que le niveau de connaissances, ce sont les capacit\u00e9s \u00e0 apprendre qui sont n\u00e9cessaires. Lorsque le rapport au savoir devient central pour chacun, il devient un facteur d&rsquo;exclusion s&rsquo;il ne d\u00e9pend que du niveau social et \u00e9conomique.<\/strong><\/p>\n\n\n\n<p><strong>La d\u00e9marche des R\u00e9seaux d&rsquo;Echanges de Savoirs bouscule la ligne de partage entre \u00ab\u00a0savoir l\u00e9gitime\u00a0\u00bb (culture savante) et \u00ab\u00a0savoir ill\u00e9gitime\u00a0\u00bb (culture populaire) : \u00ab\u00a0tout le monde sait quelque chose\u00a0\u00bb et \u00ab\u00a0tous les savoirs sont de droit, de principe, \u00e0 tous\u00a0\u00bb.<\/strong><\/p>\n\n\n\n<p><strong>E<\/strong><strong>n fait, les r\u00e9seaux d&rsquo;\u00e9changes de savoirs proposent un processus d&rsquo;apprentissage vers des&nbsp;<\/strong><strong>sa<\/strong><strong>v<\/strong><strong>o<\/strong><strong>irs nouveaux&nbsp;<\/strong><strong>e<\/strong><strong>t une reconnaissance&nbsp;<\/strong><strong>d<\/strong><strong>e<\/strong><strong>s savoirs existants<\/strong><strong>, mais sous estim\u00e9s.<\/strong><\/p>\n\n\n\n<p><strong>Enfin ils affirment que \u00ab\u00a0tous peuvent contribuer \u00e0 faire circuler des savoirs utiles aux autres\u00a0\u00bb.<\/strong>&nbsp;<\/p>\n\n\n\n<p>(1)- Tous les savoirs qui respectent la personne humaine et la paix entre les humains<\/p>\n\n\n\n<p><em>Document FORESCO (formations r\u00e9ciproques, \u00e9changes de savoirs, cr\u00e9ations collectives)<\/em><br><em>Organisme de Formation Professionnelle d\u00e9clar\u00e9 sous le num\u00e9ro 11910102891<\/em><br><em>Association agr\u00e9\u00e9e \u00ab\u00a0Association Nationale de Jeunesse et d&rsquo;\u00c9ducation Populaire\u00a0\u00bb<\/em><br><em>Adresse postale: B.P.56 91002 \u00c9vry cedex T\u00e9l\u00e9phone:&nbsp;01 60 78 68 55<\/em><\/p>\n","protected":false},"excerpt":{"rendered":"<p>Chacun poss\u00e8de des savoirs\u00a0utiles et int\u00e9ressants pour quelqu&rsquo;un d\u2019autre.<br \/>\nChacun est susceptible de transmettre\u00a0son savoir.<br \/>\nChacun peut se faire \u00ab chercheur \u00bb de savoirs et tout le monde est capable\u00a0d\u2019apprendre.<\/p>\n","protected":false},"author":1,"featured_media":0,"parent":1247,"menu_order":1,"comment_status":"closed","ping_status":"closed","template":"","meta":{"footnotes":""},"class_list":["post-946","page","type-page","status-publish","hentry"],"_links":{"self":[{"href":"https:\/\/rers-nancy.fr\/new2\/wp-json\/wp\/v2\/pages\/946","targetHints":{"allow":["GET"]}}],"collection":[{"href":"https:\/\/rers-nancy.fr\/new2\/wp-json\/wp\/v2\/pages"}],"about":[{"href":"https:\/\/rers-nancy.fr\/new2\/wp-json\/wp\/v2\/types\/page"}],"author":[{"embeddable":true,"href":"https:\/\/rers-nancy.fr\/new2\/wp-json\/wp\/v2\/users\/1"}],"replies":[{"embeddable":true,"href":"https:\/\/rers-nancy.fr\/new2\/wp-json\/wp\/v2\/comments?post=946"}],"version-history":[{"count":3,"href":"https:\/\/rers-nancy.fr\/new2\/wp-json\/wp\/v2\/pages\/946\/revisions"}],"predecessor-version":[{"id":1246,"href":"https:\/\/rers-nancy.fr\/new2\/wp-json\/wp\/v2\/pages\/946\/revisions\/1246"}],"up":[{"embeddable":true,"href":"https:\/\/rers-nancy.fr\/new2\/wp-json\/wp\/v2\/pages\/1247"}],"wp:attachment":[{"href":"https:\/\/rers-nancy.fr\/new2\/wp-json\/wp\/v2\/media?parent=946"}],"curies":[{"name":"wp","href":"https:\/\/api.w.org\/{rel}","templated":true}]}}